{"id":8940,"date":"2014-05-23T15:20:11","date_gmt":"2014-05-23T18:20:11","guid":{"rendered":"http:\/\/impermad.com.br\/singep\/?page_id=97"},"modified":"2026-03-16T18:00:14","modified_gmt":"2026-03-16T21:00:14","slug":"local","status":"publish","type":"page","link":"https:\/\/singep.org.br\/14\/local\/","title":{"rendered":"Local"},"content":{"rendered":"\n<p>O evento ser\u00e1 h\u00edbrido:<\/p>\n\n\n\n<p><strong>21\/10 ser\u00e1 presencial<\/strong>, na UNINOVE Vergueiro, localizada \u00e0 Rua Vergueiro, 235\/249 \u2013 Liberdade, S\u00e3o Paulo\/SP.<\/p>\n\n\n\n<p><strong>22 e 23\/10 ser\u00e1 on-line<\/strong>. A apresenta\u00e7\u00e3o dos trabalhos aprovados ser\u00e1 feita nos dias 22 e 23\/10, no formato on-line.<\/p>\n\n\n\n<p><\/p>\n","protected":false},"excerpt":{"rendered":"<p>O evento ser\u00e1 h\u00edbrido: 21\/10 ser\u00e1 presencial, na UNINOVE Vergueiro, localizada \u00e0 Rua Vergueiro, 235\/249 \u2013 Liberdade, S\u00e3o Paulo\/SP. 22 e 23\/10 ser\u00e1 on-line. A apresenta\u00e7\u00e3o dos trabalhos aprovados ser\u00e1 feita nos dias 22 e 23\/10, no formato on-line.<\/p>\n","protected":false},"author":1,"featured_media":0,"parent":0,"menu_order":0,"comment_status":"closed","ping_status":"closed","template":"","meta":{"footnotes":""},"class_list":["post-8940","page","type-page","status-publish","hentry","odd"],"_links":{"self":[{"href":"https:\/\/singep.org.br\/14\/wp-json\/wp\/v2\/pages\/8940","targetHints":{"allow":["GET"]}}],"collection":[{"href":"https:\/\/singep.org.br\/14\/wp-json\/wp\/v2\/pages"}],"about":[{"href":"https:\/\/singep.org.br\/14\/wp-json\/wp\/v2\/types\/page"}],"author":[{"embeddable":true,"href":"https:\/\/singep.org.br\/14\/wp-json\/wp\/v2\/users\/1"}],"replies":[{"embeddable":true,"href":"https:\/\/singep.org.br\/14\/wp-json\/wp\/v2\/comments?post=8940"}],"version-history":[{"count":4,"href":"https:\/\/singep.org.br\/14\/wp-json\/wp\/v2\/pages\/8940\/revisions"}],"predecessor-version":[{"id":10690,"href":"https:\/\/singep.org.br\/14\/wp-json\/wp\/v2\/pages\/8940\/revisions\/10690"}],"wp:attachment":[{"href":"https:\/\/singep.org.br\/14\/wp-json\/wp\/v2\/media?parent=8940"}],"curies":[{"name":"wp","href":"https:\/\/api.w.org\/{rel}","templated":true}]}}