{"id":8935,"date":"2014-05-23T14:16:29","date_gmt":"2014-05-23T17:16:29","guid":{"rendered":"http:\/\/impermad.com.br\/singep\/?page_id=32"},"modified":"2026-04-09T15:33:49","modified_gmt":"2026-04-09T18:33:49","slug":"regras-para-submissao","status":"publish","type":"page","link":"https:\/\/singep.org.br\/14\/regras-para-submissao\/","title":{"rendered":"Regras para submiss\u00e3o"},"content":{"rendered":"\n<p>Os autores podem submeter seus trabalhos no formato de <strong>artigo cient\u00edfico, relato t\u00e9cnico, relato de PTT (produto t\u00e9cnico-tecnol\u00f3gico)<\/strong> ou <strong>p\u00f4ster <\/strong>para uma das cinco \u00e1reas de interesse do evento: Gest\u00e3o de Projetos, Inova\u00e7\u00e3o e Empreendedorismo, Sustentabilidade, Estrat\u00e9gia, e Marketing.<\/p>\n\n\n\n<p>No momento da submiss\u00e3o do trabalho (texto completo), o autor poder\u00e1 <strong>optar por publica\u00e7\u00e3o de texto completo ou apenas o resumo<\/strong>, em caso de aprova\u00e7\u00e3o e apresenta\u00e7\u00e3o do trabalho.<\/p>\n\n\n\n<p>Cada autor poder\u00e1 submeter, no m\u00e1ximo, <strong>4 trabalhos <\/strong>para o evento <strong>XIV SINGEP-CIK<\/strong>.<\/p>\n\n\n\n<p>Cada trabalho poder\u00e1 ter <strong>at\u00e9 4 autores<\/strong>.<\/p>\n\n\n\n<ul class=\"wp-block-list\">\n<li><a title=\"Modalidade Artigo Cient\u00edfico\" href=\"http:\/\/singep.org.br\/14\/regras-para-submissao\/formatacao-para-artigos-cientificos\/\">Formata\u00e7\u00e3o&nbsp;Artigo Cient\u00edfico<\/a><\/li>\n\n\n\n<li><a title=\"Modalidade Relato T\u00e9cnico\" href=\"http:\/\/singep.org.br\/14\/regras-para-submissao\/formatacao-para-relato-tecnico\/\">Formata\u00e7\u00e3o&nbsp;Relato T\u00e9cnico<\/a><\/li>\n\n\n\n<li><a title=\"Formata\u00e7\u00e3o Relato de PTT (Produto T\u00e9cnico-Tecnol\u00f3gico)\" href=\"http:\/\/singep.org.br\/14\/regras-para-submissao\/formatacao-relato-ppt\/\">Formata\u00e7\u00e3o Relato de PTT (Produto T\u00e9cnico-Tecnol\u00f3gico)<\/a><\/li>\n\n\n\n<li><a title=\"Modalidade P\u00f4ster\" href=\"http:\/\/singep.org.br\/14\/regras-para-submissao\/formatacao-poster\/\">Formata\u00e7\u00e3o&nbsp;P\u00f4ster<\/a><\/li>\n<\/ul>\n\n\n\n<div class=\"wp-block-group\"><div class=\"wp-block-group__inner-container is-layout-constrained wp-block-group-is-layout-constrained\">\n<div class=\"wp-block-columns is-layout-flex wp-container-core-columns-is-layout-9d6595d7 wp-block-columns-is-layout-flex\">\n<div class=\"wp-block-column is-layout-flow wp-block-column-is-layout-flow\" style=\"flex-basis:100%\"><\/div>\n<\/div>\n<\/div><\/div>\n","protected":false},"excerpt":{"rendered":"<p>Os autores podem submeter seus trabalhos no formato de artigo cient\u00edfico, relato t\u00e9cnico, relato de PTT (produto t\u00e9cnico-tecnol\u00f3gico) ou p\u00f4ster para uma das cinco \u00e1reas de interesse do evento: Gest\u00e3o de Projetos, Inova\u00e7\u00e3o e Empreendedorismo, Sustentabilidade, Estrat\u00e9gia, e Marketing. No momento da submiss\u00e3o do trabalho&nbsp;<a href=\"https:\/\/singep.org.br\/14\/regras-para-submissao\/\">&hellip;<\/a><\/p>\n","protected":false},"author":1,"featured_media":0,"parent":0,"menu_order":0,"comment_status":"closed","ping_status":"closed","template":"","meta":{"footnotes":""},"class_list":["post-8935","page","type-page","status-publish","hentry","odd"],"_links":{"self":[{"href":"https:\/\/singep.org.br\/14\/wp-json\/wp\/v2\/pages\/8935","targetHints":{"allow":["GET"]}}],"collection":[{"href":"https:\/\/singep.org.br\/14\/wp-json\/wp\/v2\/pages"}],"about":[{"href":"https:\/\/singep.org.br\/14\/wp-json\/wp\/v2\/types\/page"}],"author":[{"embeddable":true,"href":"https:\/\/singep.org.br\/14\/wp-json\/wp\/v2\/users\/1"}],"replies":[{"embeddable":true,"href":"https:\/\/singep.org.br\/14\/wp-json\/wp\/v2\/comments?post=8935"}],"version-history":[{"count":5,"href":"https:\/\/singep.org.br\/14\/wp-json\/wp\/v2\/pages\/8935\/revisions"}],"predecessor-version":[{"id":10874,"href":"https:\/\/singep.org.br\/14\/wp-json\/wp\/v2\/pages\/8935\/revisions\/10874"}],"wp:attachment":[{"href":"https:\/\/singep.org.br\/14\/wp-json\/wp\/v2\/media?parent=8935"}],"curies":[{"name":"wp","href":"https:\/\/api.w.org\/{rel}","templated":true}]}}