{"id":8896,"date":"2024-04-09T11:50:09","date_gmt":"2024-04-09T14:50:09","guid":{"rendered":"https:\/\/singep.org.br\/14\/?page_id=8896"},"modified":"2026-04-09T15:42:05","modified_gmt":"2026-04-09T18:42:05","slug":"formatacao-relato-ppt","status":"publish","type":"page","link":"https:\/\/singep.org.br\/14\/regras-para-submissao\/formatacao-relato-ppt\/","title":{"rendered":"Formata\u00e7\u00e3o para Relatos de PTT (Produto T\u00e9cnico-Tecnol\u00f3gico)"},"content":{"rendered":"\n<p><strong>Cada autor poder\u00e1 submeter, no m\u00e1ximo, 4 trabalhos para o evento XIV SINGEP-CIK.<\/strong><\/p>\n\n\n\n<p>Cada trabalho poder\u00e1 ter <strong>at\u00e9 4 autores<\/strong>.<\/p>\n\n\n\n<p><strong>Template:<\/strong>&nbsp;A utiliza\u00e7\u00e3o do template \u00e9 obrigat\u00f3ria. Arquivos que forem encaminhados sem o template ser\u00e3o automaticamente desclassificados. (<a href=\"http:\/\/singep.org.br\/14\/wp-content\/uploads\/sites\/21\/2026\/03\/template_XIVSINGEP_Relato-PTT_2026.docx\">clique aqui para fazer o Download<\/a>).<\/p>\n\n\n\n<p><strong>Formato do arquivo para submiss\u00e3o:&nbsp;<\/strong>PDF<\/p>\n\n\n\n<p><strong>Idioma:<\/strong>&nbsp;Portugu\u00eas, Ingl\u00eas ou Espanhol<\/p>\n\n\n\n<p><strong>Fonte do texto:&nbsp;<\/strong>Times New Roman, corpo 12<\/p>\n\n\n\n<p><strong>Espa\u00e7amento entre linhas:<\/strong>&nbsp;simples<\/p>\n\n\n\n<p><strong>Espa\u00e7amento entre caracteres:&nbsp;<\/strong>normal<\/p>\n\n\n\n<p><strong>Limite de p\u00e1ginas<\/strong>:&nbsp;m\u00ednimo 8, m\u00e1ximo 16 p\u00e1ginas<\/p>\n\n\n\n<p><strong>Tamanho do Papel:<\/strong>&nbsp;A4<\/p>\n\n\n\n<p><strong>Margens:<\/strong>&nbsp;Superior: 3cm \/ Inferior: 2 cm \/ Esquerda: 3 cm \/ Direita: 2 cm<\/p>\n\n\n\n<p><strong>Par\u00e1grafo:<\/strong>&nbsp;Texto Justificado<\/p>\n\n\n\n<p><strong>Pagina\u00e7\u00e3o:<\/strong>&nbsp;o n\u00famero de p\u00e1ginas no rodap\u00e9, com alinhamento ao lado direito, j\u00e1 est\u00e1 no <em>template<\/em>.<\/p>\n\n\n\n<p><strong>Notas:&nbsp;<\/strong>N\u00e3o devem ser colocadas no rodap\u00e9, mas inseridas como notas de final de texto.<\/p>\n\n\n\n<p><strong>Figuras e Tabelas:&nbsp;<\/strong>Todas as figuras e tabelas devem ter legendas e seguir as normas da APA. Sendo assim, no caso de figuras (quadros, gr\u00e1ficos, desenhos, etc.) as respectivas legendas devem ser posicionadas abaixo delas, justificadas \u00e0 esquerda, com fonte&nbsp;<em>Times New Roman<\/em>, tamanho 10 (dez). Nas tabelas, as legendas devem ser posicionadas acima delas, devem estar centralizadas e terem fonte Times New Roman, tamanho 10 (dez). <s><\/s><\/p>\n\n\n\n<p><strong>Cita\u00e7\u00f5es e refer\u00eancias bibliogr\u00e1ficas:<\/strong> As cita\u00e7\u00f5es dever\u00e3o ser inseridas no corpo do texto, de acordo com o sistema autor-data, adicionando-se o n\u00famero da p\u00e1gina no caso de cita\u00e7\u00e3o direta. As refer\u00eancias bibliogr\u00e1ficas dever\u00e3o ser apresentadas em ordem alfab\u00e9tica no final do trabalho, de acordo com a norma <em>American Psychological Association<\/em> (APA). <\/p>\n\n\n\n<p><strong>Observa\u00e7\u00f5es:<\/strong><\/p>\n\n\n\n<p>Os trabalhos que n\u00e3o estejam de acordo com as caracter\u00edsticas e com os crit\u00e9rios t\u00e9cnicos exigidos, n\u00e3o ter\u00e3o sua submiss\u00e3o aceita.<\/p>\n\n\n\n<p><strong>O trabalho dever\u00e1 ser enviado em um (1) \u00fanico arquivo, sem identifica\u00e7\u00e3o de autores, sem institui\u00e7\u00e3o e sem e-mail. Trabalhos cuja autoria seja identificada ser\u00e3o automaticamente exclu\u00eddos do evento.<\/strong><strong><\/strong><\/p>\n\n\n\n<p><strong>MODALIDADE RELATO DE PTT (Produto T\u00e9cnico-Tecnol\u00f3gico)<\/strong><strong><\/strong><\/p>\n\n\n\n<p>O desenvolvimento de PTT \u00e9 direcionado \u00e0 solu\u00e7\u00e3o de problemas ou aprimoramento de quest\u00f5es pr\u00e1ticas. A \u00e1rea de Administra\u00e7\u00e3o P\u00fablica e de Empresas, Ci\u00eancias Cont\u00e1beis e Turismo (\u00c1rea 27) da CAPES considera 12 modalidades de PTTs mais aderentes a sua realidade. S\u00e3o foco dessa modalidade Relato de PTT os 11 PTTs abaixo listados:<\/p>\n\n\n\n<ol class=\"wp-block-list\">\n<li>Empresa ou Organiza\u00e7\u00e3o social (inovadora).<\/li>\n\n\n\n<li>Processo\/Tecnologia e Produto\/Material n\u00e3o patente\u00e1veis.<\/li>\n\n\n\n<li>Relat\u00f3rio t\u00e9cnico conclusivo.<\/li>\n\n\n\n<li>Tecnologia social.<\/li>\n\n\n\n<li> Norma ou marco regulat\u00f3rio.<\/li>\n\n\n\n<li>Patente.<\/li>\n\n\n\n<li>Produtos\/Processos em sigilo.<\/li>\n\n\n\n<li>Software\/Aplicativo.<\/li>\n\n\n\n<li>Base de dados t\u00e9cnico-cient\u00edfica.<\/li>\n\n\n\n<li>Curso para forma\u00e7\u00e3o profissional.<\/li>\n\n\n\n<li>Material did\u00e1tico.<\/li>\n<\/ol>\n\n\n\n<p>O PTT \u201c12. Produto bibliogr\u00e1fico na forma de artigo t\u00e9cnico\/tecnol\u00f3gico\u201d, deve ser direcionado \u00e0 modalidade de Relato T\u00e9cnico.<\/p>\n\n\n\n<p><strong>Orienta\u00e7\u00e3o para o registro e desenvolvimento do relato de PTT:<\/strong><strong><\/strong><\/p>\n\n\n\n<p>O relato de PTT deve conter no m\u00ednimo oito (8) e no m\u00e1ximo de dezesseis (16) p\u00e1ginas, incluindo ilustra\u00e7\u00f5es, refer\u00eancias e notas de final de texto.<\/p>\n\n\n\n<p><strong>Resumo Estruturado&nbsp;<\/strong><em>(deve constar apenas na plataforma de submiss\u00e3o):<\/em><em><\/em><\/p>\n\n\n\n<p>Sugerimos aos autores que preparem o resumo estruturado em um documento separado e copiem e colem cada item no campo espec\u00edfico no ato da submiss\u00e3o.<\/p>\n\n\n\n<p>O resumo estruturado do relato de PTT contempla os seguintes itens e na sua composi\u00e7\u00e3o deve ter&nbsp;<strong>no m\u00e1ximo 250 palavras<\/strong>:<\/p>\n\n\n\n<ul class=\"wp-block-list\">\n<li>Objetivo do estudo (m\u00e1ximo 42 palavras)<\/li>\n\n\n\n<li>Relev\u00e2ncia\/originalidade (m\u00e1ximo 42 palavras)<\/li>\n\n\n\n<li>Metodologia\/abordagem (m\u00e1ximo 42 palavras)<\/li>\n\n\n\n<li>Principais resultados (m\u00e1ximo 42 palavras)<\/li>\n\n\n\n<li>Contribui\u00e7\u00f5es te\u00f3ricas\/metodol\u00f3gicas (m\u00e1ximo 42 palavras)<\/li>\n\n\n\n<li>Contribui\u00e7\u00f5es sociais\/para a gest\u00e3o (m\u00e1ximo 42 palavras)<\/li>\n<\/ul>\n\n\n\n<p>O T\u00edtulo, o Resumo Estruturado e as Palavras-chave dever\u00e3o ser escritos em duas vers\u00f5es, independentemente do idioma escolhido para a submiss\u00e3o do relato de PTT: <strong>1\u00aa vers\u00e3o em portugu\u00eas<\/strong>; e a <strong>2\u00aa vers\u00e3o em ingl\u00eas<\/strong>.<\/p>\n\n\n\n<p><strong>Campos a serem preenchidos na plataforma de submiss\u00e3o: <\/strong><strong><\/strong><\/p>\n\n\n\n<ul class=\"wp-block-list\">\n<li>T\u00edtulo do trabalho em portugu\u00eas: em letras mai\u00fasculas.<\/li>\n\n\n\n<li>T\u00edtulo do trabalho em ingl\u00eas: em letras mai\u00fasculas.<\/li>\n\n\n\n<li>Palavras-chave: em portugu\u00eas, no m\u00ednimo tr\u00eas (3) e no m\u00e1ximo cinco (5).<\/li>\n\n\n\n<li>Palavras-chave: em ingl\u00eas, devem ser as mesmas definidas em portugu\u00eas.<\/li>\n\n\n\n<li>Campos do resumo estruturado: em portugu\u00eas<\/li>\n\n\n\n<li>Campos do resumo estruturado: em ingl\u00eas<\/li>\n<\/ul>\n\n\n\n<p><br><strong><u>Estrutura sugerida para o relato de PTT<\/u> (parte textual<sup>1,2<\/sup>): <\/strong><\/p>\n\n\n\n<p><strong>(N\u00e3o incluir o resumo estruturado no PDF, ele deve ser inclu\u00eddo apenas na plataforma de submiss\u00e3o).<\/strong><\/p>\n\n\n\n<p><sup>1<\/sup>CAPES (2012)<\/p>\n\n\n\n<p><sup>2<\/sup>Martens, C. D. P., Scafuto, I. C., Bartholomeu Filho, J., &amp; Zanfelicce, R. L. (2022)<\/p>\n\n\n\n<p><strong>T\u00cdTULO<\/strong> (no idioma do texto)<\/p>\n\n\n\n<p><strong>Contexto em que se apresenta o problema:<\/strong> expor a situa\u00e7\u00e3o problema e\/ou oportunidade de melhoria relacionada ao contexto em an\u00e1lise (organiza\u00e7\u00e3o\/governo\/atores sociais envolvidos);<\/p>\n\n\n\n<p><strong>Diagn\u00f3stico e Desenvolvimento do PTT:<\/strong> apresentar aparato cient\u00edfico que norteie o diagn\u00f3stico e a sele\u00e7\u00e3o do PTT adotado. Descrever o processo de desenvolvimento do PTT;<\/p>\n\n\n\n<p><strong>Ado\u00e7\u00e3o e Contribui\u00e7\u00f5es do PTT:<\/strong> apresentar como o PTT foi adotado\/implantado e como pode ser adotado\/implantado por outras organiza\u00e7\u00f5es\/governo\/atores sociais e em outros contextos. Descrever as contribui\u00e7\u00f5es da ado\u00e7\u00e3o do PTT considerando os itens de avalia\u00e7\u00e3o de PTT segundo a ficha de avalia\u00e7\u00e3o da \u00e1rea 27 da CAPES (CAPES, 2020):<\/p>\n\n\n\n<p><strong>1) Ader\u00eancia:<\/strong> descri\u00e7\u00e3o da rela\u00e7\u00e3o\/afinidade da produ\u00e7\u00e3o com a \u00e1rea de concentra\u00e7\u00e3o do programa, considerando-se, em especial, a ader\u00eancia \u00e0s linhas e aos projetos de pesquisa, inova\u00e7\u00e3o ou desenvolvimento tecnol\u00f3gico do programa:<\/p>\n\n\n\n<p>a) Ader\u00eancia do produto \u00e0s linhas de pesquisa\/atua\u00e7\u00e3o do programa.<\/p>\n\n\n\n<p>b) Ader\u00eancia do produto aos projetos de pesquisa, inova\u00e7\u00e3o ou desenvolvimento tecnol\u00f3gico do programa.<\/p>\n\n\n\n<p>Caso a descri\u00e7\u00e3o seja realizada por autores n\u00e3o vinculados a programas de p\u00f3s-gradua\u00e7\u00e3o, informar a qual (ou a quais) \u00e1rea (s) (Administra\u00e7\u00e3o P\u00fablica e de Empresas, Ci\u00eancias Cont\u00e1beis e Turismo) o PTT \u00e9 aderente.<\/p>\n\n\n\n<p><strong>2) Impacto: <\/strong>o impacto se refere \u00e0 transforma\u00e7\u00e3o causada pelo PTT no ambiente (organiza\u00e7\u00e3o, comunidade, localidade, etc.) ao qual se destina. \u00c9 necess\u00e1rio declarar o motivo da cria\u00e7\u00e3o, a relev\u00e2ncia da quest\u00e3o do demandante e o foco de aplica\u00e7\u00e3o do produto. Avalia-se o impacto potencial e realizado do produto:<\/p>\n\n\n\n<p>a) Impacto realizado: baixa, m\u00e9dia ou alta transforma\u00e7\u00e3o do ambiente ao qual se destina. Apenas descrito em caso de PTTs j\u00e1 em uso, ou que j\u00e1 tenha produzido impactos.<\/p>\n\n\n\n<p>b) Impacto potencial: baixa, m\u00e9dia ou alta capacidade de transforma\u00e7\u00e3o do ambiente ao qual se destina. Se refere ao impacto previsto, ou seja, potencial do PTT.<\/p>\n\n\n\n<p><strong>3) Aplicabilidade:<\/strong> facilidade com que se pode empregar o PTT para alcan\u00e7ar seus objetivos espec\u00edficos e sua capacidade de ser replic\u00e1vel em outros contextos. Avalia-se a aplicabilidade potencial e realizada do produto:<\/p>\n\n\n\n<p>a) Aplicabilidade realizada: grau de facilidade (baixa, m\u00e9dia ou alta) com que o produto foi empregado para atingir seus objetivos espec\u00edficos.<\/p>\n\n\n\n<p>b) Aplicabilidade potencial: grau de facilidade (baixa, m\u00e9dia ou alta) com que o produto pode vir a ser empregado para atingir seus objetivos espec\u00edficos.<\/p>\n\n\n\n<p>c) Replicabilidade: possibilidade de replica\u00e7\u00e3o restrita, irrestrita e escal\u00e1vel.<\/p>\n\n\n\n<p><strong>4) Inova\u00e7\u00e3o:<\/strong> intensidade do conhecimento in\u00e9dito usado na cria\u00e7\u00e3o e desenvolvimento do produto. Avalia-se o teor de inova\u00e7\u00e3o em:<\/p>\n\n\n\n<p>a) Alto \u2013 inova\u00e7\u00e3o radical, mudan\u00e7a de paradigma;<\/p>\n\n\n\n<p>b) M\u00e9dio \u2013 inova\u00e7\u00e3o incremental, modifica\u00e7\u00e3o de conhecimentos pr\u00e9-estabelecidos;<\/p>\n\n\n\n<p>c) Baixo \u2013 Inova\u00e7\u00e3o adaptativa, utiliza\u00e7\u00e3o de conhecimento pr\u00e9-existente;<\/p>\n\n\n\n<p><strong>5) Complexidade:<\/strong> grau de intera\u00e7\u00e3o dos atores, rela\u00e7\u00f5es e conhecimentos necess\u00e1rios \u00e0 elabora\u00e7\u00e3o e ao desenvolvimento de produtos t\u00e9cnico-tecnol\u00f3gicos. Avalia-se a complexidade do produto em:<\/p>\n\n\n\n<p>a) Alta \u2013 associa\u00e7\u00e3o de novos conhecimentos e diferentes atores (laborat\u00f3rios, empresas etc.) para solu\u00e7\u00e3o de problemas.<\/p>\n\n\n\n<p>b) M\u00e9dia \u2013 altera\u00e7\u00e3o\/adapta\u00e7\u00e3o de conhecimentos pr\u00e9-estabelecidos por diferentes atores (laborat\u00f3rios, empresas etc.).<\/p>\n\n\n\n<p>c) Baixa \u2013 combina\u00e7\u00e3o de conhecimento pr\u00e9-existente por atores diferentes ou n\u00e3o.<\/p>\n\n\n\n<p><strong>Refer\u00eancias<\/strong><strong><\/strong><\/p>\n\n\n\n<p>CAPES. (2019). Produ\u00e7\u00e3o T\u00e9cnica \u2013 Grupo de Trabalho (Relat\u00f3rio de Grupo de Trabalho), Bras\u00edlia, DF, Coordena\u00e7\u00e3o de Aperfei\u00e7oamento de Pessoal de N\u00edvel Superior, Minist\u00e9rio da Educa\u00e7\u00e3o. Recuperado em 24\/03\/2025 de <a href=\"https:\/\/www.gov.br\/capes\/pt-br\/centrais-de-conteudo\/10062019-producao-tecnica-pdf\">https:\/\/www.gov.br\/capes\/pt-br\/centrais-de-conteudo\/10062019-producao-tecnica-pdf<\/a>.<\/p>\n\n\n\n<p>Martens, C. D. P., Scafuto, I. C., Bartholomeu Filho, J., &amp; Zanfelicce, R. L. (2022). Como identificar poss\u00edveis produtos t\u00e9cnicos\/tecnol\u00f3gicos nas disserta\u00e7\u00f5es e teses? Proposta de um instrumento para diagn\u00f3stico. Revista Inova\u00e7\u00e3o, Projetos e Tecnologias, 10(1), 1-9.<\/p>\n\n\n\n<p><strong>Template obrigat\u00f3rio:<\/strong>&nbsp;(<a href=\"http:\/\/singep.org.br\/14\/wp-content\/uploads\/sites\/21\/2026\/03\/template_XIVSINGEP_Relato-PTT_2026.docx\">clique aqui para fazer o Download<\/a>).<a id=\"_msocom_1\"><\/a><\/p>\n\n\n\n<p><strong>Submiss\u00e3o:<\/strong> <a href=\"https:\/\/submissao.singep.org.br\/14singep\/login.php\">clique aqui para acessar o sistema<\/a><\/p>\n","protected":false},"excerpt":{"rendered":"<p>Cada autor poder\u00e1 submeter, no m\u00e1ximo, 4 trabalhos para o evento XIV SINGEP-CIK. Cada trabalho poder\u00e1 ter at\u00e9 4 autores. Template:&nbsp;A utiliza\u00e7\u00e3o do template \u00e9 obrigat\u00f3ria. Arquivos que forem encaminhados sem o template ser\u00e3o automaticamente desclassificados. (clique aqui para fazer o Download). Formato do arquivo&nbsp;<a href=\"https:\/\/singep.org.br\/14\/regras-para-submissao\/formatacao-relato-ppt\/\">&hellip;<\/a><\/p>\n","protected":false},"author":1,"featured_media":0,"parent":8935,"menu_order":0,"comment_status":"closed","ping_status":"closed","template":"","meta":{"footnotes":""},"class_list":["post-8896","page","type-page","status-publish","hentry","odd"],"_links":{"self":[{"href":"https:\/\/singep.org.br\/14\/wp-json\/wp\/v2\/pages\/8896","targetHints":{"allow":["GET"]}}],"collection":[{"href":"https:\/\/singep.org.br\/14\/wp-json\/wp\/v2\/pages"}],"about":[{"href":"https:\/\/singep.org.br\/14\/wp-json\/wp\/v2\/types\/page"}],"author":[{"embeddable":true,"href":"https:\/\/singep.org.br\/14\/wp-json\/wp\/v2\/users\/1"}],"replies":[{"embeddable":true,"href":"https:\/\/singep.org.br\/14\/wp-json\/wp\/v2\/comments?post=8896"}],"version-history":[{"count":4,"href":"https:\/\/singep.org.br\/14\/wp-json\/wp\/v2\/pages\/8896\/revisions"}],"predecessor-version":[{"id":10881,"href":"https:\/\/singep.org.br\/14\/wp-json\/wp\/v2\/pages\/8896\/revisions\/10881"}],"up":[{"embeddable":true,"href":"https:\/\/singep.org.br\/14\/wp-json\/wp\/v2\/pages\/8935"}],"wp:attachment":[{"href":"https:\/\/singep.org.br\/14\/wp-json\/wp\/v2\/media?parent=8896"}],"curies":[{"name":"wp","href":"https:\/\/api.w.org\/{rel}","templated":true}]}}