{"id":6756,"date":"2021-08-26T10:59:57","date_gmt":"2021-08-26T13:59:57","guid":{"rendered":"https:\/\/singep.org.br\/14\/?page_id=6756"},"modified":"2026-04-09T15:31:14","modified_gmt":"2026-04-09T18:31:14","slug":"comissao-cientifica-2","status":"publish","type":"page","link":"https:\/\/singep.org.br\/14\/comissao-cientifica-2\/","title":{"rendered":"Comiss\u00e3o Cient\u00edfica"},"content":{"rendered":"\n<p>ANDR\u00c9 URDAN, Doutor, UNINOVE, SP<br>CARLOS RICARDO ROSSETTO, Doutor, UNIVALI, SC<br>CHRISTIAN GOMES-E-SOUZA MUNAIER, Doutor, ITESM, M\u00e9xico<br>CL\u00c1UDIA BRITO SILVA CIRANI, Doutora, UNINOVE, SP<br>CLAUDIA MARIA DA SILVA BEZERRA, Doutora, UFMA, MA<br>CL\u00c1UDIA TEREZINHA KNIESS, Doutora, UNIFESP e USJT, SP<br>CLAUDIO LUIS CARVALHO LARIEIRA, Doutor, Mackenzie e EAESP\/FGV, SP.<br>CRISTIANE DREBES PEDRON, Doutora, UNINOVE, SP<br>CRISTINA DAI PR\u00c1 MARTENS, Doutora, UNINOVE, SP, Brasil<br>DAIANE TRETTO DA ROCHA, Doutora, UFRR, RR<br>EDUARDO MESQUITA, Doutor, ESPM e SENAC, SP<br>ELOISA ELENA SHINOHARA, Doutora, FATEC, SP<br>FABRICIO MARTINS LACERDA, Doutor, USP\/ESALQ, SP<br>FERNANDO ANTONIO RIBEIRO SERRA, Doutor, UNINOVE, SP<br>FL\u00c1VIO SANTINO BIZZARIAS, Doutor, ESPM, SP<br>HEIDY RODRIGUEZ RAMOS, Doutora, ESPM, SP<br>ISABEL CRISTINA SCAFUTO, UNINOVE, S\u00e3o Paulo, Brasil<br>IVANO RIBEIRO, Doutor, UNIOESTE, PR<br>JOS\u00c9 DA ASSUN\u00c7\u00c3O MOUTINHO, Doutor, UERJ, RJ.<br>LEONARDO VILS, Doutor, UNINOVE, SP<br>LUCIANA VIEL GOMES, Mestre, UNINOVE, SP<br>LUCIANO FERREIRA DA SILVA \u2013 UNINOVE, S\u00e3o Paulo, Brasil<br>MARCELA BARBOSA DE MORAES \u2013 Doutora, UNITAU, SP<br>MARCELO ROGER MENEGHATTI \u2013 Doutor, UNIOESTE, PR<br>MARCIA C. VACLAVIK, Doutora, UFRGS, RS<br>MARCIRIO SILVEIRA CHAVES \u2013 Doutor, Universidade de Lisboa, PT<br>PRISCILA REZENDE DA COSTA, Doutora, ESPM, SP<br>NAIRANA RADKE CANEPPELE BUSSLER, Doutora, PUC Paran\u00e1, PR<br>RENAN RUBIN DE CASTRO, Mestre, UNINOVE, SP<br>ROBERO LIMA RUAS, Doutor, UNINOVE, SP<br>ROSA ALMEIDA FREITAS ALBUQUERQUE, Doutora, UFMT, MT<br>V\u00c2NIA JORGE NASSIF, Doutora, UNINOVE, SP<br>VICTOR SILVA CORR\u00caA, Doutor, UNIP, SP<br>WALTER CARDOSO S\u00c1TYRO, Doutor, UNINOVE, SP<\/p>\n\n\n\n<p><\/p>\n","protected":false},"excerpt":{"rendered":"<p>ANDR\u00c9 URDAN, Doutor, UNINOVE, SPCARLOS RICARDO ROSSETTO, Doutor, UNIVALI, SCCHRISTIAN GOMES-E-SOUZA MUNAIER, Doutor, ITESM, M\u00e9xicoCL\u00c1UDIA BRITO SILVA CIRANI, Doutora, UNINOVE, SPCLAUDIA MARIA DA SILVA BEZERRA, Doutora, UFMA, MACL\u00c1UDIA TEREZINHA KNIESS, Doutora, UNIFESP e USJT, SPCLAUDIO LUIS CARVALHO LARIEIRA, Doutor, Mackenzie e EAESP\/FGV, SP.CRISTIANE DREBES PEDRON,&nbsp;<a href=\"https:\/\/singep.org.br\/14\/comissao-cientifica-2\/\">&hellip;<\/a><\/p>\n","protected":false},"author":1,"featured_media":0,"parent":0,"menu_order":0,"comment_status":"closed","ping_status":"closed","template":"","meta":{"footnotes":""},"class_list":["post-6756","page","type-page","status-publish","hentry","odd"],"_links":{"self":[{"href":"https:\/\/singep.org.br\/14\/wp-json\/wp\/v2\/pages\/6756","targetHints":{"allow":["GET"]}}],"collection":[{"href":"https:\/\/singep.org.br\/14\/wp-json\/wp\/v2\/pages"}],"about":[{"href":"https:\/\/singep.org.br\/14\/wp-json\/wp\/v2\/types\/page"}],"author":[{"embeddable":true,"href":"https:\/\/singep.org.br\/14\/wp-json\/wp\/v2\/users\/1"}],"replies":[{"embeddable":true,"href":"https:\/\/singep.org.br\/14\/wp-json\/wp\/v2\/comments?post=6756"}],"version-history":[{"count":5,"href":"https:\/\/singep.org.br\/14\/wp-json\/wp\/v2\/pages\/6756\/revisions"}],"predecessor-version":[{"id":10870,"href":"https:\/\/singep.org.br\/14\/wp-json\/wp\/v2\/pages\/6756\/revisions\/10870"}],"wp:attachment":[{"href":"https:\/\/singep.org.br\/14\/wp-json\/wp\/v2\/media?parent=6756"}],"curies":[{"name":"wp","href":"https:\/\/api.w.org\/{rel}","templated":true}]}}