{"id":6211,"date":"2020-02-28T13:19:58","date_gmt":"2020-02-28T16:19:58","guid":{"rendered":"http:\/\/singep.org.br\/14\/?page_id=6211"},"modified":"2026-04-09T15:31:48","modified_gmt":"2026-04-09T18:31:48","slug":"coordenadores-de-areas","status":"publish","type":"page","link":"https:\/\/singep.org.br\/14\/coordenadores-de-areas\/","title":{"rendered":"Coordenadores de \u00c1reas"},"content":{"rendered":"\n<h3 class=\"wp-block-heading\">COORDENADORES GERAIS<\/h3>\n\n\n\n<p><strong>FABRICIO MARTINS LACERDA<\/strong> \u2013 USP\/ESALQ, S\u00e3o Paulo, Brasil<br><strong>LUCIANO FERREIRA DA SILVA<\/strong> \u2013 UNINOVE, S\u00e3o Paulo, Brasil<\/p>\n\n\n\n<h3 class=\"wp-block-heading\">COORDENADORES DE \u00c1REAS<\/h3>\n\n\n\n<p><strong>EMPREENDEDORISMO&nbsp;<\/strong>\u2013 V\u00c2NIA MARIA JORGE NASSIF, Universidade Nove de Julho \u2013 UNINOVE, S\u00e3o Paulo, Brasil<br><strong>ESTRAT\u00c9GIA&nbsp;<\/strong>\u2013 FERNANDO ANTONIO RIBEIRO SERRA, Universidade Nove de Julho \u2013 UNINOVE, S\u00e3o Paulo, Brasil<br><strong>GEST\u00c3O DE PESSOAS&nbsp;<\/strong>\u2013 ROBERTO LIMA RUAS, Universidade Nove de Julho \u2013 UNINOVE, S\u00e3o Paulo, Brasil<br><strong>GEST\u00c3O DE PROJETOS&nbsp;<\/strong>\u2013 WALTER CARDOSO S\u00c1TYRO, Universidade Nove de Julho \u2013 UNINOVE, S\u00e3o Paulo, Brasil<br><strong>INOVA\u00c7\u00c3O <\/strong>\u2013 CRISTIANE DREBES PEDRON, Universidade Nove de Julho \u2013 UNINOVE, S\u00e3o Paulo, Brasil<br><strong>MARKETING&nbsp;<\/strong>\u2013 LEONARDO VILS, Universidade Nove de Julho \u2013 UNINOVE<br><strong>SUSTENTABILIDADE&nbsp;<\/strong>\u2013 CRISTINA DAI PR\u00c1 MARTENS, Universidade Nove de Julho UNINOVE, S\u00e3o Paulo, Brasil<\/p>\n","protected":false},"excerpt":{"rendered":"<p>COORDENADORES GERAIS FABRICIO MARTINS LACERDA \u2013 USP\/ESALQ, S\u00e3o Paulo, BrasilLUCIANO FERREIRA DA SILVA \u2013 UNINOVE, S\u00e3o Paulo, Brasil COORDENADORES DE \u00c1REAS EMPREENDEDORISMO&nbsp;\u2013 V\u00c2NIA MARIA JORGE NASSIF, Universidade Nove de Julho \u2013 UNINOVE, S\u00e3o Paulo, BrasilESTRAT\u00c9GIA&nbsp;\u2013 FERNANDO ANTONIO RIBEIRO SERRA, Universidade Nove de Julho \u2013 UNINOVE,&nbsp;<a href=\"https:\/\/singep.org.br\/14\/coordenadores-de-areas\/\">&hellip;<\/a><\/p>\n","protected":false},"author":1,"featured_media":0,"parent":0,"menu_order":0,"comment_status":"closed","ping_status":"closed","template":"","meta":{"footnotes":""},"class_list":["post-6211","page","type-page","status-publish","hentry","odd"],"_links":{"self":[{"href":"https:\/\/singep.org.br\/14\/wp-json\/wp\/v2\/pages\/6211","targetHints":{"allow":["GET"]}}],"collection":[{"href":"https:\/\/singep.org.br\/14\/wp-json\/wp\/v2\/pages"}],"about":[{"href":"https:\/\/singep.org.br\/14\/wp-json\/wp\/v2\/types\/page"}],"author":[{"embeddable":true,"href":"https:\/\/singep.org.br\/14\/wp-json\/wp\/v2\/users\/1"}],"replies":[{"embeddable":true,"href":"https:\/\/singep.org.br\/14\/wp-json\/wp\/v2\/comments?post=6211"}],"version-history":[{"count":8,"href":"https:\/\/singep.org.br\/14\/wp-json\/wp\/v2\/pages\/6211\/revisions"}],"predecessor-version":[{"id":10871,"href":"https:\/\/singep.org.br\/14\/wp-json\/wp\/v2\/pages\/6211\/revisions\/10871"}],"wp:attachment":[{"href":"https:\/\/singep.org.br\/14\/wp-json\/wp\/v2\/media?parent=6211"}],"curies":[{"name":"wp","href":"https:\/\/api.w.org\/{rel}","templated":true}]}}