{"id":611,"date":"2014-05-23T12:08:11","date_gmt":"2014-05-23T15:08:11","guid":{"rendered":"http:\/\/impermad.com.br\/singep\/?page_id=78"},"modified":"2026-04-09T15:45:07","modified_gmt":"2026-04-09T18:45:07","slug":"fast-track","status":"publish","type":"page","link":"https:\/\/singep.org.br\/14\/fast-track\/","title":{"rendered":"Fast Track"},"content":{"rendered":"\t\t<div data-elementor-type=\"wp-page\" data-elementor-id=\"611\" class=\"elementor elementor-611\">\n\t\t\t\t<div class=\"elementor-element elementor-element-21b2831 e-flex e-con-boxed e-con e-parent\" data-id=\"21b2831\" data-element_type=\"container\" data-e-type=\"container\">\n\t\t\t\t\t<div class=\"e-con-inner\">\n\t\t\t\t<div class=\"elementor-element elementor-element-20cca20 elementor-widget elementor-widget-text-editor\" data-id=\"20cca20\" data-element_type=\"widget\" data-e-type=\"widget\" data-widget_type=\"text-editor.default\">\n\t\t\t\t<div class=\"elementor-widget-container\">\n\t\t\t\t\t\t\t\t\t<p><strong>Revistas em parceria para Fast Track do XIV SINGEP-CIK<\/strong><\/p><figure><table><tbody><tr><td colspan=\"2\"><strong>REVISTAS<\/strong><\/td><td><strong>Site<\/strong><\/td><\/tr><tr><td><img decoding=\"async\" data-recalc-dims=\"1\" src=\"https:\/\/i0.wp.com\/singep.org.br\/13\/wp-content\/uploads\/sites\/20\/2025\/05\/image_8.jpg?resize=140%2C91\" width=\"140\" height=\"91\" \/><\/td><td><strong>AER &#8211; Administra\u00e7\u00e3o de Empresas em Revista<\/strong><\/td><td><a href=\"https:\/\/revista.unicuritiba.edu.br\/index.php\/admrevista\">https:\/\/revista.unicuritiba.edu.br\/index.php\/admrevista<\/a><\/td><\/tr><tr><td><img decoding=\"async\" data-recalc-dims=\"1\" src=\"https:\/\/i0.wp.com\/singep.org.br\/13\/wp-content\/uploads\/sites\/20\/2025\/05\/image_36.jpg?resize=140%2C91\" width=\"140\" height=\"91\" \/><\/td><td><strong>BJMkt &#8211; Brazilian Journal of Marketing<\/strong><\/td><td><a href=\"https:\/\/periodicos.uninove.br\/remark\">https:\/\/periodicos.uninove.br\/remark<\/a><\/td><\/tr><tr><td><img decoding=\"async\" data-recalc-dims=\"1\" src=\"https:\/\/i0.wp.com\/singep.org.br\/13\/wp-content\/uploads\/sites\/20\/2025\/05\/image_31.jpg?resize=140%2C91\" width=\"140\" height=\"91\" \/><\/td><td><strong>CAFI &#8211; Contabilidade, Atu\u00e1ria, Finan\u00e7as &amp; Informa\u00e7\u00e3o<\/strong><\/td><td><a href=\"https:\/\/revistas.pucsp.br\/index.php\/CAFI\">https:\/\/revistas.pucsp.br\/index.php\/CAFI<\/a><\/td><\/tr><tr><td><img loading=\"lazy\" decoding=\"async\" data-recalc-dims=\"1\" src=\"https:\/\/i0.wp.com\/singep.org.br\/13\/wp-content\/uploads\/sites\/20\/2025\/05\/image_4.jpg?resize=140%2C91\" width=\"140\" height=\"91\" \/><\/td><td><strong>CINTEC &#8211; Relatos de Contabilidade, Inova\u00e7\u00e3o e Tecnologia<\/strong><\/td><td><a href=\"https:\/\/revistas.pucsp.br\/index.php\/cintec\">https:\/\/revistas.pucsp.br\/index.php\/cintec<\/a><\/td><\/tr><tr><td><img loading=\"lazy\" decoding=\"async\" data-recalc-dims=\"1\" src=\"https:\/\/i0.wp.com\/singep.org.br\/13\/wp-content\/uploads\/sites\/20\/2025\/05\/image_32.jpg?resize=140%2C91\" width=\"140\" height=\"91\" \/><\/td><td><strong>CONTEXTUS &#8211; Revista Contempor\u00e2nea de Economia e Gest\u00e3o<\/strong><\/td><td><a href=\"https:\/\/periodicos.ufc.br\/contextus\">https:\/\/periodicos.ufc.br\/contextus<\/a><\/td><\/tr><tr><td><img loading=\"lazy\" decoding=\"async\" data-recalc-dims=\"1\" src=\"https:\/\/i0.wp.com\/singep.org.br\/13\/wp-content\/uploads\/sites\/20\/2025\/05\/image_22.jpg?resize=140%2C91\" width=\"140\" height=\"91\" \/><\/td><td><strong>CYRUS &#8211; Global Business Perspectives Journal<\/strong><\/td><td><a href=\"https:\/\/cyrusik.org\/cyrus-global-business-perspectives\/about\/\">https:\/\/cyrusik.org\/cyrus-global-business-perspectives\/about\/<\/a><\/td><\/tr><tr><td><img loading=\"lazy\" decoding=\"async\" data-recalc-dims=\"1\" src=\"https:\/\/i0.wp.com\/singep.org.br\/13\/wp-content\/uploads\/sites\/20\/2025\/05\/image_15.jpg?resize=140%2C91\" width=\"140\" height=\"91\" \/><\/td><td><strong>E&amp;G &#8211; Economia &amp; Gest\u00e3o<\/strong><\/td><td><a href=\"https:\/\/periodicos.pucminas.br\/economiaegestao\">https:\/\/periodicos.pucminas.br\/economiaegestao<\/a><\/td><\/tr><tr><td><img loading=\"lazy\" decoding=\"async\" data-recalc-dims=\"1\" src=\"https:\/\/i0.wp.com\/singep.org.br\/13\/wp-content\/uploads\/sites\/20\/2025\/05\/image_10.jpg?resize=140%2C91\" width=\"140\" height=\"91\" \/><\/td><td><strong>ECA &#8211; Escritos Contables &amp; de Administraci\u00f3n<\/strong><\/td><td><a href=\"https:\/\/revistas.uns.edu.ar\/eca\">https:\/\/revistas.uns.edu.ar\/eca<\/a><\/td><\/tr><tr><td><img loading=\"lazy\" decoding=\"async\" data-recalc-dims=\"1\" src=\"https:\/\/i0.wp.com\/singep.org.br\/13\/wp-content\/uploads\/sites\/20\/2025\/05\/image_1.jpg?resize=140%2C91\" width=\"140\" height=\"91\" \/><\/td><td><strong>ENIAC &#8211; Revista ENIAC Pesquisa<\/strong><\/td><td><a href=\"https:\/\/ojs.eniac.com.br\/index.php\/eniacpesquisa\">https:\/\/ojs.eniac.com.br\/index.php\/eniacpesquisa<\/a><\/td><\/tr><tr><td><img loading=\"lazy\" decoding=\"async\" data-recalc-dims=\"1\" src=\"https:\/\/i0.wp.com\/singep.org.br\/13\/wp-content\/uploads\/sites\/20\/2025\/05\/image_23.jpg?resize=140%2C91\" width=\"140\" height=\"91\" \/><\/td><td><strong>Exacta &#8211; Engenharia de Produ\u00e7\u00e3o<\/strong><\/td><td><a href=\"https:\/\/periodicos.uninove.br\/exacta\">https:\/\/periodicos.uninove.br\/exacta<\/a><\/td><\/tr><tr><td><img loading=\"lazy\" decoding=\"async\" data-recalc-dims=\"1\" src=\"https:\/\/i0.wp.com\/singep.org.br\/13\/wp-content\/uploads\/sites\/20\/2025\/05\/image_16.jpg?resize=140%2C91\" width=\"140\" height=\"91\" \/><\/td><td><strong>G&amp;D &#8211; Gest\u00e3o &amp; Desenvolvimento<\/strong><\/td><td><a href=\"https:\/\/periodicos.feevale.br\/seer\/index.php\/revistagestaoedesenvolvimento\/index\">https:\/\/periodicos.feevale.br\/seer\/index.php\/revistagestaoedesenvolvimento\/index<\/a><\/td><\/tr><tr><td><img loading=\"lazy\" decoding=\"async\" data-recalc-dims=\"1\" src=\"https:\/\/i0.wp.com\/singep.org.br\/13\/wp-content\/uploads\/sites\/20\/2025\/05\/image_11.jpg?resize=140%2C91\" width=\"140\" height=\"91\" \/><\/td><td><strong>G&amp;R &#8211; Gest\u00e3o &amp; Regionalidade<\/strong><\/td><td><a href=\"https:\/\/seer.uscs.edu.br\/index.php\/revista_gestao\">https:\/\/seer.uscs.edu.br\/index.php\/revista_gestao<\/a><\/td><\/tr><tr><td><img loading=\"lazy\" decoding=\"async\" data-recalc-dims=\"1\" src=\"https:\/\/i0.wp.com\/singep.org.br\/13\/wp-content\/uploads\/sites\/20\/2025\/05\/image_38.jpg?resize=140%2C91\" width=\"140\" height=\"91\" \/><\/td><td><strong>G&amp;T &#8211; Revista Gest\u00e3o &amp; Tecnologia<\/strong><\/td><td><a href=\"https:\/\/revistagt.fpl.emnuvens.com.br\/get\">https:\/\/revistagt.fpl.emnuvens.com.br\/get<\/a><\/td><\/tr><tr><td><img loading=\"lazy\" decoding=\"async\" data-recalc-dims=\"1\" src=\"https:\/\/i0.wp.com\/singep.org.br\/13\/wp-content\/uploads\/sites\/20\/2025\/05\/image_26.jpg?resize=140%2C91\" width=\"140\" height=\"91\" \/><\/td><td><strong>GeAS &#8211; Revista Gest\u00e3o Ambiental e Sustentabilidade<\/strong><\/td><td><a href=\"https:\/\/periodicos.uninove.br\/geas\">https:\/\/periodicos.uninove.br\/geas<\/a><\/td><\/tr><tr><td><img loading=\"lazy\" decoding=\"async\" data-recalc-dims=\"1\" src=\"https:\/\/i0.wp.com\/singep.org.br\/13\/wp-content\/uploads\/sites\/20\/2025\/05\/image_5.jpg?resize=140%2C91\" width=\"140\" height=\"91\" \/><\/td><td><strong>GeP &#8211; Revista Gest\u00e3o e Projetos<\/strong><\/td><td><a href=\"https:\/\/periodicos.uninove.br\/gep\/index\">https:\/\/periodicos.uninove.br\/gep\/index<\/a><\/td><\/tr><tr><td><img loading=\"lazy\" decoding=\"async\" data-recalc-dims=\"1\" src=\"https:\/\/i0.wp.com\/singep.org.br\/13\/wp-content\/uploads\/sites\/20\/2025\/05\/image_33.jpg?resize=140%2C91\" width=\"140\" height=\"91\" \/><\/td><td><strong>GV executivo<\/strong><\/td><td><a href=\"https:\/\/periodicos.fgv.br\/gvexecutivo\">https:\/\/periodicos.fgv.br\/gvexecutivo<\/a><\/td><\/tr><tr><td><img loading=\"lazy\" decoding=\"async\" data-recalc-dims=\"1\" src=\"https:\/\/i0.wp.com\/singep.org.br\/13\/wp-content\/uploads\/sites\/20\/2025\/05\/image_24.jpg?resize=140%2C91\" width=\"140\" height=\"91\" \/><\/td><td><strong>HERMES &#8211; Revista Cient\u00edfica Hermes<\/strong><\/td><td><a href=\"https:\/\/revistahermes.com.br\/index.php\/hermes1\">https:\/\/revistahermes.com.br\/index.php\/hermes1<\/a><\/td><\/tr><tr><td><img loading=\"lazy\" decoding=\"async\" data-recalc-dims=\"1\" src=\"https:\/\/i0.wp.com\/singep.org.br\/13\/wp-content\/uploads\/sites\/20\/2025\/05\/image_17.jpg?resize=140%2C91\" width=\"140\" height=\"91\" \/><\/td><td><strong>HIG &#8211; Revista Horizontes Interdisciplinares da Gest\u00e3o<\/strong><\/td><td><a href=\"https:\/\/hig.unihorizontes.br:8443\/index.php?journal=Hig&amp;page=index\">https:\/\/hig.unihorizontes.br:8443\/index.php?journal=Hig&amp;page=index<\/a><\/td><\/tr><tr><td><img loading=\"lazy\" decoding=\"async\" data-recalc-dims=\"1\" src=\"https:\/\/i0.wp.com\/singep.org.br\/13\/wp-content\/uploads\/sites\/20\/2025\/05\/image_39.jpg?resize=140%2C91\" width=\"140\" height=\"91\" \/><\/td><td><strong>IJBMKT &#8211; International Journal of Business &amp; Marketing<\/strong><\/td><td><a href=\"https:\/\/www.ijbmkt.org\/ijbmkt\/index\">https:\/\/www.ijbmkt.org\/ijbmkt\/index<\/a><\/td><\/tr><tr><td><img loading=\"lazy\" decoding=\"async\" data-recalc-dims=\"1\" style=\"letter-spacing: 0.1px;\" src=\"https:\/\/i0.wp.com\/singep.org.br\/13\/wp-content\/uploads\/sites\/20\/2025\/05\/image_2.jpg?resize=140%2C91\" width=\"140\" height=\"91\" \/><\/td><td><strong>IJI &#8211; International Journal of Innovation<\/strong><\/td><td><a href=\"https:\/\/periodicos.uninove.br\/innovation\">https:\/\/periodicos.uninove.br\/innovation<\/a><\/td><\/tr><tr><td><img decoding=\"async\" data-recalc-dims=\"1\" src=\"https:\/\/i0.wp.com\/singep.org.br\/13\/wp-content\/uploads\/sites\/20\/2025\/10\/IJISPM.png?w=1200\"  \/><\/td><td><strong>IJISPM &#8211; International Journal of Information Systems and Project Management<\/strong><\/td><td><a href=\"https:\/\/ijispm.sciencesphere.org\/\">https:\/\/ijispm.sciencesphere.org\/<\/a><\/td><\/tr><tr><td><img loading=\"lazy\" decoding=\"async\" data-recalc-dims=\"1\" src=\"https:\/\/i0.wp.com\/singep.org.br\/13\/wp-content\/uploads\/sites\/20\/2025\/07\/rai-inmr.png?resize=140%2C74\" width=\"140\" height=\"74\" \/><\/td><td><strong>Innovation &amp; Management Review (INMR)<\/strong><\/td><td><a href=\"https:\/\/www.emeraldgrouppublishing.com\/journal\/inmr\">https:\/\/www.emeraldgrouppublishing.com\/journal\/inmr<\/a><\/td><\/tr><tr><td><img loading=\"lazy\" decoding=\"async\" data-recalc-dims=\"1\" src=\"https:\/\/i0.wp.com\/singep.org.br\/13\/wp-content\/uploads\/sites\/20\/2025\/05\/image_27.jpg?resize=140%2C91\" width=\"140\" height=\"91\" \/><\/td><td><strong>INTERNEXT &#8211; Revista Eletr\u00f4nica de Neg\u00f3cios Internacionais<\/strong><\/td><td><a href=\"https:\/\/internext.espm.br\/internext\">https:\/\/internext.espm.br\/internext<\/a><\/td><\/tr><tr><td><img loading=\"lazy\" decoding=\"async\" data-recalc-dims=\"1\" src=\"https:\/\/i0.wp.com\/singep.org.br\/13\/wp-content\/uploads\/sites\/20\/2025\/05\/image_18.jpg?resize=140%2C91\" width=\"140\" height=\"91\" \/><\/td><td><strong>IPTEC &#8211; Revista Inova\u00e7\u00e3o, Projetos e Tecnologias<\/strong><\/td><td><a href=\"https:\/\/periodicos.uninove.br\/iptec\">https:\/\/periodicos.uninove.br\/iptec<\/a><\/td><\/tr><tr><td><img loading=\"lazy\" decoding=\"async\" data-recalc-dims=\"1\" src=\"https:\/\/i0.wp.com\/singep.org.br\/13\/wp-content\/uploads\/sites\/20\/2025\/08\/Journal-of-Law-and-Corruption-Review.png?resize=140%2C18\" width=\"140\" height=\"18\" \/><\/td><td><strong>Journal of Law and Corruption Review<\/strong><\/td><td><a href=\"https:\/\/corruptionreview.org\/revista\/index\">https:\/\/corruptionreview.org\/revista\/index<\/a><\/td><\/tr><tr><td><img loading=\"lazy\" decoding=\"async\" data-recalc-dims=\"1\" src=\"https:\/\/i0.wp.com\/singep.org.br\/13\/wp-content\/uploads\/sites\/20\/2025\/08\/The-Journal-of-Sustainable-Institutional-Management.png?resize=140%2C19\" width=\"140\" height=\"19\" \/><\/td><td><strong>Journal of Sustainable Institutional Management<\/strong><\/td><td><a href=\"https:\/\/sustainableinstitutional.org\/Journals\/index\">https:\/\/sustainableinstitutional.org\/Journals\/index<\/a><\/td><\/tr><tr><td><img loading=\"lazy\" decoding=\"async\" data-recalc-dims=\"1\" src=\"https:\/\/i0.wp.com\/singep.org.br\/13\/wp-content\/uploads\/sites\/20\/2025\/08\/Journal-of-Sustainable-Competitive-Intelligence.png?resize=140%2C22\" width=\"140\" height=\"22\" \/><\/td><td><strong>Journal of Sustainable Competitive Intelligence<\/strong><\/td><td><a href=\"https:\/\/eaglesustainable.org\/rev\/index\">https:\/\/eaglesustainable.org\/rev\/index<\/a><\/td><\/tr><tr><td><img loading=\"lazy\" decoding=\"async\" data-recalc-dims=\"1\" src=\"https:\/\/i0.wp.com\/singep.org.br\/13\/wp-content\/uploads\/sites\/20\/2025\/05\/image_12.jpg?resize=140%2C91\" width=\"140\" height=\"91\" \/><\/td><td><strong>JUTS &#8211; Journal of Urban Technology and Sustainability<\/strong><\/td><td><a href=\"https:\/\/journaluts.emnuvens.com.br\/journaluts\">https:\/\/journaluts.emnuvens.com.br\/journaluts<\/a><\/td><\/tr><tr><td><img loading=\"lazy\" decoding=\"async\" data-recalc-dims=\"1\" src=\"https:\/\/i0.wp.com\/singep.org.br\/13\/wp-content\/uploads\/sites\/20\/2025\/05\/image_34.jpg?resize=140%2C91\" width=\"140\" height=\"91\" \/><\/td><td><strong>MANAGEMENT RESEARCH<\/strong><\/td><td><a href=\"https:\/\/www.emeraldgrouppublishing.com\/journal\/mrjiam\">https:\/\/www.emeraldgrouppublishing.com\/journal\/mrjiam<\/a><\/td><\/tr><tr><td><img loading=\"lazy\" decoding=\"async\" data-recalc-dims=\"1\" src=\"https:\/\/i0.wp.com\/singep.org.br\/13\/wp-content\/uploads\/sites\/20\/2025\/05\/image_28.jpg?resize=140%2C91\" width=\"140\" height=\"91\" \/><\/td><td><strong>PERCURSO<\/strong><\/td><td><a href=\"https:\/\/revista.unicuritiba.edu.br\/index.php\/percurso\/index\">https:\/\/revista.unicuritiba.edu.br\/index.php\/percurso\/index<\/a><\/td><\/tr><tr><td><img loading=\"lazy\" decoding=\"async\" data-recalc-dims=\"1\" src=\"https:\/\/i0.wp.com\/singep.org.br\/13\/wp-content\/uploads\/sites\/20\/2025\/05\/image_6.jpg?resize=140%2C91\" width=\"140\" height=\"91\" \/><\/td><td><strong>PODIUM &#8211; Sport, Leisure and Tourism Review<\/strong><\/td><td><a href=\"https:\/\/periodicos.uninove.br\/podium\">https:\/\/periodicos.uninove.br\/podium<\/a><\/td><\/tr><tr><td><img loading=\"lazy\" decoding=\"async\" data-recalc-dims=\"1\" src=\"https:\/\/i0.wp.com\/singep.org.br\/13\/wp-content\/uploads\/sites\/20\/2025\/07\/race-e1753737157718.png?resize=140%2C52\" width=\"140\" height=\"52\" \/><\/td><td><strong>RACE &#8211; Revista de Administra\u00e7\u00e3o, Contabilidade e Economia<br \/><\/strong><\/td><td><a href=\"https:\/\/periodicos.unoesc.edu.br\/race\">https:\/\/periodicos.unoesc.edu.br\/race<\/a><\/td><\/tr><tr><td><img loading=\"lazy\" decoding=\"async\" data-recalc-dims=\"1\" src=\"https:\/\/i0.wp.com\/singep.org.br\/13\/wp-content\/uploads\/sites\/20\/2025\/05\/image_35.jpg?resize=140%2C91\" width=\"140\" height=\"91\" \/><\/td><td><strong>RAE &#8211; Revista de Administra\u00e7\u00e3o de Empresas<\/strong><\/td><td><a href=\"https:\/\/periodicos.fgv.br\/rae\">https:\/\/periodicos.fgv.br\/rae<\/a><\/td><\/tr><tr><td><img loading=\"lazy\" decoding=\"async\" data-recalc-dims=\"1\" src=\"https:\/\/i0.wp.com\/singep.org.br\/13\/wp-content\/uploads\/sites\/20\/2025\/05\/image_25.jpg?resize=140%2C91\" width=\"140\" height=\"91\" \/><\/td><td><strong>RAUSP Management Journal<\/strong><\/td><td><a href=\"https:\/\/www.emerald.com\/insight\/publication\/issn\/2531-0488\">https:\/\/www.emerald.com\/insight\/publication\/issn\/2531-0488<\/a><\/td><\/tr><tr><td><img loading=\"lazy\" decoding=\"async\" data-recalc-dims=\"1\" src=\"https:\/\/i0.wp.com\/singep.org.br\/13\/wp-content\/uploads\/sites\/20\/2025\/05\/image_19.jpg?resize=140%2C91\" width=\"140\" height=\"91\" \/><\/td><td><strong>RBGN &#8211; Revista Brasileira de Gest\u00e3o de Neg\u00f3cios<\/strong><\/td><td><a href=\"https:\/\/rbgn.fecap.br\/RBGN\">https:\/\/rbgn.fecap.br\/RBGN<\/a><\/td><\/tr><tr><td><img loading=\"lazy\" decoding=\"async\" data-recalc-dims=\"1\" src=\"https:\/\/i0.wp.com\/singep.org.br\/13\/wp-content\/uploads\/sites\/20\/2025\/05\/image_9.jpg?resize=140%2C91\" width=\"140\" height=\"91\" \/><\/td><td><strong>ReA &#8211; Revista de Administra\u00e7\u00e3o da UFSM<\/strong><\/td><td><a href=\"https:\/\/periodicos.ufsm.br\/reaufsm\">https:\/\/periodicos.ufsm.br\/reaufsm<\/a><\/td><\/tr><tr><td><img loading=\"lazy\" decoding=\"async\" data-recalc-dims=\"1\" src=\"https:\/\/i0.wp.com\/singep.org.br\/13\/wp-content\/uploads\/sites\/20\/2025\/06\/rege.png?resize=127%2C62\" width=\"127\" height=\"62\" \/><\/td><td><strong>REGE &#8211; Revista de Gest\u00e3o <\/strong><\/td><td><a href=\"https:\/\/www.emeraldgrouppublishing.com\/journal\/rege\">https:\/\/www.emeraldgrouppublishing.com\/journal\/rege<\/a><\/td><\/tr><tr><td><img loading=\"lazy\" decoding=\"async\" data-recalc-dims=\"1\" src=\"https:\/\/i0.wp.com\/singep.org.br\/13\/wp-content\/uploads\/sites\/20\/2025\/05\/image_3.jpg?resize=140%2C91\" width=\"140\" height=\"91\" \/><\/td><td><strong>REGEC &#8211; Gest\u00e3o &amp; Conex\u00f5es<\/strong><\/td><td><a href=\"https:\/\/periodicos.ufes.br\/ppgadm\/index\">https:\/\/periodicos.ufes.br\/ppgadm\/index<\/a><\/td><\/tr><tr><td><img loading=\"lazy\" decoding=\"async\" data-recalc-dims=\"1\" src=\"https:\/\/i0.wp.com\/singep.org.br\/13\/wp-content\/uploads\/sites\/20\/2025\/05\/image_29.jpg?resize=140%2C91\" width=\"140\" height=\"91\" \/><\/td><td><strong>REGEPE &#8211; Entrepreneurship and Small Business Journal<\/strong><\/td><td><a href=\"https:\/\/regepe.org.br\/regepe\/index\">https:\/\/regepe.org.br\/regepe\/index<\/a><\/td><\/tr><tr><td><img loading=\"lazy\" decoding=\"async\" data-recalc-dims=\"1\" src=\"https:\/\/i0.wp.com\/singep.org.br\/13\/wp-content\/uploads\/sites\/20\/2025\/10\/regov-e1760662241992.png?resize=140%2C62\" width=\"140\" height=\"62\" \/><\/td><td><strong>REGOV &#8211; Revista Latino-americana de Governan\u00e7a<\/strong><\/td><td><a href=\"https:\/\/revistaregov.org\/index.php\/revista\">https:\/\/revistaregov.org\/index.php\/revista<\/a><\/td><\/tr><tr><td><img loading=\"lazy\" decoding=\"async\" data-recalc-dims=\"1\" src=\"https:\/\/i0.wp.com\/singep.org.br\/13\/wp-content\/uploads\/sites\/20\/2025\/05\/image_20.jpg?resize=140%2C91\" width=\"140\" height=\"91\" \/><\/td><td><strong>RH &#8211; Revista Hospitalidade<\/strong><\/td><td><a href=\"https:\/\/www.revhosp.org\/hospitalidade\">https:\/\/www.revhosp.org\/hospitalidade<\/a><\/td><\/tr><tr><td><img loading=\"lazy\" decoding=\"async\" data-recalc-dims=\"1\" src=\"https:\/\/i0.wp.com\/singep.org.br\/13\/wp-content\/uploads\/sites\/20\/2025\/05\/image_13.jpg?resize=140%2C91\" width=\"140\" height=\"91\" \/><\/td><td><strong>REMIPE &#8211; Revista de Micro e Pequenas Empresas e Empreendedorismo da Fatec Osasco<\/strong><\/td><td><a href=\"https:\/\/remipe.fatecosasco.edu.br\/index.php\/remipe\">https:\/\/remipe.fatecosasco.edu.br\/index.php\/remipe<\/a><\/td><\/tr><tr><td><img loading=\"lazy\" decoding=\"async\" data-recalc-dims=\"1\" src=\"https:\/\/i0.wp.com\/singep.org.br\/13\/wp-content\/uploads\/sites\/20\/2025\/08\/Review-of-Artificial-Intelligence-in-Education.png?resize=140%2C27\" width=\"140\" height=\"27\" \/><\/td><td><strong>Review of Artificial Intelligence in Education<\/strong><\/td><td><a href=\"https:\/\/educationai-review.org\/revista\/index \">https:\/\/educationai-review.org\/revista\/index<\/a><\/td><\/tr><tr><td><img loading=\"lazy\" decoding=\"async\" data-recalc-dims=\"1\" src=\"https:\/\/i0.wp.com\/singep.org.br\/13\/wp-content\/uploads\/sites\/20\/2025\/08\/Revista-do-CEJUR-1.png?resize=140%2C12\" width=\"140\" height=\"12\" \/><\/td><td><strong>Revista do CEJUR\/TJSC: Presta\u00e7\u00e3o Jurisdicional<\/strong><\/td><td><a href=\"https:\/\/revistadocejur.tjsc.jus.br\/cejur\">https:\/\/revistadocejur.tjsc.jus.br\/cejur<\/a><\/td><\/tr><tr><td><img loading=\"lazy\" decoding=\"async\" data-recalc-dims=\"1\" src=\"https:\/\/i0.wp.com\/singep.org.br\/13\/wp-content\/uploads\/sites\/20\/2025\/05\/image_37.jpg?resize=140%2C91\" width=\"140\" height=\"91\" \/><\/td><td><strong>REVJU &#8211; Jur\u00eddica<\/strong><\/td><td><a href=\"https:\/\/revista.unicuritiba.edu.br\/index.php\/RevJur\">https:\/\/revista.unicuritiba.edu.br\/index.php\/RevJur<\/a><\/td><\/tr><tr><td><img loading=\"lazy\" decoding=\"async\" data-recalc-dims=\"1\" src=\"https:\/\/i0.wp.com\/singep.org.br\/13\/wp-content\/uploads\/sites\/20\/2025\/05\/image_30.jpg?resize=140%2C91\" width=\"140\" height=\"91\" \/><\/td><td><strong>RIAE &#8211; Revista Ibero-Americana de Estrat\u00e9gia<\/strong><\/td><td><a href=\"https:\/\/periodicos.uninove.br\/riae\">https:\/\/periodicos.uninove.br\/riae<\/a><\/td><\/tr><tr><td><img loading=\"lazy\" decoding=\"async\" data-recalc-dims=\"1\" src=\"https:\/\/i0.wp.com\/singep.org.br\/13\/wp-content\/uploads\/sites\/20\/2025\/05\/image_21.jpg?resize=140%2C91\" width=\"140\" height=\"91\" \/><\/td><td><strong>RRI &#8211; Rela\u00e7\u00f5es internacionais<\/strong><\/td><td><a href=\"https:\/\/revista.unicuritiba.edu.br\/index.php\/RIMA\/index\">https:\/\/revista.unicuritiba.edu.br\/index.php\/RIMA\/index<\/a><\/td><\/tr><tr><td><img loading=\"lazy\" decoding=\"async\" data-recalc-dims=\"1\" src=\"https:\/\/i0.wp.com\/singep.org.br\/13\/wp-content\/uploads\/sites\/20\/2025\/05\/image_14.jpg?resize=140%2C91\" width=\"140\" height=\"91\" \/><\/td><td><strong>RTA &#8211; Revista Turismo em An\u00e1lise<\/strong><\/td><td><a href=\"https:\/\/revistas.usp.br\/rta\">https:\/\/revistas.usp.br\/rta<\/a><\/td><\/tr><tr><td><img loading=\"lazy\" decoding=\"async\" data-recalc-dims=\"1\" src=\"https:\/\/i0.wp.com\/singep.org.br\/13\/wp-content\/uploads\/sites\/20\/2025\/05\/image_7.jpg?resize=140%2C91\" width=\"140\" height=\"91\" \/><\/td><td><strong>SUST &#8211; Sustentabilidade: Di\u00e1logos Interdisciplinares<\/strong><\/td><td><a href=\"https:\/\/periodicos.puc-campinas.edu.br\/sustentabilidade\">https:\/\/periodicos.puc-campinas.edu.br\/sustentabilidade<\/a><\/td><\/tr><tr><td><img loading=\"lazy\" decoding=\"async\" data-recalc-dims=\"1\" src=\"https:\/\/i0.wp.com\/singep.org.br\/13\/wp-content\/uploads\/sites\/20\/2025\/08\/Sustainable-Studies-Goals-Review.png?resize=56%2C44\" width=\"56\" height=\"44\" \/><\/td><td><strong>Sustainable Studies Goals Review<\/strong><\/td><td><a href=\"https:\/\/periodicos.puc-campinas.edu.br\/sustentabilidade\">https:\/\/periodicos.puc-campinas.edu.br\/sustentabilidade<\/a><\/td><\/tr><\/tbody><\/table><\/figure>\t\t\t\t\t\t\t\t<\/div>\n\t\t\t\t<\/div>\n\t\t\t\t\t<\/div>\n\t\t\t\t<\/div>\n\t\t\t\t<\/div>\n\t\t","protected":false},"excerpt":{"rendered":"<p>Revistas em parceria para Fast Track do XIV SINGEP-CIK REVISTAS Site AER &#8211; Administra\u00e7\u00e3o de Empresas em Revista https:\/\/revista.unicuritiba.edu.br\/index.php\/admrevista BJMkt &#8211; Brazilian Journal of Marketing https:\/\/periodicos.uninove.br\/remark CAFI &#8211; Contabilidade, Atu\u00e1ria, Finan\u00e7as &amp; Informa\u00e7\u00e3o https:\/\/revistas.pucsp.br\/index.php\/CAFI CINTEC &#8211; Relatos de Contabilidade, Inova\u00e7\u00e3o e Tecnologia https:\/\/revistas.pucsp.br\/index.php\/cintec CONTEXTUS &#8211;&nbsp;<a href=\"https:\/\/singep.org.br\/14\/fast-track\/\">&hellip;<\/a><\/p>\n","protected":false},"author":1,"featured_media":0,"parent":0,"menu_order":0,"comment_status":"closed","ping_status":"closed","template":"template-fullwidth.php","meta":{"footnotes":""},"class_list":["post-611","page","type-page","status-publish","hentry","odd"],"_links":{"self":[{"href":"https:\/\/singep.org.br\/14\/wp-json\/wp\/v2\/pages\/611","targetHints":{"allow":["GET"]}}],"collection":[{"href":"https:\/\/singep.org.br\/14\/wp-json\/wp\/v2\/pages"}],"about":[{"href":"https:\/\/singep.org.br\/14\/wp-json\/wp\/v2\/types\/page"}],"author":[{"embeddable":true,"href":"https:\/\/singep.org.br\/14\/wp-json\/wp\/v2\/users\/1"}],"replies":[{"embeddable":true,"href":"https:\/\/singep.org.br\/14\/wp-json\/wp\/v2\/comments?post=611"}],"version-history":[{"count":70,"href":"https:\/\/singep.org.br\/14\/wp-json\/wp\/v2\/pages\/611\/revisions"}],"predecessor-version":[{"id":10889,"href":"https:\/\/singep.org.br\/14\/wp-json\/wp\/v2\/pages\/611\/revisions\/10889"}],"wp:attachment":[{"href":"https:\/\/singep.org.br\/14\/wp-json\/wp\/v2\/media?parent=611"}],"curies":[{"name":"wp","href":"https:\/\/api.w.org\/{rel}","templated":true}]}}