{"id":9973,"date":"2014-05-23T14:45:15","date_gmt":"2014-05-23T17:45:15","guid":{"rendered":"https:\/\/singep.org.br\/14\/inscricoes-2025\/"},"modified":"2026-04-08T19:35:44","modified_gmt":"2026-04-08T22:35:44","slug":"inscricoes","status":"publish","type":"page","link":"https:\/\/singep.org.br\/14\/es\/inscricoes\/","title":{"rendered":"Inscri\u00e7\u00f5es 2026"},"content":{"rendered":"\n<p class=\"has-text-align-left\">La inscripci\u00f3n en el XIV Simposio Internacional sobre Gesti\u00f3n, Proyectos, Innovaci\u00f3n y Sostenibilidad (XIV SINGEP-CIK y 1a SPARK) permite participar en todas las actividades del evento (sesiones de presentaci\u00f3n de trabajos, conferencias, paneles, talleres, etc.).<\/p>\n\n\n\n<p>El evento ser\u00e1 h\u00edbrido: el 21\/10 ser\u00e1 presencial (con transmisi\u00f3n en l\u00ednea), en UNINOVE Vergueiro, en S\u00e3o Paulo; el 22 y 23\/10 ser\u00e1 en l\u00ednea de forma sincr\u00f3nica. La presentaci\u00f3n de los trabajos aprobados se realizar\u00e1 el 22 y 23\/10, en formato en l\u00ednea.<\/p>\n\n\n\n<p class=\"has-text-align-left\">Se otorgar\u00e1n dos tipos de certificados a los participantes del evento:<br>\u2022 Certificado de Participaci\u00f3n: otorgado a quienes se inscriban y realicen el pago.<br>\u2022 Certificado de Presentaci\u00f3n: para trabajos presentados por uno (o m\u00e1s) de los autores del trabajo debidamente inscritos en el evento.<\/p>\n\n\n\n<p class=\"has-text-align-left\"><\/p>\n\n\n\n<figure class=\"wp-block-table\"><table><tbody><tr><td><strong>Perfil del participante<\/strong><\/td><td><strong>Cuota de inscripci\u00f3n<\/strong><\/td><\/tr><tr><td>Estudiantes de grado de UNINOVE (1, 2)<\/td><td>Gratuita<\/td><\/tr><tr><td>Estudiantes de grado de otras instituciones (1, 2)<\/td><td>R$ 80<\/td><\/tr><tr><td>Estudiantes de posgrado (Lato Sensu o Stricto Sensu) (1)<\/td><td>R$ 220<\/td><\/tr><tr><td>Exalumnos de UNINOVE (1)<\/td><td>R$ 220<\/td><\/tr><tr><td>Docentes y Profesionales<\/td><td>R$ 275<\/td><\/tr><tr><td>L\u00edderes de \u00c1rea<\/td><td>Gratuita<\/td><\/tr><tr><td>Miembros y voluntarios de PMI-SP y organizaciones asociadas (*)<\/td><td>R$ 220<\/td><\/tr><\/tbody><\/table><\/figure>\n\n\n\n<p class=\"has-text-align-left\"><strong>Es necesario adjuntar comprobante.<\/strong><\/p>\n\n\n\n<p><strong>Importante:<\/strong> Para comprobar el v\u00ednculo con su instituci\u00f3n educativa, ser\u00e1 necesario cargar alg\u00fan documento de respaldo.<\/p>\n\n\n\n<ul class=\"wp-block-list\">\n<li><strong>Los estudiantes de grado que se inscriban en esta modalidad tendr\u00e1n acceso a la versi\u00f3n en l\u00ednea.<\/strong> La participaci\u00f3n en sesiones presenciales estar\u00e1 permitida para quienes tengan trabajos aceptados para presentaci\u00f3n en el evento.<\/li>\n<\/ul>\n\n\n\n<p class=\"has-text-align-left\">Para realizar el pago de la inscripci\u00f3n por empe\u00f1o,\u202f<a href=\"https:\/\/singep.org.br\/14\/inscricoes-por-empenho\/\" target=\"_blank\" rel=\"noreferrer noopener\">haga clic aqu\u00ed<\/a>\u00a0<\/p>\n\n\n\n<p><\/p>\n\n\n\n<p><\/p>\n\n\n\n<p><\/p>\n","protected":false},"excerpt":{"rendered":"<p>La inscripci\u00f3n en el XIV Simposio Internacional sobre Gesti\u00f3n, Proyectos, Innovaci\u00f3n y Sostenibilidad (XIV SINGEP-CIK y 1a SPARK) permite participar en todas las actividades del evento (sesiones de presentaci\u00f3n de trabajos, conferencias, paneles, talleres, etc.). El evento ser\u00e1 h\u00edbrido: el 21\/10 ser\u00e1 presencial (con transmisi\u00f3n&nbsp;<a href=\"https:\/\/singep.org.br\/14\/es\/inscricoes\/\">&hellip;<\/a><\/p>\n","protected":false},"author":1,"featured_media":0,"parent":0,"menu_order":0,"comment_status":"closed","ping_status":"closed","template":"","meta":{"footnotes":""},"class_list":["post-9973","page","type-page","status-publish","hentry","odd"],"_links":{"self":[{"href":"https:\/\/singep.org.br\/14\/es\/wp-json\/wp\/v2\/pages\/9973","targetHints":{"allow":["GET"]}}],"collection":[{"href":"https:\/\/singep.org.br\/14\/es\/wp-json\/wp\/v2\/pages"}],"about":[{"href":"https:\/\/singep.org.br\/14\/es\/wp-json\/wp\/v2\/types\/page"}],"author":[{"embeddable":true,"href":"https:\/\/singep.org.br\/14\/es\/wp-json\/wp\/v2\/users\/1"}],"replies":[{"embeddable":true,"href":"https:\/\/singep.org.br\/14\/es\/wp-json\/wp\/v2\/comments?post=9973"}],"version-history":[{"count":4,"href":"https:\/\/singep.org.br\/14\/es\/wp-json\/wp\/v2\/pages\/9973\/revisions"}],"predecessor-version":[{"id":10805,"href":"https:\/\/singep.org.br\/14\/es\/wp-json\/wp\/v2\/pages\/9973\/revisions\/10805"}],"wp:attachment":[{"href":"https:\/\/singep.org.br\/14\/es\/wp-json\/wp\/v2\/media?parent=9973"}],"curies":[{"name":"wp","href":"https:\/\/api.w.org\/{rel}","templated":true}]}}