{"id":9649,"date":"2014-05-23T12:03:48","date_gmt":"2014-05-23T15:03:48","guid":{"rendered":"https:\/\/singep.org.br\/template\/regras-para-submissao\/formatacao-poster\/"},"modified":"2026-04-08T19:46:11","modified_gmt":"2026-04-08T22:46:11","slug":"formatacao-poster","status":"publish","type":"page","link":"https:\/\/singep.org.br\/14\/es\/regras-para-submissao\/formatacao-poster\/","title":{"rendered":"Formataci\u00f3n de P\u00f3ster"},"content":{"rendered":"\n<p><strong>Cada autor puede enviar un m\u00e1ximo de 4 trabajos para el evento XIV SINGEP.<\/strong><\/p>\n\n\n\n<p>Cada trabajo puede tener hasta <strong>4 autores<\/strong>.<\/p>\n\n\n\n<p><strong>Plantilla:<\/strong>&nbsp;El uso de la plantilla es obligatorio. Los archivos enviados sin la plantilla ser\u00e1n autom\u00e1ticamente descalificados.<\/p>\n\n\n\n<p>(<a href=\"#\">Haga clic aqu\u00ed para descargar la plantilla<\/a>).<\/p>\n\n\n\n<p><strong>Formato de archivo para env\u00edo:&nbsp;<\/strong>PDF<\/p>\n\n\n\n<p><strong>Idioma:<\/strong>&nbsp;Portuguese, English or Spanish<\/p>\n\n\n\n<p><strong>Fuente:&nbsp;<\/strong>Times New Roman, tama\u00f1o 12<\/p>\n\n\n\n<p><strong>Interlineado:<\/strong>&nbsp;simple<\/p>\n\n\n\n<p><strong>Espaciado de caracteres:&nbsp;<\/strong>normal<\/p>\n\n\n\n<p><strong>L\u00edmite de p\u00e1ginas<\/strong>:&nbsp;minimum 2, maximum 4 pages<\/p>\n\n\n\n<p><strong>Tama\u00f1o del papel:<\/strong>&nbsp;A4<\/p>\n\n\n\n<p><strong>M\u00e1rgenes:<\/strong>&nbsp;Top: 3cm \/ Bottom: 2 cm \/ Left: 3 cm \/ Right: 2 cm<\/p>\n\n\n\n<p><strong>P\u00e1rrafos:<\/strong>&nbsp;Justified Text<\/p>\n\n\n\n<p><strong>Paginaci\u00f3n:<\/strong>&nbsp;N\u00fameros de p\u00e1gina ubicados en el pie de p\u00e1gina, alineados a la derecha, ya incluidos en la plantilla.<\/p>\n\n\n\n<p><strong>Nota:&nbsp;<\/strong>No deben colocarse en el pie de p\u00e1gina, sino agregarse como notas al final.<\/p>\n\n\n\n<p><strong>Figuras y Tablas:&nbsp;<\/strong>Todas las figuras y tablas deben tener leyendas y seguir las normas APA. Para figuras (gr\u00e1ficos, diagramas, dibujos, etc.): las leyendas deben colocarse abajo, alineadas a la izquierda, en Times New Roman, tama\u00f1o 10. Para tablas: las leyendas deben colocarse arriba, centradas, en Times New Roman, tama\u00f1o 10.<\/p>\n\n\n\n<p><strong>Citas y referencias:<\/strong>&nbsp;Las citas deben incluirse en el cuerpo del texto, siguiendo el sistema autor-fecha, con n\u00fameros de p\u00e1gina para citas directas. Las referencias deben listarse en orden alfab\u00e9tico al final del trabajo, siguiendo las normas de la American Psychological Association (APA).<\/p>\n\n\n\n<p><strong>Notas:<\/strong><\/p>\n\n\n\n<p>Los trabajos que no cumplan con los criterios de formateo y t\u00e9cnicos no ser\u00e1n aceptados.<\/p>\n\n\n\n<p><strong>El trabajo debe enviarse en un \u00fanico archivo, sin identificaci\u00f3n de autores, instituciones ni correos electr\u00f3nicos. Los trabajos con autor\u00eda identificable ser\u00e1n autom\u00e1ticamente excluidos del evento.<\/strong><\/p>\n\n\n\n<p><strong>MODALIDAD P\u00d3STER<\/strong><\/p>\n\n\n\n<p>El documento enviado para la <strong>modalidad p\u00f3ster<\/strong> debe contener un m\u00ednimo de dos (2) y un m\u00e1ximo de cuatro (4) p\u00e1ginas, incluyendo ilustraciones, referencias y notas al final.<\/p>\n\n\n\n<p><strong>Resumen Estructurado <\/strong><em>(debe incluirse \u00fanicamente en la plataforma de env\u00edo):<\/em><\/p>\n\n\n\n<p>Se recomienda a los autores preparar el resumen estructurado en un documento separado y copiar y pegar cada elemento en el campo correspondiente durante el env\u00edo.<\/p>\n\n\n\n<p>El resumen estructurado del informe t\u00e9cnico debe contener los siguientes elementos y no debe exceder <strong>250 palabras<\/strong> en total:<\/p>\n\n\n\n<ul class=\"wp-block-list\">\n<li>Objetivo del estudio (m\u00e1ximo de 42 palabras)<\/li>\n\n\n\n<li>Relevancia\/Originalidad (m\u00e1ximo de 42 palabras)<\/li>\n\n\n\n<li>Metodolog\u00eda\/Enfoque (m\u00e1ximo de 42 palabras)<\/li>\n\n\n\n<li>Resultados principales (m\u00e1ximo de 42 palabras)<\/li>\n\n\n\n<li>Contribuciones Te\u00f3ricas\/Metodol\u00f3gicas (m\u00e1ximo de 42 palabras)<\/li>\n\n\n\n<li>Contribuciones Sociales\/Gerenciales (m\u00e1ximo de 42 palabras)<\/li>\n<\/ul>\n\n\n\n<p>El T\u00edtulo, el Resumen Estructurado y las Palabras clave deben estar escritos en dos versiones, independientemente del idioma del art\u00edculo: 1st<strong>\u00a0versi\u00f3n en portugu\u00e9s<\/strong>; y la 2nd<strong>\u00a0versi\u00f3n en ingl\u00e9s<\/strong>.<\/p>\n\n\n\n<p><strong>Campos a completar en la plataforma de env\u00edo:<\/strong><\/p>\n\n\n\n<ul class=\"wp-block-list\">\n<li>T\u00edtulo en portugu\u00e9s: en letras may\u00fasculas.<\/li>\n\n\n\n<li>T\u00edtulo en ingl\u00e9s: en letras may\u00fasculas.<\/li>\n\n\n\n<li>Palabras clave: en portugu\u00e9s, m\u00ednimo 3, m\u00e1ximo 5.<\/li>\n\n\n\n<li>Palabras clave: en ingl\u00e9s, deben ser las mismas que las definidas en portugu\u00e9s.<\/li>\n\n\n\n<li>Campos del Resumen Estructurado: en portugu\u00e9s<\/li>\n\n\n\n<li>Campos del Resumen Estructurado: en ingl\u00e9s<\/li>\n<\/ul>\n\n\n\n<p><strong>Estructura sugerida en formato p\u00f3ster (parte textual):<\/strong><\/p>\n\n\n\n<p><strong>(No incluir el resumen estructurado en el PDF. Debe enviarse \u00fanicamente a trav\u00e9s de la plataforma).<\/strong><\/p>\n\n\n\n<ul class=\"wp-block-list\">\n<li>T\u00cdTULO (en el idioma del texto)<\/li>\n\n\n\n<li>Introducci\u00f3n (con tema, problema de investigaci\u00f3n y objetivos)<\/li>\n\n\n\n<li>Marco te\u00f3rico<\/li>\n\n\n\n<li>Materiales y M\u00e9todos<\/li>\n\n\n\n<li>An\u00e1lisis de Resultados y Discusi\u00f3n<\/li>\n\n\n\n<li>Conclusiones\/Consideraciones finales<\/li>\n\n\n\n<li>Referencias<\/li>\n<\/ul>\n\n\n\n<p><strong>Plantilla obligatoria:<\/strong>\u00a0(<a href=\"#\">Haga clic aqu\u00ed para descargar<\/a>).<\/p>\n\n\n\n<p><strong>Env\u00edo:<\/strong>\u00a0<a href=\"https:\/\/submissao.singep.org.br\/14singep\/login.php\">Haga clic aqu\u00ed para acceder al sistema<\/a><\/p>\n","protected":false},"excerpt":{"rendered":"<p>Cada autor puede enviar un m\u00e1ximo de 4 trabajos para el evento XIV SINGEP. Cada trabajo puede tener hasta 4 autores. Plantilla:&nbsp;El uso de la plantilla es obligatorio. Los archivos enviados sin la plantilla ser\u00e1n autom\u00e1ticamente descalificados. (Haga clic aqu\u00ed para descargar la plantilla). Formato&nbsp;<a href=\"https:\/\/singep.org.br\/14\/es\/regras-para-submissao\/formatacao-poster\/\">&hellip;<\/a><\/p>\n","protected":false},"author":1,"featured_media":0,"parent":9641,"menu_order":0,"comment_status":"closed","ping_status":"closed","template":"","meta":{"footnotes":""},"class_list":["post-9649","page","type-page","status-publish","hentry","odd"],"_links":{"self":[{"href":"https:\/\/singep.org.br\/14\/es\/wp-json\/wp\/v2\/pages\/9649","targetHints":{"allow":["GET"]}}],"collection":[{"href":"https:\/\/singep.org.br\/14\/es\/wp-json\/wp\/v2\/pages"}],"about":[{"href":"https:\/\/singep.org.br\/14\/es\/wp-json\/wp\/v2\/types\/page"}],"author":[{"embeddable":true,"href":"https:\/\/singep.org.br\/14\/es\/wp-json\/wp\/v2\/users\/1"}],"replies":[{"embeddable":true,"href":"https:\/\/singep.org.br\/14\/es\/wp-json\/wp\/v2\/comments?post=9649"}],"version-history":[{"count":5,"href":"https:\/\/singep.org.br\/14\/es\/wp-json\/wp\/v2\/pages\/9649\/revisions"}],"predecessor-version":[{"id":10815,"href":"https:\/\/singep.org.br\/14\/es\/wp-json\/wp\/v2\/pages\/9649\/revisions\/10815"}],"up":[{"embeddable":true,"href":"https:\/\/singep.org.br\/14\/es\/wp-json\/wp\/v2\/pages\/9641"}],"wp:attachment":[{"href":"https:\/\/singep.org.br\/14\/es\/wp-json\/wp\/v2\/media?parent=9649"}],"curies":[{"name":"wp","href":"https:\/\/api.w.org\/{rel}","templated":true}]}}