{"id":9645,"date":"2014-05-23T14:14:29","date_gmt":"2014-05-23T17:14:29","guid":{"rendered":"https:\/\/singep.org.br\/template\/regras-para-submissao\/formatacao-para-relato-tecnico\/"},"modified":"2026-04-08T19:41:54","modified_gmt":"2026-04-08T22:41:54","slug":"formatacao-para-relato-tecnico","status":"publish","type":"page","link":"https:\/\/singep.org.br\/14\/es\/regras-para-submissao\/formatacao-para-relato-tecnico\/","title":{"rendered":"Formato para informe t\u00e9cnico"},"content":{"rendered":"\n<p><strong>Cada autor puede presentar un m\u00e1ximo de 4 art\u00edculos para el evento XIV SINGEP.<\/strong><\/p>\n\n\n\n<p>Cada art\u00edculo puede tener <strong>hasta 4 autores<\/strong>.<\/p>\n\n\n\n<p><strong>Plantilla:<\/strong>&nbsp; El uso de la plantilla es obligatorio. Los archivos enviados sin la plantilla ser\u00e1n autom\u00e1ticamente descalificados. &nbsp;<\/p>\n\n\n\n<p>(<a href=\"#\">Click here to Download the Template<\/a>).<\/p>\n\n\n\n<p><strong>Formato de archivo para env\u00edo:&nbsp;<\/strong>PDF<\/p>\n\n\n\n<p><strong>Idioma:<\/strong>&nbsp;Portuguese, English or Spanish<\/p>\n\n\n\n<p><strong>Fuente:&nbsp;<\/strong>Times New Roman, tama\u00f1o 12<\/p>\n\n\n\n<p><strong>Interlineado:<\/strong>&nbsp;simple<\/p>\n\n\n\n<p><strong>Espaciado de caracteres:&nbsp;<\/strong>normal<\/p>\n\n\n\n<p><strong>L\u00edmite de p\u00e1ginas<\/strong>:&nbsp;m\u00ednimum 8, m\u00e1ximum 16 p\u00e1ginas<\/p>\n\n\n\n<p><strong>Tama\u00f1o del papel:<\/strong>&nbsp;A4<\/p>\n\n\n\n<p><strong>M\u00e1rgenes:<\/strong>&nbsp;Arriba: 3 cm \/ Abajo: 2 cm \/ Izquierda: 3 cm \/ Derecha: 2 cm<\/p>\n\n\n\n<p><strong>P\u00e1rrafos:<\/strong>&nbsp;Texto justificado<\/p>\n\n\n\n<p><strong>Paginaci\u00f3n:<\/strong>&nbsp;N\u00fameros de p\u00e1gina ubicados en el pie de p\u00e1gina, alineados a la derecha, ya incluidos en la plantilla.<\/p>\n\n\n\n<p><strong>Nota:&nbsp;<\/strong>No deben colocarse en el pie de p\u00e1gina, sino agregarse como notas al final.<\/p>\n\n\n\n<p><strong>Figuras y Tablas:&nbsp;<\/strong>Todas las figuras y tablas deben tener leyendas y seguir las normas APA. Para figuras (gr\u00e1ficos, diagramas, dibujos, etc.): las leyendas deben colocarse abajo, alineadas a la izquierda, en Times New Roman, tama\u00f1o 10. Para tablas: las leyendas deben colocarse arriba, centradas, en Times New Roman, tama\u00f1o 10.<\/p>\n\n\n\n<p><strong>Citas y referencias bibliogr\u00e1ficas:<\/strong>&nbsp;Las citas deben incluirse en el cuerpo del texto, siguiendo el sistema autor-fecha, con n\u00fameros de p\u00e1gina para citas directas. Las referencias deben listarse en orden alfab\u00e9tico al final del trabajo, siguiendo las normas de la American Psychological Association (APA).<\/p>\n\n\n\n<p><strong>Notas:<\/strong><\/p>\n\n\n\n<p>Los trabajos que no cumplan con los criterios de formateo y t\u00e9cnicos no ser\u00e1n aceptados.<\/p>\n\n\n\n<p><strong>El trabajo debe enviarse en un \u00fanico archivo, sin identificaci\u00f3n de autores, instituciones ni correos electr\u00f3nicos. Los trabajos con autor\u00eda identificable ser\u00e1n autom\u00e1ticamente excluidos del evento.<\/strong><\/p>\n\n\n\n<p><strong>Modalidad del informe t\u00e9cnico<\/strong><\/p>\n\n\n\n<p>El informe t\u00e9cnico o art\u00edculo tecnol\u00f3gico es el producto final de un estudio (investigaci\u00f3n aplicada o producci\u00f3n t\u00e9cnica) que describe de forma precisa y objetiva una situaci\u00f3n problem\u00e1tica dentro de un contexto organizacional, as\u00ed como el resultado o la soluci\u00f3n prescriptiva obtenida. Un informe t\u00e9cnico presenta los resultados de una intervenci\u00f3n administrativa, t\u00e9cnica o gerencial dentro de una organizaci\u00f3n, realizada con criterios metodol\u00f3gicos. Se trata de trabajos acad\u00e9micos que priorizan la descripci\u00f3n del aprendizaje en forma de resultados pr\u00e1cticos, derivados de las experiencias vividas por organizaciones o profesionales involucrados en procesos que pueden gestionarse o mejorarse mediante t\u00e9cnicas de gesti\u00f3n espec\u00edficas. Debe redactarse con rigor cient\u00edfico y metodol\u00f3gico.<\/p>\n\n\n\n<p><strong>Directrices para la redacci\u00f3n y elaboraci\u00f3n del informe t\u00e9cnico:<\/strong><\/p>\n\n\n\n<p>El informe t\u00e9cnico debe tener entre ocho (8) y diecis\u00e9is (16) p\u00e1ginas, incluyendo ilustraciones, referencias y notas al final.<\/p>\n\n\n\n<p>\u2013 Debe priorizar el conocimiento prescriptivo, es decir, proponer (o prescribir) soluciones a los problemas que enfrentan las organizaciones.<\/p>\n\n\n\n<p>\u2013 Debe buscar resolver problemas de manera pr\u00e1ctica, incluso si se basa en disciplinas aplicadas.<\/p>\n\n\n\n<p>\u2013 Su misi\u00f3n debe ser desarrollar conocimiento relevante para la resoluci\u00f3n de problemas en su campo de investigaci\u00f3n.<\/p>\n\n\n\n<p><strong>Resumen Estructurado <\/strong><em>(debe incluirse \u00fanicamente en la plataforma de env\u00edo):<\/em><\/p>\n\n\n\n<p>Se recomienda a los autores preparar el resumen estructurado en un documento separado y copiar y pegar cada elemento en el campo correspondiente durante el env\u00edo.<\/p>\n\n\n\n<p>El resumen estructurado del informe t\u00e9cnico debe contener los siguientes elementos y no debe exceder <strong>250 palabras<\/strong> en total:<\/p>\n\n\n\n<ul class=\"wp-block-list\">\n<li>Objetivo del estudio (m\u00e1ximo de 42 palabras)<\/li>\n\n\n\n<li>Relevancia\/Originalidad (m\u00e1ximo de 42 palabras)<\/li>\n\n\n\n<li>Metodolog\u00eda\/Enfoque (m\u00e1ximo de 42 palabras)<\/li>\n\n\n\n<li>Resultados principales (m\u00e1ximo de 42 palabras)<\/li>\n\n\n\n<li>Contribuciones Te\u00f3ricas\/Metodol\u00f3gicas (m\u00e1ximo de 42 palabras)<\/li>\n\n\n\n<li>Contribuciones Sociales\/Gerenciales (m\u00e1ximo de 42 palabras)<\/li>\n<\/ul>\n\n\n\n<p>El t\u00edtulo, el resumen estructurado y las palabras clave deben escribirse en dos versiones, independientemente del idioma del art\u00edculo: <strong>&nbsp;versi\u00f3n en portugu\u00e9s<\/strong>; y la <strong>&nbsp;versi\u00f3n en ingl\u00e9s<\/strong>.<\/p>\n\n\n\n<p><strong>Campos para completar en la plataforma de env\u00edo:<\/strong><\/p>\n\n\n\n<ul class=\"wp-block-list\">\n<li>T\u00edtulo en portugu\u00e9s: en letras may\u00fasculas.<\/li>\n\n\n\n<li>T\u00edtulo en ingl\u00e9s: en letras may\u00fasculas.<\/li>\n\n\n\n<li>Palabras clave: en portugu\u00e9s, m\u00ednimo 3, m\u00e1ximo 5.<\/li>\n\n\n\n<li>Palabras clave: en ingl\u00e9s, deben ser las mismas que las definidas en portugu\u00e9s.<\/li>\n\n\n\n<li>Resumen Estructurado: In Portuguese<\/li>\n\n\n\n<li>Resumen Estructurado: In English<\/li>\n<\/ul>\n\n\n\n<p><strong>Estructura sugerida para el informe t\u00e9cnico (parte textual <sup>1, 2<\/sup>):<\/strong><\/p>\n\n\n\n<p><strong>(No incluya el resumen estructurado en el PDF. Debe incluirse \u00fanicamente en la plataforma de env\u00edo).<\/strong><\/p>\n\n\n\n<p><sup>1 <\/sup>Biancolino, C. A., Kniess, C. T., Maccari, E. A., &amp; Rabechini Jr., R. (2012). Protocolo para Elabora\u00e7\u00e3o de Relatos de Produ\u00e7\u00e3o T\u00e9cnica. <em>Revista de Gest\u00e3o e Projetos, 3<\/em>(2), 294\u2013307. <a href=\"https:\/\/doi.org\/10.5585\/gep.v3i2.121\">https:\/\/doi.org\/10.5585\/gep.v3i2.121<\/a><\/p>\n\n\n\n<p><sup>2 <\/sup>Martens, C. D. P., Pedron, C. D., &amp; Oliveira, J. C. de. (2021). Diretrizes para elabora\u00e7\u00e3o de artigos tecnol\u00f3gicos, artigos aplicados ou relatos t\u00e9cnicos de produ\u00e7\u00e3o com \u00eanfase profissional. <em>Revista Inova\u00e7\u00e3o, Projetos e Tecnologias, 9<\/em>(2), 143\u2013147. <a href=\"https:\/\/doi.org\/10.5585\/iptec.v9i2.21117\">https:\/\/doi.org\/10.5585\/iptec.v9i2.21117<\/a><\/p>\n\n\n\n<p><strong>T\u00cdTULO <\/strong>(en el idioma del texto)<\/p>\n\n\n\n<p><strong>Introducci\u00f3n: <\/strong>La introducci\u00f3n debe presentar el contexto y\/o la problem\u00e1tica del estudio. Debe ser breve y clara, indicando el tema del informe, la intervenci\u00f3n realizada en la organizaci\u00f3n y lo que se analizar\u00e1, aclarando el problema a resolver o reportar. El objetivo del informe y la metodolog\u00eda de investigaci\u00f3n, o c\u00f3mo los autores interpretaron los datos para su elaboraci\u00f3n, deben quedar claros. Se recomienda tambi\u00e9n describir la secuencia de las secciones del informe.<\/p>\n\n\n\n<p><strong>Referencias te\u00f3ricas: <\/strong>Se debe presentar un marco te\u00f3rico relacionado con la intervenci\u00f3n realizada en la organizaci\u00f3n. Este marco proporciona un contexto te\u00f3rico para el informe y permite comparaciones con teor\u00edas existentes.<\/p>\n\n\n\n<p><strong>Materiales y m\u00e9todos: <\/strong>La metodolog\u00eda debe explicar en detalle c\u00f3mo se elabor\u00f3 \u200b\u200bel informe t\u00e9cnico: si se bas\u00f3 \u00fanicamente en la experiencia pr\u00e1ctica del estudiante\/profesional o si cont\u00f3 con la participaci\u00f3n de otros profesionales. Debe especificar las habilidades profesionales utilizadas para la observaci\u00f3n, el an\u00e1lisis y la resoluci\u00f3n de problemas, as\u00ed como el tipo de enfoque adoptado (observaci\u00f3n directa, participaci\u00f3n directa, etc.). El problema por reportar debe estar claramente definido. El m\u00e9todo debe considerar informaci\u00f3n primaria y secundaria cualificada.<\/p>\n\n\n\n<p><strong>An\u00e1lisis y Discusi\u00f3n de Resultados: <\/strong>Esta secci\u00f3n debe incluir: caracterizaci\u00f3n de la organizaci\u00f3n y del problema analizado, tipo de intervenci\u00f3n y mecanismos adoptados, descripci\u00f3n de los resultados obtenidos, an\u00e1lisis de los resultados por parte de los autores, comparaci\u00f3n con la teor\u00eda presentada en el marco te\u00f3rico, las contribuciones m\u00e1s relevantes a los temas abordados en el informe, su relevancia para casos similares y las lecciones profesionales que se pueden compartir con la comunidad.<\/p>\n\n\n\n<p><strong>Conclusiones \/ Consideraciones Finales y Contribuciones: <\/strong>Esta secci\u00f3n debe demostrar que se lograron los objetivos propuestos. Debe incluir propuestas para empresas o proyectos que puedan enfrentar situaciones similares. Se deben mencionar las limitaciones del trabajo y presentar sugerencias para nuevos informes o trabajos t\u00e9cnicos\/profesionales.<\/p>\n\n\n\n<p><strong>Referencias: <\/strong>Las referencias deben listarse en orden alfab\u00e9tico al final del documento, siguiendo las normas de la Asociaci\u00f3n Americana de Psicolog\u00eda (APA).<\/p>\n\n\n\n<p><strong>Mandatory Template:<\/strong>\u00a0(<a href=\"#\">Click here to Download<\/a>).<\/p>\n\n\n\n<p><strong>Sumisi\u00f3n:<\/strong>\u00a0<a href=\"https:\/\/submissao.singep.org.br\/14singep\/login.php\">Click here to access the system<\/a><\/p>\n","protected":false},"excerpt":{"rendered":"<p>Cada autor puede presentar un m\u00e1ximo de 4 art\u00edculos para el evento XIV SINGEP. Cada art\u00edculo puede tener hasta 4 autores. Plantilla:&nbsp; El uso de la plantilla es obligatorio. Los archivos enviados sin la plantilla ser\u00e1n autom\u00e1ticamente descalificados. &nbsp; (Click here to Download the Template).&nbsp;<a href=\"https:\/\/singep.org.br\/14\/es\/regras-para-submissao\/formatacao-para-relato-tecnico\/\">&hellip;<\/a><\/p>\n","protected":false},"author":1,"featured_media":0,"parent":9641,"menu_order":0,"comment_status":"closed","ping_status":"closed","template":"","meta":{"footnotes":""},"class_list":["post-9645","page","type-page","status-publish","hentry","odd"],"_links":{"self":[{"href":"https:\/\/singep.org.br\/14\/es\/wp-json\/wp\/v2\/pages\/9645","targetHints":{"allow":["GET"]}}],"collection":[{"href":"https:\/\/singep.org.br\/14\/es\/wp-json\/wp\/v2\/pages"}],"about":[{"href":"https:\/\/singep.org.br\/14\/es\/wp-json\/wp\/v2\/types\/page"}],"author":[{"embeddable":true,"href":"https:\/\/singep.org.br\/14\/es\/wp-json\/wp\/v2\/users\/1"}],"replies":[{"embeddable":true,"href":"https:\/\/singep.org.br\/14\/es\/wp-json\/wp\/v2\/comments?post=9645"}],"version-history":[{"count":4,"href":"https:\/\/singep.org.br\/14\/es\/wp-json\/wp\/v2\/pages\/9645\/revisions"}],"predecessor-version":[{"id":10809,"href":"https:\/\/singep.org.br\/14\/es\/wp-json\/wp\/v2\/pages\/9645\/revisions\/10809"}],"up":[{"embeddable":true,"href":"https:\/\/singep.org.br\/14\/es\/wp-json\/wp\/v2\/pages\/9641"}],"wp:attachment":[{"href":"https:\/\/singep.org.br\/14\/es\/wp-json\/wp\/v2\/media?parent=9645"}],"curies":[{"name":"wp","href":"https:\/\/api.w.org\/{rel}","templated":true}]}}