{"id":9641,"date":"2014-05-23T14:16:29","date_gmt":"2014-05-23T17:16:29","guid":{"rendered":"https:\/\/singep.org.br\/template\/regras-para-submissao\/"},"modified":"2026-04-09T15:40:26","modified_gmt":"2026-04-09T18:40:26","slug":"regras-para-submissao","status":"publish","type":"page","link":"https:\/\/singep.org.br\/14\/es\/regras-para-submissao\/","title":{"rendered":"Reglas para el env\u00edo de trabajos"},"content":{"rendered":"\n<p>Los autores pueden enviar sus trabajos en formato de <strong>art\u00edculo cient\u00edfico, relato t\u00e9cnico, relato de PTT (producto t\u00e9cnico-tecnol\u00f3gico) o p\u00f3ster<\/strong> para una de las cinco \u00e1reas de inter\u00e9s del evento: Gesti\u00f3n de Proyectos, Innovaci\u00f3n y Emprendimiento, Sostenibilidad, Estrategia y Marketing.<\/p>\n\n\n\n<p>Al momento de la presentaci\u00f3n del trabajo (texto completo), el autor podr\u00e1 <strong>optar por la publicaci\u00f3n del texto completo o solo del resumen<\/strong>, en caso de aprobaci\u00f3n y presentaci\u00f3n del trabajo.<\/p>\n\n\n\n<p>Cada autor podr\u00e1 enviar un m\u00e1ximo de <strong>4 trabajos<\/strong> para el evento XIV SINGEP-CIK.<\/p>\n\n\n\n<p>Cada trabajo podr\u00e1 tener <strong>hasta 4 autores<\/strong>.<\/p>\n\n\n\n<ul class=\"wp-block-list\">\n<li><a title=\"Modalidade Artigo Cient\u00edfico\" href=\"https:\/\/singep.org.br\/14\/es\/regras-para-submissao\/formatacao-para-artigos-cientificos\/\">Formato Art\u00edculo Cient\u00edfico<\/a><\/li>\n\n\n\n<li><a title=\"Modalidade Relato T\u00e9cnico\" href=\"https:\/\/singep.org.br\/14\/es\/regras-para-submissao\/formatacao-para-relato-tecnico\/\">Formato Relato T\u00e9cnico<\/a><\/li>\n\n\n\n<li><a title=\"Formata\u00e7\u00e3o Relato de PTT (Produto T\u00e9cnico-Tecnol\u00f3gico)\" href=\"https:\/\/singep.org.br\/14\/es\/regras-para-submissao\/formatacao-relato-ppt\/\">Formato Relato de PTT (Producto T\u00e9cnico-Tecnol\u00f3gico)<\/a><\/li>\n\n\n\n<li><a title=\"Modalidade P\u00f4ster\" href=\"https:\/\/singep.org.br\/14\/es\/regras-para-submissao\/formatacao-poster\/\">Formato P\u00f3ster<\/a><\/li>\n<\/ul>\n\n\n\n<p><\/p>\n","protected":false},"excerpt":{"rendered":"<p>Los autores pueden enviar sus trabajos en formato de art\u00edculo cient\u00edfico, relato t\u00e9cnico, relato de PTT (producto t\u00e9cnico-tecnol\u00f3gico) o p\u00f3ster para una de las cinco \u00e1reas de inter\u00e9s del evento: Gesti\u00f3n de Proyectos, Innovaci\u00f3n y Emprendimiento, Sostenibilidad, Estrategia y Marketing. Al momento de la presentaci\u00f3n&nbsp;<a href=\"https:\/\/singep.org.br\/14\/es\/regras-para-submissao\/\">&hellip;<\/a><\/p>\n","protected":false},"author":1,"featured_media":0,"parent":0,"menu_order":0,"comment_status":"closed","ping_status":"closed","template":"","meta":{"footnotes":""},"class_list":["post-9641","page","type-page","status-publish","hentry","odd"],"_links":{"self":[{"href":"https:\/\/singep.org.br\/14\/es\/wp-json\/wp\/v2\/pages\/9641","targetHints":{"allow":["GET"]}}],"collection":[{"href":"https:\/\/singep.org.br\/14\/es\/wp-json\/wp\/v2\/pages"}],"about":[{"href":"https:\/\/singep.org.br\/14\/es\/wp-json\/wp\/v2\/types\/page"}],"author":[{"embeddable":true,"href":"https:\/\/singep.org.br\/14\/es\/wp-json\/wp\/v2\/users\/1"}],"replies":[{"embeddable":true,"href":"https:\/\/singep.org.br\/14\/es\/wp-json\/wp\/v2\/comments?post=9641"}],"version-history":[{"count":4,"href":"https:\/\/singep.org.br\/14\/es\/wp-json\/wp\/v2\/pages\/9641\/revisions"}],"predecessor-version":[{"id":10879,"href":"https:\/\/singep.org.br\/14\/es\/wp-json\/wp\/v2\/pages\/9641\/revisions\/10879"}],"wp:attachment":[{"href":"https:\/\/singep.org.br\/14\/es\/wp-json\/wp\/v2\/media?parent=9641"}],"curies":[{"name":"wp","href":"https:\/\/api.w.org\/{rel}","templated":true}]}}