{"id":9633,"date":"2014-05-26T16:59:19","date_gmt":"2014-05-26T19:59:19","guid":{"rendered":"https:\/\/singep.org.br\/template\/areas\/gestao-de-projetos\/"},"modified":"2026-04-08T16:45:12","modified_gmt":"2026-04-08T19:45:12","slug":"gestao-de-projetos","status":"publish","type":"page","link":"https:\/\/singep.org.br\/14\/es\/areas\/gestao-de-projetos\/","title":{"rendered":"Gesti\u00f3n de Proyectos"},"content":{"rendered":"\n<p><strong>Proyectos, Tecnolog\u00edas y Sociedad: Debates sobre Sociedades m\u00e1s Sostenibles, Humanizadas e Integradas Tecnol\u00f3gicamente en el XIV SINGEP<\/strong><\/p>\n\n\n\n<p><strong>L\u00edderes:<\/strong><\/p>\n\n\n\n<ul class=\"wp-block-list\">\n<li>Walter Cardoso S\u00e1tyro \u2013 Doctor en Ingenier\u00eda de Producci\u00f3n por la Universidade Paulista (UNIP) y Profesor del Programa de Posgrado en Gesti\u00f3n de Proyectos de la Universidade Nove de Julho (UNINOVE)<\/li>\n\n\n\n<li>Marcirio Silveira Chaves \u2013 Doctor en Inform\u00e1tica por la Universidad de Lisboa y M\u00e1ster en Ciencias de la Computaci\u00f3n por la Pontificia Universidad Cat\u00f3lica de Rio Grande do Sul (PUCRS).<\/li>\n\n\n\n<li>Claudio Luis Carvalho Larieira \u2013 Programa de Posgrado en Administraci\u00f3n de Empresas en la Universidad Presbiteriana Mackenzie y Profesor en EAESP\/FGV.<\/li>\n\n\n\n<li>Jos\u00e9 da Assun\u00e7\u00e3o Moutinho \u2013 Doctor y M\u00e1ster en Gesti\u00f3n de Proyectos por la Universidade Nove de Julho (UNINOVE) e Investigador en la Universidad Estatal de R\u00edo de Janeiro (UERJ).<\/li>\n<\/ul>\n\n\n\n<p>La gesti\u00f3n de proyectos desempe\u00f1a un papel fundamental en la construcci\u00f3n de sociedades m\u00e1s sostenibles, capaces de adaptarse y prosperar en un mundo en constante cambio. La evoluci\u00f3n de las pr\u00e1cticas de gobernanza y la incorporaci\u00f3n de tecnolog\u00edas digitales han transformado la forma en que se gestionan los proyectos, exigiendo nuevas competencias organizacionales, de equipo e individuales. El papel estrat\u00e9gico de la Oficina de Gesti\u00f3n de Proyectos (PMO \u2013 <em>Project Management Office<\/em>) en la gesti\u00f3n de proyectos, portafolios y programas, as\u00ed como en el fomento de la madurez y la alineaci\u00f3n con los objetivos institucionales, se vuelve a\u00fan m\u00e1s relevante frente a los desaf\u00edos contempor\u00e1neos.<\/p>\n\n\n\n<p>En los sectores p\u00fablico y terciario, la b\u00fasqueda de mayor eficiencia e impacto social exige enfoques innovadores y sostenibles. Adem\u00e1s, la Industria 4.0 y 5.0, junto con la Inteligencia Artificial y otras tecnolog\u00edas emergentes, est\u00e1n transformando los procesos de toma de decisiones, mientras que las metodolog\u00edas \u00e1giles e h\u00edbridas mejoran la flexibilidad y adaptabilidad de los proyectos. La sostenibilidad, a su vez, emerge como principio orientador, conectando la investigaci\u00f3n cient\u00edfica en gesti\u00f3n de proyectos con los Objetivos de Desarrollo Sostenible (ODS) y fortaleciendo a las organizaciones y comunidades.<\/p>\n\n\n\n<p>En este contexto, el XIV SINGEP, bajo el tema \u201c<em>Tecnolog\u00edas, Innovaci\u00f3n y Personas para Sociedades Sostenibles<\/em>\u201d, invita a investigadores en el campo de la Gesti\u00f3n de Proyectos a contribuir al avance del conocimiento y las pr\u00e1cticas, considerando los desaf\u00edos y oportunidades de un mundo m\u00e1s digital, sostenible y centrado en las personas.<\/p>\n\n\n\n<p>Esta convocatoria busca estudios que exploren metodolog\u00edas y herramientas innovadoras, enfoques \u00e1giles e h\u00edbridos, as\u00ed como marcos de gobernanza efectivos y estrategias para la gesti\u00f3n del conocimiento y el aprendizaje en proyectos. Alentamos el env\u00edo de contribuciones que analicen el impacto social de la gesti\u00f3n de proyectos y sus contribuciones a sociedades m\u00e1s sostenibles e integradas tecnol\u00f3gicamente, as\u00ed como la humanizaci\u00f3n de los procesos y resultados de los proyectos.<\/p>\n\n\n\n<p>El XIV SINGEP alienta el env\u00edo de contribuciones que exploren estos desaf\u00edos desde enfoques metodol\u00f3gicos diversos, ya sean emp\u00edricos o te\u00f3ricos, con datos cualitativos y\/o cuantitativos. Buscamos investigaciones que avancen en el conocimiento acad\u00e9mico y que ofrezcan contribuciones pr\u00e1cticas para gestores y responsables de pol\u00edticas p\u00fablicas.<\/p>\n\n\n\n<p>Invitamos a la comunidad acad\u00e9mica a participar en esta discusi\u00f3n, fomentando el intercambio de ideas que pueda impulsar nuevas perspectivas y soluciones estrat\u00e9gicas para el futuro de las organizaciones y la sociedad.<\/p>\n\n\n\n<p>Las contribuciones a la l\u00ednea tem\u00e1tica de Gesti\u00f3n de Proyectos del XIV SINGEP pueden abordar, entre otros, los siguientes temas:<\/p>\n\n\n\n<ol class=\"wp-block-list\">\n<li>Competencias, Liderazgo y Comportamiento en Proyectos.<\/li>\n\n\n\n<li><span style=\"color: initial; font-family: -apple-system, BlinkMacSystemFont, &quot;Segoe UI&quot;, Roboto, Oxygen-Sans, Ubuntu, Cantarell, &quot;Helvetica Neue&quot;, sans-serif;\">Oficina de Gesti\u00f3n de Proyectos (PMO) y Madurez en Proyectos.<\/span><\/li>\n\n\n\n<li><span style=\"color: initial; font-family: -apple-system, BlinkMacSystemFont, &quot;Segoe UI&quot;, Roboto, Oxygen-Sans, Ubuntu, Cantarell, &quot;Helvetica Neue&quot;, sans-serif;\">Proyectos en el Sector P\u00fablico, Tercer Sector e Impacto Social.<\/span><\/li>\n\n\n\n<li><span style=\"color: initial; font-family: -apple-system, BlinkMacSystemFont, &quot;Segoe UI&quot;, Roboto, Oxygen-Sans, Ubuntu, Cantarell, &quot;Helvetica Neue&quot;, sans-serif;\">Sostenibilidad, ESG y Creaci\u00f3n de Valor en Proyectos.<\/span><\/li>\n\n\n\n<li><span style=\"color: initial; font-family: -apple-system, BlinkMacSystemFont, &quot;Segoe UI&quot;, Roboto, Oxygen-Sans, Ubuntu, Cantarell, &quot;Helvetica Neue&quot;, sans-serif;\">Gesti\u00f3n del Conocimiento, Aprendizaje y Capacidades Organizacionales en Proyectos.<\/span><\/li>\n\n\n\n<li><span style=\"color: initial; font-family: -apple-system, BlinkMacSystemFont, &quot;Segoe UI&quot;, Roboto, Oxygen-Sans, Ubuntu, Cantarell, &quot;Helvetica Neue&quot;, sans-serif;\">Transformaci\u00f3n Digital (Industria 4.0, 5.0; Salud 4.0; Inteligencia Artificial y otras tecnolog\u00edas) en Gesti\u00f3n de Proyectos.<\/span><\/li>\n\n\n\n<li><span style=\"color: initial; font-family: -apple-system, BlinkMacSystemFont, &quot;Segoe UI&quot;, Roboto, Oxygen-Sans, Ubuntu, Cantarell, &quot;Helvetica Neue&quot;, sans-serif;\">Metodolog\u00edas, Modelos y Pr\u00e1cticas en Gesti\u00f3n de Proyectos.<\/span><\/li>\n\n\n\n<li><span style=\"color: initial; font-family: -apple-system, BlinkMacSystemFont, &quot;Segoe UI&quot;, Roboto, Oxygen-Sans, Ubuntu, Cantarell, &quot;Helvetica Neue&quot;, sans-serif;\">Metodolog\u00edas de Investigaci\u00f3n, Docencia y Desarrollo Cient\u00edfico en Gesti\u00f3n de Proyectos.<\/span><\/li>\n\n\n\n<li><span style=\"color: initial; font-family: -apple-system, BlinkMacSystemFont, &quot;Segoe UI&quot;, Roboto, Oxygen-Sans, Ubuntu, Cantarell, &quot;Helvetica Neue&quot;, sans-serif;\">Gobernanza, Portafolio y Alineaci\u00f3n Estrat\u00e9gica en Proyectos.<\/span><\/li>\n\n\n\n<li><span style=\"color: initial; font-family: -apple-system, BlinkMacSystemFont, &quot;Segoe UI&quot;, Roboto, Oxygen-Sans, Ubuntu, Cantarell, &quot;Helvetica Neue&quot;, sans-serif;\">Enfoques \u00c1giles, H\u00edbridos y Adaptativos en Proyectos.<\/span><\/li>\n\n\n\n<li>Fronteras Emergentes y Nuevas Agendas en Gesti\u00f3n de Proyectos.<\/li>\n<\/ol>\n\n\n\n<p><a><\/a>\u00a1Env\u00ede su trabajo y contribuya al avance de la Gesti\u00f3n de Proyectos en la intersecci\u00f3n entre teor\u00eda y pr\u00e1ctica!<\/p>\n","protected":false},"excerpt":{"rendered":"<p>Proyectos, Tecnolog\u00edas y Sociedad: Debates sobre Sociedades m\u00e1s Sostenibles, Humanizadas e Integradas Tecnol\u00f3gicamente en el XIV SINGEP L\u00edderes: La gesti\u00f3n de proyectos desempe\u00f1a un papel fundamental en la construcci\u00f3n de sociedades m\u00e1s sostenibles, capaces de adaptarse y prosperar en un mundo en constante cambio. La&nbsp;<a href=\"https:\/\/singep.org.br\/14\/es\/areas\/gestao-de-projetos\/\">&hellip;<\/a><\/p>\n","protected":false},"author":1,"featured_media":0,"parent":9629,"menu_order":0,"comment_status":"closed","ping_status":"closed","template":"","meta":{"footnotes":""},"class_list":["post-9633","page","type-page","status-publish","hentry","odd"],"_links":{"self":[{"href":"https:\/\/singep.org.br\/14\/es\/wp-json\/wp\/v2\/pages\/9633","targetHints":{"allow":["GET"]}}],"collection":[{"href":"https:\/\/singep.org.br\/14\/es\/wp-json\/wp\/v2\/pages"}],"about":[{"href":"https:\/\/singep.org.br\/14\/es\/wp-json\/wp\/v2\/types\/page"}],"author":[{"embeddable":true,"href":"https:\/\/singep.org.br\/14\/es\/wp-json\/wp\/v2\/users\/1"}],"replies":[{"embeddable":true,"href":"https:\/\/singep.org.br\/14\/es\/wp-json\/wp\/v2\/comments?post=9633"}],"version-history":[{"count":4,"href":"https:\/\/singep.org.br\/14\/es\/wp-json\/wp\/v2\/pages\/9633\/revisions"}],"predecessor-version":[{"id":10800,"href":"https:\/\/singep.org.br\/14\/es\/wp-json\/wp\/v2\/pages\/9633\/revisions\/10800"}],"up":[{"embeddable":true,"href":"https:\/\/singep.org.br\/14\/es\/wp-json\/wp\/v2\/pages\/9629"}],"wp:attachment":[{"href":"https:\/\/singep.org.br\/14\/es\/wp-json\/wp\/v2\/media?parent=9633"}],"curies":[{"name":"wp","href":"https:\/\/api.w.org\/{rel}","templated":true}]}}