{"id":9589,"date":"2021-08-26T10:59:57","date_gmt":"2021-08-26T13:59:57","guid":{"rendered":"https:\/\/singep.org.br\/template\/comissao-cientifica-2\/"},"modified":"2026-04-09T16:01:14","modified_gmt":"2026-04-09T19:01:14","slug":"comissao-cientifica-2","status":"publish","type":"page","link":"https:\/\/singep.org.br\/14\/es\/comissao-cientifica-2\/","title":{"rendered":"Comisi\u00f3n Cient\u00edfica"},"content":{"rendered":"\n<p>ANDR\u00c9 URDAN, PhD, UNINOVE, SP<br>CARLOS RICARDO ROSSETTO, PhD, UNIVALI, SC<br>CHRISTIAN GOMES-E-SOUZA MUNAIER, PhD, ITESM, M\u00e9xico<br>CL\u00c1UDIA BRITO SILVA CIRANI, PhD, UNINOVE, SP<br>CLAUDIA MARIA DA SILVA BEZERRA, PhD, UFMA, MA<br>CL\u00c1UDIA TEREZINHA KNIESS, PhD, UNIFESP and USJT, SP<br>CLAUDIO LUIS CARVALHO LARIEIRA, PhD, Mackenzie and EAESP\/FGV, SP<br>CRISTIANE DREBES PEDRON, PhD, UNINOVE, SP<br>CRISTINA DAI PR\u00c1 MARTENS, PhD, UNINOVE, SP, Brasil<br>DAIANE TRETTO DA ROCHA, PhD, UFRR, RR<br>EDUARDO MESQUITA, PhD, ESPM and SENAC, SP<br>ELOISA ELENA SHINOHARA, PhD, FATEC, SP<br>FABRICIO MARTINS LACERDA, PhD, USP\/ESALQ, SP<br>FERNANDO ANTONIO RIBEIRO SERRA, PhD, UNINOVE, SP<br>FL\u00c1VIO SANTINO BIZZARIAS, PhD, ESPM, SP<br>HEIDY RODRIGUEZ RAMOS, PhD, ESPM, SP<br>ISABEL CRISTINA SCAFUTO, PhD, UNINOVE, SP<br>IVANO RIBEIRO, PhD, UNIOESTE, PR<br>JOS\u00c9 DA ASSUN\u00c7\u00c3O MOUTINHO, PhD, UERJ, RJ.<br>LEONARDO VILS, PhD, UNINOVE, SP<br>LUCIANA VIEL GOMES, Master, UNINOVE, SP<br>LUCIANO FERREIRA DA SILVA, PhD, UNINOVE, S\u00e3o Paulo, Brasil<br>MARCELA BARBOSA DE MORAES, PhD, UNITAU, SP<br>MARCELO ROGER MENEGHATTI, PhD, UNIOESTE, PR<br>MARCIA C. VACLAVIK, PhD, UFRGS, RS<br>MARCIRIO SILVEIRA CHAVES, PhD, Universidade de Lisboa, PT<br>PRISCILA REZENDE DA COSTA, PhD, ESPM, SP<br>NAIRANA RADKE CANEPPELE BUSSLER, PhD, PUC Paran\u00e1, PR<br>RENAN RUBIN DE CASTRO, Master, UNINOVE, SP<br>ROBERO LIMA RUAS, PhD, UNINOVE, SP<br>ROSA ALMEIDA FREITAS ALBUQUERQUE, PhD, UFMT, MT<br>V\u00c2NIA JORGE NASSIF, PhD, UNINOVE, SP<br>VICTOR SILVA CORR\u00caA, PhD, UNIP, SP<br>WALTER CARDOSO S\u00c1TYRO, PhD, UNINOVE, SP<\/p>\n","protected":false},"excerpt":{"rendered":"<p>ANDR\u00c9 URDAN, PhD, UNINOVE, SPCARLOS RICARDO ROSSETTO, PhD, UNIVALI, SCCHRISTIAN GOMES-E-SOUZA MUNAIER, PhD, ITESM, M\u00e9xicoCL\u00c1UDIA BRITO SILVA CIRANI, PhD, UNINOVE, SPCLAUDIA MARIA DA SILVA BEZERRA, PhD, UFMA, MACL\u00c1UDIA TEREZINHA KNIESS, PhD, UNIFESP and USJT, SPCLAUDIO LUIS CARVALHO LARIEIRA, PhD, Mackenzie and EAESP\/FGV, SPCRISTIANE DREBES PEDRON,&nbsp;<a href=\"https:\/\/singep.org.br\/14\/es\/comissao-cientifica-2\/\">&hellip;<\/a><\/p>\n","protected":false},"author":1,"featured_media":0,"parent":0,"menu_order":0,"comment_status":"closed","ping_status":"closed","template":"","meta":{"footnotes":""},"class_list":["post-9589","page","type-page","status-publish","hentry","odd"],"_links":{"self":[{"href":"https:\/\/singep.org.br\/14\/es\/wp-json\/wp\/v2\/pages\/9589","targetHints":{"allow":["GET"]}}],"collection":[{"href":"https:\/\/singep.org.br\/14\/es\/wp-json\/wp\/v2\/pages"}],"about":[{"href":"https:\/\/singep.org.br\/14\/es\/wp-json\/wp\/v2\/types\/page"}],"author":[{"embeddable":true,"href":"https:\/\/singep.org.br\/14\/es\/wp-json\/wp\/v2\/users\/1"}],"replies":[{"embeddable":true,"href":"https:\/\/singep.org.br\/14\/es\/wp-json\/wp\/v2\/comments?post=9589"}],"version-history":[{"count":10,"href":"https:\/\/singep.org.br\/14\/es\/wp-json\/wp\/v2\/pages\/9589\/revisions"}],"predecessor-version":[{"id":10896,"href":"https:\/\/singep.org.br\/14\/es\/wp-json\/wp\/v2\/pages\/9589\/revisions\/10896"}],"wp:attachment":[{"href":"https:\/\/singep.org.br\/14\/es\/wp-json\/wp\/v2\/media?parent=9589"}],"curies":[{"name":"wp","href":"https:\/\/api.w.org\/{rel}","templated":true}]}}