{"id":9640,"date":"2014-05-23T14:16:29","date_gmt":"2014-05-23T17:16:29","guid":{"rendered":"https:\/\/singep.org.br\/template\/regras-para-submissao\/"},"modified":"2026-04-09T15:39:53","modified_gmt":"2026-04-09T18:39:53","slug":"regras-para-submissao","status":"publish","type":"page","link":"https:\/\/singep.org.br\/14\/en\/regras-para-submissao\/","title":{"rendered":"Submission Guidelines"},"content":{"rendered":"\n<p>Authors may submit their work in the format of a scientific article, technical report, PTT (technical-technological product) report, or poster, to one of the five areas of interest of the event: Project Management, Innovation and Entrepreneurship, Sustainability, Strategy, and Marketing.<\/p>\n\n\n\n<p>At the time of submission (full paper), the author may choose between full paper publication or abstract-only publication, in case the work is accepted and presented.<\/p>\n\n\n\n<p>Each author may submit a maximum of four papers to the XIV SINGEP-CIK event.<\/p>\n\n\n\n<p>Each paper may have up to four authors.<\/p>\n\n\n\n<ul class=\"wp-block-list\">\n<li><a title=\"Modalidade Artigo Cient\u00edfico\" href=\"https:\/\/singep.org.br\/14\/en\/regras-para-submissao\/formatacao-para-artigos-cientificos\/\">Scientific Article Formatting<\/a><\/li>\n\n\n\n<li><a title=\"Modalidade Relato T\u00e9cnico\" href=\"https:\/\/singep.org.br\/14\/en\/regras-para-submissao\/formatacao-para-relato-tecnico\/\">Technical Report Formatting<\/a><\/li>\n\n\n\n<li><a title=\"Formata\u00e7\u00e3o Relato de PTT (Produto T\u00e9cnico-Tecnol\u00f3gico)\" href=\"https:\/\/singep.org.br\/14\/en\/regras-para-submissao\/formatacao-relato-ppt\/\">PTT (Produto T\u00e9cnico-Tecnol\u00f3gicoPTT (Technical-Technological Product) Report Formatting<\/a><\/li>\n\n\n\n<li><a title=\"Modalidade P\u00f4ster\" href=\"https:\/\/singep.org.br\/14\/en\/regras-para-submissao\/formatacao-poster\/\">Poster Formatting<\/a><\/li>\n<\/ul>\n\n\n\n<p><\/p>\n\n\n\n<p><\/p>\n\n\n\n<p><\/p>\n\n\n\n<p><\/p>\n\n\n\n<p><\/p>\n\n\n\n<div class=\"wp-block-group\"><div class=\"wp-block-group__inner-container is-layout-constrained wp-block-group-is-layout-constrained\">\n<div class=\"wp-block-columns is-layout-flex wp-container-core-columns-is-layout-9d6595d7 wp-block-columns-is-layout-flex\">\n<div class=\"wp-block-column is-layout-flow wp-block-column-is-layout-flow\" style=\"flex-basis:100%\"><\/div>\n<\/div>\n<\/div><\/div>\n","protected":false},"excerpt":{"rendered":"<p>Authors may submit their work in the format of a scientific article, technical report, PTT (technical-technological product) report, or poster, to one of the five areas of interest of the event: Project Management, Innovation and Entrepreneurship, Sustainability, Strategy, and Marketing. At the time of submission&nbsp;<a href=\"https:\/\/singep.org.br\/14\/en\/regras-para-submissao\/\">&hellip;<\/a><\/p>\n","protected":false},"author":1,"featured_media":0,"parent":0,"menu_order":0,"comment_status":"closed","ping_status":"closed","template":"","meta":{"footnotes":""},"class_list":["post-9640","page","type-page","status-publish","hentry","odd"],"_links":{"self":[{"href":"https:\/\/singep.org.br\/14\/en\/wp-json\/wp\/v2\/pages\/9640","targetHints":{"allow":["GET"]}}],"collection":[{"href":"https:\/\/singep.org.br\/14\/en\/wp-json\/wp\/v2\/pages"}],"about":[{"href":"https:\/\/singep.org.br\/14\/en\/wp-json\/wp\/v2\/types\/page"}],"author":[{"embeddable":true,"href":"https:\/\/singep.org.br\/14\/en\/wp-json\/wp\/v2\/users\/1"}],"replies":[{"embeddable":true,"href":"https:\/\/singep.org.br\/14\/en\/wp-json\/wp\/v2\/comments?post=9640"}],"version-history":[{"count":5,"href":"https:\/\/singep.org.br\/14\/en\/wp-json\/wp\/v2\/pages\/9640\/revisions"}],"predecessor-version":[{"id":10878,"href":"https:\/\/singep.org.br\/14\/en\/wp-json\/wp\/v2\/pages\/9640\/revisions\/10878"}],"wp:attachment":[{"href":"https:\/\/singep.org.br\/14\/en\/wp-json\/wp\/v2\/media?parent=9640"}],"curies":[{"name":"wp","href":"https:\/\/api.w.org\/{rel}","templated":true}]}}