{"id":9590,"date":"2021-08-26T10:59:57","date_gmt":"2021-08-26T13:59:57","guid":{"rendered":"https:\/\/singep.org.br\/template\/scientific-committee\/"},"modified":"2026-04-09T16:00:14","modified_gmt":"2026-04-09T19:00:14","slug":"scientific-committee","status":"publish","type":"page","link":"https:\/\/singep.org.br\/14\/en\/scientific-committee\/","title":{"rendered":"Scientific Commission"},"content":{"rendered":"\n<p><span style=\"color: #3f4950;\"><span style=\"font-family: Helvetica, serif;\"><span style=\"font-size: small;\">ANDR\u00c9 URDAN, PhD, UNINOVE, SP<br>CARLOS RICARDO ROSSETTO, PhD, UNIVALI, SC<br>CHRISTIAN GOMES-E-SOUZA MUNAIER, PhD, ITESM, M\u00e9xico<\/span><\/span><\/span><br><span style=\"font-size: small; font-family: Helvetica, serif; color: #3f4950;\">CL\u00c1UDIA BRITO SILVA CIRANI, PhD, UNINOVE, SP<\/span><br><span style=\"color: #3f4950;\"><span style=\"font-family: Helvetica, serif;\"><span style=\"font-size: small;\">CLAUDIA MARIA DA SILVA BEZERRA, PhD, UFMA, MA<br>CL\u00c1UDIA TEREZINHA KNIESS, PhD, UNIFESP and USJT, SP<br>CLAUDIO LUIS CARVALHO LARIEIRA, PhD, Mackenzie and EAESP\/FGV, SP.<\/span><\/span><\/span><br><span style=\"color: #3f4950;\"><span style=\"font-family: Helvetica, serif;\"><span style=\"font-size: small;\">CRISTIANE DREBES PEDRON, PhD, UNINOVE, SP<br>CRISTINA DAI PR\u00c1 MARTENS, PhD, UNINOVE, SP, Brasil<\/span><\/span><\/span><br><span style=\"color: #3f4950;\"><span style=\"font-family: Helvetica, serif;\"><span style=\"font-size: small;\">DAIANE TRETTO DA ROCHA, PhD, UFRR, RR <\/span><\/span><\/span><br><span style=\"color: #3f4950;\"><span style=\"font-family: Helvetica, serif;\"><span style=\"font-size: small;\">EDUARDO MESQUITA, PhD, ESPM and SENAC, SP<br>ELOISA ELENA SHINOHARA, PhD, FATEC, SP<\/span><\/span><\/span><br><span style=\"color: #3f4950;\"><span style=\"font-family: Helvetica, serif;\"><span style=\"font-size: small;\">FABRICIO MARTINS LACERDA, PhD, USP\/ESALQ, SP <\/span><\/span><\/span><br><span style=\"color: #3f4950;\"><span style=\"font-family: Helvetica, serif;\"><span style=\"font-size: small;\">FERNANDO ANTONIO RIBEIRO SERRA, PhD, UNINOVE, SP<br>FL\u00c1VIO SANTINO BIZZARIAS, PhD, ESPM, SP<br>HEIDY RODRIGUEZ RAMOS, PhD, ESPM, SP<br>ISABEL CRISTINA SCAFUTO, PhD, UNINOVE, SP <\/span><\/span><\/span><br><span style=\"color: #3f4950;\"><span style=\"font-family: Helvetica, serif;\"><span style=\"font-size: small;\">IVANO RIBEIRO, PhD, UNIOESTE, PR<br>JOS\u00c9 DA ASSUN\u00c7\u00c3O MOUTINHO, PhD, UERJ, RJ. <\/span><\/span><\/span><br><span style=\"color: #3f4950;\"><span style=\"font-family: Helvetica, serif;\"><span style=\"font-size: small;\">LEONARDO VILS, PhD, UNINOVE, SP<br>LUCIANA VIEL GOMES, Master, UNINOVE, SP<\/span><\/span><\/span><br><span style=\"color: #3f4950;\"><span style=\"font-family: Helvetica, serif;\"><span style=\"font-size: small;\">LUCIANO FERREIRA DA SILVA, PhD, UNINOVE, S\u00e3o Paulo, Brasil<\/span><\/span><\/span><br><span style=\"color: #3f4950;\"><span style=\"font-family: Helvetica, serif;\"><span style=\"font-size: small;\">MARCELA BARBOSA DE MORAES, PhD, UNITAU, SP<\/span><\/span><\/span><br><span style=\"color: #3f4950;\"><span style=\"font-family: Helvetica, serif;\"><span style=\"font-size: small;\">MARCELO ROGER MENEGHATTI, PhD, UNIOESTE, PR<\/span><\/span><\/span><br><span style=\"color: #3f4950;\"><span style=\"font-family: Helvetica, serif;\"><span style=\"font-size: small;\">MARCIA C. VACLAVIK, PhD, UFRGS, RS<\/span><\/span><\/span><br><span style=\"color: #3f4950;\"><span style=\"font-family: Helvetica, serif;\"><span style=\"font-size: small;\">MARCIRIO SILVEIRA CHAVES, PhD, Universidade de Lisboa, PT<\/span><\/span><\/span><br><span style=\"color: #3f4950;\"><span style=\"font-family: Helvetica, serif;\"><span style=\"font-size: small;\">PRISCILA REZENDE DA COSTA, PhD, UNINOVE, SP<br>NAIRANA RADKE CANEPPELE BUSSLER, PhD, PUC Paran\u00e1, PR<br>RENAN RUBIN DE CASTRO, Master, UNINOVE, SP<\/span><\/span><\/span><br><span style=\"color: #3f4950;\"><span style=\"font-family: Helvetica, serif;\"><span style=\"font-size: small;\">ROBERO LIMA RUAS, PhD, UNINOVE, SP<\/span><\/span><\/span><br><span style=\"color: #3f4950;\"><span style=\"font-family: Helvetica, serif;\"><span style=\"font-size: small;\">ROSA ALMEIDA FREITAS ALBUQUERQUE, PhD, UFMT, MT<\/span><\/span><\/span><br><span style=\"color: #3f4950;\"><span style=\"font-family: Helvetica, serif;\"><span style=\"font-size: small;\">V\u00c2NIA JORGE NASSIF, PhD, UNINOVE, SP<\/span><\/span><\/span><br><span style=\"color: #3f4950;\"><span style=\"font-family: Helvetica, serif;\"><span style=\"font-size: small;\">VICTOR SILVA CORR\u00caA, PhD, UNIP, SP <\/span><\/span><\/span><br><span style=\"color: #3f4950;\"><span style=\"font-family: Helvetica, serif;\"><span style=\"font-size: small;\">WALTER CARDOSO S\u00c1TYRO, PhD, UNINOVE, SP<\/span><\/span><\/span><\/p>\n","protected":false},"excerpt":{"rendered":"<p>ANDR\u00c9 URDAN, PhD, UNINOVE, SPCARLOS RICARDO ROSSETTO, PhD, UNIVALI, SCCHRISTIAN GOMES-E-SOUZA MUNAIER, PhD, ITESM, M\u00e9xicoCL\u00c1UDIA BRITO SILVA CIRANI, PhD, UNINOVE, SPCLAUDIA MARIA DA SILVA BEZERRA, PhD, UFMA, MACL\u00c1UDIA TEREZINHA KNIESS, PhD, UNIFESP and USJT, SPCLAUDIO LUIS CARVALHO LARIEIRA, PhD, Mackenzie and EAESP\/FGV, SP.CRISTIANE DREBES PEDRON,&nbsp;<a href=\"https:\/\/singep.org.br\/14\/en\/scientific-committee\/\">&hellip;<\/a><\/p>\n","protected":false},"author":1,"featured_media":0,"parent":0,"menu_order":0,"comment_status":"closed","ping_status":"closed","template":"","meta":{"footnotes":""},"class_list":["post-9590","page","type-page","status-publish","hentry","odd"],"_links":{"self":[{"href":"https:\/\/singep.org.br\/14\/en\/wp-json\/wp\/v2\/pages\/9590","targetHints":{"allow":["GET"]}}],"collection":[{"href":"https:\/\/singep.org.br\/14\/en\/wp-json\/wp\/v2\/pages"}],"about":[{"href":"https:\/\/singep.org.br\/14\/en\/wp-json\/wp\/v2\/types\/page"}],"author":[{"embeddable":true,"href":"https:\/\/singep.org.br\/14\/en\/wp-json\/wp\/v2\/users\/1"}],"replies":[{"embeddable":true,"href":"https:\/\/singep.org.br\/14\/en\/wp-json\/wp\/v2\/comments?post=9590"}],"version-history":[{"count":6,"href":"https:\/\/singep.org.br\/14\/en\/wp-json\/wp\/v2\/pages\/9590\/revisions"}],"predecessor-version":[{"id":10895,"href":"https:\/\/singep.org.br\/14\/en\/wp-json\/wp\/v2\/pages\/9590\/revisions\/10895"}],"wp:attachment":[{"href":"https:\/\/singep.org.br\/14\/en\/wp-json\/wp\/v2\/media?parent=9590"}],"curies":[{"name":"wp","href":"https:\/\/api.w.org\/{rel}","templated":true}]}}