{"id":8944,"date":"2014-05-26T17:02:44","date_gmt":"2014-05-26T20:02:44","guid":{"rendered":"http:\/\/impermad.com.br\/singep\/?page_id=121"},"modified":"2025-04-17T12:12:37","modified_gmt":"2025-04-17T15:12:37","slug":"inovacao-e-empreendedorismo","status":"publish","type":"page","link":"https:\/\/singep.org.br\/13\/areas\/inovacao-e-empreendedorismo\/","title":{"rendered":"Inova\u00e7\u00e3o e Empreendedorismo"},"content":{"rendered":"\n<p>Inova\u00e7\u00e3o e Empreendedorismo: Impulsionando Novas Fronteiras de Neg\u00f3cios e Tecnologia no XIII SINGEP-CIK<\/p>\n\n\n\n<h3 class=\"wp-block-heading\"><strong>L\u00edderes: <\/strong><\/h3>\n\n\n\n<ul class=\"wp-block-list\">\n<li>V\u00e2nia&nbsp;Maria Jorge Nassif \u2013 Programa de P\u00f3s-Gradua\u00e7\u00e3o em Administra\u00e7\u00e3o da Universidade Nove de Julho (UNINOVE)<\/li>\n\n\n\n<li>Priscila Rezende da Costa \u2013 Programa de P\u00f3s-Gradua\u00e7\u00e3o em Administra\u00e7\u00e3o da<strong> <\/strong>ESPM<\/li>\n\n\n\n<li>Claudia Brito Silva Cirani \u2013 Programa de P\u00f3s-Gradua\u00e7\u00e3o em Administra\u00e7\u00e3o da Universidade Nove de Julho (UNINOVE)<\/li>\n<\/ul>\n\n\n\n<p>A crescente interse\u00e7\u00e3o entre tecnologia e modelos empresariais inovadores est\u00e1 redefinindo o panorama do empreendedorismo e da inova\u00e7\u00e3o. O contexto atual, marcado por mudan\u00e7as r\u00e1pidas e demandas por solu\u00e7\u00f5es sustent\u00e1veis, desafia pesquisadores e empreendedores a explorar novos paradigmas que promovam a competitividade e a resili\u00eancia organizacional.<\/p>\n\n\n\n<p>Nesse cen\u00e1rio, o XIII SINGEP-CIK convida contribui\u00e7\u00f5es que investiguem como a inova\u00e7\u00e3o, o empreendedorismo e as <em>startups<\/em> est\u00e3o transformando neg\u00f3cios, organiza\u00e7\u00f5es, mercados e ind\u00fastrias.<\/p>\n\n\n\n<p>Al\u00e9m disso, a integra\u00e7\u00e3o cr\u00edtica entre inova\u00e7\u00e3o tecnol\u00f3gica e responsabilidade social est\u00e1 redefinindo o cen\u00e1rio para empreendimentos modernos, onde o sucesso n\u00e3o se mede apenas por prosperidade econ\u00f4mica, mas tamb\u00e9m pelo impacto positivo na sociedade e no meio ambiente. Esse tipo de abordagem impulsiona o surgimento de modelos de neg\u00f3cios inovadores e a reconfigura\u00e7\u00e3o do ecossistema empreendedor. A inclus\u00e3o social, equidade e diversidade s\u00e3o agora reconhecidas como catalisadores essenciais que aumentam a criatividade e melhoram o desempenho econ\u00f4mico dentro desses ecossistemas.<\/p>\n\n\n\n<p>Em resposta \u00e0s constantes mudan\u00e7as no ambiente global e \u00e0s crescentes demandas por solu\u00e7\u00f5es ambientalmente sustent\u00e1veis, o XIII SINGEP-CIK se dedica a explorar, por meio de pesquisas, estudos de caso e relatos, como as inova\u00e7\u00f5es e o empreendedorismo podem fortalecer a capacidade de adapta\u00e7\u00e3o e supera\u00e7\u00e3o dos empreendedores frente \u00e0s adversidades, abrindo espa\u00e7o para oportunidades mesmo em ambientes de incertezas. O evento destaca e valoriza pr\u00e1ticas que desafiam o <em>status quo,<\/em> desenvolvendo importantes solu\u00e7\u00f5es que n\u00e3o apenas satisfazem, mas tamb\u00e9m antecipam as necessidades emergentes de empreendedores, do mercado e das comunidades envolvidas.<\/p>\n\n\n\n<p>O XIII SINGEP-CIK incentiva submiss\u00f5es que explorem esses desafios sob diferentes abordagens metodol\u00f3gicas, seja por meio de estudos emp\u00edricos ou te\u00f3ricos, envolvendo dados qualitativos e\/ou quantitativos. Buscamos pesquisas que avancem o conhecimento acad\u00eamico e ofere\u00e7am contribui\u00e7\u00f5es para a \u00e1rea acad\u00eamica, pr\u00e1ticas para gestores e formuladores de pol\u00edticas.&nbsp;<\/p>\n\n\n\n<p>Convidamos a comunidade acad\u00eamica a participar dessa discuss\u00e3o, promovendo o interc\u00e2mbio de ideias que possam impulsionar novas perspectivas e solu\u00e7\u00f5es estrat\u00e9gicas para o futuro dos neg\u00f3cios.<\/p>\n\n\n\n<p>&nbsp;Os trabalhos da \u00e1rea de Inova\u00e7\u00e3o e Empreendedorismo para o XIII SINGEP-CIK podem ter como foco os seguintes temas:<\/p>\n\n\n\n<ol class=\"wp-block-list\">\n<li>Aspectos Comportamentais e o Papel do Agente Inovador e Empreendedor<\/li>\n\n\n\n<li>Tecnologia, Inova\u00e7\u00e3o e Empreendedorismo, integrando a Ci\u00eancias de Dados, Intelig\u00eancia Artificial e outras tecnologias emergentes como fundamentais para o empreendedorismo moderno<\/li>\n\n\n\n<li>Fundamentos e M\u00e9todos de Pesquisa em Inova\u00e7\u00e3o e Empreendedorismo, aprofundando teorias, epistemologia e m\u00e9todos que sustentam a pesquisa de inova\u00e7\u00e3o e empreendedorismo.<\/li>\n\n\n\n<li>Educa\u00e7\u00e3o Empreendedora focando no ensino de empreendedorismo e inova\u00e7\u00e3o.<\/li>\n\n\n\n<li>Conhecimento, Propriedade Intelectual e a Inova\u00e7\u00e3o Organizacional: explorando a Transfer\u00eancia de Tecnologia, Processos e Projetos Empreendedores<\/li>\n\n\n\n<li>Estrat\u00e9gia e Desempenho em Inova\u00e7\u00e3o e Empreendedorismo, investigando a cria\u00e7\u00e3o de novos neg\u00f3cios em diversos setores, incluindo o intraempreendedorismo no setor p\u00fablico e privado.<\/li>\n\n\n\n<li>Inova\u00e7\u00e3o e Empreendedorismo Digital na Era da Industria 4.0, explorando como as tecnologias est\u00e3o moldando novas pr\u00e1ticas empreendedoras e impulsionando a inova\u00e7\u00e3o em diversos setores.<\/li>\n\n\n\n<li>Inova\u00e7\u00e3o, Empreendedorismo e Sustentabilidade: Desafios Globais e Contribui\u00e7\u00f5es Cient\u00edficas para o Alcance dos Objetivos de Desenvolvimento Sustent\u00e1vel.<\/li>\n\n\n\n<li>Redes, Ecossistemas e Pol\u00edticas de Inova\u00e7\u00e3o e Empreendedorismo<\/li>\n\n\n\n<li>Temas Emergentes em Inova\u00e7\u00e3o e Empreendedorismo<\/li>\n<\/ol>\n\n\n\n<p>Submeta seu artigo e contribua para o avan\u00e7o da Inova\u00e7\u00e3o e Empreendedorismo na interse\u00e7\u00e3o entre teoria e pr\u00e1tica!<\/p>\n","protected":false},"excerpt":{"rendered":"<p>Inova\u00e7\u00e3o e Empreendedorismo: Impulsionando Novas Fronteiras de Neg\u00f3cios e Tecnologia no XIII SINGEP-CIK L\u00edderes: A crescente interse\u00e7\u00e3o entre tecnologia e modelos empresariais inovadores est\u00e1 redefinindo o panorama do empreendedorismo e da inova\u00e7\u00e3o. O contexto atual, marcado por mudan\u00e7as r\u00e1pidas e demandas por solu\u00e7\u00f5es sustent\u00e1veis, desafia&nbsp;<a href=\"https:\/\/singep.org.br\/13\/areas\/inovacao-e-empreendedorismo\/\">&hellip;<\/a><\/p>\n","protected":false},"author":1,"featured_media":0,"parent":8934,"menu_order":0,"comment_status":"closed","ping_status":"closed","template":"","meta":{"footnotes":""},"class_list":["post-8944","page","type-page","status-publish","hentry","odd"],"jetpack_sharing_enabled":true,"_links":{"self":[{"href":"https:\/\/singep.org.br\/13\/wp-json\/wp\/v2\/pages\/8944","targetHints":{"allow":["GET"]}}],"collection":[{"href":"https:\/\/singep.org.br\/13\/wp-json\/wp\/v2\/pages"}],"about":[{"href":"https:\/\/singep.org.br\/13\/wp-json\/wp\/v2\/types\/page"}],"author":[{"embeddable":true,"href":"https:\/\/singep.org.br\/13\/wp-json\/wp\/v2\/users\/1"}],"replies":[{"embeddable":true,"href":"https:\/\/singep.org.br\/13\/wp-json\/wp\/v2\/comments?post=8944"}],"version-history":[{"count":3,"href":"https:\/\/singep.org.br\/13\/wp-json\/wp\/v2\/pages\/8944\/revisions"}],"predecessor-version":[{"id":9828,"href":"https:\/\/singep.org.br\/13\/wp-json\/wp\/v2\/pages\/8944\/revisions\/9828"}],"up":[{"embeddable":true,"href":"https:\/\/singep.org.br\/13\/wp-json\/wp\/v2\/pages\/8934"}],"wp:attachment":[{"href":"https:\/\/singep.org.br\/13\/wp-json\/wp\/v2\/media?parent=8944"}],"curies":[{"name":"wp","href":"https:\/\/api.w.org\/{rel}","templated":true}]}}