{"id":8942,"date":"2014-05-26T16:59:19","date_gmt":"2014-05-26T19:59:19","guid":{"rendered":"http:\/\/impermad.com.br\/singep\/?page_id=118"},"modified":"2025-04-01T10:26:59","modified_gmt":"2025-04-01T13:26:59","slug":"gestao-de-projetos","status":"publish","type":"page","link":"https:\/\/singep.org.br\/13\/areas\/gestao-de-projetos\/","title":{"rendered":"Gest\u00e3o de Projetos"},"content":{"rendered":"\n<p>Desafios e oportunidades em um mundo digital e sustent\u00e1vel: Avan\u00e7os nas Pesquisas em Gest\u00e3o de Projetos no XIII SINGEP-CIK<\/p>\n\n\n\n<h3 class=\"wp-block-heading\"><strong>L\u00edderes: <\/strong><\/h3>\n\n\n\n<ul class=\"wp-block-list\">\n<li>Cristiane Drebes Pedron \u2013 Programa de P\u00f3s-Gradua\u00e7\u00e3o em Administra\u00e7\u00e3o e do Programa de P\u00f3s-Gradua\u00e7\u00e3o em Gest\u00e3o de Projetos da Universidade Nove de Julho (UNINOVE)<\/li>\n\n\n\n<li>Rosana Yasue Narazaki \u2013 Doutora em Administra\u00e7\u00e3o pela Universidade Presbiteriana Mackenzie e Mestre em Administra\u00e7\u00e3o \u2013 Gest\u00e3o de Projetos (PPGP- UNINOVE)<\/li>\n\n\n\n<li>S\u00e9rgio Ricardo do Nascimento \u2013 Doutor em Administra\u00e7\u00e3o \u2013 Gest\u00e3o de Projetos (PPGP- UNINOVE)<\/li>\n<\/ul>\n\n\n\n<p>A gest\u00e3o de projetos desempenha um papel essencial na constru\u00e7\u00e3o de sociedades resilientes, capazes de se adaptar e prosperar em um mundo em constante transforma\u00e7\u00e3o. A evolu\u00e7\u00e3o das pr\u00e1ticas de governan\u00e7a e a incorpora\u00e7\u00e3o de tecnologias digitais t\u00eam redefinido a forma como os projetos s\u00e3o conduzidos, exigindo novas compet\u00eancias organizacionais, de equipes e individuais. A atua\u00e7\u00e3o estrat\u00e9gica dos PMOs na gest\u00e3o de portf\u00f3lios, bem como na promo\u00e7\u00e3o da maturidade e alinhamento com os objetivos institucionais se torna ainda mais relevante diante dos desafios contempor\u00e2neos. No setor p\u00fablico e no terceiro setor, a busca por maior efici\u00eancia e impacto social demandam abordagens inovadoras e sustent\u00e1veis. Al\u00e9m disso, a Ind\u00fastria 4.0 e 5.0, al\u00e9m da intelig\u00eancia artificial est\u00e3o revolucionando os processos de tomada de decis\u00e3o, enquanto metodologias \u00e1geis e h\u00edbridas impulsionam a flexibilidade e a adapta\u00e7\u00e3o dos projetos. A sustentabilidade, por sua vez, emerge como um princ\u00edpio orientador, conectando a pesquisa cient\u00edfica em gest\u00e3o de projetos aos Objetivos do Desenvolvimento Sustent\u00e1vel (ODS) e ao fortalecimento das organiza\u00e7\u00f5es e comunidades.<\/p>\n\n\n\n<p>Diante desse cen\u00e1rio, o XIII SINGEP-CIK convida pesquisadores da \u00e1rea de Gest\u00e3o de Projetos a contribuir para o avan\u00e7o do conhecimento e das pr\u00e1ticas em gest\u00e3o de projetos, considerando os desafios e oportunidades de um mundo digital e sustent\u00e1vel. Esta chamada busca estudos que explorem metodologias e ferramentas inovadoras, abordagens \u00e1geis e h\u00edbridas, bem como abordagens de governan\u00e7a eficazes e estrat\u00e9gias de gest\u00e3o do conhecimento e aprendizagem em projetos. Trabalhos que investiguem a gest\u00e3o de projetos em ambientes empreendedores, como <em>startups<\/em> e <em>fintechs<\/em>, s\u00e3o especialmente bem-vindos, assim como pesquisas sobre gest\u00e3o de projetos e intraempreendedorismo e empreendedorismo social. Al\u00e9m disso, incentivamos submiss\u00f5es que analisem o impacto social da gest\u00e3o de projetos e suas contribui\u00e7\u00f5es para sociedades mais resilientes, sustent\u00e1veis e tecnologicamente integradas.<\/p>\n\n\n\n<p>O XIII SINGEP-CIK incentiva submiss\u00f5es que explorem esses desafios sob diferentes abordagens metodol\u00f3gicas, seja por meio de estudos emp\u00edricos ou te\u00f3ricos, envolvendo dados qualitativos e\/ou quantitativos. Buscamos pesquisas que avancem o conhecimento acad\u00eamico e ofere\u00e7am contribui\u00e7\u00f5es pr\u00e1ticas para gestores e formuladores de pol\u00edticas.&nbsp;<\/p>\n\n\n\n<p>Convidamos a comunidade acad\u00eamica a participar dessa discuss\u00e3o, promovendo o interc\u00e2mbio de ideias que possam impulsionar novas perspectivas e solu\u00e7\u00f5es estrat\u00e9gicas para o futuro dos neg\u00f3cios.<\/p>\n\n\n\n<p>&nbsp;Os trabalhos da \u00e1rea de Gest\u00e3o de Projetos para o XIII SINGEP-CIK podem ter como foco os seguintes temas:<\/p>\n\n\n\n<ol start=\"1\" class=\"wp-block-list\">\n<li>Compet\u00eancias Organizacionais, de Equipes e Individuais na Gest\u00e3o de Projetos<\/li>\n\n\n\n<li>PMO: Portf\u00f3lio, Maturidade e Estrat\u00e9gia<\/li>\n\n\n\n<li>Gest\u00e3o de Projetos no Setor P\u00fablico e no Terceiro Setor<\/li>\n\n\n\n<li>Gest\u00e3o do Conhecimento e Aprendizagem em Projetos<\/li>\n\n\n\n<li>Metodologias e Ferramentas de Gest\u00e3o de Projetos<\/li>\n\n\n\n<li>Gest\u00e3o de Projetos para um Futuro Sustent\u00e1vel<\/li>\n\n\n\n<li>Projetos \u00c1geis e H\u00edbridos<\/li>\n\n\n\n<li>Ind\u00fastria 4.0 e 5.0, Intelig\u00eancia Artificial e a Gest\u00e3o de Projetos<\/li>\n\n\n\n<li>Gest\u00e3o de Projetos em Ambientes Empreendedores (ex. <em>Startups<\/em>), Intraempreendedores e Empreendedorismo Social<\/li>\n\n\n\n<li>M\u00e9todos de Pesquisa e Ensino em Gest\u00e3o de Projetos<\/li>\n\n\n\n<li>T\u00f3picos Emergentes em Gest\u00e3o de Projetos<\/li>\n<\/ol>\n\n\n\n<p>Submeta seu artigo e contribua para o avan\u00e7o da Gest\u00e3o de Projetos na interse\u00e7\u00e3o entre teoria e pr\u00e1tica!<\/p>\n","protected":false},"excerpt":{"rendered":"<p>Desafios e oportunidades em um mundo digital e sustent\u00e1vel: Avan\u00e7os nas Pesquisas em Gest\u00e3o de Projetos no XIII SINGEP-CIK L\u00edderes: A gest\u00e3o de projetos desempenha um papel essencial na constru\u00e7\u00e3o de sociedades resilientes, capazes de se adaptar e prosperar em um mundo em constante transforma\u00e7\u00e3o.&nbsp;<a href=\"https:\/\/singep.org.br\/13\/areas\/gestao-de-projetos\/\">&hellip;<\/a><\/p>\n","protected":false},"author":1,"featured_media":0,"parent":8934,"menu_order":0,"comment_status":"closed","ping_status":"closed","template":"","meta":{"footnotes":""},"class_list":["post-8942","page","type-page","status-publish","hentry","odd"],"jetpack_sharing_enabled":true,"_links":{"self":[{"href":"https:\/\/singep.org.br\/13\/wp-json\/wp\/v2\/pages\/8942","targetHints":{"allow":["GET"]}}],"collection":[{"href":"https:\/\/singep.org.br\/13\/wp-json\/wp\/v2\/pages"}],"about":[{"href":"https:\/\/singep.org.br\/13\/wp-json\/wp\/v2\/types\/page"}],"author":[{"embeddable":true,"href":"https:\/\/singep.org.br\/13\/wp-json\/wp\/v2\/users\/1"}],"replies":[{"embeddable":true,"href":"https:\/\/singep.org.br\/13\/wp-json\/wp\/v2\/comments?post=8942"}],"version-history":[{"count":1,"href":"https:\/\/singep.org.br\/13\/wp-json\/wp\/v2\/pages\/8942\/revisions"}],"predecessor-version":[{"id":9680,"href":"https:\/\/singep.org.br\/13\/wp-json\/wp\/v2\/pages\/8942\/revisions\/9680"}],"up":[{"embeddable":true,"href":"https:\/\/singep.org.br\/13\/wp-json\/wp\/v2\/pages\/8934"}],"wp:attachment":[{"href":"https:\/\/singep.org.br\/13\/wp-json\/wp\/v2\/media?parent=8942"}],"curies":[{"name":"wp","href":"https:\/\/api.w.org\/{rel}","templated":true}]}}