{"id":8938,"date":"2014-05-23T14:45:15","date_gmt":"2014-05-23T17:45:15","guid":{"rendered":"http:\/\/impermad.com.br\/singep\/?page_id=84"},"modified":"2025-04-28T13:43:37","modified_gmt":"2025-04-28T16:43:37","slug":"inscricoes","status":"publish","type":"page","link":"https:\/\/singep.org.br\/13\/inscricoes\/","title":{"rendered":"Inscri\u00e7\u00f5es 2025"},"content":{"rendered":"\n<p>A inscri\u00e7\u00e3o no XIII Simp\u00f3sio Internacional de Gest\u00e3o, Projetos, Inova\u00e7\u00e3o e Sustentabilidade (XIII SINGEP-CIK) possibilita a participa\u00e7\u00e3o em todas as atividades do evento (sess\u00f5es de apresenta\u00e7\u00e3o de trabalhos, palestras, pain\u00e9is, workshops, etc.). <\/p>\n\n\n\n<p>O evento ser\u00e1 h\u00edbrido: no dia 22\/10 ser\u00e1 presencial, na UNINOVE Vergueiro, em S\u00e3o Paulo; nos dias 23 e 24\/10 ser\u00e1 on-line. A apresenta\u00e7\u00e3o dos trabalhos aprovados ser\u00e1 feita nos dias 23 e 24\/10, no formato on-line.<\/p>\n\n\n\n<p class=\"has-text-align-left\">Ser\u00e3o concedidos dois tipos de certificados aos participantes do evento:<br>\u2022    Certificado de Participa\u00e7\u00e3o: concedido para aqueles que realizarem a inscri\u00e7\u00e3o e efetuarem o pagamento.<br>\u2022    Certificado de Apresenta\u00e7\u00e3o: para os trabalhos que forem apresentados por um (ou mais) dos autores do trabalho devidamente inscrito(s) no evento.<\/p>\n\n\n\n<figure class=\"wp-block-table\"><table><tbody><tr><td><strong>Perfil do Participante<\/strong><\/td><td><strong>Valor da inscri\u00e7\u00e3o<\/strong><\/td><\/tr><tr><td>Estudantes de gradua\u00e7\u00e3o da UNINOVE (*)<\/td><td>Gratuito<\/td><\/tr><tr><td>Estudantes de gradua\u00e7\u00e3o de outras institui\u00e7\u00f5es (*)<\/td><td>R$ 70,00<\/td><\/tr><tr><td>Estudantes de p\u00f3s-gradua\u00e7\u00e3o (Lato Senso ou Stricto Senso) (*)<\/td><td>R$ 200,00<\/td><\/tr><tr><td>Egressos da UNINOVE (*)<\/td><td>R$ 200,00<\/td><\/tr><tr><td>Professores e Profissionais<\/td><td>R$ 250,00<\/td><\/tr><tr><td>L\u00edderes de \u00c1rea<\/td><td>Gratuito<\/td><\/tr><tr><td>Associados e volunt\u00e1rios do PMI-SP e organiza\u00e7\u00f5es parceiras (*)<\/td><td>R$ 200,00<\/td><\/tr><\/tbody><\/table><\/figure>\n\n\n\n<p>(*)<strong>  \u00c9 necess\u00e1rio anexar um comprovante<\/strong><br><strong>Importante:<\/strong>\u202fPara comprovar o v\u00ednculo com a sua Institui\u00e7\u00e3o de Ensino, ser\u00e1 necess\u00e1rio fazer upload de algum documento comprobat\u00f3rio.&nbsp;<\/p>\n\n\n\n<p>Para realizar o pagamento da inscri\u00e7\u00e3o por empenho,\u202f<a href=\"https:\/\/singep.org.br\/13\/inscricoes-por-empenho\/\" target=\"_blank\" rel=\"noreferrer noopener\">clique aqui<\/a>&nbsp;<\/p>\n\n\n\n<p><\/p>\n\n\n\n<div class=\"wp-block-buttons is-layout-flex wp-block-buttons-is-layout-flex\">\n<div class=\"wp-block-button has-custom-width wp-block-button__width-100\"><a class=\"wp-block-button__link has-vivid-cyan-blue-background-color has-background wp-element-button\" href=\"http:\/\/submissao.singep.org.br\/13singep\/login.php?pagina=inscricao.php\">Fa\u00e7a sua inscri\u00e7\u00e3o!<\/a><\/div>\n<\/div>\n\n\n\n<p><\/p>\n","protected":false},"excerpt":{"rendered":"<p>A inscri\u00e7\u00e3o no XIII Simp\u00f3sio Internacional de Gest\u00e3o, Projetos, Inova\u00e7\u00e3o e Sustentabilidade (XIII SINGEP-CIK) possibilita a participa\u00e7\u00e3o em todas as atividades do evento (sess\u00f5es de apresenta\u00e7\u00e3o de trabalhos, palestras, pain\u00e9is, workshops, etc.). O evento ser\u00e1 h\u00edbrido: no dia 22\/10 ser\u00e1 presencial, na UNINOVE Vergueiro, em&nbsp;<a href=\"https:\/\/singep.org.br\/13\/inscricoes\/\">&hellip;<\/a><\/p>\n","protected":false},"author":1,"featured_media":0,"parent":0,"menu_order":0,"comment_status":"closed","ping_status":"closed","template":"","meta":{"footnotes":""},"class_list":["post-8938","page","type-page","status-publish","hentry","odd"],"jetpack_sharing_enabled":true,"_links":{"self":[{"href":"https:\/\/singep.org.br\/13\/wp-json\/wp\/v2\/pages\/8938","targetHints":{"allow":["GET"]}}],"collection":[{"href":"https:\/\/singep.org.br\/13\/wp-json\/wp\/v2\/pages"}],"about":[{"href":"https:\/\/singep.org.br\/13\/wp-json\/wp\/v2\/types\/page"}],"author":[{"embeddable":true,"href":"https:\/\/singep.org.br\/13\/wp-json\/wp\/v2\/users\/1"}],"replies":[{"embeddable":true,"href":"https:\/\/singep.org.br\/13\/wp-json\/wp\/v2\/comments?post=8938"}],"version-history":[{"count":6,"href":"https:\/\/singep.org.br\/13\/wp-json\/wp\/v2\/pages\/8938\/revisions"}],"predecessor-version":[{"id":9992,"href":"https:\/\/singep.org.br\/13\/wp-json\/wp\/v2\/pages\/8938\/revisions\/9992"}],"wp:attachment":[{"href":"https:\/\/singep.org.br\/13\/wp-json\/wp\/v2\/media?parent=8938"}],"curies":[{"name":"wp","href":"https:\/\/api.w.org\/{rel}","templated":true}]}}