{"id":8934,"date":"2014-05-23T14:04:19","date_gmt":"2014-05-23T17:04:19","guid":{"rendered":"http:\/\/impermad.com.br\/singep\/?page_id=30"},"modified":"2025-03-09T13:09:15","modified_gmt":"2025-03-09T16:09:15","slug":"areas","status":"publish","type":"page","link":"https:\/\/singep.org.br\/13\/areas\/","title":{"rendered":"\u00c1reas"},"content":{"rendered":"\n<p><a href=\"https:\/\/singep.org.br\/template\/areas\/estrategia\/\" data-type=\"page\" data-id=\"5318\">Estrat\u00e9gia<\/a><\/p>\n\n\n\n<p><a href=\"https:\/\/singep.org.br\/template\/areas\/gestao-de-projetos\/\" data-type=\"page\" data-id=\"8942\">Gest\u00e3o de Projetos<\/a><\/p>\n\n\n\n<p><a href=\"https:\/\/singep.org.br\/template\/areas\/inovacao-e-empreendedorismo\/\" data-type=\"page\" data-id=\"8944\">Inova\u00e7\u00e3o e Empreendedorismo<\/a><\/p>\n\n\n\n<p><a href=\"https:\/\/singep.org.br\/template\/areas\/marketing\/\" data-type=\"page\" data-id=\"6491\">Marketing<\/a><\/p>\n\n\n\n<p><a href=\"https:\/\/singep.org.br\/template\/areas\/sustentabilidade\/\" data-type=\"page\" data-id=\"8943\">Sustentabilidade<\/a><\/p>\n\n\n\n<p><\/p>\n","protected":false},"excerpt":{"rendered":"<p>Estrat\u00e9gia Gest\u00e3o de Projetos Inova\u00e7\u00e3o e Empreendedorismo Marketing Sustentabilidade<\/p>\n","protected":false},"author":1,"featured_media":0,"parent":0,"menu_order":0,"comment_status":"closed","ping_status":"closed","template":"","meta":{"footnotes":""},"class_list":["post-8934","page","type-page","status-publish","hentry","odd"],"jetpack_sharing_enabled":true,"_links":{"self":[{"href":"https:\/\/singep.org.br\/13\/wp-json\/wp\/v2\/pages\/8934","targetHints":{"allow":["GET"]}}],"collection":[{"href":"https:\/\/singep.org.br\/13\/wp-json\/wp\/v2\/pages"}],"about":[{"href":"https:\/\/singep.org.br\/13\/wp-json\/wp\/v2\/types\/page"}],"author":[{"embeddable":true,"href":"https:\/\/singep.org.br\/13\/wp-json\/wp\/v2\/users\/1"}],"replies":[{"embeddable":true,"href":"https:\/\/singep.org.br\/13\/wp-json\/wp\/v2\/comments?post=8934"}],"version-history":[{"count":1,"href":"https:\/\/singep.org.br\/13\/wp-json\/wp\/v2\/pages\/8934\/revisions"}],"predecessor-version":[{"id":9276,"href":"https:\/\/singep.org.br\/13\/wp-json\/wp\/v2\/pages\/8934\/revisions\/9276"}],"wp:attachment":[{"href":"https:\/\/singep.org.br\/13\/wp-json\/wp\/v2\/media?parent=8934"}],"curies":[{"name":"wp","href":"https:\/\/api.w.org\/{rel}","templated":true}]}}