{"id":6756,"date":"2021-08-26T10:59:57","date_gmt":"2021-08-26T13:59:57","guid":{"rendered":"https:\/\/singep.org.br\/13\/?page_id=6756"},"modified":"2025-10-16T21:43:53","modified_gmt":"2025-10-17T00:43:53","slug":"comissao-cientifica-2","status":"publish","type":"page","link":"https:\/\/singep.org.br\/13\/comissao-cientifica-2\/","title":{"rendered":"Comiss\u00e3o Cient\u00edfica"},"content":{"rendered":"\n<p>ANDR\u00c9 URDAN, Doutor, UNINOVE, SP<br>CARLOS RICARDO ROSSETTO, Doutor, UNIVALI, SC<br>CHRISTIAN GOMES-E-SOUZA MUNAIER, Doutor, ITESM, M\u00e9xico<br>CL\u00c1UDIA BRITO SILVA CIRANI, Doutora, UNINOVE, SP<br>CLAUDIA MARIA DA SILVA BEZERRA, Doutora, IDEA, MA<br>CL\u00c1UDIA TEREZINHA KNIESS, Doutora, UNIFESP e USJT, SP<br>CRISTIANE DREBES PEDRON, Doutora, UNINOVE, SP<br>CRISTINA DAI PR\u00c1 MARTENS \u2013 UNINOVE, S\u00e3o Paulo, Brasil<br>EDUARDO MESQUITA \u2013 Centro Universit\u00e1rio Senac \u2013 SP<br>FERNANDO ANTONIO RIBEIRO SERRA, Doutor, UNINOVE, SP<br>FL\u00c1VIO SANTINO BIZZARIAS, Doutor, ESPM, SP<br>HEIDY RODRIGUEZ RAMOS, Doutora, UNINOVE, SP<br>ISABEL CRISTINA SCAFUTO \u2013 UNINOVE, S\u00e3o Paulo, Brasil<br>IVANO RIBEIRO, Doutor, UNIOESTE, PR<br>LEONARDO VILS, Doutor, UNINOVE, SP<br>LUCIANO FERREIRA DA SILVA \u2013 UNINOVE, S\u00e3o Paulo, Brasil<br>MANOELLA TREIS, Doutora, UFRGS, RS.<br>MARCELA BARBOSA DE MORAES \u2013 Doutora, UNITAU, SP<br>MARCELO ROGER MENEGHATTI \u2013 Doutor, UNIOESTE, PR<br>PRISCILA REZENDE DA COSTA, Doutora, ESPM, SP<br>NAIRANA RADKE CANEPPELE BUSSLER, Doutora, UNIHORIZONTES, BH<br>ROSANA YASUE NARAZAKI, Doutora, Universidade Presbiteriana Mackenzie, SP<br>S\u00c9RGIO RICARDO DO NASCIMENTO, Doutor, UNINOVE, SP<br>V\u00c2NIA JORGE NASSIF, Doutora, UNINOVE, SP<\/p>\n","protected":false},"excerpt":{"rendered":"<p>ANDR\u00c9 URDAN, Doutor, UNINOVE, SPCARLOS RICARDO ROSSETTO, Doutor, UNIVALI, SCCHRISTIAN GOMES-E-SOUZA MUNAIER, Doutor, ITESM, M\u00e9xicoCL\u00c1UDIA BRITO SILVA CIRANI, Doutora, UNINOVE, SPCLAUDIA MARIA DA SILVA BEZERRA, Doutora, IDEA, MACL\u00c1UDIA TEREZINHA KNIESS, Doutora, UNIFESP e USJT, SPCRISTIANE DREBES PEDRON, Doutora, UNINOVE, SPCRISTINA DAI PR\u00c1 MARTENS \u2013 UNINOVE,&nbsp;<a href=\"https:\/\/singep.org.br\/13\/comissao-cientifica-2\/\">&hellip;<\/a><\/p>\n","protected":false},"author":1,"featured_media":0,"parent":0,"menu_order":0,"comment_status":"closed","ping_status":"closed","template":"","meta":{"footnotes":""},"class_list":["post-6756","page","type-page","status-publish","hentry","odd"],"jetpack_sharing_enabled":true,"_links":{"self":[{"href":"https:\/\/singep.org.br\/13\/wp-json\/wp\/v2\/pages\/6756","targetHints":{"allow":["GET"]}}],"collection":[{"href":"https:\/\/singep.org.br\/13\/wp-json\/wp\/v2\/pages"}],"about":[{"href":"https:\/\/singep.org.br\/13\/wp-json\/wp\/v2\/types\/page"}],"author":[{"embeddable":true,"href":"https:\/\/singep.org.br\/13\/wp-json\/wp\/v2\/users\/1"}],"replies":[{"embeddable":true,"href":"https:\/\/singep.org.br\/13\/wp-json\/wp\/v2\/comments?post=6756"}],"version-history":[{"count":3,"href":"https:\/\/singep.org.br\/13\/wp-json\/wp\/v2\/pages\/6756\/revisions"}],"predecessor-version":[{"id":10500,"href":"https:\/\/singep.org.br\/13\/wp-json\/wp\/v2\/pages\/6756\/revisions\/10500"}],"wp:attachment":[{"href":"https:\/\/singep.org.br\/13\/wp-json\/wp\/v2\/media?parent=6756"}],"curies":[{"name":"wp","href":"https:\/\/api.w.org\/{rel}","templated":true}]}}