{"id":6211,"date":"2020-02-28T13:19:58","date_gmt":"2020-02-28T16:19:58","guid":{"rendered":"http:\/\/singep.org.br\/13\/?page_id=6211"},"modified":"2025-04-28T10:46:33","modified_gmt":"2025-04-28T13:46:33","slug":"coordenadores-de-areas","status":"publish","type":"page","link":"https:\/\/singep.org.br\/13\/coordenadores-de-areas\/","title":{"rendered":"Coordenadores de \u00c1reas"},"content":{"rendered":"\n<h3 class=\"wp-block-heading\">COORDENADORES GERAIS<\/h3>\n\n\n\n<p><strong>FABRICIO MARTINS LACERDA<\/strong> \u2013 UNESPAR, Paran\u00e1, Brasil<br><strong>LUCIANO FERREIRA DA SILVA<\/strong> \u2013 UNINOVE, S\u00e3o Paulo, Brasil<\/p>\n\n\n\n<h3 class=\"wp-block-heading\">COORDENADORES DE \u00c1REAS<\/h3>\n\n\n\n<p><strong>ESTRAT\u00c9GIA <\/strong>\u2013 FERNANDO ANTONIO RIBEIRO SERRA, Universidade Nove de Julho \u2013 UNINOVE, S\u00e3o Paulo, Brasil<br><strong>GEST\u00c3O DE PROJETOS <\/strong>\u2013 CRISTIANE DREBES PEDRON, Universidade Nove de Julho \u2013 UNINOVE, S\u00e3o Paulo, Brasil<br><strong>INOVA\u00c7\u00c3O E EMPREENDEDORISMO <\/strong>\u2013 V\u00c2NIA MARIA JORGE NASSIF, Universidade Nove de Julho \u2013 UNINOVE, S\u00e3o Paulo, Brasil<br><strong>MARKETING <\/strong>\u2013 LEONARDO VILS, Universidade Nove de Julho \u2013 UNINOVE, S\u00e3o Paulo, Brasil<br><strong>SUSTENTABILIDADE <\/strong>\u2013 HEIDY RODRIGUEZ RAMOS, Universidade Nove de Julho \u2013 UNINOVE, S\u00e3o Paulo, Brasil<\/p>\n","protected":false},"excerpt":{"rendered":"<p>COORDENADORES GERAIS FABRICIO MARTINS LACERDA \u2013 UNESPAR, Paran\u00e1, BrasilLUCIANO FERREIRA DA SILVA \u2013 UNINOVE, S\u00e3o Paulo, Brasil COORDENADORES DE \u00c1REAS ESTRAT\u00c9GIA \u2013 FERNANDO ANTONIO RIBEIRO SERRA, Universidade Nove de Julho \u2013 UNINOVE, S\u00e3o Paulo, BrasilGEST\u00c3O DE PROJETOS \u2013 CRISTIANE DREBES PEDRON, Universidade Nove de Julho&nbsp;<a href=\"https:\/\/singep.org.br\/13\/coordenadores-de-areas\/\">&hellip;<\/a><\/p>\n","protected":false},"author":1,"featured_media":0,"parent":0,"menu_order":0,"comment_status":"closed","ping_status":"closed","template":"","meta":{"footnotes":""},"class_list":["post-6211","page","type-page","status-publish","hentry","odd"],"jetpack_sharing_enabled":true,"_links":{"self":[{"href":"https:\/\/singep.org.br\/13\/wp-json\/wp\/v2\/pages\/6211","targetHints":{"allow":["GET"]}}],"collection":[{"href":"https:\/\/singep.org.br\/13\/wp-json\/wp\/v2\/pages"}],"about":[{"href":"https:\/\/singep.org.br\/13\/wp-json\/wp\/v2\/types\/page"}],"author":[{"embeddable":true,"href":"https:\/\/singep.org.br\/13\/wp-json\/wp\/v2\/users\/1"}],"replies":[{"embeddable":true,"href":"https:\/\/singep.org.br\/13\/wp-json\/wp\/v2\/comments?post=6211"}],"version-history":[{"count":6,"href":"https:\/\/singep.org.br\/13\/wp-json\/wp\/v2\/pages\/6211\/revisions"}],"predecessor-version":[{"id":9893,"href":"https:\/\/singep.org.br\/13\/wp-json\/wp\/v2\/pages\/6211\/revisions\/9893"}],"wp:attachment":[{"href":"https:\/\/singep.org.br\/13\/wp-json\/wp\/v2\/media?parent=6211"}],"curies":[{"name":"wp","href":"https:\/\/api.w.org\/{rel}","templated":true}]}}