{"id":5318,"date":"2017-06-09T17:20:35","date_gmt":"2017-06-09T20:20:35","guid":{"rendered":"http:\/\/singep.org.br\/13\/?page_id=5318"},"modified":"2025-04-01T10:19:28","modified_gmt":"2025-04-01T13:19:28","slug":"estrategia","status":"publish","type":"page","link":"https:\/\/singep.org.br\/13\/areas\/estrategia\/","title":{"rendered":"Estrat\u00e9gia"},"content":{"rendered":"\n<p>Desafios Estrat\u00e9gicos Contempor\u00e2neos: Explorando os Grandes Temas da Gest\u00e3o Estrat\u00e9gica no XIII SINGEP-CIK<\/p>\n\n\n\n<h3 class=\"wp-block-heading\"><strong>L\u00edderes: <\/strong><\/h3>\n\n\n\n<ul class=\"wp-block-list\">\n<li>Fernando Antonio Ribeiro Serra \u2013 Programa de P\u00f3s-Gradua\u00e7\u00e3o em Administra\u00e7\u00e3o e Programa de P\u00f3s-Gradua\u00e7\u00e3o em Gest\u00e3o de Projetos da Universidade Nove de Julho (UNINOVE);<\/li>\n\n\n\n<li>Nairana Radke Caneppele Bussler \u2013 Mestrado em Administra\u00e7\u00e3o do Unihorizontes<\/li>\n\n\n\n<li>Carlos Ricardo Rossetto \u2013Programa de P\u00f3s-Gradua\u00e7\u00e3o em Administra\u00e7\u00e3o da Universidade do Vale do Itaja\u00ed (UNIVALI).<\/li>\n\n\n\n<li>Ivano Ribeiro \u2013 Programa de P\u00f3s-Gradua\u00e7\u00e3o em Administra\u00e7\u00e3o da Universidade Estadual do Oeste do Paran\u00e1 (UNIOESTE).<\/li>\n<\/ul>\n\n\n\n<p>A evolu\u00e7\u00e3o dos mercados globais e o avan\u00e7o da tecnologia t\u00eam transformado a forma como as empresas formulam e implementam suas estrat\u00e9gias. O contexto empresarial atual exige que pesquisadores e gestores compreendam desafios complexos que impactam a cria\u00e7\u00e3o de valor e a competitividade organizacional. Diante desse cen\u00e1rio, o XIII SINGEP-CIK convida pesquisadores da \u00e1rea de Estrat\u00e9gia a contribuir com estudos que dialoguem com os seis grandes desafios estrat\u00e9gicos identificados pela <em>Strategic Management Society <\/em>(SMS), conectando teoria e pr\u00e1tica na busca por <em>insights <\/em>inovadores e solu\u00e7\u00f5es aplic\u00e1veis.<\/p>\n\n\n\n<p>Al\u00e9m disso, a crescente demanda por pr\u00e1ticas sustent\u00e1veis redefine os modelos de neg\u00f3cios e exige novas abordagens estrat\u00e9gicas para equilibrar objetivos financeiros, sociais e ambientais. A busca cont\u00ednua por inova\u00e7\u00e3o e crescimento precisa ser equilibrada com press\u00f5es por efici\u00eancia operacional e restri\u00e7\u00f5es or\u00e7ament\u00e1rias. As lideran\u00e7as executivas enfrentam um ambiente de crescente complexidade e incerteza. O avan\u00e7o da Intelig\u00eancia Artificial, Big Data e tecnologias emergentes remodela as din\u00e2micas competitivas e a tomada de decis\u00e3o. A inclus\u00e3o e a equidade organizacional t\u00eam sido associadas a maiores n\u00edveis de inova\u00e7\u00e3o e desempenho organizacional. A reconfigura\u00e7\u00e3o das cadeias globais de suprimentos, as tens\u00f5es geopol\u00edticas e as mudan\u00e7as nos fluxos de com\u00e9rcio internacional desafiam as estrat\u00e9gias empresariais e os arranjos interorganizacionais.<\/p>\n\n\n\n<p>O XIII SINGEP-CIK incentiva submiss\u00f5es que explorem esses desafios sob diferentes abordagens metodol\u00f3gicas, seja por meio de estudos emp\u00edricos ou te\u00f3ricos, envolvendo dados qualitativos e\/ou quantitativos. Buscamos pesquisas que avancem o conhecimento acad\u00eamico e ofere\u00e7am contribui\u00e7\u00f5es pr\u00e1ticas para gestores e formuladores de pol\u00edticas.<\/p>\n\n\n\n<p>Convidamos a comunidade acad\u00eamica a participar dessa discuss\u00e3o, promovendo o interc\u00e2mbio de ideias que possam impulsionar novas perspectivas e solu\u00e7\u00f5es estrat\u00e9gicas para o futuro dos neg\u00f3cios.<\/p>\n\n\n\n<p>Os trabalhos da \u00e1rea de Estrat\u00e9gia para o XIII SINGEP-CIK podem ter como foco os seguintes temas:<\/p>\n\n\n\n<ol class=\"wp-block-list\">\n<li>Estrat\u00e9gia Comportamental<\/li>\n\n\n\n<li>Estrat\u00e9gia Corporativa e Competitiva<\/li>\n\n\n\n<li>Estrat\u00e9gia Cooperativa e de Stakeholders<\/li>\n\n\n\n<li>Estrat\u00e9gia e Internacionaliza\u00e7\u00e3o<\/li>\n\n\n\n<li>Estrat\u00e9gia e Organiza\u00e7\u00f5es<\/li>\n\n\n\n<li>Estrat\u00e9gia, Lideran\u00e7a e Governan\u00e7a<\/li>\n\n\n\n<li>Estrat\u00e9gia no Contexto da Gest\u00e3o P\u00fablica e do 3\u00ba Setor<\/li>\n\n\n\n<li>T\u00f3picos Especiais em Estrat\u00e9gia<\/li>\n\n\n\n<li>Pesquisa cient\u00edfica em estrat\u00e9gia e impacto na sociedade: contribui\u00e7\u00f5es para o alcance dos Objetivos do Desenvolvimento Sustent\u00e1vel<\/li>\n<\/ol>\n\n\n\n<p>Submeta seu artigo e contribua para o avan\u00e7o da Estrat\u00e9gia na interse\u00e7\u00e3o entre teoria e pr\u00e1tica!<\/p>\n\n\n\n<p><\/p>\n","protected":false},"excerpt":{"rendered":"<p>Desafios Estrat\u00e9gicos Contempor\u00e2neos: Explorando os Grandes Temas da Gest\u00e3o Estrat\u00e9gica no XIII SINGEP-CIK L\u00edderes: A evolu\u00e7\u00e3o dos mercados globais e o avan\u00e7o da tecnologia t\u00eam transformado a forma como as empresas formulam e implementam suas estrat\u00e9gias. O contexto empresarial atual exige que pesquisadores e gestores&nbsp;<a href=\"https:\/\/singep.org.br\/13\/areas\/estrategia\/\">&hellip;<\/a><\/p>\n","protected":false},"author":1,"featured_media":0,"parent":8934,"menu_order":0,"comment_status":"closed","ping_status":"closed","template":"","meta":{"footnotes":""},"class_list":["post-5318","page","type-page","status-publish","hentry","odd"],"jetpack_sharing_enabled":true,"_links":{"self":[{"href":"https:\/\/singep.org.br\/13\/wp-json\/wp\/v2\/pages\/5318","targetHints":{"allow":["GET"]}}],"collection":[{"href":"https:\/\/singep.org.br\/13\/wp-json\/wp\/v2\/pages"}],"about":[{"href":"https:\/\/singep.org.br\/13\/wp-json\/wp\/v2\/types\/page"}],"author":[{"embeddable":true,"href":"https:\/\/singep.org.br\/13\/wp-json\/wp\/v2\/users\/1"}],"replies":[{"embeddable":true,"href":"https:\/\/singep.org.br\/13\/wp-json\/wp\/v2\/comments?post=5318"}],"version-history":[{"count":4,"href":"https:\/\/singep.org.br\/13\/wp-json\/wp\/v2\/pages\/5318\/revisions"}],"predecessor-version":[{"id":9675,"href":"https:\/\/singep.org.br\/13\/wp-json\/wp\/v2\/pages\/5318\/revisions\/9675"}],"up":[{"embeddable":true,"href":"https:\/\/singep.org.br\/13\/wp-json\/wp\/v2\/pages\/8934"}],"wp:attachment":[{"href":"https:\/\/singep.org.br\/13\/wp-json\/wp\/v2\/media?parent=5318"}],"curies":[{"name":"wp","href":"https:\/\/api.w.org\/{rel}","templated":true}]}}