{"id":9986,"date":"2015-06-18T16:40:30","date_gmt":"2015-06-18T19:40:30","guid":{"rendered":"https:\/\/singep.org.br\/13\/programacao\/"},"modified":"2025-10-20T17:24:50","modified_gmt":"2025-10-20T20:24:50","slug":"programacao","status":"publish","type":"page","link":"https:\/\/singep.org.br\/13\/es\/programacao\/","title":{"rendered":"PROGRAMA DEL EVENTO \u2013 XIII SINGEP-CIK 2025"},"content":{"rendered":"\n<div class=\"singep-programa\">\n  <style>\n    .singep-programa {\n      font-family: Arial, sans-serif;\n      line-height: 1.6;\n      color: #333;\n    }\n    .singep-programa h1 {\n      color: #0066cc;\n      border-bottom: 3px solid #0066cc;\n      padding-bottom: 10px;\n      margin-bottom: 20px;\n    }\n    .singep-programa h2 {\n      color: #0066cc;\n      background-color: #f0f0f0;\n      padding: 10px;\n      margin-top: 30px;\n      border-left: 5px solid #0066cc;\n    }\n    .singep-programa h3 {\n      color: #0066cc;\n      margin-top: 20px;\n    }\n    .singep-programa .horario {\n      background-color: #e6f2ff;\n      padding: 8px 12px;\n      border-radius: 5px;\n      font-weight: bold;\n      display: inline-block;\n      margin: 10px 0;\n    }\n    .singep-programa .localizacion {\n      background-color: #fff3cd;\n      padding: 15px;\n      border-left: 4px solid #ffc107;\n      margin: 15px 0;\n    }\n    .singep-programa .actividad {\n      margin: 20px 0;\n      padding: 15px;\n      background-color: #f9f9f9;\n      border-radius: 5px;\n    }\n    .singep-programa .ponente {\n      margin-left: 20px;\n      font-style: italic;\n    }\n    .singep-programa .nota {\n      font-size: 0.85em;\n      color: #666;\n      margin-top: 10px;\n      padding: 10px;\n      background-color: #f5f5f5;\n      border-left: 3px solid #999;\n    }\n    .singep-programa ul {\n      margin: 10px 0;\n    }\n    .singep-programa li {\n      margin: 5px 0;\n    }\n  <\/style>\n\n  <p><em>*Hora de Bras\u00edlia<\/em><\/p>\n\n  <h2>Primer d\u00eda del evento<\/h2>\n  <h3>22 de octubre de 2025 (mi\u00e9rcoles) \u2013 Presencial con transmisi\u00f3n online<\/h3>\n\n  <div class=\"localizacion\">\n    <strong>Localidad:<\/strong> Campus UNINOVE &#8211; Vergueiro (Auditorio \u2013 1er piso)<br>\n    Rua Vergueiro, 235\/249 \u2013 Liberdade, S\u00e3o Paulo \u2013 SP\n  <\/div>\n\n  <div class=\"actividad\">\n    <div class=\"horario\">De 9h a 10h<\/div>\n    <h4>Recepci\u00f3n de participantes<\/h4>\n    <p>XIII SINGEP-CIK<br>Coffee reception<\/p>\n  <\/div>\n\n  <div class=\"actividad\">\n    <div class=\"horario\">De 10h a 10h15<\/div>\n    <h4>Ceremonia de apertura<\/h4>\n    <ul>\n      <li>Prof. Eduardo Storopoli \/ Profa. Maria Cristina Storopoli (Rector\u00eda\/Pro-Rector\u00eda de Universidade Nove de Julho &#8211; UNINOVE)<\/li>\n      <li>Prof. Dr. Nader Asgary (Profesor en la Bentley University \u2013 EE. UU., Director en la CIK \u2013 Cyrus Institute of Knowledge y Presidente del Comit\u00e9 Organizador de la 13\u00aa Conferencia Internacional de CIK)<\/li>\n      <li>Prof. Dr. Luciano Ferreira da Silva (Programa de Postgrado en Gesti\u00f3n de Proyectos, PPGP, de la Universidade Nove de Julho &#8211; UNINOVE, y Presidente del Comit\u00e9 Organizador del XIII SINGEP)<\/li>\n      <li>Prof. Dra. Cristina Dai Pr\u00e1 Martens (Director del Programa de Posgrado en Administraci\u00f3n, PPGA, de la Universidade Nove de Julho, UNINOVE)<\/li>\n      <li>Prof. Dra. Isabel Cristina Scafuto (Director del Programa de Postgrado en Gesti\u00f3n de Proyectos, PPGP, de la Universidade Nove de Julho, UNINOVE)<\/li>\n    <\/ul>\n  <\/div>\n\n  <div class=\"actividad\">\n    <div class=\"horario\">De 10h15 a 12h<\/div>\n    <h4>Conferencia inaugural: PENSAMIENTOS HUMAN\u00cdSTICOS: IA, CAMBIO CLIM\u00c1TICO Y DESARROLLO SOSTENIBLE<\/h4>\n    <p><strong>Conferencias:<\/strong><\/p>\n    <ul>\n      <li><strong>INTELIGENCIA ARTIFICIAL Y MEDICINA<\/strong><br>\n      <span class=\"ponente\">Prof. Dr. Reza Saidi, SUNY Upstate Medical University, NY, USA<\/span><\/li>\n      <li><strong>\u00bfO HUMANIZAR LO NO HUMANO MIENTRAS DESHUMANIZA LA HUMANA?<\/strong><br>\n      <span class=\"ponente\">Prof. Dr. Ahmed Iraqi, ESCA, Casablanca, Morocco<\/span><\/li>\n      <li><strong>IA Y TRANSFORMACI\u00d3N DIGITAL EN LA EDUCACI\u00d3N SUPERIOR: PERSPECTIVAS DE LA UNIVERSIDAD DE ABU DABI \u2013 DUB\u00c1I<\/strong><br>\n      <span class=\"ponente\">Dr. Anas Najdawi, Director of Abu Dhabi University\u2019s Dubai Campus<\/span><\/li>\n    <\/ul>\n    <p><strong>Presidente del panel \/ Moderador:<\/strong><br>\n    Prof. Dr. Nader Asgary, President of the CYRUS Institute of Knowledge, Emeritus Prof. of Management and Economic at Bentley University, MA, USA<\/p>\n    <p><strong>Debatiente:<\/strong><br>\n    Marcelo Luiz Dias da Silva Gabriel, Escola Superior de Propaganda e Marketing, ESPM, Brazil<\/p>\n  <\/div>\n\n  <div class=\"actividad\">\n    <div class=\"horario\">De 12h a 14h<\/div>\n    <h4>Almuerzo<\/h4>\n    <p>El brunch ser\u00e1 servido por la organizaci\u00f3n del evento.<\/p>\n  <\/div>\n\n  <div class=\"actividad\">\n    <div class=\"horario\">De 12h30 a 14h<\/div>\n    <h4>Sesi\u00f3n A: ORGANIZACIONES SIN FINES DE LUCRO: MARCANDO LA DIFERENCIA<\/h4>\n    <p><em>(Sesi\u00f3n transmitida en l\u00ednea en ingl\u00e9s)<\/em><\/p>\n    <p><strong>Presidente de la sesi\u00f3n:<\/strong> Nader Asgary, President of the CYRUS Institute of Knowledge, Emeritus Prof. at Bentley University, MA, USA<\/p>\n    <ul>\n      <li><strong>PROYECTO 440K: RETOS Y OPORTUNIDADES DEL SISTEMA DE GESTI\u00d3N DE ADOPCIONES EN EE.UU<\/strong><br>\n      <span class=\"ponente\">Daniela Barrera, Ryan Bauer y Logan Carlso, Bentley University, MA, EUA<\/span><\/li>\n      <li><strong>CAMINOS HACIA EL \u00c9XITO<\/strong><br>\n      <span class=\"ponente\">Katie Martin, Wynn Hammond y Farah Gonzalez, Bentley University, MA, EUA<\/span><\/li>\n      <li><strong>SU DERECHO A LA EDUCACI\u00d3N<\/strong><br>\n      <span class=\"ponente\">Jimmy Mitchell, Sneha Siwach y Emily Yap, Bentley University, MA, EUA<\/span><\/li>\n      <li><strong>PROVIDENCE PROMISE: HACER QUE LA UNIVERSIDAD SEA M\u00c1S ACCESIBLE<\/strong><br>\n      <span class=\"ponente\">Josh DeWolf, Brady Collins y Naeelah Desanges, University Bentley, MA, EUA<\/span><\/li>\n      <li><strong>CERRANDO FRONTERAS: LA EVOLUCI\u00d3N Y LOS DESAF\u00cdOS DEL INSTITUTO DE CONOCIMIENTO CYRUS<\/strong><br>\n      <span class=\"ponente\">Nilufar Noorian, Richa Thapa y Jokubas Skurdenis, Bentley University, MA, EUA<\/span><\/li>\n    <\/ul>\n  <\/div>\n\n  <div class=\"actividad\">\n    <div class=\"horario\">De 14h a 16h<\/div>\n    <h4>Presentaci\u00f3n Plenaria: VALORES HUMANOS, GOBERNANZA Y EDUCACI\u00d3N SUPERIOR EN UNA SOCIEDAD SOSTENIBLE Y PROYECTIZADA<\/h4>\n    <p><strong>Conferencias:<\/strong><\/p>\n    <ul>\n      <li><strong>GOBERNANZA, PROYECTOS Y ECOSISTEMAS DE SALUD<\/strong><br>\n      <span class=\"ponente\">Prof. Ricardo Geraidine, PPGP-UNINOVE, Brazil<\/span><\/li>\n      <li><strong>ECOSISTEMA DE INNOVACI\u00d3N Y SOSTENIBILIDAD<\/strong><br>\n      <span class=\"ponente\">Prof. Dr. Franklin Yamasake, PPGA-UNINOVE, Brazil<\/span><\/li>\n      <li><strong>EL PAPEL DE LA EDUCACI\u00d3N SUPERIOR EN UNA SOCIEDAD SOSTENIBLE<\/strong><br>\n      <span class=\"ponente\">Prof. Koray Ozpolat, URI, RI, USA<\/span><\/li>\n    <\/ul>\n    <p><strong>Presidente del panel:<\/strong><br>\n    Profa. Dra. Tatiana Tucunduva Philippi Cortese, Programa de Posgrado en Ciudades Inteligentes y Sustent\u00e1veis de la Universidad Nove de Julho \u2013 UNINOVE<\/p>\n  <\/div>\n\n  <div class=\"actividad\">\n    <div class=\"horario\">De 16h a 16h30<\/div>\n    <h4>Coffee break<\/h4>\n  <\/div>\n\n  <div class=\"actividad\">\n    <div class=\"horario\">De 16h30 a 19h<\/div>\n    <h4>CIK\/SINGEP \u2013 CONSORCIO DOCTORIAL INTERNACIONAL<\/h4>\n    <p><strong>Coordinaci\u00f3n Nacional:<\/strong> Prof. Dr. Emerson Antonio Maccari (Professor of the Postgraduate Program in Administration (PPGA) and the Postgraduate Program in Project Management (PPGP) at Universidade Nove de Julho \u2013 UNINOVE, Brazil)<\/p>\n    <p><strong>Coordinaci\u00f3n internacional:<\/strong> Prof. Dr. Nader Asgary (Professor at Bentley University \u2013 USA, Director of CIK \u2013 Cyrus Institute of Knowledge, and President of the Organizing Committee of the International Conference Cyrus)<\/p>\n    <p><strong>Profesores de la junta:<\/strong><\/p>\n    <ul>\n      <li>Fernando Antonio Ribeiro Serra, Professor at Universidade Nove de Julho \u2013 UNINOVE, Brazil<\/li>\n      <li>Leonel Cezar Rodrigues, UNIARA Professor and consultant for UNESCO\/CAPES, Brazil<\/li>\n      <li>Ahmad Etebari, Professor Finance and Dept Head at University of New Hampshire, NH USA<\/li>\n      <li>Maling Ebrahimpour, Professor and Editor of Cyrus Global Business Perspectives, The University of Rhode Island, USA<\/li>\n      <li>Alf Walle, Cyrus Institution of Knowledge, MA, USA<\/li>\n      <li>Jalila El Jadidi, Cyrus Institution of Knowledge, MA, USA<\/li>\n    <\/ul>\n  <\/div>\n\n  <h2>2\u00ba D\u00cdA DEL EVENTO \u2013 Presentaciones sincr\u00f3nicas en l\u00ednea<\/h2>\n  <h3>23 de octubre de 2025 (jueves) \u2013 VIRTUAL<\/h3>\n\n  <div class=\"actividad\">\n    <div class=\"horario\">De 8h a 9h30<\/div>\n    <h4>Sesiones paralelas de presentaci\u00f3n de trabajos (EN PORTUGU\u00c9S)<\/h4>\n  <\/div>\n\n  <div class=\"actividad\">\n    <div class=\"horario\">De 9h30 a 9h40<\/div>\n    <h4>Intervalo<\/h4>\n  <\/div>\n\n  <div class=\"actividad\">\n    <div class=\"horario\">De 9h40 a 11h10<\/div>\n    <h4>Sesiones paralelas de presentaci\u00f3n de trabajos (EN PORTUGU\u00c9S)<\/h4>\n  <\/div>\n\n  <div class=\"actividad\">\n    <div class=\"horario\">De 11h10 a 11h20<\/div>\n    <h4>Intervalo<\/h4>\n  <\/div>\n\n  <div class=\"actividad\">\n    <div class=\"horario\">De 11h20 a 12h50<\/div>\n    <h4>Sesiones paralelas de presentaci\u00f3n de trabajos (EN PORTUGU\u00c9S)<\/h4>\n    <h4>Sesiones paralelas para la presentaci\u00f3n de informes sobre Productos T\u00e9cnico-Tecnol\u00f3gicos<\/h4>\n  <\/div>\n\n  <div class=\"actividad\">\n    <div class=\"horario\">De 12h50 a 14h20<\/div>\n    <h4>Tiempo de descanso libre<\/h4>\n  <\/div>\n\n  <div class=\"actividad\">\n    <div class=\"horario\">De 14h20 a 16h20<\/div>\n    <h4>Sesiones paralelas de presentaci\u00f3n de trabajos (EN PORTUGU\u00c9S)<\/h4>\n    <h4>Encuentro de Editores y Autores: Producci\u00f3n T\u00e9cnica y Tecnol\u00f3gica de Impacto<\/h4>\n    <p><strong>Coordinaci\u00f3n y debate:<\/strong><br>\n    Profa. Dra. V\u00e2nia Maria Jorge Nassif \u2013 Co-editora-chefe IJI e PPGA UNINOVE<\/p>\n    <p><strong>Panelistas:<\/strong><\/p>\n    <ul>\n      <li>Prof. Dr. M\u00e1rcio Lopes Pimenta \u2013 Coordenador Adjunto na CAPES dos Programas de P\u00f3s-Gradua\u00e7\u00e3o Profissionais<\/li>\n      <li>Profa. Dra. Adriana Wilner \u2013 Co-editora-chefe GV Executivo \/ Funda\u00e7\u00e3o Get\u00falio Vargas, Escola de Administra\u00e7\u00e3o de Empresas de S\u00e3o Paulo (FGV EAESP)<\/li>\n      <li>Profa. Dra. Cristina Dai Pr\u00e1 Martens \u2013 Editora-chefe IPTEC \/ PPGA e PPGP UNINOVE<\/li>\n    <\/ul>\n  <\/div>\n\n  <div class=\"actividad\">\n    <div class=\"horario\">De 16h20 a 16h30<\/div>\n    <h4>Intervalo<\/h4>\n  <\/div>\n\n  <div class=\"actividad\">\n    <div class=\"horario\">De 16h30 a 18h30<\/div>\n    <h4>Sesiones paralelas de presentaci\u00f3n de trabajos (EN PORTUGU\u00c9S)<\/h4>\n  <\/div>\n\n  <div class=\"actividad\">\n    <div class=\"horario\">De 16h30 a 18h30<\/div>\n    <h4>Paper Development Workshop (PDW): Sesi\u00f3n con editores de revistas<\/h4>\n    <p><strong>Coordinaci\u00f3n:<\/strong> Profa. Dra. Heidy Rodriguez Ramos (Professora do Programa de P\u00f3s-gradua\u00e7\u00e3o em Administra\u00e7\u00e3o da Universidade Nove de Julho, PPGA-UNINOVE, Professora do Programa de P\u00f3s-gradua\u00e7\u00e3o em Cidades Inteligentes e Sustent\u00e1veis da Universidade Nove de Julho, PPGCIS-UNINOVE, e Editora da Revista RIAE)<\/p>\n    <p><strong>Editores invitados:<\/strong><\/p>\n    <ul>\n      <li>Prof. Dr. Jos\u00e9 Edson Lara (Professor do Mestrado Profissional em Administra\u00e7\u00e3o da Funda\u00e7\u00e3o Pedro Leopoldo, e Editor da Revista Gest\u00e3o &#038; Tecnologia)<\/li>\n      <li>Prof. Dr. Benny Kramer Costa (Professor do Programa de P\u00f3s-gradua\u00e7\u00e3o em Administra\u00e7\u00e3o da Universidade Nove de Julho, PPGA-UNINOVE, e Editor da Revista PODIUM)<\/li>\n      <li>Prof. Dr. Edmilson De Oliveira Lima (Professor do Programa de P\u00f3s-gradua\u00e7\u00e3o em Administra\u00e7\u00e3o da Universidade Nove de Julho, PPGA-UNINOVE, e Editor da Revista PODIUM)<\/li>\n      <li>Prof. Dr. Leandro Carlos Mazzei (Professor na Universidade Estadual de Campinas \u2013 UNICAMP e Editor da Revista PODIUM)<\/li>\n      <li>Profa. Dra. Cristiane Drebes Pedron (Professora do Programa de P\u00f3s-gradua\u00e7\u00e3o em Administra\u00e7\u00e3o da Universidade Nove de Julho, PPGA-UNINOVE, Professora do Programa de P\u00f3s-gradua\u00e7\u00e3o em Gest\u00e3o de Projetos da Universidade Nove de Julho, PPGP-UNINOVE, e Editora da Revista IPTEC)<\/li>\n      <li>Profa. Dra. Cristina Dai Pr\u00e1 Martens (Professora do Programa de P\u00f3s-gradua\u00e7\u00e3o em Administra\u00e7\u00e3o da Universidade Nove de Julho, PPGA-UNINOVE, Professora do Programa de P\u00f3s-gradua\u00e7\u00e3o em Gest\u00e3o de Projetos da Universidade Nove de Julho, PPGP-UNINOVE, e Editora da Revista IPTEC)<\/li>\n      <li>Prof. Dra. V\u00e2nia Maria Jorge Nassif (Professora do Programa de P\u00f3s-gradua\u00e7\u00e3o em Administra\u00e7\u00e3o da Universidade Nove de Julho, PPGA-UNINOVE e Editora da Revista IJI)<\/li>\n      <li>Profa. Dra. Isabel Cristina Scafuto (Professora do Programa de P\u00f3s-gradua\u00e7\u00e3o em Gest\u00e3o de Projetos da Universidade Nove de Julho, PPGP-UNINOVE, Professora do Programa de P\u00f3s-gradua\u00e7\u00e3o em Administra\u00e7\u00e3o da Universidade Nove de Julho, PPGA-UNINOVE, e Editora da Revista IJI)<\/li>\n      <li>Prof. Dr. Leonardo Vils (Professor do Programa de P\u00f3s-gradua\u00e7\u00e3o em Gest\u00e3o de Projetos da Universidade Nove de Julho, PPGP-UNINOVE, Professor do Programa de P\u00f3s-gradua\u00e7\u00e3o em Administra\u00e7\u00e3o da Universidade Nove de Julho, PPGA-UNINOVE, e Editor da Revista REMARK)<\/li>\n      <li>Prof. Dr. Andr\u00e9 Torres Urdan (Professor do Programa de P\u00f3s-gradua\u00e7\u00e3o em Administra\u00e7\u00e3o da Universidade Nove de Julho, PPGA-UNINOVE, e Editor da Revista REMARK)<\/li>\n      <li>Prof. Dr. Luiz Fernando Rodrigues Pinto (Professor do P\u00f3s-gradua\u00e7\u00e3o em Cidades Inteligentes e Sustent\u00e1veis da Universidade Nove de Julho, PPGCIS-UNINOVE, e Editor da Revista EXACTA)<\/li>\n      <li>Prof. Dr. Luciano Ferreira da Silva (Professor do Programa de P\u00f3s-gradua\u00e7\u00e3o em Gesti\u00f3n de Projetos da Universidade Nove de Julho, PPGP-UNINOVE, Professor do Programa de P\u00f3s-gradua\u00e7\u00e3o em Administra\u00e7\u00e3o da Universidade Nove de Julho, PPGA-UNINOVE, e Editor da Revista GeP)<\/li>\n      <li>Prof. Dr. Nelson Jos\u00e9 Rosamilha (Professor na PUC-RS e Editor da Revista GeP)<\/li>\n      <li>Prof. Dr. Fabr\u00edcio Martins Lacerda (Professor na Universidade Estadual do Paran\u00e1, UNESPAR, e Editor da Revista GeP)<\/li>\n      <li>Prof. Dr. Ivano Ribeiro (Universidade do Oeste do Paran\u00e1, UNIOESTE, e Editora da Revista RIAE)<\/li>\n      <li>Profa. Dra. Michelle Regina Santana Dutra (UNIHORIZONTES)<\/li>\n    <\/ul>\n  <\/div>\n\n  <div class=\"actividad\">\n    <div class=\"horario\">De 18h30 a 18h40<\/div>\n    <h4>Intervalo<\/h4>\n  <\/div>\n\n  <div class=\"actividad\">\n    <div class=\"horario\">18h40<\/div>\n    <h4>Premio a las Mejores Obras del Evento (5 categor\u00edas)<\/h4>\n    <h4>Premio a las Mejores Tesis y Disertaciones (2 categor\u00edas)<\/h4>\n    <p><strong>Organizaci\u00f3n:<\/strong> Prof. Dr. Luciano Ferreira da Silva (Profesor del Programa de Postgrado en Gesti\u00f3n de Proyectos (PPGP) de la Universidade Nove de Julho, UNINOVE)<\/p>\n\n    <div class=\"nota\">\n      <p><strong>Criterios para la selecci\u00f3n de los mejores trabajos:<\/strong> calidad, claridad y redacci\u00f3n del texto; actualidad del tema del trabajo; claridad en los objetivos; adecuaci\u00f3n metodol\u00f3gica; forma de presentaci\u00f3n de los datos cuantitativos o cualitativos; fundamentaci\u00f3n, amplitud y correcci\u00f3n en relaci\u00f3n con los resultados obtenidos; y consistencia y exhaustividad de las referencias.<\/p>\n\n      <p><strong>Categor\u00edas de premios al trabajo:<\/strong><\/p>\n      <ol>\n        <li>Categor\u00eda &#8220;Mejor Art\u00edculo Cient\u00edfico&#8221;, consistente en la selecci\u00f3n de los tres mejores trabajos por tema (gesti\u00f3n de proyectos, innovaci\u00f3n y emprendimiento, sostenibilidad, estrategia y marketing).<\/li>\n        <li>Categor\u00eda \u201cMejor Informe T\u00e9cnico\u201d, contemplando la selecci\u00f3n de los tres mejores trabajos del evento.<\/li>\n        <li>Categor\u00eda &#8220;Mejor P\u00f3ster&#8221;, que contempla la selecci\u00f3n de los tres mejores p\u00f3steres del evento.<\/li>\n        <li>Categor\u00eda &#8220;Mejor Reportaje PTT&#8221;, que contempla la selecci\u00f3n de los tres mejores PTT del evento.<\/li>\n        <li>Categor\u00eda \u201cMejor Ponencia del XIII SINGEP\u201d, mediante la selecci\u00f3n del mejor trabajo del evento.<\/li>\n        <li>&#8220;Categor\u00eda &#8220;Distinci\u00f3n al M\u00e9rito&#8221; para los tres mejores evaluadores del evento en cada \u00e1rea.<\/li>\n      <\/ol>\n\n      <p><strong>Criteria for selection of the best Theses and Dissertations:<\/strong> the originality of the work; its relevance for scientific, technological, cultural, social and innovation development.<\/p>\n\n      <p><strong>Categor\u00edas de premios de tesis y disertaciones:<\/strong><\/p>\n      <ol>\n        <li>Categor\u00eda &#8220;Mejor Disertaci\u00f3n&#8221;, que implica la selecci\u00f3n de las tres mejores disertaciones por programa (PPGA y PPGP UNINOVE)<\/li>\n        <li>Categor\u00eda \u201cMejor Tesis\u201d, contemplando la selecci\u00f3n de las tres mejores tesis por programa (PPGA y PPGP UNINOVE)<\/li>\n      <\/ol>\n    <\/div>\n  <\/div>\n\n  <h2>3ER D\u00cdA DEL EVENTO<\/h2>\n  <h3>24 de octubre de 2025 (viernes) \u2013 VIRTUAL<\/h3>\n\n  <div class=\"actividad\">\n    <div class=\"horario\">De 9h a 10h50<\/div>\n    <h4>Workshop 1: \u201cDescubriendo la l\u00f3gica configuracional con el an\u00e1lisis comparativo cualitativo (ACC)\u201d<\/h4>\n    <p class=\"ponente\">J\u00falio Cesar Teixeira, PPGA UNINOVE<\/p>\n  <\/div>\n\n  <div class=\"actividad\">\n    <div class=\"horario\">De 10h50 a 11h<\/div>\n    <h4>Intervalo<\/h4>\n  <\/div>\n\n  <div class=\"actividad\">\n    <div class=\"horario\">De 11h a 12h50<\/div>\n    <h4>Workshop 2: \u201cIntroducci\u00f3n al an\u00e1lisis de decisiones multicriterio: aplicaciones y ejemplos\u201d<\/h4>\n    <p class=\"ponente\">Fellipe Silva Martins, PPGA \u2013 MACKENZIE<\/p>\n  <\/div>\n\n  <div class=\"actividad\">\n    <div class=\"horario\">De 12h50 a 14h<\/div>\n    <h4>Intervalo<\/h4>\n  <\/div>\n\n  <div class=\"actividad\">\n    <div class=\"horario\">De 14h a 15h50<\/div>\n    <h4>Workshop 3: \u201cDesentra\u00f1ando el metaan\u00e1lisis: una gu\u00eda para investigadores\u201d<\/h4>\n    <p class=\"ponente\">Wanderson Dutra Gresele y Lu\u00eds F\u00e1bio Cavalcanti da Silva, PPGA UNINOVE<\/p>\n  <\/div>\n\n  <div class=\"actividad\">\n    <div class=\"horario\">De 15h50 a 16h<\/div>\n    <h4>Intervalo<\/h4>\n  <\/div>\n\n  <div class=\"actividad\">\n    <div class=\"horario\">De 16h a 17h50<\/div>\n    <h4>Workshop 4: \u201cCertificaciones PMI y el auge de la inteligencia artificial\u201d<\/h4>\n    <p class=\"ponente\">Airis Horta y Jo\u00e3o Silva, PMI S\u00e3o Paulo y PMI Angola<\/p>\n  <\/div>\n\n  <div class=\"actividad\">\n    <div class=\"horario\">De 17h50 a 18h<\/div>\n    <h4>Intervalo<\/h4>\n  <\/div>\n\n  <div class=\"actividad\">\n    <div class=\"horario\">18h<\/div>\n    <h4>Encerramiento del XIII SINGEP-CIK<\/h4>\n  <\/div>\n<\/div>\n\n\n\n<p><\/p>\n","protected":false},"excerpt":{"rendered":"<p>*Hora de Bras\u00edlia Primer d\u00eda del evento 22 de octubre de 2025 (mi\u00e9rcoles) \u2013 Presencial con transmisi\u00f3n online Localidad: Campus UNINOVE &#8211; Vergueiro (Auditorio \u2013 1er piso) Rua Vergueiro, 235\/249 \u2013 Liberdade, S\u00e3o Paulo \u2013 SP De 9h a 10h Recepci\u00f3n de participantes XIII SINGEP-CIKCoffee&nbsp;<a href=\"https:\/\/singep.org.br\/13\/es\/programacao\/\">&hellip;<\/a><\/p>\n","protected":false},"author":1,"featured_media":0,"parent":0,"menu_order":0,"comment_status":"closed","ping_status":"open","template":"","meta":{"footnotes":""},"class_list":["post-9986","page","type-page","status-publish","hentry","odd"],"jetpack_sharing_enabled":true,"_links":{"self":[{"href":"https:\/\/singep.org.br\/13\/es\/wp-json\/wp\/v2\/pages\/9986","targetHints":{"allow":["GET"]}}],"collection":[{"href":"https:\/\/singep.org.br\/13\/es\/wp-json\/wp\/v2\/pages"}],"about":[{"href":"https:\/\/singep.org.br\/13\/es\/wp-json\/wp\/v2\/types\/page"}],"author":[{"embeddable":true,"href":"https:\/\/singep.org.br\/13\/es\/wp-json\/wp\/v2\/users\/1"}],"replies":[{"embeddable":true,"href":"https:\/\/singep.org.br\/13\/es\/wp-json\/wp\/v2\/comments?post=9986"}],"version-history":[{"count":20,"href":"https:\/\/singep.org.br\/13\/es\/wp-json\/wp\/v2\/pages\/9986\/revisions"}],"predecessor-version":[{"id":10591,"href":"https:\/\/singep.org.br\/13\/es\/wp-json\/wp\/v2\/pages\/9986\/revisions\/10591"}],"wp:attachment":[{"href":"https:\/\/singep.org.br\/13\/es\/wp-json\/wp\/v2\/media?parent=9986"}],"curies":[{"name":"wp","href":"https:\/\/api.w.org\/{rel}","templated":true}]}}