{"id":9657,"date":"2015-11-10T12:50:27","date_gmt":"2015-11-10T14:50:27","guid":{"rendered":"https:\/\/singep.org.br\/template\/premiacao\/"},"modified":"2025-04-28T12:17:22","modified_gmt":"2025-04-28T15:17:22","slug":"premiacao","status":"publish","type":"page","link":"https:\/\/singep.org.br\/13\/es\/premiacao\/","title":{"rendered":"Premiaci\u00f3n"},"content":{"rendered":"\n<p><strong>Para competir al premio, el (los) autor (es) del trabajo aprobado deber\u00e1n optar, en el momento de la presentaci\u00f3n, por su pubicaci\u00f3n integra en los anales del XIII SINGEP-CIK.<\/strong><\/p>\n\n\n\n<p><strong>Criterios adoptados para la selecci\u00f3n de las mejores obras del evento:<\/strong><\/p>\n\n\n\n<p>\u2013 Calidad, claridade y redacci\u00f3n del texto;<\/p>\n\n\n\n<p>\u2013 Estado actual del tema de trabajo;<\/p>\n\n\n\n<p>\u2013 Claridad de objetivos;<\/p>\n\n\n\n<p>\u2013 Adecuaci\u00f3n metodol\u00f3gica;<\/p>\n\n\n\n<p>\u2013 Forma de presentaci\u00f3n de datos cuantitativos o cualitativos;<\/p>\n\n\n\n<p>\u2013 Fundamento, alcance y correcci\u00f3n em relaci\u00f3n con los resultados obtenidos; &nbsp;<\/p>\n\n\n\n<p>\u2013 Coherencia y exhaustividad de las referencias.<\/p>\n\n\n\n<p><strong>*Criterios adoptados para la selecci\u00f3n de las mejores Tesis y Disertaciones:<\/strong><\/p>\n\n\n\n<p>\u2013 Originalidad de la obra; &nbsp;<\/p>\n\n\n\n<p>\u2013 Relevancia para el desarrollo cient\u00edfico, tecnol\u00f3gico, cultural, social y de innovaci\u00f3n.<\/p>\n\n\n\n<p>(*Modalidad restringida a estudiantes de los Programas de Postgrado organizadores del evento. Se considerar\u00e1n Tesis y Disertaciones defendidas en el a\u00f1o anterior al evento. La evaluaci\u00f3n de estos trabajos estar\u00e1 a cargo de um comit\u00e9 interno de cada programa) &nbsp;<\/p>\n\n\n\n<p><strong>Categor\u00edas de premio:<\/strong><\/p>\n\n\n\n<p>(1) Categoria \u201cMejor Art\u00edculo Cient\u00edfico\u201d, que implica la selecci\u00f3n del mejor trabajo en cada tema (Gesti\u00f3n de Proyectos, Innovaci\u00f3n y Emprendimiento, Sostenibillidad, Estrat\u00e9gia y Marketing); &nbsp;<\/p>\n\n\n\n<p>(2) Categoria \u201cMejor Reporte T\u00e9cnico\u201d, que incluye la selecci\u00f3n del mejor Reporte T\u00e9cnico del evento; &nbsp;<\/p>\n\n\n\n<p>(3) Categor\u00eda \u201cMejor P\u00f3ster\u201d, consistente en la selecci\u00f3n del mejor p\u00f3ster del evento; &nbsp;<\/p>\n\n\n\n<p>(4) Categoria \u201cMejor Reporte T\u00e9cnico y Tecnol\u00f3gico de Producto \u2013 PTT\u201d, incluyendo la selecci\u00f3n del mejor PTT del evento;<\/p>\n\n\n\n<p>(5) Categoria \u201cMejor Obra del XIII SINGEP-CIK\u201d, mediante selecci\u00f3n de la mejor obra del evento. &nbsp;<\/p>\n\n\n\n<p>(6) Categor\u00eda \u201cDistinci\u00f3n al M\u00e9rito\u201d al mejor evaluador en cada una de las cinco \u00e1reas tem\u00e1ticas del evento.<\/p>\n\n\n\n<p>(7) Categoria \u201cMejor Disertaci\u00f3n\u201d, que comprende la selecci\u00f3n de las tres mejores disertaciones de los Programas organizadores del evento (PPGA y PPGP UNINOVE);<\/p>\n\n\n\n<p>(8) Categor\u00eda \u201cMejor Tesis\u201d, que incluye la selecci\u00f3n de las tres mejores tesis de los Programas organizadores del evento (PPGA y PPGP UNINOVE)<\/p>\n","protected":false},"excerpt":{"rendered":"<p>Para competir al premio, el (los) autor (es) del trabajo aprobado deber\u00e1n optar, en el momento de la presentaci\u00f3n, por su pubicaci\u00f3n integra en los anales del XIII SINGEP-CIK. Criterios adoptados para la selecci\u00f3n de las mejores obras del evento: \u2013 Calidad, claridade y redacci\u00f3n&nbsp;<a href=\"https:\/\/singep.org.br\/13\/es\/premiacao\/\">&hellip;<\/a><\/p>\n","protected":false},"author":1,"featured_media":0,"parent":0,"menu_order":0,"comment_status":"closed","ping_status":"open","template":"","meta":{"footnotes":""},"class_list":["post-9657","page","type-page","status-publish","hentry","odd"],"jetpack_sharing_enabled":true,"_links":{"self":[{"href":"https:\/\/singep.org.br\/13\/es\/wp-json\/wp\/v2\/pages\/9657","targetHints":{"allow":["GET"]}}],"collection":[{"href":"https:\/\/singep.org.br\/13\/es\/wp-json\/wp\/v2\/pages"}],"about":[{"href":"https:\/\/singep.org.br\/13\/es\/wp-json\/wp\/v2\/types\/page"}],"author":[{"embeddable":true,"href":"https:\/\/singep.org.br\/13\/es\/wp-json\/wp\/v2\/users\/1"}],"replies":[{"embeddable":true,"href":"https:\/\/singep.org.br\/13\/es\/wp-json\/wp\/v2\/comments?post=9657"}],"version-history":[{"count":3,"href":"https:\/\/singep.org.br\/13\/es\/wp-json\/wp\/v2\/pages\/9657\/revisions"}],"predecessor-version":[{"id":9949,"href":"https:\/\/singep.org.br\/13\/es\/wp-json\/wp\/v2\/pages\/9657\/revisions\/9949"}],"wp:attachment":[{"href":"https:\/\/singep.org.br\/13\/es\/wp-json\/wp\/v2\/media?parent=9657"}],"curies":[{"name":"wp","href":"https:\/\/api.w.org\/{rel}","templated":true}]}}