{"id":9651,"date":"2014-05-23T12:08:52","date_gmt":"2014-05-23T15:08:52","guid":{"rendered":"https:\/\/singep.org.br\/template\/regras-para-submissao\/regra-das-apresentacao\/"},"modified":"2025-09-19T10:49:40","modified_gmt":"2025-09-19T13:49:40","slug":"regra-das-apresentacao","status":"publish","type":"page","link":"https:\/\/singep.org.br\/13\/es\/regras-para-submissao\/regra-das-apresentacao\/","title":{"rendered":"Reglas de Presentaci\u00f3n"},"content":{"rendered":"\n<p>Los art\u00edculos cient\u00edficos, reportes t\u00e9cnicos, p\u00f3sters e reportes PTT (Productos T\u00e9cnicos Tecnol\u00f3gicos) APROBADOS se presentar\u00e1n en sesiones orales.<\/p>\n\n\n\n<p><strong><u>NORMAS PARA LA PRESENTACI\u00d3N DE ART\u00cdCULOS CIENT\u00cdFICOS E REPORTES T\u00c9CNICOS<\/u><\/strong>&nbsp;<\/p>\n\n\n\n<ul class=\"wp-block-list\">\n<li>Cada sesi\u00f3n contar\u00e1 con un coordinador cuya funci\u00f3n ser\u00e1 presentar a los autores, controlar el tempo de presentaci\u00f3n y organizar las discursiones de los trabajos; Se solicita a los presentadores que lleguen a la sala con al menos diez (10) minutos de anticipaci\u00f3n;<\/li>\n\n\n\n<li>Cada trabajo se presentar\u00e1 en un m\u00e1ximo de 15 minutos, siendo el debate promovido por el coordinador de la sesi\u00f3n al final de la \u00faltima presentaci\u00f3n; &nbsp;<\/li>\n\n\n\n<li>La presentaci\u00f3n debe ser en Power Point y el formato de la presentaci\u00f3n es libre;<\/li>\n\n\n\n<li>El uso de la plantilla no es obligatorio, es s\u00f3lo una sugerencia;<\/li>\n\n\n\n<li>El la presentaci\u00f3n, el (los) auto (res) deber\u00e1n presentar su archivo compartiendo la pantalla de su computadora.<\/li>\n<\/ul>\n\n\n\n<p><a href=\"http:\/\/singep.org.br\/13\/wp-content\/uploads\/sites\/20\/2025\/09\/Template_XIISINGEP_Apresentacao-de-Trabalhos_2025.EN_.pptx\">Plantilla de presentaci\u00f3n de informes t\u00e9cnicos y art\u00edculos<\/a><\/p>\n\n\n\n<hr class=\"wp-block-separator has-alpha-channel-opacity\"\/>\n\n\n\n<p><strong><u>NORMAS PARA LA PRESENTACI\u00d3N Y REALIZACI\u00d3N DEL P\u00d3STER<\/u><\/strong><\/p>\n\n\n\n<ul class=\"wp-block-list\">\n<li>Las sesiones de presentaci\u00f3n de p\u00f3sters ser\u00e1n similares a las de art\u00edculos cient\u00edficos. &nbsp;<\/li>\n\n\n\n<li>Sesiones paralelas de presentaci\u00f3n de p\u00f3sters formar\u00e1n parte del programa general.<\/li>\n\n\n\n<li>El uso de la plantilla para la creaci\u00f3n del p\u00f3sters es obligatorio. Los bloques de plantilla se pueden editar para adaptar mejor el contenido del p\u00f3ster. Sin embargo, se deber\u00e1n mantener las caracter\u00edsticas generales del p\u00f3ster (incluido el encabezado con el logotipo del evento), deben mantenerse.<\/li>\n\n\n\n<li>Es obligatorio que el t\u00edtulo del trabajo en el p\u00f3ster sea id\u00e9ntico al t\u00edtulo del trabajo presentado en el evento.<\/li>\n\n\n\n<li>Para la presentaci\u00f3n, el\/los autor (es) deber\u00e1n generar el PDF del poster y compartir la pantalla en su computadora.<\/li>\n<\/ul>\n\n\n\n<p><strong><u><a href=\"http:\/\/singep.org.br\/13\/wp-content\/uploads\/sites\/20\/2025\/09\/Template_XIISingep_Posters_2025.PT_.pptx\">Plantilla de presentaci\u00f3n de p\u00f3ster<\/a><\/u><\/strong><\/p>\n\n\n\n<hr class=\"wp-block-separator has-alpha-channel-opacity\"\/>\n\n\n\n<p><strong><u>NORMAS PARA LA PRESENTACI\u00d3N DE REPORTES SOBRE PRODUCTOS T\u00c9CNICOS Y TECNOL\u00d3GICOS \u2013 PTT<\/u><\/strong><\/p>\n\n\n\n<ul class=\"wp-block-list\">\n<li>&nbsp;Las sesiones de presentaci\u00f3n de PTT ser\u00e1n similares a las de los art\u00edculos cient\u00edficos.<\/li>\n\n\n\n<li>Sesiones paralelas de presentaci\u00f3n de PTT ser\u00e1n parte del programa general.<\/li>\n\n\n\n<li>Cada trabajo se presentar\u00e1 en un m\u00e1ximo de 15 minutos, siendo el debate promovido por el coordinador de la sesi\u00f3n al final de la \u00faltima presentaci\u00f3n.<\/li>\n\n\n\n<li>Las plantillas proporcionadas deben utilizarse para presentaciones y su contenido es meramente uma sugerencia para orientaci\u00f3n del autor.<\/li>\n<\/ul>\n\n\n\n<p><strong><a href=\"http:\/\/singep.org.br\/13\/wp-content\/uploads\/sites\/20\/2025\/09\/Template_XIISINGEP_Apresentacao-PTT_2025.pptx\">Plantilla de presentaci\u00f3n PTT<\/a><\/strong><\/p>\n\n\n\n<hr class=\"wp-block-separator has-alpha-channel-opacity\"\/>\n\n\n\n<p><strong><u>REGLAS PARA LA PRESENTACI\u00d3N DE UM CONSORCIO DE DOCTORADO.<\/u><\/strong><\/p>\n\n\n\n<ul class=\"wp-block-list\">\n<li>Las presentaciones en el Consorcio Doctoral Internacional se realizar\u00e1n exclusivamente en ingl\u00e9s, al igual que los comentarios de los profesores sobre los trabajos presentados.<\/li>\n\n\n\n<li>El doctorando dispondr\u00e1 de 10 minutos para realizar su exposici\u00f3n y, posteriormente, se realizar\u00e1n los comentarios por parte de los profesores participantes.<\/li>\n<\/ul>\n\n\n\n<p><strong><u><a href=\"http:\/\/singep.org.br\/13\/wp-content\/uploads\/sites\/20\/2025\/09\/Template_XIISINGEP_Consorcio-doutoral_2025.pptx\">Plantilla de presentaci\u00f3n del consorcio doctoral<\/a><\/u><\/strong><\/p>\n\n\n\n<p><\/p>\n","protected":false},"excerpt":{"rendered":"<p>Los art\u00edculos cient\u00edficos, reportes t\u00e9cnicos, p\u00f3sters e reportes PTT (Productos T\u00e9cnicos Tecnol\u00f3gicos) APROBADOS se presentar\u00e1n en sesiones orales. NORMAS PARA LA PRESENTACI\u00d3N DE ART\u00cdCULOS CIENT\u00cdFICOS E REPORTES T\u00c9CNICOS&nbsp; Plantilla de presentaci\u00f3n de informes t\u00e9cnicos y art\u00edculos NORMAS PARA LA PRESENTACI\u00d3N Y REALIZACI\u00d3N DEL P\u00d3STER Plantilla&nbsp;<a href=\"https:\/\/singep.org.br\/13\/es\/regras-para-submissao\/regra-das-apresentacao\/\">&hellip;<\/a><\/p>\n","protected":false},"author":1,"featured_media":0,"parent":9641,"menu_order":0,"comment_status":"closed","ping_status":"closed","template":"","meta":{"footnotes":""},"class_list":["post-9651","page","type-page","status-publish","hentry","odd"],"jetpack_sharing_enabled":true,"_links":{"self":[{"href":"https:\/\/singep.org.br\/13\/es\/wp-json\/wp\/v2\/pages\/9651","targetHints":{"allow":["GET"]}}],"collection":[{"href":"https:\/\/singep.org.br\/13\/es\/wp-json\/wp\/v2\/pages"}],"about":[{"href":"https:\/\/singep.org.br\/13\/es\/wp-json\/wp\/v2\/types\/page"}],"author":[{"embeddable":true,"href":"https:\/\/singep.org.br\/13\/es\/wp-json\/wp\/v2\/users\/1"}],"replies":[{"embeddable":true,"href":"https:\/\/singep.org.br\/13\/es\/wp-json\/wp\/v2\/comments?post=9651"}],"version-history":[{"count":5,"href":"https:\/\/singep.org.br\/13\/es\/wp-json\/wp\/v2\/pages\/9651\/revisions"}],"predecessor-version":[{"id":10472,"href":"https:\/\/singep.org.br\/13\/es\/wp-json\/wp\/v2\/pages\/9651\/revisions\/10472"}],"up":[{"embeddable":true,"href":"https:\/\/singep.org.br\/13\/es\/wp-json\/wp\/v2\/pages\/9641"}],"wp:attachment":[{"href":"https:\/\/singep.org.br\/13\/es\/wp-json\/wp\/v2\/media?parent=9651"}],"curies":[{"name":"wp","href":"https:\/\/api.w.org\/{rel}","templated":true}]}}