{"id":9649,"date":"2014-05-23T12:03:48","date_gmt":"2014-05-23T15:03:48","guid":{"rendered":"https:\/\/singep.org.br\/template\/regras-para-submissao\/formatacao-poster\/"},"modified":"2025-04-28T12:09:20","modified_gmt":"2025-04-28T15:09:20","slug":"formatacao-poster","status":"publish","type":"page","link":"https:\/\/singep.org.br\/13\/es\/regras-para-submissao\/formatacao-poster\/","title":{"rendered":"Formato de P\u00f3ster"},"content":{"rendered":"\n<p>Cada autor podr\u00e1 presentar un m\u00e1ximo de 4 trabajos para el XIII SINGEP-CIK.<\/p>\n\n\n\n<p>Cada trabajo podr\u00e1 tener <strong>hasta 4 autores<\/strong>.<\/p>\n\n\n\n<p><strong>Plantilla: <\/strong>El uso de la plantilla es obligatorio. Los archivos enviados sin la plantilla ser\u00e1n descalificados autom\u00e1ticamente. (<a href=\"https:\/\/singep.org.br\/13\/wp-content\/uploads\/sites\/20\/2025\/04\/template_XIIISINGEP_Poster_2025.docx\">de clic aqu\u00ed para hacer Download<\/a>).<\/p>\n\n\n\n<p><strong>Formato del archivo de env\u00edo:<\/strong> PDF<br><br><strong>Idioma:<\/strong> Portugu\u00e9s, Ingl\u00e9s o Espa\u00f1ol<br><br><strong>Fuente del texto<\/strong>: Times New Roman, tama\u00f1o 12<br><br><strong>Interlineado:<\/strong> sencillo<br><br><strong>Espaciado entre caracteres:<\/strong> normal<br><br><strong>L\u00edmite de p\u00e1ginas<\/strong>: m\u00ednimo 2, m\u00e1ximo 4 p\u00e1ginas<br><br><strong>Tama\u00f1o del papel:<\/strong> A4<br><br><strong>M\u00e1rgenes:<\/strong> Superior: 3cm \/ Inferior: 2cm \/ Izquierdo: 3cm \/ Derecho: 2cm<\/p>\n\n\n\n<p><strong>P\u00e1rrafo: <\/strong>Texto justificado<br><br><strong>Paginaci\u00f3n:<\/strong> el n\u00famero de p\u00e1ginas en el pie de p\u00e1gina, alineadas al lado derecho, ya est\u00e1 en la plantilla.<\/p>\n\n\n\n<p><strong>Notas:<\/strong> No deben colocarse en el pie de p\u00e1gina si no insertarse como notas finales.<\/p>\n\n\n\n<p><strong>Figuras y tablas:<\/strong> Todas las figuras y tablas deben tener t\u00edtulos y seguir las normas APA. Por tanto, en el caso de figuras (cuadros, gr\u00e1ficos, dibujos, etc.) los respectivos t\u00edtulos deber\u00e1n ubicarse debajo de las mismas, justificados a la izquierda, en fuente <em>Times New Roman<\/em>, tama\u00f1o 10 (diez). En las tablas, los t\u00edtulos deber\u00e1n estar posicionados encima de las mismas, deber\u00e1n estar centrados y tener fuente <em>Times New Roman<\/em>, tama\u00f1o 10 (diez).<br><br><strong>Citas y referencias bibliogr\u00e1ficas:<\/strong> Las citas deben insertarse en el cuerpo del texto, seg\u00fan el sistema autor-fecha, agregando el n\u00famero de p\u00e1gina en el caso de cita directa. Las referencias bibliogr\u00e1ficas deben presentarse en orden alfab\u00e9tico al final del trabajo, seg\u00fan la norma de la <em>Asociaci\u00f3n Americana de Psicolog\u00eda<\/em> (APA).<\/p>\n\n\n\n<p><strong>Observaciones:<\/strong><br><br><\/p>\n\n\n\n<p>No se aceptar\u00e1n para su presentaci\u00f3n obras que no cumplan con las caracter\u00edsticas y criterios t\u00e9cnicos requeridos.<br><br><strong>El trabajo deber\u00e1 ser enviado en un (1) solo archivo, sin identificaci\u00f3n de autores, sin instituci\u00f3n y sin correo electr\u00f3nico. Las obras cuya autor\u00eda sea identificada ser\u00e1n autom\u00e1ticamente excluidas del evento.<\/strong><\/p>\n\n\n\n<p><strong>MODALIDAD POSTER<\/strong><br><br>El documento presentado en la modalidad p\u00f3ster deber\u00e1 contener un m\u00ednimo de dos (2) y un m\u00e1ximo de cuatro (4) p\u00e1ginas, incluyendo ilustraciones, referencias y notas finales.<br><br>Resumen estructurado (debe aparecer \u00fanicamente en la plataforma de env\u00edo):<br><br>Sugerimos que los autores preparen el resumen estructurado en un documento separado y copien y peguen cada elemento en el campo espec\u00edfico al momento del env\u00edo.<br><br>El resumen estructurado del p\u00f3ster incluye los siguientes elementos y debe tener un m\u00e1ximo de 250 palabras:<\/p>\n\n\n\n<ul class=\"wp-block-list\">\n<li>Objetivo del estudio (m\u00e1ximo 42 palabras)<\/li>\n\n\n\n<li>Relevancia\/originalidad (m\u00e1ximo 42 palabras)<\/li>\n\n\n\n<li>Metodolog\u00eda\/enfoque (m\u00e1ximo 42 palabras)<\/li>\n\n\n\n<li>Resultados principales (m\u00e1ximo 42 palabras)<\/li>\n\n\n\n<li>Contribuciones te\u00f3ricas\/metodol\u00f3gicas (m\u00e1ximo 42 palabras)<\/li>\n\n\n\n<li>Contribuciones sociales\/de la gesti\u00f3n (m\u00e1ximo 42 palabras)<\/li>\n<\/ul>\n\n\n\n<p>El T\u00edtulo, Resumen Estructurado y Palabras Clave deber\u00e1n ser escritos en dos versiones, independientemente del idioma elegido para el env\u00edo del poster:<strong> 1\u00aa versi\u00f3n en portugu\u00e9s; y la 2da versi\u00f3n en ingl\u00e9s.<\/strong><br><br><strong>Campos a rellenar en la plataforma de env\u00edo:<\/strong><\/p>\n\n\n\n<ul class=\"wp-block-list\">\n<li>T\u00edtulo de la obra en portugu\u00e9s: en may\u00fasculas.<\/li>\n\n\n\n<li>T\u00edtulo de la obra en ingl\u00e9s: en may\u00fasculas.<\/li>\n\n\n\n<li>Palabras clave: en portugu\u00e9s, m\u00ednimo tres (3) y m\u00e1ximo cinco (5).<\/li>\n\n\n\n<li>Palabras clave: en ingl\u00e9s, deben ser las mismas que las definidas en portugu\u00e9s.<\/li>\n\n\n\n<li>Campos de resumen estructurados: en portugu\u00e9s<\/li>\n\n\n\n<li>Campos de resumen estructurados: en ingl\u00e9s<\/li>\n\n\n\n<li><strong>Estructura sugerida para presentaci\u00f3n en formato P\u00f3ster (parte textual):<\/strong><br><br><strong>(No incluir el resumen estructurado en el PDF, s\u00f3lo debe incluirse en la plataforma de env\u00edo).<\/strong><\/li>\n<\/ul>\n\n\n\n<ul class=\"wp-block-list\">\n<li>T\u00cdTULO (en el idioma del texto)<\/li>\n\n\n\n<li>Introducci\u00f3n (contiene tema, problema de investigaci\u00f3n y objetivos)<\/li>\n\n\n\n<li>El marco te\u00f3rico<\/li>\n\n\n\n<li>Metodolog\u00eda<\/li>\n\n\n\n<li>\u00a0An\u00e1lisis de resultados y Discusiones<\/li>\n\n\n\n<li>Conclusiones\/Consideraciones finales<\/li>\n\n\n\n<li>Referencias<\/li>\n<\/ul>\n\n\n\n<p><strong>Plantilla obligatoria:<\/strong>\u00a0(<a href=\"https:\/\/singep.org.br\/13\/wp-content\/uploads\/sites\/20\/2025\/04\/template_XIIISINGEP_Poster_2025.docx\">clic aqu\u00ed para descargar<\/a>).<\/p>\n\n\n\n<p><strong>Presentaci\u00f3n: <a href=\"https:\/\/submissao.singep.org.br\/13singep\/login.php\">haga clic aqu\u00ed para acceder al sistema<\/a><\/strong><\/p>\n","protected":false},"excerpt":{"rendered":"<p>Cada autor podr\u00e1 presentar un m\u00e1ximo de 4 trabajos para el XIII SINGEP-CIK. Cada trabajo podr\u00e1 tener hasta 4 autores. Plantilla: El uso de la plantilla es obligatorio. Los archivos enviados sin la plantilla ser\u00e1n descalificados autom\u00e1ticamente. (de clic aqu\u00ed para hacer Download). Formato del&nbsp;<a href=\"https:\/\/singep.org.br\/13\/es\/regras-para-submissao\/formatacao-poster\/\">&hellip;<\/a><\/p>\n","protected":false},"author":1,"featured_media":0,"parent":9641,"menu_order":0,"comment_status":"closed","ping_status":"closed","template":"","meta":{"footnotes":""},"class_list":["post-9649","page","type-page","status-publish","hentry","odd"],"jetpack_sharing_enabled":true,"_links":{"self":[{"href":"https:\/\/singep.org.br\/13\/es\/wp-json\/wp\/v2\/pages\/9649","targetHints":{"allow":["GET"]}}],"collection":[{"href":"https:\/\/singep.org.br\/13\/es\/wp-json\/wp\/v2\/pages"}],"about":[{"href":"https:\/\/singep.org.br\/13\/es\/wp-json\/wp\/v2\/types\/page"}],"author":[{"embeddable":true,"href":"https:\/\/singep.org.br\/13\/es\/wp-json\/wp\/v2\/users\/1"}],"replies":[{"embeddable":true,"href":"https:\/\/singep.org.br\/13\/es\/wp-json\/wp\/v2\/comments?post=9649"}],"version-history":[{"count":2,"href":"https:\/\/singep.org.br\/13\/es\/wp-json\/wp\/v2\/pages\/9649\/revisions"}],"predecessor-version":[{"id":9940,"href":"https:\/\/singep.org.br\/13\/es\/wp-json\/wp\/v2\/pages\/9649\/revisions\/9940"}],"up":[{"embeddable":true,"href":"https:\/\/singep.org.br\/13\/es\/wp-json\/wp\/v2\/pages\/9641"}],"wp:attachment":[{"href":"https:\/\/singep.org.br\/13\/es\/wp-json\/wp\/v2\/media?parent=9649"}],"curies":[{"name":"wp","href":"https:\/\/api.w.org\/{rel}","templated":true}]}}