{"id":9643,"date":"2014-05-23T14:09:06","date_gmt":"2014-05-23T17:09:06","guid":{"rendered":"https:\/\/singep.org.br\/template\/regras-para-submissao\/formatacao-para-artigos-cientificos\/"},"modified":"2025-04-28T11:59:49","modified_gmt":"2025-04-28T14:59:49","slug":"formatacao-para-artigos-cientificos","status":"publish","type":"page","link":"https:\/\/singep.org.br\/13\/es\/regras-para-submissao\/formatacao-para-artigos-cientificos\/","title":{"rendered":"Formato para Art\u00edculos Cient\u00edficos"},"content":{"rendered":"\n<p><strong>Cada autor podr\u00e1 presentar, como m\u00e1ximo, 4 trabajos para el evento XIII SINGEP-CIK.<\/strong><\/p>\n\n\n\n<p>Cada trabajo podr\u00e1 tener hasta<strong> 4 autores<\/strong>.<\/p>\n\n\n\n<p><strong>Plantilla:<\/strong>\u00a0La utilizaci\u00f3n de la Plantilla es obligatoria. Archivos que sean enviados sin la plantilla, ser\u00e1n autom\u00e1ticamente desclassificados. (<a href=\"https:\/\/singep.org.br\/13\/wp-content\/uploads\/sites\/20\/2025\/04\/template_XIIISINGEP_Artigo-Cientifico_2025.docx\">clic aqui para descargar<\/a>).<\/p>\n\n\n\n<p><strong>Formato del archivo para la presentaci\u00f3n:&nbsp;<\/strong>PDF<\/p>\n\n\n\n<p><strong>Idioma:<\/strong>&nbsp;Portugu\u00e9s, Ingl\u00e9s o Espa\u00f1ol<\/p>\n\n\n\n<p><strong>Fuente del texto:&nbsp;<\/strong>Times New Roman, tama\u00f1o 12<\/p>\n\n\n\n<p><strong>Interlineado:<\/strong>&nbsp;Sencillo<\/p>\n\n\n\n<p><strong>Espaciado de caracteres:&nbsp;<\/strong>normal<\/p>\n\n\n\n<p><strong>L\u00edmite de p\u00e1ginas<\/strong>:&nbsp;m\u00ednimo 8, m\u00e1ximo 16 p\u00e1ginas<\/p>\n\n\n\n<p><strong>Tama\u00f1o del Papel:<\/strong>&nbsp;A4<\/p>\n\n\n\n<p><strong>M\u00e1rgenes:<\/strong>&nbsp;Superior: 3cm \/ Inferior: 2 cm \/ Izquierda: 3 cm \/ Derecha: 2 cm<\/p>\n\n\n\n<p><strong>P\u00e1rrafo:<\/strong>&nbsp;Texto Justificado<\/p>\n\n\n\n<p><strong>Paginaci\u00f3n:<\/strong>&nbsp;Insertar n\u00famero de p\u00e1gina en el pie de p\u00e1gina, con alienaci\u00f3n al lado derecho, ya est\u00e1 en la planilla.<strong><\/strong><\/p>\n\n\n\n<p><strong>Notas:&nbsp;<\/strong>No deben colocarse en el pie de p\u00e1gina, si no insertarse como notas finales del texto.<\/p>\n\n\n\n<p><strong>Figuras y Tablas:&nbsp;<\/strong>Todas las figuras y tablas deben tener subt\u00edtulos y seguir las normas &nbsp;APA. Por lo tanto, en el caso de figuras (cuadros, gr\u00e1ficos, dise\u00f1os etc.) los respectivos t\u00edtulos deber\u00e1n estar posicionados debajo de los mismos,&nbsp; justificadas a la izquierda, con la fuente <em>Times New Roman<\/em>, tama\u00f1o 10 (diez). En las tablas los t\u00edtulos deben colocarse encima de ellas, deben estar centradas y tambi\u00e9n tener fuente <em>Times New Roman<\/em>, tama\u00f1o 10 (diez).<\/p>\n\n\n\n<p><strong>Citas y referencias bibliogr\u00e1ficas: <\/strong>Las citas deben insertarse en el cuerpo del texto, seg\u00fan el sistema (autor-fecha), adicionar los n\u00fameros de a p\u00e1gina dado el caso. Las referencias bibliogr\u00e1ficas deber\u00e1n se presentadas en order alfab\u00e9tico al final del trabajo, de acuerdo con la norma American Psychological Association (APA).<\/p>\n\n\n\n<p><strong>Observaciones:<\/strong><\/p>\n\n\n\n<p>Los trabajos que no est\u00e9n de acuerdo con las caracter\u00edsticas y los crit\u00e9rios t\u00e9cnicos exigidos, no tendr\u00e1n su presentaci\u00f3n aceptada.<\/p>\n\n\n\n<p><strong>Los trabajos se deber\u00e1n enviar en un (1) \u00fanico archivo, sin identificaci\u00f3n de autores, sin instituci\u00f3n y sin correo electronico. Trabajos cuya autoria sea identificada ser\u00e1n automaticamente exclu\u00eddos del evento.<\/strong><\/p>\n\n\n\n<p><strong>MODALIDAD ARTICULO CIENT\u00cdFICO<\/strong><\/p>\n\n\n\n<p>El articulo cient\u00edfico debe contener como m\u00ednimo ocho (8) y no m\u00e1ximo diecis\u00e9is (16) p\u00e1ginas, incluyendo ilustraciones refer\u00eancias y notas al final del texto.<\/p>\n\n\n\n<p><strong>Resumen Estructurado&nbsp;<\/strong><em>(debe aparecer unicamente en la plataforma de env\u00edo):<\/em><\/p>\n\n\n\n<p>Sugerimos a los autores que preparen el resumen estructurado en un documento separado copien y peguen cada \u00edtem en el campo espec\u00edfico al momento del env\u00edo.<\/p>\n\n\n\n<p>El resumen estructurado del art\u00edculo cient\u00edfico contempla los siguientes \u00edtens y debe tener un <strong>&nbsp;m\u00e1ximo de doscientas cincuenta 250 palabras<\/strong>:<\/p>\n\n\n\n<ul class=\"wp-block-list\">\n<li>Objetivo del estudio (m\u00e1ximo 42 palabras)<\/li>\n\n\n\n<li>Relevancia\/originalidad (m\u00e1ximo 42 palabras)<\/li>\n\n\n\n<li>Metodolog\u00eda\/abordaje (m\u00e1ximo 42 palabras)<\/li>\n\n\n\n<li>Principales resultados (m\u00e1ximo 42 palabras)<\/li>\n\n\n\n<li>Contribuciones te\u00f3ricas\/metodol\u00f3gicas (m\u00e1ximo 42 palabras)<\/li>\n\n\n\n<li>Contribuciones sociales\/para la gesti\u00f3n (m\u00e1ximo 42 palabras)<\/li>\n<\/ul>\n\n\n\n<p>El t\u00edtulo,&nbsp; Resumen Estructurado y las Palabras-claves deber\u00e1n ser escritas en dos versiones, independientemente del idioma escogido para la presentaci\u00f3n del articulo cient\u00edfico:&nbsp;La <strong>1\u00aa versi\u00f3n en portugu\u00e9s<\/strong>; y la&nbsp;<strong>2\u00aa versi\u00f3n en ingl\u00e9s<\/strong>.<\/p>\n\n\n\n<p><strong>Campos para llenar em la plataforma de env\u00edo:<\/strong><\/p>\n\n\n\n<ul class=\"wp-block-list\">\n<li>T\u00edtulo del trabajo en portugu\u00e9s: en letra may\u00fascula.<\/li>\n\n\n\n<li>T\u00edtulo del trabajo en ingl\u00e9s: en letra may\u00fascula.<\/li>\n\n\n\n<li>Palabras-clave: en portugu\u00e9s, como no m\u00ednimo tr\u00eas (3) y como m\u00e1ximo cinco (5).<\/li>\n\n\n\n<li>Palabras-clave: en ingl\u00e9s, deben ser las mismas que en portugu\u00e9s.<\/li>\n\n\n\n<li>Campos do resumen estructurados: en portugu\u00e9s<\/li>\n\n\n\n<li>Campos do resumen estructurados: en ingl\u00e9s<\/li>\n<\/ul>\n\n\n\n<p><strong><u>Estructura sugerida para el art\u00edculo cient\u00edfico&nbsp;<\/u><\/strong><strong>(parte textual)<\/strong><\/p>\n\n\n\n<p><strong>(No incluir el resumen estructurado en el PDF, solo deve ser inclu\u00eddo en la &nbsp;plataforma de env\u00edo).<\/strong><\/p>\n\n\n\n<ul class=\"wp-block-list\">\n<li>T\u00cdTULO (en el idioma del texto)<\/li>\n\n\n\n<li>Introducci\u00f3n (contiene tema, problema de investigaci\u00f3n y objetivos)<\/li>\n\n\n\n<li>Marco Te\u00f3rico<\/li>\n\n\n\n<li>Metodologia<\/li>\n\n\n\n<li>An\u00e1lisis de resultados y Discusiones<\/li>\n\n\n\n<li>Conclusiones\/Consideraciones finales<\/li>\n\n\n\n<li>Referencias<\/li>\n<\/ul>\n\n\n\n<p><strong>Plantilla obligatoria:<\/strong>\u00a0(<a href=\"https:\/\/singep.org.br\/13\/wp-content\/uploads\/sites\/20\/2025\/04\/template_XIIISINGEP_Artigo-Cientifico_2025.docx\">clic aqui para descargar<\/a>).<\/p>\n\n\n\n<p><strong>Env\u00edo:<\/strong>&nbsp;haga <a href=\"https:\/\/submissao.singep.org.br\/13singep\/login.php\">clic aqui para acceder al sistema<\/a><\/p>\n","protected":false},"excerpt":{"rendered":"<p>Cada autor podr\u00e1 presentar, como m\u00e1ximo, 4 trabajos para el evento XIII SINGEP-CIK. Cada trabajo podr\u00e1 tener hasta 4 autores. Plantilla:\u00a0La utilizaci\u00f3n de la Plantilla es obligatoria. Archivos que sean enviados sin la plantilla, ser\u00e1n autom\u00e1ticamente desclassificados. (clic aqui para descargar). Formato del archivo para&nbsp;<a href=\"https:\/\/singep.org.br\/13\/es\/regras-para-submissao\/formatacao-para-artigos-cientificos\/\">&hellip;<\/a><\/p>\n","protected":false},"author":1,"featured_media":0,"parent":9641,"menu_order":0,"comment_status":"closed","ping_status":"closed","template":"","meta":{"footnotes":""},"class_list":["post-9643","page","type-page","status-publish","hentry","odd"],"jetpack_sharing_enabled":true,"_links":{"self":[{"href":"https:\/\/singep.org.br\/13\/es\/wp-json\/wp\/v2\/pages\/9643","targetHints":{"allow":["GET"]}}],"collection":[{"href":"https:\/\/singep.org.br\/13\/es\/wp-json\/wp\/v2\/pages"}],"about":[{"href":"https:\/\/singep.org.br\/13\/es\/wp-json\/wp\/v2\/types\/page"}],"author":[{"embeddable":true,"href":"https:\/\/singep.org.br\/13\/es\/wp-json\/wp\/v2\/users\/1"}],"replies":[{"embeddable":true,"href":"https:\/\/singep.org.br\/13\/es\/wp-json\/wp\/v2\/comments?post=9643"}],"version-history":[{"count":3,"href":"https:\/\/singep.org.br\/13\/es\/wp-json\/wp\/v2\/pages\/9643\/revisions"}],"predecessor-version":[{"id":9934,"href":"https:\/\/singep.org.br\/13\/es\/wp-json\/wp\/v2\/pages\/9643\/revisions\/9934"}],"up":[{"embeddable":true,"href":"https:\/\/singep.org.br\/13\/es\/wp-json\/wp\/v2\/pages\/9641"}],"wp:attachment":[{"href":"https:\/\/singep.org.br\/13\/es\/wp-json\/wp\/v2\/media?parent=9643"}],"curies":[{"name":"wp","href":"https:\/\/api.w.org\/{rel}","templated":true}]}}