{"id":9639,"date":"2014-05-26T17:04:13","date_gmt":"2014-05-26T20:04:13","guid":{"rendered":"https:\/\/singep.org.br\/template\/areas\/sustentabilidade\/"},"modified":"2025-04-28T11:48:26","modified_gmt":"2025-04-28T14:48:26","slug":"sustentabilidade","status":"publish","type":"page","link":"https:\/\/singep.org.br\/13\/es\/areas\/sustentabilidade\/","title":{"rendered":"Sostenibilidad"},"content":{"rendered":"\n<p><strong>Caminos hacia un futuro sostenible: Avances y desaf\u00edos en la investigaci\u00f3n en sostenibilidad en el XIII SINGEP-CIK<\/strong><br><br><strong>L\u00edderes:<\/strong><\/p>\n\n\n\n<ul class=\"wp-block-list\">\n<li>Heidy Rodriguez Ramos \u2013 Programa de Postgrado en Administraci\u00f3n y Programa de Postgrado en Ciudades Inteligentes y Sostenibles de la Universidad Nove de Julho (UNINOVE)<\/li>\n\n\n\n<li>Claudia Mar\u00eda da Silva Bezerra \u2013 Instituto para el Desarrollo y el Aprendizaje (IDEA).<\/li>\n\n\n\n<li>Marcela Barbosa de Moraes \u2013 Programa de Postgrado en Gesti\u00f3n y Desarrollo Regional de la Universidad de Taubat\u00e9 (UNITAU).<\/li>\n\n\n\n<li>Marcelo Roger Meneghatti &#8211; Universidad Estadual de Paran\u00e1 (UNESPAR) y Programa de Postgrado Profesional en Administraci\u00f3n de la Universidad Estadual del Oeste de Paran\u00e1 (UNIOESTE).<\/li>\n<\/ul>\n\n\n\n<p>El cambio clim\u00e1tico, la p\u00e9rdida de biodiversidad, los desastres ambientales y la escasez de recursos naturales exigen una nueva agenda de gesti\u00f3n organizacional, pol\u00edticas p\u00fablicas y desarrollo cient\u00edfico. El avance de las tecnolog\u00edas digitales, los criterios regulatorios globales y la presi\u00f3n de la sociedad civil demandan soluciones integrales, innovadoras y basadas en evidencia para enfrentar los desaf\u00edos socioambientales actuales.<\/p>\n\n\n\n<p>Ante este escenario, el XIII SINGEP-CIK invita a investigadores del \u00e1rea de Sostenibilidad a presentar estudios que aborden las grandes tem\u00e1ticas relacionadas con la transici\u00f3n ecol\u00f3gica, la justicia clim\u00e1tica, la econom\u00eda regenerativa, as\u00ed como la construcci\u00f3n de sociedades resilientes. El evento invita a presentar trabajos que exploren estos desaf\u00edos bajo diferentes enfoques metodol\u00f3gicos, ya sea a trav\u00e9s de estudios emp\u00edricos o te\u00f3ricos, involucrando datos cualitativos y\/o cuantitativos. Buscamos investigaciones que hagan avanzar el conocimiento acad\u00e9mico y ofrezcan contribuciones pr\u00e1cticas a los gerentes y formuladores de pol\u00edticas.<\/p>\n\n\n\n<p>Invitamos a la comunidad acad\u00e9mica a presentar art\u00edculos que contribuyan al avance del conocimiento en el \u00e1rea de la Sostenibilidad, fomentando el intercambio de ideas, experiencias y enfoques innovadores orientados a construir soluciones a los desaf\u00edos ambientales, sociales y econ\u00f3micos que enfrenta la sociedad contempor\u00e1nea, adem\u00e1s de promover la reflexi\u00f3n cr\u00edtica y la aplicaci\u00f3n de soluciones en diferentes contextos y escalas.<\/p>\n\n\n\n<p>Los trabajos en el \u00e1rea de Sostenibilidad del XIII SINGEP-CIK podr\u00e1 centrarse en los siguientes temas:<\/p>\n\n\n\n<ol start=\"1\" class=\"wp-block-list\">\n<li>\u2060Descarbonizaci\u00f3n y mitigaci\u00f3n del cambio clim\u00e1tico.\u00a0<\/li>\n\n\n\n<li>Econom\u00eda circular y modelos regenerativos.<\/li>\n\n\n\n<li>Indicadores de sostenibilidad.<\/li>\n\n\n\n<li>\u2060Log\u00edstica inversa y gesti\u00f3n de residuos.<\/li>\n\n\n\n<li>Pol\u00edticas P\u00fablicas y Marco Regulatorio Ambiental.<\/li>\n\n\n\n<li>\u2060\u2060Responsabilidad Social Corporativa y ESG.<\/li>\n\n\n\n<li>\u2060Ciudades inteligentes, sostenibles y resilientes.<\/li>\n\n\n\n<li>\u2060Eficiencia energ\u00e9tica y uso de energ\u00edas renovables.<\/li>\n\n\n\n<li>\u2060Edificios sostenibles.<\/li>\n\n\n\n<li>\u2060Metodolog\u00edas de investigaci\u00f3n en sostenibilidad.<\/li>\n\n\n\n<li>\u2060\u2060Temas emergentes en sostenibilidad.<\/li>\n\n\n\n<li>Investigaci\u00f3n cient\u00edfica sobre sostenibilidad e impacto en la sociedad: contribuciones al logro de los Objetivos de Desarrollo Sostenible.<br><br><\/li>\n<\/ol>\n\n\n\n<p>\u00a1Env\u00eda tu art\u00edculo y contribuye al avance de la Sostenibilidad en la intersecci\u00f3n de la teor\u00eda y la pr\u00e1ctica!<\/p>\n","protected":false},"excerpt":{"rendered":"<p>Caminos hacia un futuro sostenible: Avances y desaf\u00edos en la investigaci\u00f3n en sostenibilidad en el XIII SINGEP-CIK L\u00edderes: El cambio clim\u00e1tico, la p\u00e9rdida de biodiversidad, los desastres ambientales y la escasez de recursos naturales exigen una nueva agenda de gesti\u00f3n organizacional, pol\u00edticas p\u00fablicas y desarrollo&nbsp;<a href=\"https:\/\/singep.org.br\/13\/es\/areas\/sustentabilidade\/\">&hellip;<\/a><\/p>\n","protected":false},"author":1,"featured_media":0,"parent":9629,"menu_order":0,"comment_status":"closed","ping_status":"closed","template":"","meta":{"footnotes":""},"class_list":["post-9639","page","type-page","status-publish","hentry","odd"],"jetpack_sharing_enabled":true,"_links":{"self":[{"href":"https:\/\/singep.org.br\/13\/es\/wp-json\/wp\/v2\/pages\/9639","targetHints":{"allow":["GET"]}}],"collection":[{"href":"https:\/\/singep.org.br\/13\/es\/wp-json\/wp\/v2\/pages"}],"about":[{"href":"https:\/\/singep.org.br\/13\/es\/wp-json\/wp\/v2\/types\/page"}],"author":[{"embeddable":true,"href":"https:\/\/singep.org.br\/13\/es\/wp-json\/wp\/v2\/users\/1"}],"replies":[{"embeddable":true,"href":"https:\/\/singep.org.br\/13\/es\/wp-json\/wp\/v2\/comments?post=9639"}],"version-history":[{"count":3,"href":"https:\/\/singep.org.br\/13\/es\/wp-json\/wp\/v2\/pages\/9639\/revisions"}],"predecessor-version":[{"id":9927,"href":"https:\/\/singep.org.br\/13\/es\/wp-json\/wp\/v2\/pages\/9639\/revisions\/9927"}],"up":[{"embeddable":true,"href":"https:\/\/singep.org.br\/13\/es\/wp-json\/wp\/v2\/pages\/9629"}],"wp:attachment":[{"href":"https:\/\/singep.org.br\/13\/es\/wp-json\/wp\/v2\/media?parent=9639"}],"curies":[{"name":"wp","href":"https:\/\/api.w.org\/{rel}","templated":true}]}}