{"id":9637,"date":"2021-05-03T16:11:36","date_gmt":"2021-05-03T19:11:36","guid":{"rendered":"https:\/\/singep.org.br\/template\/areas\/marketing\/"},"modified":"2025-04-28T11:46:29","modified_gmt":"2025-04-28T14:46:29","slug":"marketing","status":"publish","type":"page","link":"https:\/\/singep.org.br\/13\/es\/areas\/marketing\/","title":{"rendered":"Marketing"},"content":{"rendered":"\n<p><strong>Desaf\u00edos y vulnerabilidades del marketing contempor\u00e1neo: reflexiones sobre las relaciones sostenibles con el consumidor en el XIII SINGEP-CIK<\/strong><strong><\/strong><\/p>\n\n\n\n<p>L\u00edderes:<\/p>\n\n\n\n<ul class=\"wp-block-list\">\n<li>Leonardo Vils \u2013 Programa de Postgrado en Gesti\u00f3n de Proyectos y Programa de Postgrado en Administraci\u00f3n de la Universidade Nove de Julho (UNINOVE)<\/li>\n\n\n\n<li>Andr\u00e9 Torres Urdan \u2013 Programa de Postgrado en Administraci\u00f3n de la Universidad Nove de Julho (UNINOVE)<\/li>\n\n\n\n<li>Eduardo Mesquita \u2013 Escuela Superior de Publicidad y Marketing ESPM \u2013 SP<\/li>\n\n\n\n<li>Christian Gomes-e-Souza Munaier &#8211; Instituto Tecnol\u00f3gico y de Estudios Superiores de Monterrey (ITESM) &#8211; M\u00e9xico<\/li>\n<\/ul>\n\n\n\n<p>La era de la transformaci\u00f3n digital, catalizada por la llegada de las redes sociales y la inteligencia artificial, ha reconfigurado el panorama del marketing contempor\u00e1neo, ofreciendo oportunidades sin precedentes para la interacci\u00f3n entre marcas y consumidores. Ante este escenario, el XIII SINGEP-CIK invita a investigadores del \u00e1rea de Marketing a contribuir con estudios que discutan las nuevas oportunidades y vulnerabilidades que surgen.<\/p>\n\n\n\n<p>Este nuevo escenario expone una serie de vulnerabilidades que requere an\u00e1lisis y reflexi\u00f3n acad\u00e9mica, destac\u00e1ndose la dimensi\u00f3n de las noticias falsas (<em>fake news<\/em>), la proliferaci\u00f3n de juegos online, el aumento del consumo compulsivo, la influencia de personalidades t\u00f3xicas, la comercializaci\u00f3n de evaluaciones y el aumento de las adicciones relacionadas con el juego. Buscamos estudios que aborden el alcance de estas vulnerabilidades y el desarrollo de estrategias que mitiguen sus impactos negativos, promoviendo as\u00ed pr\u00e1cticas de comercializaci\u00f3n m\u00e1s responsables y sostenibles.<\/p>\n\n\n\n<p>El XIII SINGEP-CIK invita a presentar trabajos que exploren estos desaf\u00edos bajo diferentes enfoques metodol\u00f3gicos, ya sea a trav\u00e9s de estudios emp\u00edricos o te\u00f3ricos, involucrando datos cualitativos y\/o cuantitativos. Buscamos investigaciones que hagan avanzar el conocimiento acad\u00e9mico y ofrezcan contribuciones pr\u00e1cticas a los gerentes y formuladores de pol\u00edticas.<br><br>Invitamos a la comunidad acad\u00e9mica a participar en esta discusi\u00f3n, promover el intercambio de ideas que puedan impulsar nuevas perspectivas y soluciones estrat\u00e9gicas para el futuro de los negocios.<\/p>\n\n\n\n<p>El trabajo del \u00e1rea de Marketing del XIII SINGEP-CIK podr\u00e1 centrarse en los siguientes temas:<\/p>\n\n\n\n<ol start=\"1\" class=\"wp-block-list\">\n<li>Marketing, Transformaci\u00f3n Digital e Inteligencia Artificial.<\/li>\n\n\n\n<li>An\u00e1lisis de marketing.<\/li>\n\n\n\n<li>T\u00e9cnicas neurocient\u00edficas aplicadas al marketing.<\/li>\n\n\n\n<li>Docencia e investigaci\u00f3n en marketing.<\/li>\n\n\n\n<li>Comportamiento del consumidor.<\/li>\n\n\n\n<li>Comunicaci\u00f3n de marketing.<\/li>\n\n\n\n<li>Canales de comercializaci\u00f3n.<\/li>\n\n\n\n<li>Marketing de servicios.<\/li>\n\n\n\n<li>Gesti\u00f3n estrat\u00e9gica de marca.<\/li>\n\n\n\n<li>Investigaci\u00f3n cient\u00edfica en marketing e impacto en la sociedad: contribuciones al logro de los Objetivos de Desarrollo Sostenible.<\/li>\n<\/ol>\n\n\n\n<p>\u00a1Env\u00eda tu art\u00edculo y contribuye al avance del Marketing en la intersecci\u00f3n de la teor\u00eda y la pr\u00e1ctica!<\/p>\n","protected":false},"excerpt":{"rendered":"<p>Desaf\u00edos y vulnerabilidades del marketing contempor\u00e1neo: reflexiones sobre las relaciones sostenibles con el consumidor en el XIII SINGEP-CIK L\u00edderes: La era de la transformaci\u00f3n digital, catalizada por la llegada de las redes sociales y la inteligencia artificial, ha reconfigurado el panorama del marketing contempor\u00e1neo, ofreciendo&nbsp;<a href=\"https:\/\/singep.org.br\/13\/es\/areas\/marketing\/\">&hellip;<\/a><\/p>\n","protected":false},"author":1,"featured_media":0,"parent":9629,"menu_order":0,"comment_status":"closed","ping_status":"closed","template":"","meta":{"footnotes":""},"class_list":["post-9637","page","type-page","status-publish","hentry","odd"],"jetpack_sharing_enabled":true,"_links":{"self":[{"href":"https:\/\/singep.org.br\/13\/es\/wp-json\/wp\/v2\/pages\/9637","targetHints":{"allow":["GET"]}}],"collection":[{"href":"https:\/\/singep.org.br\/13\/es\/wp-json\/wp\/v2\/pages"}],"about":[{"href":"https:\/\/singep.org.br\/13\/es\/wp-json\/wp\/v2\/types\/page"}],"author":[{"embeddable":true,"href":"https:\/\/singep.org.br\/13\/es\/wp-json\/wp\/v2\/users\/1"}],"replies":[{"embeddable":true,"href":"https:\/\/singep.org.br\/13\/es\/wp-json\/wp\/v2\/comments?post=9637"}],"version-history":[{"count":3,"href":"https:\/\/singep.org.br\/13\/es\/wp-json\/wp\/v2\/pages\/9637\/revisions"}],"predecessor-version":[{"id":9925,"href":"https:\/\/singep.org.br\/13\/es\/wp-json\/wp\/v2\/pages\/9637\/revisions\/9925"}],"up":[{"embeddable":true,"href":"https:\/\/singep.org.br\/13\/es\/wp-json\/wp\/v2\/pages\/9629"}],"wp:attachment":[{"href":"https:\/\/singep.org.br\/13\/es\/wp-json\/wp\/v2\/media?parent=9637"}],"curies":[{"name":"wp","href":"https:\/\/api.w.org\/{rel}","templated":true}]}}