{"id":9635,"date":"2014-05-26T17:02:44","date_gmt":"2014-05-26T20:02:44","guid":{"rendered":"https:\/\/singep.org.br\/template\/areas\/inovacao-e-empreendedorismo\/"},"modified":"2025-04-28T11:49:55","modified_gmt":"2025-04-28T14:49:55","slug":"inovacao-e-empreendedorismo","status":"publish","type":"page","link":"https:\/\/singep.org.br\/13\/es\/areas\/inovacao-e-empreendedorismo\/","title":{"rendered":"Innovaci\u00f3n y Emprendimiento"},"content":{"rendered":"\n<p><strong>Innovaci\u00f3n y Emprendimiento: I<\/strong><strong>mpulsando nuevas fronteras en los negocios y la tecnolog\u00eda en el XIII SINGEP-CIK<\/strong><strong><\/strong><\/p>\n\n\n\n<p><strong>L\u00edderes:<\/strong><\/p>\n\n\n\n<ul class=\"wp-block-list\">\n<li>V\u00e2nia Maria Jorge Nassif \u2013 Programa de Postgrado en Administraci\u00f3n (PPGA) de la Universidad Nove de Julho (UNINOVE)<\/li>\n\n\n\n<li>Priscila Rezende da Costa \u2013 Programa de Postgrado en Administraci\u00f3n (PPGA) de la Escuela Superior de Publicidad y Marketing (ESPM).<\/li>\n\n\n\n<li>Claudia Brito Silva Cirani \u2013 Programa de Postgrado en Administraci\u00f3n (PPGA) de la Universidad Nove de Julho (UNINOVE)<\/li>\n<\/ul>\n\n\n\n<p>La creciente intersecci\u00f3n de la tecnolog\u00eda y los modelos de negocio innovadores est\u00e1 redefiniendo el panorama del emprendimiento y la innovaci\u00f3n. El contexto actual, marcado por r\u00e1pidos cambios y demandas de soluciones sostenibles, desaf\u00eda a investigadores y empresarios a explorar nuevos paradigmas que promuevan la competitividad y la resiliencia organizacional.<\/p>\n\n\n\n<p>En este escenario, el XIII SINGEP-CIK invita a contribuciones que investiguen c\u00f3mo la innovaci\u00f3n, el emprendimiento y los startups est\u00e1n transformando empresas, organizaciones, mercados e industrias.<\/p>\n\n\n\n<p>En este escenario, el XIII SINGEP-CIK invita a contribuciones que investiguen c\u00f3mo la innovaci\u00f3n, el emprendimiento y los startups est\u00e1n transformando empresas, organizaciones, mercados e industrias.<\/p>\n\n\n\n<p>Adem\u00e1s, la integraci\u00f3n cr\u00edtica entre la innovaci\u00f3n tecnol\u00f3gica y la responsabilidad social est\u00e1 redefiniendo el escenario de las empresas modernas, donde el \u00e9xito no s\u00f3lo se mide por la prosperidad econ\u00f3mica, sino tambi\u00e9n por el impacto positivo en la sociedad y el medio ambiente. Este tipo de enfoque impulsa el surgimiento de modelos de neg\u00f3cio innovadores y la reconfiguraci\u00f3n del ecosistema empresarial. La inclusi\u00f3n social, la equidad y la diversidad se reconocen ahora como catalizadores esenciales que mejoran la creatividad y el rendimiento econ\u00f3mico dentro de estos ecosistemas.<\/p>\n\n\n\n<p>En respuesta a los cambios constantes en el entorno global y las crecientes demandas de soluciones ambientalmente sostenibles, el XIII SINGEP-CIK se dedica a explorar, a trav\u00e9s de investigaciones, estudios de casos e informes, c\u00f3mo las innovaciones y el esp\u00edritu empresarial pueden fortalecer la capacidad de los emprendedores para adaptarse y superar la adversidad, abriendo espacios para oportunidades incluso en entornos inciertos. El evento destaca y valora las pr\u00e1cticas que desaf\u00edan el estatus quo, desarrollando soluciones importantes que no s\u00f3lo satisfacen, sino que tambi\u00e9n anticipan las necesidades emergentes de los empresarios, el mercado y las comunidades involucradas.<\/p>\n\n\n\n<p>El XIII SINGEP-CIK invita a presentar trabajos que exploren estos desaf\u00edos bajo diferentes enfoques metodol\u00f3gicos, ya sea a trav\u00e9s de estudios emp\u00edricos o te\u00f3ricos, involucrando datos cualitativos y\/o cuantitativos. Buscamos investigaciones que hagan avanzar el conocimiento acad\u00e9mico y ofrezcan contribuciones pr\u00e1cticas a los acad\u00e9micos y a los responsables de las pol\u00edticas.<\/p>\n\n\n\n<p>Invitamos a la comunidad acad\u00e9mica a participar de esta discusi\u00f3n, promoviendo el intercambio de ideas que puedan impulsar nuevas perspectivas y soluciones estrat\u00e9gicas para el futuro de los negocios.<br><br>El trabajo en el \u00e1rea de Innovaci\u00f3n y Emprendimiento del XIII SINGEP-CIK podr\u00e1 centrarse en los siguientes temas:<\/p>\n\n\n\n<ol class=\"wp-block-list\">\n<li>Aspectos Comportamentales y el Papel del agente Innovador y Emprendedor.<\/li>\n\n\n\n<li>Tecnolog\u00eda, Innovaci\u00f3n y Emprendimiento, integrando la Ciencia de Datos, la Inteligencia Artificial y otras tecnolog\u00edas emergentes como fundamentales para el emprendimiento moderno.<\/li>\n\n\n\n<li>Fundamentos y M\u00e9todos de Investigaci\u00f3n en Innovaci\u00f3n y Emprendimiento, profundizando en las teor\u00edas, epistemolog\u00eda y m\u00e9todos que sustentan la investigaci\u00f3n en innovaci\u00f3n y emprendimiento.<\/li>\n\n\n\n<li>\u00a0Educaci\u00f3n Empresarial enfocada a la ense\u00f1anza del emprendimiento y la innovaci\u00f3n.<\/li>\n\n\n\n<li>\u00a0Conocimiento, propiedad intelectual e innovaci\u00f3n organizacional: Explorando la transferencia de tecnolog\u00eda, los procesos y los proyectos empresariales.<\/li>\n\n\n\n<li>\u00a0Estrategia y Desempe\u00f1o en Innovaci\u00f3n y Emprendimiento, investigando la creaci\u00f3n de nuevos negocios en diferentes sectores, incluyendo el intraemprendimiento en los sectores p\u00fablico y privado.<\/li>\n\n\n\n<li>Innovaci\u00f3n y emprendimiento digital en la era de la industria 4.0, explorando c\u00f3mo las tecnolog\u00edas est\u00e1n dando forma a nuevas pr\u00e1cticas empresariales e impulsando la innovaci\u00f3n en diferentes sectores.<\/li>\n\n\n\n<li>\u00a0Innovaci\u00f3n, emprendimiento y sostenibilidad: desaf\u00edos globales y contribuciones cient\u00edficas para el logro de los Objetivos de Desarrollo Sostenible.<\/li>\n\n\n\n<li>\u00a0Redes, ecosistemas y pol\u00edticas de innovaci\u00f3n y emprendimiento.<\/li>\n\n\n\n<li>\u00a0Temas emergentes en innovaci\u00f3n y emprendimiento.<\/li>\n<\/ol>\n\n\n\n<p>\u00a1Env\u00eda tu art\u00edculo y contribuye al avance de la Innovaci\u00f3n y el Emprendimiento en la intersecci\u00f3n de la teor\u00eda y la pr\u00e1ctica!<\/p>\n","protected":false},"excerpt":{"rendered":"<p>Innovaci\u00f3n y Emprendimiento: Impulsando nuevas fronteras en los negocios y la tecnolog\u00eda en el XIII SINGEP-CIK L\u00edderes: La creciente intersecci\u00f3n de la tecnolog\u00eda y los modelos de negocio innovadores est\u00e1 redefiniendo el panorama del emprendimiento y la innovaci\u00f3n. El contexto actual, marcado por r\u00e1pidos cambios&nbsp;<a href=\"https:\/\/singep.org.br\/13\/es\/areas\/inovacao-e-empreendedorismo\/\">&hellip;<\/a><\/p>\n","protected":false},"author":1,"featured_media":0,"parent":9629,"menu_order":0,"comment_status":"closed","ping_status":"closed","template":"","meta":{"footnotes":""},"class_list":["post-9635","page","type-page","status-publish","hentry","odd"],"jetpack_sharing_enabled":true,"_links":{"self":[{"href":"https:\/\/singep.org.br\/13\/es\/wp-json\/wp\/v2\/pages\/9635","targetHints":{"allow":["GET"]}}],"collection":[{"href":"https:\/\/singep.org.br\/13\/es\/wp-json\/wp\/v2\/pages"}],"about":[{"href":"https:\/\/singep.org.br\/13\/es\/wp-json\/wp\/v2\/types\/page"}],"author":[{"embeddable":true,"href":"https:\/\/singep.org.br\/13\/es\/wp-json\/wp\/v2\/users\/1"}],"replies":[{"embeddable":true,"href":"https:\/\/singep.org.br\/13\/es\/wp-json\/wp\/v2\/comments?post=9635"}],"version-history":[{"count":3,"href":"https:\/\/singep.org.br\/13\/es\/wp-json\/wp\/v2\/pages\/9635\/revisions"}],"predecessor-version":[{"id":9928,"href":"https:\/\/singep.org.br\/13\/es\/wp-json\/wp\/v2\/pages\/9635\/revisions\/9928"}],"up":[{"embeddable":true,"href":"https:\/\/singep.org.br\/13\/es\/wp-json\/wp\/v2\/pages\/9629"}],"wp:attachment":[{"href":"https:\/\/singep.org.br\/13\/es\/wp-json\/wp\/v2\/media?parent=9635"}],"curies":[{"name":"wp","href":"https:\/\/api.w.org\/{rel}","templated":true}]}}