{"id":9633,"date":"2014-05-26T16:59:19","date_gmt":"2014-05-26T19:59:19","guid":{"rendered":"https:\/\/singep.org.br\/template\/areas\/gestao-de-projetos\/"},"modified":"2025-04-28T11:45:08","modified_gmt":"2025-04-28T14:45:08","slug":"gestao-de-projetos","status":"publish","type":"page","link":"https:\/\/singep.org.br\/13\/es\/areas\/gestao-de-projetos\/","title":{"rendered":"Gesti\u00f3n de Proyectos"},"content":{"rendered":"\n<p><strong>Desaf\u00edos y oportunidades en un mundo digital y sostenible: Avances en la investigaci\u00f3n en gesti\u00f3n de proyectos en el XIII SINGEP-CIK<\/strong><\/p>\n\n\n\n<p><strong>L\u00edderes:<\/strong><\/p>\n\n\n\n<ul class=\"wp-block-list\">\n<li>Cristiane Drebes Pedron \u2013 Programa de Postgrado en Gesti\u00f3n de Proyectos y Programa de Postgrado en Administraci\u00f3n de la Universidade Nove de Julho (UNINOVE)<\/li>\n\n\n\n<li>Rosana Yasue Narazaki \u2013 Doctora en Administraci\u00f3n de la Universidad Presbiteriana Mackenzie y Maestr\u00eda en Administraci\u00f3n \u2013 Gesti\u00f3n de Proyectos (PPGP-UNINOVE)<\/li>\n\n\n\n<li>Sergio Ricardo do Nascimento \u2013 Doctorado en Administraci\u00f3n \u2013 Gesti\u00f3n de Proyectos (PPGP- UNINOVE)<\/li>\n<\/ul>\n\n\n\n<p>La gesti\u00f3n de proyectos desempe\u00f1a un papel esencial en la construcci\u00f3n de sociedades resilientes capaces de adaptarse y prosperar en un mundo en constante cambio. La evoluci\u00f3n de las pr\u00e1cticas de gobernanza y la incorporaci\u00f3n de tecnolog\u00edas digitales han redefinido la forma de conducir los proyectos, requiriendo nuevas habilidades organizacionales, de equipo e individuales. El papel estrat\u00e9gico de los PMOs en la gesti\u00f3n de portafolios, as\u00ed como en la promoci\u00f3n de la madurez y la alineaci\u00f3n con los objetivos institucionales, cobra a\u00fan m\u00e1s relevancia frente a los desaf\u00edos contempor\u00e1neos. En el sector p\u00fablico y el tercer sector, la b\u00fasqueda de una mayor eficiencia e impacto social exige enfoques innovadores y sostenibles. Adem\u00e1s, la Industria 4.0 y 5.0, as\u00ed como la inteligencia artificial, est\u00e1n revolucionando los procesos de toma de decisiones, mientras que las metodolog\u00edas \u00e1giles e h\u00edbridas impulsan la flexibilidad y la adaptaci\u00f3n de los proyectos. La sostenibilidad, a su vez, surge como un principio rector, conectando la investigaci\u00f3n cient\u00edfica en gesti\u00f3n de proyectos con los Objetivos de Desarrollo Sostenible (ODS) y el fortalecimiento de las organizaciones y comunidades.<\/p>\n\n\n\n<p>Ante este escenario, el XIII SINGEP-CIK invita a investigadores del \u00e1rea de Gesti\u00f3n de Proyectos a contribuir al avance del conocimiento y las pr\u00e1cticas en gesti\u00f3n de proyectos, considerando los desaf\u00edos y oportunidades de un mundo digital y sostenible. Esta convocatoria busca estudios que exploren metodolog\u00edas y herramientas innovadoras, enfoques \u00e1giles e h\u00edbridos, as\u00ed como enfoques efectivos de gobernanza y estrategias de gesti\u00f3n del conocimiento y aprendizaje en proyectos. Son especialmente bienvenidos los art\u00edculos que investiguen la gesti\u00f3n de proyectos en entornos empresariales, como startups y fintechs, as\u00ed como las investigaciones sobre gesti\u00f3n de proyectos, intraemprendimiento y emprendimiento social. Adem\u00e1s, alentamos presentaciones que analicen el impacto social de la gesti\u00f3n de proyectos y sus contribuciones a sociedades m\u00e1s resilientes, sostenibles y tecnol\u00f3gicamente integradas.<\/p>\n\n\n\n<p>El XIII SINGEP-CIK invita a presentar trabajos que exploren estos desaf\u00edos bajo diferentes enfoques metodol\u00f3gicos, ya sea a trav\u00e9s de estudios emp\u00edricos o te\u00f3ricos, involucrando datos cualitativos y\/o cuantitativos. Buscamos investigaciones que hagan avanzar el conocimiento acad\u00e9mico y ofrezcan contribuciones pr\u00e1cticas a los gerentes y formuladores de pol\u00edticas.<\/p>\n\n\n\n<p>Invitamos a la comunidad acad\u00e9mica a participar de esta discusi\u00f3n, promoviendo el intercambio de ideas que puedan impulsar nuevas perspectivas y soluciones estrat\u00e9gicas para el futuro de los negocios.<\/p>\n\n\n\n<p>Los trabajos de gesti\u00f3n de proyectos para el XIII SINGEP-CIK puede centrarse en los siguientes temas:<\/p>\n\n\n\n<ol start=\"1\" class=\"wp-block-list\">\n<li>Habilidades organizacionales, de equipo e individuales en la gesti\u00f3n de proyectos.<\/li>\n\n\n\n<li>PMO: Portafolio, madurez y estrategia.<\/li>\n\n\n\n<li>Gesti\u00f3n de proyectos en el sector p\u00fablico y el tercer sector.<\/li>\n\n\n\n<li>Gesti\u00f3n del conocimiento y aprendizaje en proyectos.<\/li>\n\n\n\n<li>Metodolog\u00edas y herramientas de gesti\u00f3n de proyectos.<\/li>\n\n\n\n<li>Gesti\u00f3n de proyectos para un futuro sostenible.<\/li>\n\n\n\n<li>Proyectos \u00e1giles e h\u00edbridos.<\/li>\n\n\n\n<li>Industria 4.0 y 5.0, Inteligencia Artificial y Gesti\u00f3n de Proyectos.<\/li>\n\n\n\n<li>Gesti\u00f3n de proyectos en entornos empresariales (ejemplo, startups), intraemprendedores y emprendimiento social.<\/li>\n\n\n\n<li>M\u00e9todos de investigaci\u00f3n y ense\u00f1anza en gesti\u00f3n de proyectos.<\/li>\n\n\n\n<li>Temas emergentes en la gesti\u00f3n de proyectos.<\/li>\n<\/ol>\n\n\n\n<p><a><\/a>\u00a1Env\u00eda tu art\u00edculo y contribuye al avance de la Gesti\u00f3n de Proyectos en la intersecci\u00f3n de la teor\u00eda y la pr\u00e1ctica!<br><\/p>\n","protected":false},"excerpt":{"rendered":"<p>Desaf\u00edos y oportunidades en un mundo digital y sostenible: Avances en la investigaci\u00f3n en gesti\u00f3n de proyectos en el XIII SINGEP-CIK L\u00edderes: La gesti\u00f3n de proyectos desempe\u00f1a un papel esencial en la construcci\u00f3n de sociedades resilientes capaces de adaptarse y prosperar en un mundo en&nbsp;<a href=\"https:\/\/singep.org.br\/13\/es\/areas\/gestao-de-projetos\/\">&hellip;<\/a><\/p>\n","protected":false},"author":1,"featured_media":0,"parent":9629,"menu_order":0,"comment_status":"closed","ping_status":"closed","template":"","meta":{"footnotes":""},"class_list":["post-9633","page","type-page","status-publish","hentry","odd"],"jetpack_sharing_enabled":true,"_links":{"self":[{"href":"https:\/\/singep.org.br\/13\/es\/wp-json\/wp\/v2\/pages\/9633","targetHints":{"allow":["GET"]}}],"collection":[{"href":"https:\/\/singep.org.br\/13\/es\/wp-json\/wp\/v2\/pages"}],"about":[{"href":"https:\/\/singep.org.br\/13\/es\/wp-json\/wp\/v2\/types\/page"}],"author":[{"embeddable":true,"href":"https:\/\/singep.org.br\/13\/es\/wp-json\/wp\/v2\/users\/1"}],"replies":[{"embeddable":true,"href":"https:\/\/singep.org.br\/13\/es\/wp-json\/wp\/v2\/comments?post=9633"}],"version-history":[{"count":3,"href":"https:\/\/singep.org.br\/13\/es\/wp-json\/wp\/v2\/pages\/9633\/revisions"}],"predecessor-version":[{"id":9924,"href":"https:\/\/singep.org.br\/13\/es\/wp-json\/wp\/v2\/pages\/9633\/revisions\/9924"}],"up":[{"embeddable":true,"href":"https:\/\/singep.org.br\/13\/es\/wp-json\/wp\/v2\/pages\/9629"}],"wp:attachment":[{"href":"https:\/\/singep.org.br\/13\/es\/wp-json\/wp\/v2\/media?parent=9633"}],"curies":[{"name":"wp","href":"https:\/\/api.w.org\/{rel}","templated":true}]}}