{"id":9631,"date":"2017-06-09T17:20:35","date_gmt":"2017-06-09T20:20:35","guid":{"rendered":"https:\/\/singep.org.br\/template\/areas\/estrategia\/"},"modified":"2025-04-28T11:43:45","modified_gmt":"2025-04-28T14:43:45","slug":"estrategia","status":"publish","type":"page","link":"https:\/\/singep.org.br\/13\/es\/areas\/estrategia\/","title":{"rendered":"Estrategia"},"content":{"rendered":"\n<p><strong>Desaf\u00edos estrat\u00e9gicos contempor\u00e1neos: exploraci\u00f3n de los principales temas de la gesti\u00f3n estrat\u00e9gica en el XIII SINGEP-CIK<\/strong><\/p>\n\n\n\n<p><strong>L\u00edderes:<\/strong><\/p>\n\n\n\n<ul class=\"wp-block-list\">\n<li>Fernando Antonio Ribeiro Serra \u2013 Programa de Postgrado en Administraci\u00f3n y Programa de Postgrado en Gesti\u00f3n de Proyectos de la Universidad Nove de Julho (UNINOVE).<\/li>\n\n\n\n<li>Nairana Radke Caneppele Bussler \u2013 Mag\u00edster en Administraci\u00f3n por Unihorizontes.<\/li>\n\n\n\n<li>Carlos Ricardo Rossetto \u2013 Programa de Postgrado en Administraci\u00f3n de la Universidad de Vale do Itaja\u00ed (UNIVALI).<\/li>\n\n\n\n<li>Ivano Ribeiro \u2013 Programa de Postgrado en Administraci\u00f3n de la Universidad Estadual del Oeste de Paran\u00e1 (UNIOESTE).<\/li>\n<\/ul>\n\n\n\n<p>La evoluci\u00f3n de los mercados globales y los avances tecnol\u00f3gicos han transformado la forma en que las empresas formulan e implementan sus estrategias. El contexto empresarial actual exige que investigadores y directivos comprendan los desaf\u00edos complejos que impactan la creaci\u00f3n de valor y la competitividad organizacional. Ante este escenario, el XIII SINGEP-CIK invita a investigadores del \u00e1rea de Estrategia a contribuir con estudios que aborden los seis grandes desaf\u00edos estrat\u00e9gicos identificados por la <em>Strategic Management Society<\/em> (SMS), conectando teor\u00eda y pr\u00e1ctica en la b\u00fasqueda de<em> insights<\/em> innovadores y soluciones aplicables.<\/p>\n\n\n\n<p>Adem\u00e1s, la creciente demanda de pr\u00e1cticas sostenibles redefine los modelos de negocio y requiere nuevos enfoques estrat\u00e9gicos para equilibrar los objetivos financieros, sociales y ambientales. La b\u00fasqueda continua de innovaci\u00f3n y crecimiento debe equilibrarse con las presiones de eficiencia operativa y las restricciones presupuestarias. Los l\u00edderes ejecutivos se enfrentan a un entorno de creciente complejidad e incertidumbre. El avance de la Inteligencia Artificial, el Big Data y las tecnolog\u00edas emergentes est\u00e1n transformando la din\u00e1mica competitiva y la toma de decisiones. La inclusi\u00f3n y la equidad organizacional se han asociado con mayores niveles de innovaci\u00f3n y desempe\u00f1o organizacional. La reconfiguraci\u00f3n de las cadenas de suministro globales, las tensiones geopol\u00edticas y cambios en los flujos comerciales internacionales desaf\u00edan las estrategias empresariales y los acuerdos interorganizacionales.<\/p>\n\n\n\n<p>El XIII SINGEP-CIK invita a presentar trabajos que exploren estos desaf\u00edos bajo diferentes enfoques metodol\u00f3gicos, ya sea a trav\u00e9s de estudios emp\u00edricos o te\u00f3ricos, involucrando datos cualitativos y\/o cuantitativos. Buscamos investigaciones que hagan avanzar el conocimiento acad\u00e9mico y ofrezcan contribuciones pr\u00e1cticas a los gerentes y formuladores de pol\u00edticas.<\/p>\n\n\n\n<p>Invitamos a la comunidad acad\u00e9mica a participar de esta discusi\u00f3n, promoviendo el intercambio de ideas que puedan impulsar nuevas perspectivas y soluciones estrat\u00e9gicas para el futuro de los negocios.<\/p>\n\n\n\n<p>El trabajo en el \u00e1rea de Estrategia del XIII SINGEP-CIK podr\u00e1 centrarse en los siguientes temas:<\/p>\n\n\n\n<ol class=\"wp-block-list\">\n<li>Estrategia de comportamiento.<\/li>\n\n\n\n<li>Estrategia corporativa y competitiva.<\/li>\n\n\n\n<li>Estrategia cooperativa y de partes interesadas.<\/li>\n\n\n\n<li>Estrategia e internacionalizaci\u00f3n.<\/li>\n\n\n\n<li>Estrategia y emprendimiento.<\/li>\n\n\n\n<li>Estrategia, Conocimiento e Innovaci\u00f3n.<\/li>\n\n\n\n<li>Docencia e investigaci\u00f3n en estrategia.<\/li>\n\n\n\n<li>Estrategia y capital humano.<\/li>\n\n\n\n<li>Estrategia, liderazgo y gobernanza.<\/li>\n\n\n\n<li>Pr\u00e1ctica y proceso estrat\u00e9gico<\/li>\n<\/ol>\n\n\n\n<p>Envia tu art\u00edculo y contribuye al avance de la Estrategia em la intersecci\u00f3n de la teoria y la pr\u00e1ctica!<\/p>\n","protected":false},"excerpt":{"rendered":"<p>Desaf\u00edos estrat\u00e9gicos contempor\u00e1neos: exploraci\u00f3n de los principales temas de la gesti\u00f3n estrat\u00e9gica en el XIII SINGEP-CIK L\u00edderes: La evoluci\u00f3n de los mercados globales y los avances tecnol\u00f3gicos han transformado la forma en que las empresas formulan e implementan sus estrategias. El contexto empresarial actual exige&nbsp;<a href=\"https:\/\/singep.org.br\/13\/es\/areas\/estrategia\/\">&hellip;<\/a><\/p>\n","protected":false},"author":1,"featured_media":0,"parent":9629,"menu_order":0,"comment_status":"closed","ping_status":"closed","template":"","meta":{"footnotes":""},"class_list":["post-9631","page","type-page","status-publish","hentry","odd"],"jetpack_sharing_enabled":true,"_links":{"self":[{"href":"https:\/\/singep.org.br\/13\/es\/wp-json\/wp\/v2\/pages\/9631","targetHints":{"allow":["GET"]}}],"collection":[{"href":"https:\/\/singep.org.br\/13\/es\/wp-json\/wp\/v2\/pages"}],"about":[{"href":"https:\/\/singep.org.br\/13\/es\/wp-json\/wp\/v2\/types\/page"}],"author":[{"embeddable":true,"href":"https:\/\/singep.org.br\/13\/es\/wp-json\/wp\/v2\/users\/1"}],"replies":[{"embeddable":true,"href":"https:\/\/singep.org.br\/13\/es\/wp-json\/wp\/v2\/comments?post=9631"}],"version-history":[{"count":6,"href":"https:\/\/singep.org.br\/13\/es\/wp-json\/wp\/v2\/pages\/9631\/revisions"}],"predecessor-version":[{"id":9921,"href":"https:\/\/singep.org.br\/13\/es\/wp-json\/wp\/v2\/pages\/9631\/revisions\/9921"}],"up":[{"embeddable":true,"href":"https:\/\/singep.org.br\/13\/es\/wp-json\/wp\/v2\/pages\/9629"}],"wp:attachment":[{"href":"https:\/\/singep.org.br\/13\/es\/wp-json\/wp\/v2\/media?parent=9631"}],"curies":[{"name":"wp","href":"https:\/\/api.w.org\/{rel}","templated":true}]}}