{"id":9985,"date":"2015-06-18T16:40:30","date_gmt":"2015-06-18T19:40:30","guid":{"rendered":"https:\/\/singep.org.br\/13\/programacao\/"},"modified":"2025-10-20T17:12:58","modified_gmt":"2025-10-20T20:12:58","slug":"programacao","status":"publish","type":"page","link":"https:\/\/singep.org.br\/13\/en\/programacao\/","title":{"rendered":"EVENT PROGRAM \u2013 XIII SINGEP-CIK 2025"},"content":{"rendered":"\n<div class=\"singep-programa\">\n  <style>\n    .singep-programa {\n      font-family: Arial, sans-serif;\n      line-height: 1.6;\n      color: #333;\n    }\n    .singep-programa h1 {\n      color: #0066cc;\n      border-bottom: 3px solid #0066cc;\n      padding-bottom: 10px;\n      margin-bottom: 20px;\n    }\n    .singep-programa h2 {\n      color: #0066cc;\n      background-color: #f0f0f0;\n      padding: 10px;\n      margin-top: 30px;\n      border-left: 5px solid #0066cc;\n    }\n    .singep-programa h3 {\n      color: #0066cc;\n      margin-top: 20px;\n    }\n    .singep-programa .horario {\n      background-color: #e6f2ff;\n      padding: 8px 12px;\n      border-radius: 5px;\n      font-weight: bold;\n      display: inline-block;\n      margin: 10px 0;\n    }\n    .singep-programa .localizacao {\n      background-color: #fff3cd;\n      padding: 15px;\n      border-left: 4px solid #ffc107;\n      margin: 15px 0;\n    }\n    .singep-programa .atividade {\n      margin: 20px 0;\n      padding: 15px;\n      background-color: #f9f9f9;\n      border-radius: 5px;\n    }\n    .singep-programa .palestrante {\n      margin-left: 20px;\n      font-style: italic;\n    }\n    .singep-programa .nota {\n      font-size: 0.85em;\n      color: #666;\n      margin-top: 10px;\n      padding: 10px;\n      background-color: #f5f5f5;\n      border-left: 3px solid #999;\n    }\n    .singep-programa ul {\n      margin: 10px 0;\n    }\n    .singep-programa li {\n      margin: 5px 0;\n    }\n  <\/style>\n\n  <p><em>*Bras\u00edlia Time<\/em><\/p>\n\n  <h2>First day of the Event<\/h2>\n  <h3>October 22, 2025 (Wednesday) \u2013 In-person with online transmission<\/h3>\n\n  <div class=\"localizacao\">\n    <strong>Location:<\/strong> UNINOVE Campus &#8211; Vergueiro (Auditorium \u2013 1st floor)<br>\n    Rua Vergueiro, 235\/249 \u2013 Liberdade, S\u00e3o Paulo \u2013 SP\n  <\/div>\n\n  <div class=\"atividade\">\n    <div class=\"horario\">9h to 10h<\/div>\n    <h4>Reception of participants<\/h4>\n    <p>XIII SINGEP-CIK<br>Coffee reception<\/p>\n  <\/div>\n\n  <div class=\"atividade\">\n    <div class=\"horario\">10h to 10h15<\/div>\n    <h4>Opening ceremony<\/h4>\n    <ul>\n      <li>o Prof. Eduardo Storopoli \/ Profa. Maria Cristina Storopoli (Rectory\/Pro-Rectory of Universidade Nove de Julho &#8211; UNINOVE)<\/li>\n      <li>o Prof. Dr. Nader Asgary (Professor at Bentley University \u2013 USA, Director of CIK \u2013 Cyrus Institute of Knowledge, and President of the Organizing Committee of the 13th International Conference of CIK)<\/li>\n      <li>o Prof. Dr. Luciano Ferreira da Silva (Postgraduate Program in Project Management, PPGP, at Universidade Nove de Julho &#8211; UNINOVE, and President of the Organizing Committee of the XIII SINGEP)<\/li>\n      <li>o Prof. Dra. Cristina Dai Pr\u00e1 Martens (Director of the Postgraduate Program in Administration, PPGA, at Universidade Nove de Julho, UNINOVE)<\/li>\n      <li>o Prof. Dra. Isabel Cristina Scafuto (Director of the Postgraduate Program in Project Management, PPGP, at Universidade Nove de Julho, UNINOVE)<\/li>\n    <\/ul>\n  <\/div>\n\n  <div class=\"atividade\">\n    <div class=\"horario\">10h15 to 12h<\/div>\n    <h4>Opening conference: HUMANISTIC THOUGHTS: AI, CLIMATE CHANGE AND SUSTAINABLE DEVELOPMENT<\/h4>\n    <p><strong>Conferences:<\/strong><\/p>\n    <ul>\n      <li><strong>ARTIFICIAL INTELLIGENCE AND MEDICINE<\/strong><br>\n      <span class=\"palestrante\">Prof. Dr. Reza Saidi, SUNY Upstate Medical University, NY, USA<\/span><\/li>\n      <li><strong>HUMANIZING THE NON-HUMAN WHILE DEHUMANIZING THE HUMAN?<\/strong><br>\n      <span class=\"palestrante\">Prof. Dr. Ahmed Iraqi, ESCA, Casablanca, Morocco<\/span><\/li>\n      <li><strong>AI AND DIGITAL TRANSFORMATION IN HIGHER EDUCATION: INSIGHTS FROM ABU DHABI UNIVERSITY \u2013 DUBAI<\/strong><br>\n      <span class=\"palestrante\">Dr. Anas Najdawi, Director of Abu Dhabi University\u2019s Dubai Campus<\/span><\/li>\n    <\/ul>\n    <p><strong>Panel Chair \/ Moderator:<\/strong><br>\n    Prof. Dr. Nader Asgary, President of the CYRUS Institute of Knowledge, Emeritus Prof. of Management and Economic at Bentley University, MA, USA<\/p>\n    <p><strong>Debater:<\/strong><br>\n    Marcelo Luiz Dias da Silva Gabriel, Escola Superior de Propaganda e Marketing, ESPM, Brazil<\/p>\n  <\/div>\n\n  <div class=\"atividade\">\n    <div class=\"horario\">12h to 14h<\/div>\n    <h4>Lunch<\/h4>\n    <p>Brunch will be served by the event&#8217;s organization<\/p>\n  <\/div>\n\n  <div class=\"atividade\">\n    <div class=\"horario\">12h30 to 14h<\/div>\n    <h4>Session A: NONPROFIT ORGANIZATIONS: MAKING A DIFFERENCE<\/h4>\n    <p><em>(Session streamed online in English)<\/em><\/p>\n    <p><strong>Session Chair:<\/strong> Nader Asgary, President of the CYRUS Institute of Knowledge, Emeritus Prof. at Bentley University, MA, USA<\/p>\n    <ul>\n      <li><strong>440K PROJECT: CHALLENGES AND OPPORTUNITIES OF ADOPTION MANAGEMENT SYSTEM IN THE USA<\/strong><br>\n      <span class=\"palestrante\">Daniela Barrera, Ryan Bauer and Logan Carlso, Bentley University, MA, EUA<\/span><\/li>\n      <li><strong>PATHWAYS TO SUCCESS<\/strong><br>\n      <span class=\"palestrante\">Katie Martin, Wynn Hammond and Farah Gonzalez, Bentley University, MA, EUA<\/span><\/li>\n      <li><strong>HER RIGHT TO EDUCATION<\/strong><br>\n      <span class=\"palestrante\">Jimmy Mitchell, Sneha Siwach and Emily Yap, Bentley University, MA, EUA<\/span><\/li>\n      <li><strong>PROVIDENCE PROMISE: MAKING COLLEGE MORE ACCESSIBLE<\/strong><br>\n      <span class=\"palestrante\">Josh DeWolf, Brady Collins and Naeelah Desanges, University Bentley, MA, EUA<\/span><\/li>\n      <li><strong>BRIDGING BORDERS: THE EVOLUTION AND CHALLENGES OF THE CYRUS INSTITUTE OF KNOWLEDGE<\/strong><br>\n      <span class=\"palestrante\">Nilufar Noorian, Richa Thapa and Jokubas Skurdenis, Bentley University, MA, EUA<\/span><\/li>\n    <\/ul>\n  <\/div>\n\n  <div class=\"atividade\">\n    <div class=\"horario\">14h to 16h<\/div>\n    <h4>Plenary Presentation: HUMAN VALUES, GOVERNANCE, AND HIGHER EDUCATION IN A SUSTAINABLE PROJECTIZED SOCIETY<\/h4>\n    <p><strong>Conferences:<\/strong><\/p>\n    <ul>\n      <li><strong>GOVERNANCE, PROJECTS AND HEALTH ECOSYSTEMS<\/strong><br>\n      <span class=\"palestrante\">Prof. Ricardo Geraidine, PPGP-UNINOVE, Brazil<\/span><\/li>\n      <li><strong>INNOVATION AND SUSTAINABILITY ECOSYSTEM<\/strong><br>\n      <span class=\"palestrante\">Prof. Dr. Franklin Yamasake, PPGA-UNINOVE, Brazil<\/span><\/li>\n      <li><strong>THE ROLE OF HIGHER EDUCATION IN A SUSTAINABLE SOCIETY<\/strong><br>\n      <span class=\"palestrante\">Prof. Koray Ozpolat, URI, RI, USA<\/span><\/li>\n    <\/ul>\n    <p><strong>Panel Chair:<\/strong><br>\n    Profa. Dra. Tatiana Tucunduva Philippi Cortese, Programa de P\u00f3s-Gradua\u00e7\u00e3o em Cidades Inteligentes e Sustent\u00e1veis da Universidade Nove de Julho \u2013 UNINOVE<\/p>\n  <\/div>\n\n  <div class=\"atividade\">\n    <div class=\"horario\">16h to 16h30<\/div>\n    <h4>Coffee break<\/h4>\n  <\/div>\n\n  <div class=\"atividade\">\n    <div class=\"horario\">16h30 to 19h<\/div>\n    <h4>CIK\/SINGEP \u2013 INTERNATIONAL DOCTORAL CONSORCIUM<\/h4>\n    <p><strong>National Coordination:<\/strong> Prof. Dr. Emerson Antonio Maccari (Professor of the Postgraduate Program in Administration (PPGA) and the Postgraduate Program in Project Management (PPGP) at Universidade Nove de Julho \u2013 UNINOVE, Brazil)<\/p>\n    <p><strong>International Coordination:<\/strong> Prof. Dr. Nader Asgary (Professor at Bentley University \u2013 USA, Director of CIK \u2013 Cyrus Institute of Knowledge, and President of the Organizing Committee of the International Conference Cyrus)<\/p>\n    <p><strong>Professors of the board:<\/strong><\/p>\n    <ul>\n      <li>o Fernando Antonio Ribeiro Serra, Professor at Universidade Nove de Julho \u2013 UNINOVE, Brazil<\/li>\n      <li>o Leonel Cezar Rodrigues, UNIARA Professor and consultant for UNESCO\/CAPES, Brazil<\/li>\n      <li>o Ahmad Etebari, Professor Finance and Dept Head at University of New Hampshire, NH USA<\/li>\n      <li>o Maling Ebrahimpour, Professor and Editor of Cyrus Global Business Perspectives, The University of Rhode Island, USA<\/li>\n      <li>o Alf Walle, Cyrus Institution of Knowledge, MA, USA<\/li>\n      <li>o Jalila El Jadidi, Cyrus Institution of Knowledge, MA, USA<\/li>\n    <\/ul>\n  <\/div>\n\n  <h2>2ND DAY OF THE EVENT \u2013 Online synchronous presentations<\/h2>\n  <h3>October 23, 2025 (Thursday) \u2013 VIRTUAL<\/h3>\n\n  <div class=\"atividade\">\n    <div class=\"horario\">8h to 9h30<\/div>\n    <h4>Parallel papers presentation sessions (IN PORTUGUESE)<\/h4>\n  <\/div>\n\n  <div class=\"atividade\">\n    <div class=\"horario\">9h30 to 9h40<\/div>\n    <h4>Interval<\/h4>\n  <\/div>\n\n  <div class=\"atividade\">\n    <div class=\"horario\">9h40 to 11h10<\/div>\n    <h4>Parallel papers presentation sessions (IN PORTUGUESE)<\/h4>\n  <\/div>\n\n  <div class=\"atividade\">\n    <div class=\"horario\">11h10 to 11h20<\/div>\n    <h4>Interval<\/h4>\n  <\/div>\n\n  <div class=\"atividade\">\n    <div class=\"horario\">11h20 to 12h50<\/div>\n    <h4>Parallel papers presentation sessions (IN PORTUGUESE)<\/h4>\n    <h4>Parallel sessions for the presentation of reports on Technical-Technological Products<\/h4>\n  <\/div>\n\n  <div class=\"atividade\">\n    <div class=\"horario\">12h50 to 14h20<\/div>\n    <h4>Free Break time<\/h4>\n  <\/div>\n\n  <div class=\"atividade\">\n    <div class=\"horario\">14h20 to 16h20<\/div>\n    <h4>Parallel papers presentation sessions (IN PORTUGUESE)<\/h4>\n    <h4>Meeting of Editors and Authors: Technical and Technological Production of Impact<\/h4>\n    <p><strong>Coordination and debate:<\/strong><br>\n    Profa. Dra. V\u00e2nia Maria Jorge Nassif \u2013 Co-editora-chefe IJI e PPGA UNINOVE<\/p>\n    <p><strong>Panelists:<\/strong><\/p>\n    <ul>\n      <li>o Prof. Dr. M\u00e1rcio Lopes Pimenta \u2013 Coordenador Adjunto na CAPES dos Programas de P\u00f3s-Gradua\u00e7\u00e3o Profissionais<\/li>\n      <li>o Profa. Dra. Adriana Wilner \u2013 Co-editora-chefe GV Executivo \/ Funda\u00e7\u00e3o Get\u00falio Vargas, Escola de Administra\u00e7\u00e3o de Empresas de S\u00e3o Paulo (FGV EAESP)<\/li>\n      <li>o Profa. Dra. Cristina Dai Pr\u00e1 Martens \u2013 Editora-chefe IPTEC \/ PPGA e PPGP UNINOVE<\/li>\n    <\/ul>\n  <\/div>\n\n  <div class=\"atividade\">\n    <div class=\"horario\">16h20 to 16h30<\/div>\n    <h4>Interval<\/h4>\n  <\/div>\n\n  <div class=\"atividade\">\n    <div class=\"horario\">16h30 to 18h30<\/div>\n    <h4>Parallel papers presentation sessions (IN PORTUGUESE)<\/h4>\n  <\/div>\n\n  <div class=\"atividade\">\n    <div class=\"horario\">16h30 to 18h30<\/div>\n    <h4>Paper Development Workshop (PDW): Session with Journal Editors<\/h4>\n    <p><strong>Coordination:<\/strong> Profa. Dra. Heidy Rodriguez Ramos (Professora do Programa de P\u00f3s-gradua\u00e7\u00e3o em Administra\u00e7\u00e3o da Universidade Nove de Julho, PPGA-UNINOVE, Professora do Programa de P\u00f3s-gradua\u00e7\u00e3o em Cidades Inteligentes e Sustent\u00e1veis da Universidade Nove de Julho, PPGCIS-UNINOVE, e Editora da Revista RIAE)<\/p>\n    <p><strong>Guest editors:<\/strong><\/p>\n    <ul>\n      <li>o Prof. Dr. Jos\u00e9 Edson Lara (Professor do Mestrado Profissional em Administra\u00e7\u00e3o da Funda\u00e7\u00e3o Pedro Leopoldo, e Editor da Revista Gest\u00e3o &#038; Tecnologia)<\/li>\n      <li>o Prof. Dr. Benny Kramer Costa (Professor do Programa de P\u00f3s-gradua\u00e7\u00e3o em Administra\u00e7\u00e3o da Universidade Nove de Julho, PPGA-UNINOVE, e Editor da Revista PODIUM)<\/li>\n      <li>o Prof. Dr. Edmilson De Oliveira Lima (Professor do Programa de P\u00f3s-gradua\u00e7\u00e3o em Administra\u00e7\u00e3o da Universidade Nove de Julho, PPGA-UNINOVE, e Editor da Revista PODIUM)<\/li>\n      <li>o Prof. Dr. Leandro Carlos Mazzei (Professor na Universidade Estadual de Campinas \u2013 UNICAMP e Editor da Revista PODIUM)<\/li>\n      <li>o Profa. Dra. Cristiane Drebes Pedron (Professora do Programa de P\u00f3s-gradua\u00e7\u00e3o em Administra\u00e7\u00e3o da Universidade Nove de Julho, PPGA-UNINOVE, Professora do Programa de P\u00f3s-gradua\u00e7\u00e3o em Gest\u00e3o de Projetos da Universidade Nove de Julho, PPGP-UNINOVE, e Editora da Revista IPTEC)<\/li>\n      <li>o Profa. Dra. Cristina Dai Pr\u00e1 Martens (Professora do Programa de P\u00f3s-gradua\u00e7\u00e3o em Administra\u00e7\u00e3o da Universidade Nove de Julho, PPGA-UNINOVE, Professora do Programa de P\u00f3s-gradua\u00e7\u00e3o em Gest\u00e3o de Projetos da Universidade Nove de Julho, PPGP-UNINOVE, e Editora da Revista IPTEC)<\/li>\n      <li>o Prof. Dra. V\u00e2nia Maria Jorge Nassif (Professora do Programa de P\u00f3s-gradua\u00e7\u00e3o em Administra\u00e7\u00e3o da Universidade Nove de Julho, PPGA-UNINOVE e Editora da Revista IJI)<\/li>\n      <li>o Profa. Dra. Isabel Cristina Scafuto (Professora do Programa de P\u00f3s-gradua\u00e7\u00e3o em Gest\u00e3o de Projetos da Universidade Nove de Julho, PPGP-UNINOVE, Professora do Programa de P\u00f3s-gradua\u00e7\u00e3o em Administra\u00e7\u00e3o da Universidade Nove de Julho, PPGA-UNINOVE, e Editora da Revista IJI)<\/li>\n      <li>o Prof. Dr. Leonardo Vils (Professor do Programa de P\u00f3s-gradua\u00e7\u00e3o em Gest\u00e3o de Projetos da Universidade Nove de Julho, PPGP-UNINOVE, Professor do Programa de P\u00f3s-gradua\u00e7\u00e3o em Administra\u00e7\u00e3o da Universidade Nove de Julho, PPGA-UNINOVE, e Editor da Revista REMARK)<\/li>\n      <li>o Prof. Dr. Andr\u00e9 Torres Urdan (Professor do Programa de P\u00f3s-gradua\u00e7\u00e3o em Administra\u00e7\u00e3o da Universidade Nove de Julho, PPGA-UNINOVE, e Editor da Revista REMARK)<\/li>\n      <li>o Prof. Dr. Luiz Fernando Rodrigues Pinto (Professor do P\u00f3s-gradua\u00e7\u00e3o em Cidades Inteligentes e Sustent\u00e1veis da Universidade Nove de Julho, PPGCIS-UNINOVE, e Editor da Revista EXACTA)<\/li>\n      <li>o Prof. Dr. Luciano Ferreira da Silva (Professor do Programa de P\u00f3s-gradua\u00e7\u00e3o em Gest\u00e3o de Projetos da Universidade Nove de Julho, PPGP-UNINOVE, Professor do Programa de P\u00f3s-gradua\u00e7\u00e3o em Administra\u00e7\u00e3o da Universidade Nove de Julho, PPGA-UNINOVE, e Editor da Revista GeP)<\/li>\n      <li>o Prof. Dr. Nelson Jos\u00e9 Rosamilha (Professor na PUC-RS e Editor da Revista GeP)<\/li>\n      <li>o Prof. Dr. Fabr\u00edcio Martins Lacerda (Professor na Universidade Estadual do Paran\u00e1, UNESPAR, e Editor da Revista GeP)<\/li>\n      <li>o Prof. Dr. Ivano Ribeiro (Universidade do Oeste do Paran\u00e1, UNIOESTE, e Editora da Revista RIAE)<\/li>\n      <li>o Profa. Dra. Michelle Regina Santana Dutra (UNIHORIZONTES)<\/li>\n    <\/ul>\n  <\/div>\n\n  <div class=\"atividade\">\n    <div class=\"horario\">18h30 to 18h40<\/div>\n    <h4>Interval<\/h4>\n  <\/div>\n\n  <div class=\"atividade\">\n    <div class=\"horario\">18h40<\/div>\n    <h4>Award for the Best Works of the Event (5 categories)<\/h4>\n    <h4>Award for the Best Theses and Dissertations (2 categories)<\/h4>\n    <p><strong>Organization:<\/strong> Prof. Dr. Luciano Ferreira da Silva (Professor of the Postgraduate Program in Project Management (PPGP) at Universidade Nove de Julho, UNINOVE)<\/p>\n\n    <div class=\"nota\">\n      <p><strong>Criteria for selecting the best papers:<\/strong> quality, clarity and writing of the text; topicality of the theme of the work; clarity in the objectives; methodological adequacy; form of presentation of quantitative or qualitative data; basis, breadth and correctness in relation to the results obtained; and consistency and comprehensiveness of the references.<\/p>\n\n      <p><strong>Categories of Work Awards:<\/strong><\/p>\n      <ol>\n        <li>Category &#8220;Best Scientific Article&#8221;, involving the selection of the three best works by theme (project management, innovation and entrepreneurship, sustainability, strategy, and marketing)<\/li>\n        <li>Category &#8220;Best Technical Report&#8221;, contemplating the selection of the three best works of event.<\/li>\n        <li>&#8220;Best Poster&#8221; category, involving the selection of the three best posters of the event<\/li>\n        <li>Category &#8220;Best PTT Report&#8221;, contemplating the selection of the three best PTTs of the event<\/li>\n        <li>Category &#8220;Best Paper of the XIII SINGEP&#8221;, through selection of the best work of the event<\/li>\n        <li>&#8220;Distinction of Merit&#8221; category for the three best evaluators of the event in each area<\/li>\n      <\/ol>\n\n      <p><strong>Criteria for selection of the best Theses and Dissertations:<\/strong> the originality of the work; its relevance for scientific, technological, cultural, social and innovation development.<\/p>\n\n      <p><strong>Thesis and Dissertation Award Categories:<\/strong><\/p>\n      <ol>\n        <li>&#8220;Best Dissertation&#8221; category, involving the selection of the three best dissertations per program (PPGA and PPGP UNINOVE)<\/li>\n        <li>&#8220;Best Thesis&#8221; category, contemplating the selection of the three best theses per program (PPGA and PPGP UNINOVE)<\/li>\n      <\/ol>\n    <\/div>\n  <\/div>\n\n  <h2>3RD DAY OF THE EVENT<\/h2>\n  <h3>October 24, 2025 (Friday) \u2013 VIRTUAL<\/h3>\n\n  <div class=\"atividade\">\n    <div class=\"horario\">9h to 10h50<\/div>\n    <h4>Workshop 1: \u201cDiscovering Configurational Logic with Qualitative Comparative Analysis (QCA)\u201d<\/h4>\n    <p class=\"palestrante\">J\u00falio Cesar Teixeira, PPGA UNINOVE<\/p>\n  <\/div>\n\n  <div class=\"atividade\">\n    <div class=\"horario\">10h50 to 11h<\/div>\n    <h4>Interval<\/h4>\n  <\/div>\n\n  <div class=\"atividade\">\n    <div class=\"horario\">11h to 12h50<\/div>\n    <h4>Workshop 2: \u201cIntroduction to Multicriteria Decision Analysis: Applications and Examples\u201d<\/h4>\n    <p class=\"palestrante\">Fellipe Silva Martins, PPGA \u2013 MACKENZIE<\/p>\n  <\/div>\n\n  <div class=\"atividade\">\n    <div class=\"horario\">12h50 to 14h<\/div>\n    <h4>Interval<\/h4>\n  <\/div>\n\n  <div class=\"atividade\">\n    <div class=\"horario\">14h to 15h50<\/div>\n    <h4>Workshop 3: \u201cUnraveling Meta-Analysis: A Guide for Researchers\u201d<\/h4>\n    <p class=\"palestrante\">Wanderson Dutra Gresele and Lu\u00eds F\u00e1bio Cavalcanti da Silva, PPGA UNINOVE<\/p>\n  <\/div>\n\n  <div class=\"atividade\">\n    <div class=\"horario\">15h50 to 16h<\/div>\n    <h4>Interval<\/h4>\n  <\/div>\n\n  <div class=\"atividade\">\n    <div class=\"horario\">16h to 17h50<\/div>\n    <h4>Workshop 4: \u201cPMI Certifications and the Rise of Artificial Intelligence\u201d<\/h4>\n    <p class=\"palestrante\">Airis Horta and Jo\u00e3o Silva, PMI S\u00e3o Paulo and PMI Angola<\/p>\n  <\/div>\n\n  <div class=\"atividade\">\n    <div class=\"horario\">17h50 to 18h<\/div>\n    <h4>Interval<\/h4>\n  <\/div>\n\n  <div class=\"atividade\">\n    <div class=\"horario\">18h<\/div>\n    <h4>Closing of the XIII SINGEP-CIK<\/h4>\n  <\/div>\n<\/div>\n","protected":false},"excerpt":{"rendered":"<p>*Bras\u00edlia Time First day of the Event October 22, 2025 (Wednesday) \u2013 In-person with online transmission Location: UNINOVE Campus &#8211; Vergueiro (Auditorium \u2013 1st floor) Rua Vergueiro, 235\/249 \u2013 Liberdade, S\u00e3o Paulo \u2013 SP 9h to 10h Reception of participants XIII SINGEP-CIKCoffee reception 10h to&nbsp;<a href=\"https:\/\/singep.org.br\/13\/en\/programacao\/\">&hellip;<\/a><\/p>\n","protected":false},"author":1,"featured_media":0,"parent":0,"menu_order":0,"comment_status":"closed","ping_status":"open","template":"","meta":{"footnotes":""},"class_list":["post-9985","page","type-page","status-publish","hentry","odd"],"jetpack_sharing_enabled":true,"_links":{"self":[{"href":"https:\/\/singep.org.br\/13\/en\/wp-json\/wp\/v2\/pages\/9985","targetHints":{"allow":["GET"]}}],"collection":[{"href":"https:\/\/singep.org.br\/13\/en\/wp-json\/wp\/v2\/pages"}],"about":[{"href":"https:\/\/singep.org.br\/13\/en\/wp-json\/wp\/v2\/types\/page"}],"author":[{"embeddable":true,"href":"https:\/\/singep.org.br\/13\/en\/wp-json\/wp\/v2\/users\/1"}],"replies":[{"embeddable":true,"href":"https:\/\/singep.org.br\/13\/en\/wp-json\/wp\/v2\/comments?post=9985"}],"version-history":[{"count":17,"href":"https:\/\/singep.org.br\/13\/en\/wp-json\/wp\/v2\/pages\/9985\/revisions"}],"predecessor-version":[{"id":10586,"href":"https:\/\/singep.org.br\/13\/en\/wp-json\/wp\/v2\/pages\/9985\/revisions\/10586"}],"wp:attachment":[{"href":"https:\/\/singep.org.br\/13\/en\/wp-json\/wp\/v2\/media?parent=9985"}],"curies":[{"name":"wp","href":"https:\/\/api.w.org\/{rel}","templated":true}]}}