{"id":97,"date":"2014-05-23T15:20:11","date_gmt":"2014-05-23T18:20:11","guid":{"rendered":"http:\/\/impermad.com.br\/singep\/?page_id=97"},"modified":"2024-04-04T22:42:35","modified_gmt":"2024-04-05T01:42:35","slug":"local","status":"publish","type":"page","link":"https:\/\/singep.org.br\/12\/local\/","title":{"rendered":"Local"},"content":{"rendered":"\n<p>O EVENTO SER\u00c1 VIRTUAL E S\u00cdNCRONO, realizado em plataforma digital, com acesso ap\u00f3s o login do participante.<\/p>\n","protected":false},"excerpt":{"rendered":"<p>O EVENTO SER\u00c1 VIRTUAL E S\u00cdNCRONO, realizado em plataforma digital, com acesso ap\u00f3s o login do participante.<\/p>\n","protected":false},"author":1,"featured_media":0,"parent":0,"menu_order":0,"comment_status":"closed","ping_status":"closed","template":"","meta":{"footnotes":""},"class_list":["post-97","page","type-page","status-publish","hentry"],"_links":{"self":[{"href":"https:\/\/singep.org.br\/12\/wp-json\/wp\/v2\/pages\/97","targetHints":{"allow":["GET"]}}],"collection":[{"href":"https:\/\/singep.org.br\/12\/wp-json\/wp\/v2\/pages"}],"about":[{"href":"https:\/\/singep.org.br\/12\/wp-json\/wp\/v2\/types\/page"}],"author":[{"embeddable":true,"href":"https:\/\/singep.org.br\/12\/wp-json\/wp\/v2\/users\/1"}],"replies":[{"embeddable":true,"href":"https:\/\/singep.org.br\/12\/wp-json\/wp\/v2\/comments?post=97"}],"version-history":[{"count":4,"href":"https:\/\/singep.org.br\/12\/wp-json\/wp\/v2\/pages\/97\/revisions"}],"predecessor-version":[{"id":8859,"href":"https:\/\/singep.org.br\/12\/wp-json\/wp\/v2\/pages\/97\/revisions\/8859"}],"wp:attachment":[{"href":"https:\/\/singep.org.br\/12\/wp-json\/wp\/v2\/media?parent=97"}],"curies":[{"name":"wp","href":"https:\/\/api.w.org\/{rel}","templated":true}]}}