{"id":84,"date":"2014-05-23T14:45:15","date_gmt":"2014-05-23T17:45:15","guid":{"rendered":"http:\/\/impermad.com.br\/singep\/?page_id=84"},"modified":"2024-07-19T15:44:11","modified_gmt":"2024-07-19T18:44:11","slug":"inscricoes","status":"publish","type":"page","link":"https:\/\/singep.org.br\/12\/inscricoes\/","title":{"rendered":"Inscri\u00e7\u00f5es 2024"},"content":{"rendered":"\n<p>A inscri\u00e7\u00e3o no XII Simp\u00f3sio Internacional de Gest\u00e3o, Projetos, Inova\u00e7\u00e3o e Sustentabilidade (XII SINGEP-CIK) possibilita a participa\u00e7\u00e3o em todas as atividades do evento (sess\u00f5es de apresenta\u00e7\u00e3o de trabalhos, palestras, pain\u00e9is, workshops, etc.). O evento ser\u00e1 on-line.<\/p>\n\n\n\n<p class=\"has-text-align-left\">Ser\u00e3o concedidos dois tipos de certificados aos participantes do evento:<br>\u2022    Certificado de Participa\u00e7\u00e3o: concedido para aqueles que realizarem a inscri\u00e7\u00e3o e efetuarem o pagamento.<br>\u2022    Certificado de Apresenta\u00e7\u00e3o: para os trabalhos que forem apresentados por um (ou mais) dos autores do trabalho devidamente inscrito(s) no evento.<\/p>\n\n\n\n<figure class=\"wp-block-table\"><table><tbody><tr><td><strong>Perfil do Participante<\/strong><\/td><td><strong>Valor da inscri\u00e7\u00e3o<\/strong><\/td><\/tr><tr><td>Estudantes de gradua\u00e7\u00e3o da UNINOVE (*)<\/td><td>Gratuito<\/td><\/tr><tr><td>Estudantes de gradua\u00e7\u00e3o de outras institui\u00e7\u00f5es (*)<\/td><td>R$ 70,00<\/td><\/tr><tr><td>Estudantes de p\u00f3s-gradua\u00e7\u00e3o (Lato Senso ou Stricto Senso) (*)<\/td><td>R$ 190,00<\/td><\/tr><tr><td>Egressos da UNINOVE (*)<\/td><td>R$ 190,00<\/td><\/tr><tr><td>Professores e demais profissionais<\/td><td>R$ 235,00<\/td><\/tr><tr><td>L\u00edderes de \u00c1rea<\/td><td>R$ 70,00<\/td><\/tr><tr><td>Associados e volunt\u00e1rios do PMI-SP (*)<\/td><td>R$ 211,00<\/td><\/tr><\/tbody><\/table><\/figure>\n\n\n\n<p>(*)<strong>  \u00c9 necess\u00e1rio anexar um comprovante<\/strong><br><strong>Importante:<\/strong>\u202fPara comprovar o v\u00ednculo com a sua Institui\u00e7\u00e3o de Ensino, ser\u00e1 necess\u00e1rio fazer upload de algum documento comprobat\u00f3rio.\u00a0<\/p>\n\n\n\n<p>Para realizar o pagamento da inscri\u00e7\u00e3o por empenho,\u202f<a href=\"https:\/\/singep.org.br\/12\/inscricoes-por-empenho\/\" target=\"_blank\" rel=\"noreferrer noopener\">clique aqui<\/a>&nbsp;<\/p>\n\n\n\n<p><\/p>\n\n\n\n<p class=\"has-white-color has-vivid-cyan-blue-background-color has-text-color has-background\">Para os autores com trabalhos aprovados \u00e9 necess\u00e1rio que pelo menos um dos autores do trabalho selecionado efetive sua inscri\u00e7\u00e3o at\u00e9 o dia <strong>24 de setembro de 2024<\/strong>, para que o trabalho seja inclu\u00eddo na programa\u00e7\u00e3o e nos anais do evento.&nbsp;<\/p>\n\n\n\n<div class=\"wp-block-buttons is-layout-flex wp-block-buttons-is-layout-flex\">\n<div class=\"wp-block-button has-custom-width wp-block-button__width-100\"><a class=\"wp-block-button__link has-vivid-cyan-blue-background-color has-background wp-element-button\" href=\"http:\/\/submissao.singep.org.br\/12singep\/login.php?pagina=inscricao.php\">Fa\u00e7a sua inscri\u00e7\u00e3o!<\/a><\/div>\n<\/div>\n","protected":false},"excerpt":{"rendered":"<p>A inscri\u00e7\u00e3o no XII Simp\u00f3sio Internacional de Gest\u00e3o, Projetos, Inova\u00e7\u00e3o e Sustentabilidade (XII SINGEP-CIK) possibilita a participa\u00e7\u00e3o em todas as atividades do evento (sess\u00f5es de apresenta\u00e7\u00e3o de trabalhos, palestras, pain\u00e9is, workshops, etc.). O evento ser\u00e1 on-line. Ser\u00e3o concedidos dois tipos de certificados aos participantes do evento:\u2022 Certificado de Participa\u00e7\u00e3o: concedido para aqueles que realizarem a [&hellip;]<\/p>\n","protected":false},"author":1,"featured_media":0,"parent":0,"menu_order":0,"comment_status":"closed","ping_status":"closed","template":"","meta":{"footnotes":""},"class_list":["post-84","page","type-page","status-publish","hentry"],"_links":{"self":[{"href":"https:\/\/singep.org.br\/12\/wp-json\/wp\/v2\/pages\/84","targetHints":{"allow":["GET"]}}],"collection":[{"href":"https:\/\/singep.org.br\/12\/wp-json\/wp\/v2\/pages"}],"about":[{"href":"https:\/\/singep.org.br\/12\/wp-json\/wp\/v2\/types\/page"}],"author":[{"embeddable":true,"href":"https:\/\/singep.org.br\/12\/wp-json\/wp\/v2\/users\/1"}],"replies":[{"embeddable":true,"href":"https:\/\/singep.org.br\/12\/wp-json\/wp\/v2\/comments?post=84"}],"version-history":[{"count":32,"href":"https:\/\/singep.org.br\/12\/wp-json\/wp\/v2\/pages\/84\/revisions"}],"predecessor-version":[{"id":9162,"href":"https:\/\/singep.org.br\/12\/wp-json\/wp\/v2\/pages\/84\/revisions\/9162"}],"wp:attachment":[{"href":"https:\/\/singep.org.br\/12\/wp-json\/wp\/v2\/media?parent=84"}],"curies":[{"name":"wp","href":"https:\/\/api.w.org\/{rel}","templated":true}]}}