{"id":80,"date":"2014-05-23T12:08:52","date_gmt":"2014-05-23T15:08:52","guid":{"rendered":"http:\/\/impermad.com.br\/singep\/?page_id=80"},"modified":"2024-10-16T13:31:43","modified_gmt":"2024-10-16T16:31:43","slug":"regra-das-apresentacao","status":"publish","type":"page","link":"https:\/\/singep.org.br\/12\/regras-para-submissao\/regra-das-apresentacao\/","title":{"rendered":"Regras de Apresenta\u00e7\u00e3o"},"content":{"rendered":"\n<p>Os artigos cient\u00edficos, relatos t\u00e9cnicos, p\u00f4steres e relatos de PTT (Produtos t\u00e9cnicos\/Tecnol\u00f3gicos) APROVADOS ser\u00e3o apresentados em sess\u00f5es orais.<\/p>\n\n\n\n<p><strong><u>REGRAS PARA APRESENTA\u00c7\u00c3O DE ARTIGOS CIENT\u00cdFICOS E DE RELATOS T\u00c9CNICOS<\/u><\/strong>&nbsp;<\/p>\n\n\n\n<ul class=\"wp-block-list\">\n<li>Cada sess\u00e3o ter\u00e1 um coordenador que tem a fun\u00e7\u00e3o de apresentar os autores, controlar o tempo de apresenta\u00e7\u00e3o e organizar a discuss\u00e3o dos trabalhos;<\/li>\n\n\n\n<li>Solicita-se que os apresentadores compare\u00e7am na sala com pelo menos dez (10) minutos de anteced\u00eancia<\/li>\n\n\n\n<li>Cada trabalho ser\u00e1 apresentado em no m\u00e1ximo 15 minutos, sendo o debate promovido pelo coordenador da sess\u00e3o ao final da \u00faltima apresenta\u00e7\u00e3o.<\/li>\n\n\n\n<li>A apresenta\u00e7\u00e3o dever\u00e1 ser em Power Point e a formata\u00e7\u00e3o da apresenta\u00e7\u00e3o \u00e9 livre.<\/li>\n\n\n\n<li>A utiliza\u00e7\u00e3o do template n\u00e3o \u00e9 obrigat\u00f3ria, \u00e9 apenas uma sugest\u00e3o.<\/li>\n\n\n\n<li>Na apresenta\u00e7\u00e3o, o(s) autor(es) deve(m) apresentar seu arquivo compartilhando a tela do seu computador.<\/li>\n<\/ul>\n\n\n\n<p><strong><u><a href=\"https:\/\/singep.org.br\/12\/wp-content\/uploads\/sites\/11\/2024\/09\/Template_XIISINGEP_Apresentacao-de-Trabalhos_2024.PT_.pptx\">Template Apresenta\u00e7\u00e3o de Artigo e Relato T\u00e9cnico<\/a><\/u><\/strong><\/p>\n\n\n\n<p><strong><u>REGRAS PARA APRESENTA\u00c7\u00c2O E CONFEC\u00c7\u00c3O DO P\u00d4STER<\/u><\/strong><\/p>\n\n\n\n<ul class=\"wp-block-list\">\n<li>As sess\u00f5es de apresenta\u00e7\u00f5es de p\u00f4steres ser\u00e3o semelhantes \u00e0s de artigos cient\u00edficos.<\/li>\n\n\n\n<li>As sess\u00f5es paralelas de apresenta\u00e7\u00f5es de p\u00f4steres far\u00e3o parte da programa\u00e7\u00e3o geral.<\/li>\n\n\n\n<li>A utiliza\u00e7\u00e3o do template para a confec\u00e7\u00e3o do p\u00f4ster \u00e9 obrigat\u00f3ria.<\/li>\n\n\n\n<li>Os blocos do&nbsp;<em>template<\/em>&nbsp;podem ser editados para melhor adequa\u00e7\u00e3o do conte\u00fado do p\u00f4ster. Todavia, as caracter\u00edsticas gerais do p\u00f4ster (incluindo o cabe\u00e7alho com logo do evento) devem ser mantidas.<\/li>\n\n\n\n<li>\u00c9 obrigat\u00f3rio que o t\u00edtulo do trabalho no p\u00f4ster seja id\u00eantico ao t\u00edtulo do trabalho submetido ao evento.<\/li>\n\n\n\n<li>Para apresenta\u00e7\u00e3o, o(s) autor(es) deve(m) gerar o PDF do p\u00f4ster e compartilhar a tela do seu computador.<\/li>\n<\/ul>\n\n\n\n<p><strong><u><a href=\"https:\/\/singep.org.br\/12\/wp-content\/uploads\/sites\/11\/2024\/09\/Template_XIISingep_Posters_2024.pptx\">Template Apresenta\u00e7\u00e3o de P\u00f4ster<\/a><\/u><\/strong><\/p>\n\n\n\n<p><strong><u>REGRAS PARA APRESENTA\u00c7\u00c2O E DOS RELATOS DE PRODUTOS T\u00c9CNICOS E TECNOL\u00d3GICOS &#8211; PTT<\/u><\/strong><\/p>\n\n\n\n<ul class=\"wp-block-list\">\n<li>As sess\u00f5es de apresenta\u00e7\u00f5es de PTT ser\u00e3o semelhantes \u00e0s de artigos cient\u00edficos.<\/li>\n\n\n\n<li>As sess\u00f5es paralelas de apresenta\u00e7\u00f5es de PTT far\u00e3o parte da programa\u00e7\u00e3o geral.<\/li>\n\n\n\n<li>Cada trabalho ser\u00e1 apresentado em no m\u00e1ximo 15 minutos, sendo o debate promovido pelo coordenador da sess\u00e3o ao final da \u00faltima apresenta\u00e7\u00e3o.<\/li>\n\n\n\n<li>Os templates disponibilizados dever\u00e3o ser usados para as apresenta\u00e7\u00f5es e o seu conte\u00fado \u00e9 apenas uma sugest\u00e3o para direcionamento do autor.<\/li>\n<\/ul>\n\n\n\n<p><strong><u><a href=\"https:\/\/singep.org.br\/12\/wp-content\/uploads\/sites\/11\/2024\/09\/Template_XIISINGEP_Apresentacao-PTT_2024.pptx\">Template Apresenta\u00e7\u00e3o de PTT<\/a><\/u><\/strong><\/p>\n\n\n\n<p><strong><u>REGRAS PARA APRESENTA\u00c7\u00c3O DE CONS\u00d3RCIO DOUTORAL<\/u><\/strong><\/p>\n\n\n\n<ul class=\"wp-block-list\">\n<li>As apresenta\u00e7\u00f5es no Cons\u00f3rcio Doutoral Internacional ser\u00e3o feitas exclusivaente em ingl\u00eas, assim como os coment\u00e1rios dos professores sobre os trabalhos apresentados<\/li>\n\n\n\n<li>O doutorando ter\u00e1 o tempo de 10 minutos para fazer sua apresenta\u00e7\u00e3o, e na sequ\u00eancia, ser\u00e3o tecidos coment\u00e1rios pelos professores participantes.<\/li>\n<\/ul>\n\n\n\n<p><strong><u><a href=\"https:\/\/singep.org.br\/12\/wp-content\/uploads\/sites\/11\/2024\/09\/Template_XIISINGEP_Consorcio-doutoral_2024.pptx\">Template Apresenta\u00e7\u00e3o de Cons\u00f3rcio Doutoral<\/a><\/u><\/strong><\/p>\n\n\n\n<div style=\"height:30px\" aria-hidden=\"true\" class=\"wp-block-spacer\"><\/div>\n\n\n\n<div class=\"wp-block-columns is-layout-flex wp-container-core-columns-is-layout-9d6595d7 wp-block-columns-is-layout-flex\">\n<div class=\"wp-block-column is-layout-flow wp-block-column-is-layout-flow\">\n<figure class=\"wp-block-image size-large\"><a href=\"https:\/\/singep.org.br\/12\/wp-content\/uploads\/sites\/11\/2024\/10\/Zoom-SINGEP-2024.jpg\"><img loading=\"lazy\" decoding=\"async\" width=\"1024\" height=\"576\" src=\"https:\/\/singep.org.br\/12\/wp-content\/uploads\/sites\/11\/2024\/10\/Zoom-SINGEP-2024-1024x576.jpg\" alt=\"\" class=\"wp-image-9274\" srcset=\"https:\/\/singep.org.br\/12\/wp-content\/uploads\/sites\/11\/2024\/10\/Zoom-SINGEP-2024-1024x576.jpg 1024w, https:\/\/singep.org.br\/12\/wp-content\/uploads\/sites\/11\/2024\/10\/Zoom-SINGEP-2024-300x169.jpg 300w, https:\/\/singep.org.br\/12\/wp-content\/uploads\/sites\/11\/2024\/10\/Zoom-SINGEP-2024-768x432.jpg 768w, https:\/\/singep.org.br\/12\/wp-content\/uploads\/sites\/11\/2024\/10\/Zoom-SINGEP-2024-150x84.jpg 150w, https:\/\/singep.org.br\/12\/wp-content\/uploads\/sites\/11\/2024\/10\/Zoom-SINGEP-2024.jpg 1280w\" sizes=\"auto, (max-width: 1024px) 100vw, 1024px\" \/><\/a><\/figure>\n<\/div>\n\n\n\n<div class=\"wp-block-column is-layout-flow wp-block-column-is-layout-flow\">\n<p><a href=\"https:\/\/singep.org.br\/11\/wp-content\/uploads\/sites\/10\/2024\/10\/Zoom-SINGEP-2024.jpg\" target=\"_blank\" rel=\"noreferrer noopener\"><strong>Fundo de tela oficial do evento<\/strong><\/a><\/p>\n<\/div>\n<\/div>\n","protected":false},"excerpt":{"rendered":"<p>Os artigos cient\u00edficos, relatos t\u00e9cnicos, p\u00f4steres e relatos de PTT (Produtos t\u00e9cnicos\/Tecnol\u00f3gicos) APROVADOS ser\u00e3o apresentados em sess\u00f5es orais. REGRAS PARA APRESENTA\u00c7\u00c3O DE ARTIGOS CIENT\u00cdFICOS E DE RELATOS T\u00c9CNICOS&nbsp; Template Apresenta\u00e7\u00e3o de Artigo e Relato T\u00e9cnico REGRAS PARA APRESENTA\u00c7\u00c2O E CONFEC\u00c7\u00c3O DO P\u00d4STER Template Apresenta\u00e7\u00e3o de P\u00f4ster REGRAS PARA APRESENTA\u00c7\u00c2O E DOS RELATOS DE PRODUTOS T\u00c9CNICOS [&hellip;]<\/p>\n","protected":false},"author":1,"featured_media":0,"parent":32,"menu_order":0,"comment_status":"closed","ping_status":"closed","template":"","meta":{"footnotes":""},"class_list":["post-80","page","type-page","status-publish","hentry"],"_links":{"self":[{"href":"https:\/\/singep.org.br\/12\/wp-json\/wp\/v2\/pages\/80","targetHints":{"allow":["GET"]}}],"collection":[{"href":"https:\/\/singep.org.br\/12\/wp-json\/wp\/v2\/pages"}],"about":[{"href":"https:\/\/singep.org.br\/12\/wp-json\/wp\/v2\/types\/page"}],"author":[{"embeddable":true,"href":"https:\/\/singep.org.br\/12\/wp-json\/wp\/v2\/users\/1"}],"replies":[{"embeddable":true,"href":"https:\/\/singep.org.br\/12\/wp-json\/wp\/v2\/comments?post=80"}],"version-history":[{"count":35,"href":"https:\/\/singep.org.br\/12\/wp-json\/wp\/v2\/pages\/80\/revisions"}],"predecessor-version":[{"id":9279,"href":"https:\/\/singep.org.br\/12\/wp-json\/wp\/v2\/pages\/80\/revisions\/9279"}],"up":[{"embeddable":true,"href":"https:\/\/singep.org.br\/12\/wp-json\/wp\/v2\/pages\/32"}],"wp:attachment":[{"href":"https:\/\/singep.org.br\/12\/wp-json\/wp\/v2\/media?parent=80"}],"curies":[{"name":"wp","href":"https:\/\/api.w.org\/{rel}","templated":true}]}}