{"id":78,"date":"2014-05-23T12:08:11","date_gmt":"2014-05-23T15:08:11","guid":{"rendered":"http:\/\/impermad.com.br\/singep\/?page_id=78"},"modified":"2024-08-18T17:05:04","modified_gmt":"2024-08-18T20:05:04","slug":"fast-track","status":"publish","type":"page","link":"https:\/\/singep.org.br\/12\/fast-track\/","title":{"rendered":"Fast Track"},"content":{"rendered":"\n<p><strong>Os melhores trabalhos ser\u00e3o selecionados para fast track, nas seguintes revistas cient\u00edficas:<\/strong><\/p>\n\n\n\n\t\t\t\t<link rel=\"stylesheet\" type=\"text\/css\" href=\"https:\/\/cdn.datatables.net\/v\/dt\/dt-1.10.25\/fh-3.1.9\/datatables.min.css\"\/>\n\t\t\t\t<script type=\"text\/javascript\" src=\"https:\/\/cdn.datatables.net\/v\/dt\/dt-1.10.25\/fh-3.1.9\/datatables.min.js\"><\/script>\n\n\n\t\t\t\t<script>\n\t\t\tjQuery(document).ready(function() {\n\t\t\t\tjQuery('#dataTables-revistas').DataTable({\n\t\t\t\t    fixedHeader: true,\n\t\t\t\t\tresponsive: true,\n\t\t\t\t\tpaging: false\n\t\t\t\t});\n\t\t\t});\n\t\t<\/script>\n\t\t\t\t<table class=\"display dataTable\" id=\"dataTables-revistas\">\n\t\t\t\t\t<thead>\n\t\t\t\t\t\t<tr>\n\t\t\t\t\t\t\t<th style=\"width: 85%;\">Nome<\/th>\n\t\t\t\t\t\t\t<th style=\"width: 15%;\" >Qualis 2016 ADM<\/th>\n\n\t\t\t\t\t\t<\/tr>\n\t\t\t\t\t<\/thead>\n\t\t\t\t\t<tbody>\n\t\t\t\t\t\t\t\t\t\t\t\t\t<tr class=\"odd gradeX\">\n\t\t\t\t\t\t\t\t<td><a href=\"http:\/\/seer.uscs.edu.br\/index.php\/revista_gestao\/\" target=\"_blank\">G&R - Gest\u00e3o & Regionalidade<\/a><\/td>\n\t\t\t\t\t\t\t\t<td class=\"text-center\"><center>A4<\/center><\/td>\n\n\t\t\t\t\t\t\t<\/tr>\n\t\t\t\t\t\t\t\t\t\t\t\t\t\t<tr class=\"odd gradeX\">\n\t\t\t\t\t\t\t\t<td><a href=\"https:\/\/periodicos.uninove.br\/gep\" target=\"_blank\">GeP - Revista de Gest\u00e3o e Projetos<\/a><\/td>\n\t\t\t\t\t\t\t\t<td class=\"text-center\"><center>A4<\/center><\/td>\n\n\t\t\t\t\t\t\t<\/tr>\n\t\t\t\t\t\t\t\t\t\t\t\t\t\t<tr class=\"odd gradeX\">\n\t\t\t\t\t\t\t\t<td><a href=\"https:\/\/periodicos.uninove.br\/innovation\" target=\"_blank\">IJI  - International Journal of Innovation<\/a><\/td>\n\t\t\t\t\t\t\t\t<td class=\"text-center\"><center>A4<\/center><\/td>\n\n\t\t\t\t\t\t\t<\/tr>\n\t\t\t\t\t\t\t\t\t\t\t\t\t\t<tr class=\"odd gradeX\">\n\t\t\t\t\t\t\t\t<td><a href=\"https:\/\/periodicos.uninove.br\/riae\" target=\"_blank\">RIAE - Revista Ibero-Americana de Estrat\u00e9gia<\/a><\/td>\n\t\t\t\t\t\t\t\t<td class=\"text-center\"><center>A3<\/center><\/td>\n\n\t\t\t\t\t\t\t<\/tr>\n\t\t\t\t\t\t\t\t\t\t\t\t\t\t<tr class=\"odd gradeX\">\n\t\t\t\t\t\t\t\t<td><a href=\"https:\/\/periodicos.uninove.br\/remark\" target=\"_blank\">BJMkt - Brazilian Journal of Marketing<\/a><\/td>\n\t\t\t\t\t\t\t\t<td class=\"text-center\"><center>A3<\/center><\/td>\n\n\t\t\t\t\t\t\t<\/tr>\n\t\t\t\t\t\t\t\t\t\t\t\t\t\t<tr class=\"odd gradeX\">\n\t\t\t\t\t\t\t\t<td><a href=\"http:\/\/rmr.emnuvens.com.br\/rmr\" target=\"_blank\">RMR - Retail Management Review<\/a><\/td>\n\t\t\t\t\t\t\t\t<td class=\"text-center\"><center>-<\/center><\/td>\n\n\t\t\t\t\t\t\t<\/tr>\n\t\t\t\t\t\t\t\t\t\t\t\t\t\t<tr class=\"odd gradeX\">\n\t\t\t\t\t\t\t\t<td><a href=\"http:\/\/periodicos.pucminas.br\/index.php\/economiaegestao\" target=\"_blank\">E&G - Revista Economia & Gest\u00e3o<\/a><\/td>\n\t\t\t\t\t\t\t\t<td class=\"text-center\"><center>A4<\/center><\/td>\n\n\t\t\t\t\t\t\t<\/tr>\n\t\t\t\t\t\t\t\t\t\t\t\t\t\t<tr class=\"odd gradeX\">\n\t\t\t\t\t\t\t\t<td><a href=\"http:\/\/www.ijbmkt.org\/index.php\/ijbmkt\" target=\"_blank\">IJBMKT - International Journal of Business & Marketing<\/a><\/td>\n\t\t\t\t\t\t\t\t<td class=\"text-center\"><center>B1<\/center><\/td>\n\n\t\t\t\t\t\t\t<\/tr>\n\t\t\t\t\t\t\t\t\t\t\t\t\t\t<tr class=\"odd gradeX\">\n\t\t\t\t\t\t\t\t<td><a href=\"http:\/\/revistagt.fpl.edu.br\/get\" target=\"_blank\">G&T - Revista Gest\u00e3o & Tecnologia<\/a><\/td>\n\t\t\t\t\t\t\t\t<td class=\"text-center\"><center>A4<\/center><\/td>\n\n\t\t\t\t\t\t\t<\/tr>\n\t\t\t\t\t\t\t\t\t\t\t\t\t\t<tr class=\"odd gradeX\">\n\t\t\t\t\t\t\t\t<td><a href=\"https:\/\/periodicos.uninove.br\/podium\" target=\"_blank\">PODIUM - Podium Sport, Leisure and Tourism Review<\/a><\/td>\n\t\t\t\t\t\t\t\t<td class=\"text-center\"><center>A4<\/center><\/td>\n\n\t\t\t\t\t\t\t<\/tr>\n\t\t\t\t\t\t\t\t\t\t\t\t\t\t<tr class=\"odd gradeX\">\n\t\t\t\t\t\t\t\t<td><a href=\"https:\/\/www.regepe.org.br\/regepe\" target=\"_blank\">REGEPE - Entrepreneurship and Small Business Journal<\/a><\/td>\n\t\t\t\t\t\t\t\t<td class=\"text-center\"><center>A3<\/center><\/td>\n\n\t\t\t\t\t\t\t<\/tr>\n\t\t\t\t\t\t\t\t\t\t\t\t\t\t<tr class=\"odd gradeX\">\n\t\t\t\t\t\t\t\t<td><a href=\"https:\/\/periodicos.uninove.br\/iptec\" target=\"_blank\">IPTEC  - Revista Inova\u00e7\u00e3o, Projetos e Tecnologias<\/a><\/td>\n\t\t\t\t\t\t\t\t<td class=\"text-center\"><center>B1<\/center><\/td>\n\n\t\t\t\t\t\t\t<\/tr>\n\t\t\t\t\t\t\t\t\t\t\t\t\t\t<tr class=\"odd gradeX\">\n\t\t\t\t\t\t\t\t<td><a href=\"https:\/\/www.inderscience.com\/jhome.php?jcode=lajmsd\" target=\"_blank\">LAJMSD  - Latin American Journal of Management for Sustainable Development<\/a><\/td>\n\t\t\t\t\t\t\t\t<td class=\"text-center\"><center>B1<\/center><\/td>\n\n\t\t\t\t\t\t\t<\/tr>\n\t\t\t\t\t\t\t\t\t\t\t\t\t\t<tr class=\"odd gradeX\">\n\t\t\t\t\t\t\t\t<td><a href=\"https:\/\/hig.unihorizontes.br\/\" target=\"_blank\">HIG - Revista Horizontes Interdisciplinares da Gest\u00e3o<\/a><\/td>\n\t\t\t\t\t\t\t\t<td class=\"text-center\"><center>B3<\/center><\/td>\n\n\t\t\t\t\t\t\t<\/tr>\n\t\t\t\t\t\t\t\t\t\t\t\t\t\t<tr class=\"odd gradeX\">\n\t\t\t\t\t\t\t\t<td><a href=\"https:\/\/remipe.fatecosasco.edu.br\/index.php\/remipe\" target=\"_blank\">REMIPE  - Revista de Micro e Pequenas Empresas e Empreendedorismo da Fatec Osasco<\/a><\/td>\n\t\t\t\t\t\t\t\t<td class=\"text-center\"><center>B2<\/center><\/td>\n\n\t\t\t\t\t\t\t<\/tr>\n\t\t\t\t\t\t\t\t\t\t\t\t\t\t<tr class=\"odd gradeX\">\n\t\t\t\t\t\t\t\t<td><a href=\"https:\/\/ojs.eniac.com.br\/index.php\/eniacpesquisa\/index\" target=\"_blank\">ENIAC  - Revista ENIAC Pesquisa<\/a><\/td>\n\t\t\t\t\t\t\t\t<td class=\"text-center\"><center>B1<\/center><\/td>\n\n\t\t\t\t\t\t\t<\/tr>\n\t\t\t\t\t\t\t\t\t\t\t\t\t\t<tr class=\"odd gradeX\">\n\t\t\t\t\t\t\t\t<td><a href=\"https:\/\/revistas.pucsp.br\/index.php\/cintec\" target=\"_blank\">CINTEC  -  Relatos de Contabilidade, Inova\u00e7\u00e3o e Tecnologia<\/a><\/td>\n\t\t\t\t\t\t\t\t<td class=\"text-center\"><center>-<\/center><\/td>\n\n\t\t\t\t\t\t\t<\/tr>\n\t\t\t\t\t\t\t\t\t\t\t\t\t\t<tr class=\"odd gradeX\">\n\t\t\t\t\t\t\t\t<td><a href=\"https:\/\/revistas.pucsp.br\/index.php\/CAFI\" target=\"_blank\">CAFI  - Contabilidade, Atu\u00e1ria, Finan\u00e7as & Informa\u00e7\u00e3o<\/a><\/td>\n\t\t\t\t\t\t\t\t<td class=\"text-center\"><center>B3<\/center><\/td>\n\n\t\t\t\t\t\t\t<\/tr>\n\t\t\t\t\t\t\t\t\t\t\t\t\t\t<tr class=\"odd gradeX\">\n\t\t\t\t\t\t\t\t<td><a href=\"http:\/\/revistahermes.com.br\/index.php\/hermes1\" target=\"_blank\">RCH -  Revista Cient\u00edfica Hermes<\/a><\/td>\n\t\t\t\t\t\t\t\t<td class=\"text-center\"><center>B1<\/center><\/td>\n\n\t\t\t\t\t\t\t<\/tr>\n\t\t\t\t\t\t\t\t\t\t\t\t\t\t<tr class=\"odd gradeX\">\n\t\t\t\t\t\t\t\t<td><a href=\"https:\/\/iberoamericancg.org\/Journals\" target=\"_blank\">RGC - Revista de Governan\u00e7a Corporativa<\/a><\/td>\n\t\t\t\t\t\t\t\t<td class=\"text-center\"><center>B3<\/center><\/td>\n\n\t\t\t\t\t\t\t<\/tr>\n\t\t\t\t\t\t\t\t\t\t\t\t\t\t<tr class=\"odd gradeX\">\n\t\t\t\t\t\t\t\t<td><a href=\"https:\/\/iberoamericanic.org\/rev\/index\" target=\"_blank\">JSCI - Journal of Sustainable Competitive Intelligence<\/a><\/td>\n\t\t\t\t\t\t\t\t<td class=\"text-center\"><center>B2<\/center><\/td>\n\n\t\t\t\t\t\t\t<\/tr>\n\t\t\t\t\t\t\t\t\t\t\t\t\t\t<tr class=\"odd gradeX\">\n\t\t\t\t\t\t\t\t<td><a href=\"https:\/\/revistaregov.org\/revista\" target=\"_blank\">IGCP - Revista Latino-Americana de Governan\u00e7a<\/a><\/td>\n\t\t\t\t\t\t\t\t<td class=\"text-center\"><center>-<\/center><\/td>\n\n\t\t\t\t\t\t\t<\/tr>\n\t\t\t\t\t\t\t\t\t\t\t\t\t\t<tr class=\"odd gradeX\">\n\t\t\t\t\t\t\t\t<td><a href=\"https:\/\/www.revistafuture.org\/FSRJ\/index\" target=\"_blank\">FSRJ - Future Studies Research Journal<\/a><\/td>\n\t\t\t\t\t\t\t\t<td class=\"text-center\"><center>A4<\/center><\/td>\n\n\t\t\t\t\t\t\t<\/tr>\n\t\t\t\t\t\t\t\t\t\t\t\t\t\t<tr class=\"odd gradeX\">\n\t\t\t\t\t\t\t\t<td><a href=\"http:\/\/revista.unicuritiba.edu.br\/index.php\/percurso\/index\" target=\"_blank\">PERCURSO - Percurso<\/a><\/td>\n\t\t\t\t\t\t\t\t<td class=\"text-center\"><center>A4<\/center><\/td>\n\n\t\t\t\t\t\t\t<\/tr>\n\t\t\t\t\t\t\t\t\t\t\t\t\t\t<tr class=\"odd gradeX\">\n\t\t\t\t\t\t\t\t<td><a href=\"http:\/\/revista.unicuritiba.edu.br\/index.php\/admrevista\" target=\"_blank\">AER - Administra\u00e7\u00e3o de Empresas em Revista<\/a><\/td>\n\t\t\t\t\t\t\t\t<td class=\"text-center\"><center>A1<\/center><\/td>\n\n\t\t\t\t\t\t\t<\/tr>\n\t\t\t\t\t\t\t\t\t\t\t\t\t\t<tr class=\"odd gradeX\">\n\t\t\t\t\t\t\t\t<td><a href=\"http:\/\/revista.unicuritiba.edu.br\/index.php\/RevJur\" target=\"_blank\">REVJUR - Revista Juridica <\/a><\/td>\n\t\t\t\t\t\t\t\t<td class=\"text-center\"><center>A4<\/center><\/td>\n\n\t\t\t\t\t\t\t<\/tr>\n\t\t\t\t\t\t\t\t\t\t\t\t\t\t<tr class=\"odd gradeX\">\n\t\t\t\t\t\t\t\t<td><a href=\"https:\/\/corruptionreview.org\/revista\" target=\"_blank\">JLCR - Journal of Law and Corruption Review<\/a><\/td>\n\t\t\t\t\t\t\t\t<td class=\"text-center\"><center>-<\/center><\/td>\n\n\t\t\t\t\t\t\t<\/tr>\n\t\t\t\t\t\t\t\t\t\t\t\t\t\t<tr class=\"odd gradeX\">\n\t\t\t\t\t\t\t\t<td><a href=\"https:\/\/revistadocejur.tjsc.jus.br\/cejur\/index\" target=\"_blank\">CEJUR\/TJSC - Revista do CEJUR\/TJSC: Presta\u00e7\u00e3o Jurisdicional<\/a><\/td>\n\t\t\t\t\t\t\t\t<td class=\"text-center\"><center>A3<\/center><\/td>\n\n\t\t\t\t\t\t\t<\/tr>\n\t\t\t\t\t\t\t\t\t\t\t\t\t\t<tr class=\"odd gradeX\">\n\t\t\t\t\t\t\t\t<td><a href=\"https:\/\/periodicos.puc-campinas.edu.br\/sustentabilidade\" target=\"_blank\">SUST - Sustentabilidade: Di\u00e1logos Interdisciplinares<\/a><\/td>\n\t\t\t\t\t\t\t\t<td class=\"text-center\"><center>-<\/center><\/td>\n\n\t\t\t\t\t\t\t<\/tr>\n\t\t\t\t\t\t\t\t\t\t\t\t\t\t<tr class=\"odd gradeX\">\n\t\t\t\t\t\t\t\t<td><a href=\"https:\/\/www.scielo.br\/j\/ram\/\" target=\"_blank\">RAM - Revista de Administra\u00e7\u00e3o Mackenzie<\/a><\/td>\n\t\t\t\t\t\t\t\t<td class=\"text-center\"><center>A2<\/center><\/td>\n\n\t\t\t\t\t\t\t<\/tr>\n\t\t\t\t\t\t\t\t\t\t\t\t\t\t<tr class=\"odd gradeX\">\n\t\t\t\t\t\t\t\t<td><a href=\"https:\/\/periodicos.uninove.br\/exacta\" target=\"_blank\">EXACTA - Revista Exacta Engenharia de Produ\u00e7\u00e3o<\/a><\/td>\n\t\t\t\t\t\t\t\t<td class=\"text-center\"><center>B1<\/center><\/td>\n\n\t\t\t\t\t\t\t<\/tr>\n\t\t\t\t\t\t\t\t\t\t\t\t\t\t<tr class=\"odd gradeX\">\n\t\t\t\t\t\t\t\t<td><a href=\"https:\/\/periodicos.feevale.br\/seer\/index.php\/revistagestaoedesenvolvimento\" target=\"_blank\">GeD - Revista Gest\u00e3o e Desenvolvimento<\/a><\/td>\n\t\t\t\t\t\t\t\t<td class=\"text-center\"><center>B1<\/center><\/td>\n\n\t\t\t\t\t\t\t<\/tr>\n\t\t\t\t\t\t\t\t\t\t\t\t\t\t<tr class=\"odd gradeX\">\n\t\t\t\t\t\t\t\t<td><a href=\"https:\/\/periodicos.ufsm.br\/reaufsm\" target=\"_blank\">ReA UFSM - Revista de Administra\u00e7\u00e3o da UFSM<\/a><\/td>\n\t\t\t\t\t\t\t\t<td class=\"text-center\"><center>A4<\/center><\/td>\n\n\t\t\t\t\t\t\t<\/tr>\n\t\t\t\t\t\t\t\t\t\t\t\t\t\t<tr class=\"odd gradeX\">\n\t\t\t\t\t\t\t\t<td><a href=\"http:\/\/www.periodicos.ufc.br\/contextus\" target=\"_blank\">CONTEXTUS - Contextus - Revista Contempor\u00e2nea de Economia e Gest\u00e3o<\/a><\/td>\n\t\t\t\t\t\t\t\t<td class=\"text-center\"><center>B1<\/center><\/td>\n\n\t\t\t\t\t\t\t<\/tr>\n\t\t\t\t\t\t\t\t\t\t\t\t\t\t<tr class=\"odd gradeX\">\n\t\t\t\t\t\t\t\t<td><a href=\"https:\/\/rbgn.fecap.br\/RBGN\" target=\"_blank\">RBGN - Revista Brasileira de Gest\u00e3o de Neg\u00f3cios<\/a><\/td>\n\t\t\t\t\t\t\t\t<td class=\"text-center\"><center>A2<\/center><\/td>\n\n\t\t\t\t\t\t\t<\/tr>\n\t\t\t\t\t\t\t\t\t\t\t\t\t\t<tr class=\"odd gradeX\">\n\t\t\t\t\t\t\t\t<td><a href=\"https:\/\/www.emeraldgrouppublishing.com\/journal\/rausp\" target=\"_blank\">RAUSP - RAUSP Management Journal<\/a><\/td>\n\t\t\t\t\t\t\t\t<td class=\"text-center\"><center>A2<\/center><\/td>\n\n\t\t\t\t\t\t\t<\/tr>\n\t\t\t\t\t\t\t\t\t\t\t\t\t\t<tr class=\"odd gradeX\">\n\t\t\t\t\t\t\t\t<td><a href=\"https:\/\/journaluts.emnuvens.com.br\/journaluts\" target=\"_blank\">JUTS - Journal of Urban Technology and Sustainability<\/a><\/td>\n\t\t\t\t\t\t\t\t<td class=\"text-center\"><center>C<\/center><\/td>\n\n\t\t\t\t\t\t\t<\/tr>\n\t\t\t\t\t\t\t\t\t\t\t\t\t\t<tr class=\"odd gradeX\">\n\t\t\t\t\t\t\t\t<td><a href=\"https:\/\/periodicos.fgv.br\/rae\" target=\"_blank\">RAE - Revista de Administra\u00e7\u00e3o de Empresas<\/a><\/td>\n\t\t\t\t\t\t\t\t<td class=\"text-center\"><center>A2<\/center><\/td>\n\n\t\t\t\t\t\t\t<\/tr>\n\t\t\t\t\t\t\t\t\t\t\t\t\t\t<tr class=\"odd gradeX\">\n\t\t\t\t\t\t\t\t<td><a href=\"https:\/\/www.emeraldgrouppublishing.com\/journal\/mrjiam\" target=\"_blank\">MRJIAM - Management Research: The Journal of the Iberoamerican Academy of Management<\/a><\/td>\n\t\t\t\t\t\t\t\t<td class=\"text-center\"><center>A3<\/center><\/td>\n\n\t\t\t\t\t\t\t<\/tr>\n\t\t\t\t\t\t\t\t\t\t\t\t\t\t<tr class=\"odd gradeX\">\n\t\t\t\t\t\t\t\t<td><a href=\"https:\/\/www.revistas.usp.br\/rta\" target=\"_blank\">RTA - Revista Turismo em An\u00e1lise<\/a><\/td>\n\t\t\t\t\t\t\t\t<td class=\"text-center\"><center>A4<\/center><\/td>\n\n\t\t\t\t\t\t\t<\/tr>\n\t\t\t\t\t\t\t\t\t\t\t\t\t\t<tr class=\"odd gradeX\">\n\t\t\t\t\t\t\t\t<td><a href=\"https:\/\/periodicos.uninove.br\/geas\" target=\"_blank\">GEAS - Revista de Gest\u00e3o Ambiental e Sustentabilidade<\/a><\/td>\n\t\t\t\t\t\t\t\t<td class=\"text-center\"><center>A3<\/center><\/td>\n\n\t\t\t\t\t\t\t<\/tr>\n\t\t\t\t\t\t\t\t\t\t\t\t<\/tbody>\n\t\t\t\t<\/table>\n\t\t\t\t\n","protected":false},"excerpt":{"rendered":"<p>Os melhores trabalhos ser\u00e3o selecionados para fast track, nas seguintes revistas cient\u00edficas:<\/p>\n","protected":false},"author":1,"featured_media":0,"parent":0,"menu_order":0,"comment_status":"closed","ping_status":"closed","template":"","meta":{"footnotes":""},"class_list":["post-78","page","type-page","status-publish","hentry"],"_links":{"self":[{"href":"https:\/\/singep.org.br\/12\/wp-json\/wp\/v2\/pages\/78","targetHints":{"allow":["GET"]}}],"collection":[{"href":"https:\/\/singep.org.br\/12\/wp-json\/wp\/v2\/pages"}],"about":[{"href":"https:\/\/singep.org.br\/12\/wp-json\/wp\/v2\/types\/page"}],"author":[{"embeddable":true,"href":"https:\/\/singep.org.br\/12\/wp-json\/wp\/v2\/users\/1"}],"replies":[{"embeddable":true,"href":"https:\/\/singep.org.br\/12\/wp-json\/wp\/v2\/comments?post=78"}],"version-history":[{"count":13,"href":"https:\/\/singep.org.br\/12\/wp-json\/wp\/v2\/pages\/78\/revisions"}],"predecessor-version":[{"id":9178,"href":"https:\/\/singep.org.br\/12\/wp-json\/wp\/v2\/pages\/78\/revisions\/9178"}],"wp:attachment":[{"href":"https:\/\/singep.org.br\/12\/wp-json\/wp\/v2\/media?parent=78"}],"curies":[{"name":"wp","href":"https:\/\/api.w.org\/{rel}","templated":true}]}}