{"id":6756,"date":"2021-08-26T10:59:57","date_gmt":"2021-08-26T13:59:57","guid":{"rendered":"https:\/\/singep.org.br\/12\/?page_id=6756"},"modified":"2024-04-04T21:55:39","modified_gmt":"2024-04-05T00:55:39","slug":"comissao-cientifica","status":"publish","type":"page","link":"https:\/\/singep.org.br\/12\/comissao-cientifica\/","title":{"rendered":"Comiss\u00e3o Cient\u00edfica"},"content":{"rendered":"\n<p>ANDR\u00c9 URDAN, Doutor, UNINOVE, SP<br>CARLOS RICARDO ROSSETTO, Doutor, UNIVALI, SC<br>CL\u00c1UDIA BRITO SILVA CIRANI, Doutora, UNINOVE, SP<br>CLAUDIA MARIA DA SILVA BEZERRA, Doutora, IDEA, MA<br>CL\u00c1UDIA TEREZINHA KNIESS, Doutora, UNIFESP e USJT, SP<br>CRISTIANE DREBES PEDRON, Doutora, UNINOVE, SP<br>EDUARDO MESQUITA \u2013 Centro Universit\u00e1rio Senac \u2013 SP<br>FERNANDO ANTONIO RIBEIRO SERRA, Doutor, UNINOVE, SP<br>FL\u00c1VIO SANTINO BIZZARIAS, Doutor, ESPM, SP<br>HEIDY RODRIGUEZ RAMOS, Doutora, UNINOVE, SP<br>IVANO RIBEIRO, Doutor, UNIOESTE, PR<br>JOS\u00c9 MOUTINHO, Doutor, Universidade do Estado do Rio de Janeiro, RJ<br>LEONARDO VILS, Doutor, UNINOVE, SP<br>PRISCILA REZENDE DA COSTA, Doutora, UNINOVE, SP<br>NAIRANA RADKE CANEPPELE BUSSLER, Doutora, Unihorizontes, BH<br>SILVIO TEIXEIRA, Doutorando, UNINOVE, SP<br>VANIA JORGE NASSIF, Doutora, UNINOVE, SP<\/p>\n","protected":false},"excerpt":{"rendered":"<p>ANDR\u00c9 URDAN, Doutor, UNINOVE, SPCARLOS RICARDO ROSSETTO, Doutor, UNIVALI, SCCL\u00c1UDIA BRITO SILVA CIRANI, Doutora, UNINOVE, SPCLAUDIA MARIA DA SILVA BEZERRA, Doutora, IDEA, MACL\u00c1UDIA TEREZINHA KNIESS, Doutora, UNIFESP e USJT, SPCRISTIANE DREBES PEDRON, Doutora, UNINOVE, SPEDUARDO MESQUITA \u2013 Centro Universit\u00e1rio Senac \u2013 SPFERNANDO ANTONIO RIBEIRO SERRA, Doutor, UNINOVE, SPFL\u00c1VIO SANTINO BIZZARIAS, Doutor, ESPM, SPHEIDY RODRIGUEZ RAMOS, [&hellip;]<\/p>\n","protected":false},"author":1,"featured_media":0,"parent":0,"menu_order":0,"comment_status":"closed","ping_status":"closed","template":"","meta":{"footnotes":""},"class_list":["post-6756","page","type-page","status-publish","hentry"],"_links":{"self":[{"href":"https:\/\/singep.org.br\/12\/wp-json\/wp\/v2\/pages\/6756","targetHints":{"allow":["GET"]}}],"collection":[{"href":"https:\/\/singep.org.br\/12\/wp-json\/wp\/v2\/pages"}],"about":[{"href":"https:\/\/singep.org.br\/12\/wp-json\/wp\/v2\/types\/page"}],"author":[{"embeddable":true,"href":"https:\/\/singep.org.br\/12\/wp-json\/wp\/v2\/users\/1"}],"replies":[{"embeddable":true,"href":"https:\/\/singep.org.br\/12\/wp-json\/wp\/v2\/comments?post=6756"}],"version-history":[{"count":7,"href":"https:\/\/singep.org.br\/12\/wp-json\/wp\/v2\/pages\/6756\/revisions"}],"predecessor-version":[{"id":8836,"href":"https:\/\/singep.org.br\/12\/wp-json\/wp\/v2\/pages\/6756\/revisions\/8836"}],"wp:attachment":[{"href":"https:\/\/singep.org.br\/12\/wp-json\/wp\/v2\/media?parent=6756"}],"curies":[{"name":"wp","href":"https:\/\/api.w.org\/{rel}","templated":true}]}}