{"id":67,"date":"2014-05-23T12:03:48","date_gmt":"2014-05-23T15:03:48","guid":{"rendered":"http:\/\/impermad.com.br\/singep\/?page_id=67"},"modified":"2024-04-16T16:28:28","modified_gmt":"2024-04-16T19:28:28","slug":"formatacao-poster","status":"publish","type":"page","link":"https:\/\/singep.org.br\/12\/regras-para-submissao\/formatacao-poster\/","title":{"rendered":"Formata\u00e7\u00e3o P\u00f4ster"},"content":{"rendered":"\n<p><strong>Cada autor poder\u00e1 submeter, no m\u00e1ximo, 4 trabalhos para o evento XII SINGEP-CIK.<\/strong><\/p>\n\n\n\n<p>Cada trabalho poder\u00e1 ter <strong>at\u00e9 4 autores<\/strong>.<\/p>\n\n\n\n<p><strong>Template:<\/strong>&nbsp;A utiliza\u00e7\u00e3o do template \u00e9 obrigat\u00f3ria. Arquivos que forem encaminhados sem o template ser\u00e3o automaticamente desclassificados. (<a href=\"https:\/\/singep.org.br\/12\/wp-content\/uploads\/sites\/11\/2024\/04\/template_XIISINGEP_Poster_2024.docx\"><u>clique aqui para fazer o Download<\/u><\/a>).<\/p>\n\n\n\n<p><strong>Formato do arquivo para submiss\u00e3o:&nbsp;<\/strong>PDF<\/p>\n\n\n\n<p><strong>Idioma:<\/strong>&nbsp;Portugu\u00eas, Ingl\u00eas ou Espanhol<\/p>\n\n\n\n<p><strong>Fonte do texto:&nbsp;<\/strong>Times New Roman, corpo 12<\/p>\n\n\n\n<p><strong>Espa\u00e7amento entre linhas:<\/strong>&nbsp;simples<\/p>\n\n\n\n<p><strong>Espa\u00e7amento entre caracteres:&nbsp;<\/strong>normal<\/p>\n\n\n\n<p><strong>Limite de p\u00e1ginas<\/strong>:&nbsp;m\u00ednimo 2, m\u00e1ximo 4 p\u00e1ginas<\/p>\n\n\n\n<p><strong>Tamanho do Papel:<\/strong>&nbsp;A4<\/p>\n\n\n\n<p><strong>Margens:<\/strong>&nbsp;Superior: 3cm \/ Inferior: 2 cm \/ Esquerda: 3 cm \/ Direita: 2 cm<\/p>\n\n\n\n<p><strong>Par\u00e1grafo:<\/strong>&nbsp;Texto Justificado<\/p>\n\n\n\n<p><strong>Pagina\u00e7\u00e3o:<\/strong>&nbsp;o n\u00famero de p\u00e1ginas no rodap\u00e9, com alinhamento ao lado direito, j\u00e1 est\u00e1 no <em>template<\/em>.<\/p>\n\n\n\n<p><strong>Notas:&nbsp;<\/strong>N\u00e3o devem ser colocadas no rodap\u00e9, mas inseridas como notas de final de texto.<\/p>\n\n\n\n<p><strong>Figuras e Tabelas:&nbsp;<\/strong>Todas as figuras e tabelas devem ter legendas e seguir as normas da APA. Sendo assim, no caso de figuras (quadros, gr\u00e1ficos, desenhos, etc.) as respectivas legendas devem ser posicionadas abaixo delas, justificadas \u00e0 esquerda, com fonte&nbsp;<em>Times New Roman<\/em>, tamanho 10 (dez). Nas tabelas, as legendas devem ser posicionadas acima delas, devem estar centralizadas e ter fonte <em>Times New Roman<\/em>, tamanho 10 (dez).<\/p>\n\n\n\n<p><strong>Cita\u00e7\u00f5es e refer\u00eancias bibliogr\u00e1ficas:<\/strong> As cita\u00e7\u00f5es dever\u00e3o ser inseridas no corpo do texto, de acordo com o sistema autor-data, adicionando-se o n\u00famero da p\u00e1gina no caso de cita\u00e7\u00e3o direta. As refer\u00eancias bibliogr\u00e1ficas dever\u00e3o ser apresentadas em ordem alfab\u00e9tica no final do trabalho, de acordo com a norma <em>American Psychological Association<\/em> (APA).<\/p>\n\n\n\n<p><strong>Observa\u00e7\u00f5es:<\/strong><\/p>\n\n\n\n<p>Os trabalhos que n\u00e3o estejam de acordo com as caracter\u00edsticas e com os crit\u00e9rios t\u00e9cnicos exigidos, n\u00e3o ter\u00e3o sua submiss\u00e3o aceita.<\/p>\n\n\n\n<p><a><\/a> <strong>O trabalho dever\u00e1 ser enviado em um (1) \u00fanico arquivo, sem identifica\u00e7\u00e3o de autores, sem institui\u00e7\u00e3o e sem e-mail. Trabalhos cuja autoria seja identificada ser\u00e3o automaticamente exclu\u00eddos do evento.<\/strong><\/p>\n\n\n\n<p><strong>MODALIDADE P\u00d4STER<\/strong><\/p>\n\n\n\n<p>O documento submetido para a modalidade p\u00f4ster deve conter no m\u00ednimo duas (2) e no m\u00e1ximo de quatro (4) p\u00e1ginas, incluindo ilustra\u00e7\u00f5es, refer\u00eancias e notas de final de texto.<\/p>\n\n\n\n<p><strong>Resumo Estruturado&nbsp;<\/strong><em>(deve constar apenas na plataforma de submiss\u00e3o):<\/em><\/p>\n\n\n\n<p>Sugerimos aos autores que preparem o resumo estruturado em um documento separado e copiem e colem cada item no campo espec\u00edfico no ato da submiss\u00e3o.<\/p>\n\n\n\n<p>O resumo estruturado do p\u00f4ster contempla os seguintes itens e na sua composi\u00e7\u00e3o deve ter&nbsp;<strong>no m\u00e1ximo 250 palavras<\/strong>:<\/p>\n\n\n\n<ul class=\"wp-block-list\">\n<li>Objetivo do estudo (m\u00e1ximo 42 palavras)<\/li>\n\n\n\n<li>Relev\u00e2ncia\/originalidade (m\u00e1ximo 42 palavras)<\/li>\n\n\n\n<li>Metodologia\/abordagem (m\u00e1ximo 42 palavras)<\/li>\n\n\n\n<li>Principais resultados (m\u00e1ximo 42 palavras)<\/li>\n\n\n\n<li>Contribui\u00e7\u00f5es te\u00f3ricas\/metodol\u00f3gicas (m\u00e1ximo 42 palavras)<\/li>\n\n\n\n<li>Contribui\u00e7\u00f5es sociais\/para a gest\u00e3o (m\u00e1ximo 42 palavras)<\/li>\n<\/ul>\n\n\n\n<p><\/p>\n\n\n\n<p>O T\u00edtulo, o Resumo Estruturado e as Palavras-chave dever\u00e3o ser escritos em duas vers\u00f5es, independentemente do idioma escolhido para a submiss\u00e3o do p\u00f4ster: <strong>1\u00aa vers\u00e3o em portugu\u00eas<\/strong>; e a <strong>2\u00aa vers\u00e3o em ingl\u00eas<\/strong>.<\/p>\n\n\n\n<p><a><\/a> <strong>Campos a serem preenchidos na plataforma de submiss\u00e3o:<\/strong><\/p>\n\n\n\n<ul class=\"wp-block-list\">\n<li>T\u00edtulo do trabalho em portugu\u00eas: em letras mai\u00fasculas.<\/li>\n\n\n\n<li>T\u00edtulo do trabalho em ingl\u00eas: em letras mai\u00fasculas.<\/li>\n\n\n\n<li>Palavras-chave: em portugu\u00eas, no m\u00ednimo tr\u00eas (3) e no m\u00e1ximo cinco (5).<\/li>\n\n\n\n<li>Palavras-chave: em ingl\u00eas, devem ser as mesmas definidas em portugu\u00eas.<\/li>\n\n\n\n<li><a><\/a> Campos do resumo estruturado: em portugu\u00eas<\/li>\n\n\n\n<li><a><\/a> Campos do resumo estruturado: em ingl\u00eas<\/li>\n<\/ul>\n\n\n\n<p><\/p>\n\n\n\n<p><strong>Estrutura sugerida para a submiss\u00e3o no formato P\u00f4ster<\/strong><strong> (parte textual):<\/strong><\/p>\n\n\n\n<p><strong>(N\u00e3o incluir o resumo estruturado no PDF, ele deve ser inclu\u00eddo apenas na plataforma de submiss\u00e3o).<\/strong><\/p>\n\n\n\n<ul class=\"wp-block-list\">\n<li>T\u00cdTULO (no idioma do texto)<\/li>\n\n\n\n<li>Introdu\u00e7\u00e3o (contendo tema, problema de pesquisa e objetivos)<\/li>\n\n\n\n<li>Referencial Te\u00f3rico<\/li>\n\n\n\n<li>Metodologia<\/li>\n\n\n\n<li>An\u00e1lise dos resultados e Discuss\u00f5es<\/li>\n\n\n\n<li>Conclus\u00f5es\/Considera\u00e7\u00f5es finais<\/li>\n\n\n\n<li>Refer\u00eancias<\/li>\n<\/ul>\n\n\n\n<p><strong>Template obrigat\u00f3rio:<\/strong>&nbsp;(<a href=\"https:\/\/singep.org.br\/12\/wp-content\/uploads\/sites\/11\/2024\/04\/template_XIISINGEP_Poster_2024.docx\"><u>clique aqui para fazer o Download<\/u><\/a>).<\/p>\n\n\n\n<p><strong>Submiss\u00e3o:<\/strong> <a href=\"https:\/\/submissao.singep.org.br\/12singep\/login.php\">clique aqui para acessar o sistema<\/a><\/p>\n","protected":false},"excerpt":{"rendered":"<p>Cada autor poder\u00e1 submeter, no m\u00e1ximo, 4 trabalhos para o evento XII SINGEP-CIK. Cada trabalho poder\u00e1 ter at\u00e9 4 autores. Template:&nbsp;A utiliza\u00e7\u00e3o do template \u00e9 obrigat\u00f3ria. Arquivos que forem encaminhados sem o template ser\u00e3o automaticamente desclassificados. (clique aqui para fazer o Download). Formato do arquivo para submiss\u00e3o:&nbsp;PDF Idioma:&nbsp;Portugu\u00eas, Ingl\u00eas ou Espanhol Fonte do texto:&nbsp;Times New [&hellip;]<\/p>\n","protected":false},"author":1,"featured_media":0,"parent":32,"menu_order":0,"comment_status":"closed","ping_status":"closed","template":"","meta":{"footnotes":""},"class_list":["post-67","page","type-page","status-publish","hentry"],"_links":{"self":[{"href":"https:\/\/singep.org.br\/12\/wp-json\/wp\/v2\/pages\/67","targetHints":{"allow":["GET"]}}],"collection":[{"href":"https:\/\/singep.org.br\/12\/wp-json\/wp\/v2\/pages"}],"about":[{"href":"https:\/\/singep.org.br\/12\/wp-json\/wp\/v2\/types\/page"}],"author":[{"embeddable":true,"href":"https:\/\/singep.org.br\/12\/wp-json\/wp\/v2\/users\/1"}],"replies":[{"embeddable":true,"href":"https:\/\/singep.org.br\/12\/wp-json\/wp\/v2\/comments?post=67"}],"version-history":[{"count":20,"href":"https:\/\/singep.org.br\/12\/wp-json\/wp\/v2\/pages\/67\/revisions"}],"predecessor-version":[{"id":8960,"href":"https:\/\/singep.org.br\/12\/wp-json\/wp\/v2\/pages\/67\/revisions\/8960"}],"up":[{"embeddable":true,"href":"https:\/\/singep.org.br\/12\/wp-json\/wp\/v2\/pages\/32"}],"wp:attachment":[{"href":"https:\/\/singep.org.br\/12\/wp-json\/wp\/v2\/media?parent=67"}],"curies":[{"name":"wp","href":"https:\/\/api.w.org\/{rel}","templated":true}]}}