{"id":6491,"date":"2021-05-03T16:11:36","date_gmt":"2021-05-03T19:11:36","guid":{"rendered":"https:\/\/singep.org.br\/12\/?page_id=6491"},"modified":"2024-04-16T16:30:40","modified_gmt":"2024-04-16T19:30:40","slug":"marketing","status":"publish","type":"page","link":"https:\/\/singep.org.br\/12\/areas\/marketing\/","title":{"rendered":"Marketing"},"content":{"rendered":"\n<p><strong>L\u00edderes: <\/strong><\/p>\n\n\n\n<ul class=\"wp-block-list\">\n<li>Leonardo Vils &#8211; Programa de P\u00f3s-Gradua\u00e7\u00e3o em Gest\u00e3o de Projetos e Programa de P\u00f3s-Gradua\u00e7\u00e3o em Administra\u00e7\u00e3o da Universidade Nove de Julho (UNINOVE)<\/li>\n\n\n\n<li>Andr\u00e9 Torres Urdan \u2013 Programa de P\u00f3s-Gradua\u00e7\u00e3o em Administra\u00e7\u00e3o da Universidade Nove de Julho (UNINOVE)<\/li>\n\n\n\n<li>Eduardo Mesquita \u2013 Centro Universit\u00e1rio Senac \u2013 SP<\/li>\n<\/ul>\n\n\n\n<div style=\"height:25px\" aria-hidden=\"true\" class=\"wp-block-spacer\"><\/div>\n\n\n\n<h3 class=\"wp-block-heading\">Temas<\/h3>\n\n\n\n<ol class=\"wp-block-list\" style=\"list-style-type:1\">\n<li>Marketing, Transforma\u00e7\u00e3o Digital e Intelig\u00eancia Artificial<\/li>\n\n\n\n<li>Marketing Analytics<\/li>\n\n\n\n<li>T\u00e9cnicas Neurocient\u00edficas Aplicadas ao Marketing<\/li>\n\n\n\n<li>Ensino e Pesquisa em Marketing<\/li>\n\n\n\n<li>Comportamento do Consumidor<\/li>\n\n\n\n<li>Comunica\u00e7\u00e3o de Marketing<\/li>\n\n\n\n<li>Canais de Marketing<\/li>\n\n\n\n<li>Marketing de Servi\u00e7os<\/li>\n\n\n\n<li>Gest\u00e3o Estrat\u00e9gica de Marcas<\/li>\n\n\n\n<li>Pesquisa cient\u00edfica em marketing e impacto na sociedade: contribui\u00e7\u00f5es para o alcance dos Objetivos do Desenvolvimento Sustent\u00e1vel<\/li>\n<\/ol>\n","protected":false},"excerpt":{"rendered":"<p>L\u00edderes: Temas<\/p>\n","protected":false},"author":1,"featured_media":0,"parent":30,"menu_order":0,"comment_status":"closed","ping_status":"closed","template":"","meta":{"footnotes":""},"class_list":["post-6491","page","type-page","status-publish","hentry"],"_links":{"self":[{"href":"https:\/\/singep.org.br\/12\/wp-json\/wp\/v2\/pages\/6491","targetHints":{"allow":["GET"]}}],"collection":[{"href":"https:\/\/singep.org.br\/12\/wp-json\/wp\/v2\/pages"}],"about":[{"href":"https:\/\/singep.org.br\/12\/wp-json\/wp\/v2\/types\/page"}],"author":[{"embeddable":true,"href":"https:\/\/singep.org.br\/12\/wp-json\/wp\/v2\/users\/1"}],"replies":[{"embeddable":true,"href":"https:\/\/singep.org.br\/12\/wp-json\/wp\/v2\/comments?post=6491"}],"version-history":[{"count":11,"href":"https:\/\/singep.org.br\/12\/wp-json\/wp\/v2\/pages\/6491\/revisions"}],"predecessor-version":[{"id":8962,"href":"https:\/\/singep.org.br\/12\/wp-json\/wp\/v2\/pages\/6491\/revisions\/8962"}],"up":[{"embeddable":true,"href":"https:\/\/singep.org.br\/12\/wp-json\/wp\/v2\/pages\/30"}],"wp:attachment":[{"href":"https:\/\/singep.org.br\/12\/wp-json\/wp\/v2\/media?parent=6491"}],"curies":[{"name":"wp","href":"https:\/\/api.w.org\/{rel}","templated":true}]}}