{"id":5849,"date":"2018-09-21T18:22:49","date_gmt":"2018-09-21T21:22:49","guid":{"rendered":"http:\/\/singep.org.br\/12\/?page_id=5849"},"modified":"2024-06-24T13:52:04","modified_gmt":"2024-06-24T16:52:04","slug":"inscricoes-por-empenho","status":"publish","type":"page","link":"https:\/\/singep.org.br\/12\/inscricoes-por-empenho\/","title":{"rendered":"Inscri\u00e7\u00f5es por empenho"},"content":{"rendered":"\n<p>Abaixo dados e download de certid\u00f5es negativas para inscri\u00e7\u00e3o por empenho:<\/p>\n\n\n\n<p>Nome da Entidade p\/ Faturamento: Rota Certa Viagens, Turismo e Eventos &#8211; Eireli &#8211; Me<br>Nome Fantasia: X Singep<br>CNPJ: 23.537.927\/0001-60<br>Inscri\u00e7\u00e3o Estadual: isento<br>Inscri\u00e7\u00e3o Municipal: 268279<br>Endere\u00e7o: Rua Henrique Bernardelli, 132 &#8211; Andar 7 &#8211; Sala 72, Santana<br>Cidade: S\u00e3o Paulo<br>Estado: SP<br>CEP: 02013-010<br>E-mail: contato@singep.org.br<br>Forma de pagamento: Dep\u00f3sito em conta<\/p>\n\n\n\n<p>Ap\u00f3s a emiss\u00e3o do empenho, envie o documento atrav\u00e9s para o e-mail: contato@singep.org.br<\/p>\n\n\n\n<p>Dados banc\u00e1rios:<br>Banco Bradesco<br>Ag\u00eancia: 2860-6<br>Conta Corrente: 29875-1<\/p>\n\n\n\n<ul class=\"wp-block-list\">\n<li><a href=\"https:\/\/singep.org.br\/12\/wp-content\/uploads\/sites\/11\/2023\/06\/Dados-Cadastrais-Rota-Certa.doc\">Dados cadastrais<\/a><\/li>\n\n\n\n<li><a href=\"https:\/\/singep.org.br\/12\/wp-content\/uploads\/sites\/11\/2023\/09\/Certidao-23537927000160.pdf\">Certid\u00e3o Negativa de D\u00e9bitos de Tributos e Contribui\u00e7\u00f5es Federais (Receita Federal e INSS)<\/a><\/li>\n\n\n\n<li><a href=\"https:\/\/singep.org.br\/12\/wp-content\/uploads\/sites\/11\/2024\/06\/Consulta-Regularidade-do-Empregador.pdf\">Certificado de Regularidade do FGTS<\/a><\/li>\n\n\n\n<li><a href=\"https:\/\/singep.org.br\/12\/wp-content\/uploads\/sites\/11\/2024\/06\/certidao_23537927000160-1.pdf\">Certid\u00e3o Negativa de D\u00e9bitos Trabalhistas<\/a><\/li>\n\n\n\n<li><a href=\"https:\/\/singep.org.br\/12\/wp-content\/uploads\/sites\/11\/2023\/09\/rota-certa-declaracao.pdf\">N\u00e3o emprega menor<\/a>&nbsp;<\/li>\n\n\n\n<li><a href=\"https:\/\/singep.org.br\/12\/wp-content\/uploads\/sites\/11\/2022\/09\/Declarac\u0327a\u0303o-de-Exclusividade-ROTA-CERTA_X-SINGEP.pdf\">Declara\u00e7\u00e3o de Exclusividade Rota Certa X Singep<\/a><\/li>\n<\/ul>\n\n\n\n<p><\/p>\n","protected":false},"excerpt":{"rendered":"<p>Abaixo dados e download de certid\u00f5es negativas para inscri\u00e7\u00e3o por empenho: Nome da Entidade p\/ Faturamento: Rota Certa Viagens, Turismo e Eventos &#8211; Eireli &#8211; MeNome Fantasia: X SingepCNPJ: 23.537.927\/0001-60Inscri\u00e7\u00e3o Estadual: isentoInscri\u00e7\u00e3o Municipal: 268279Endere\u00e7o: Rua Henrique Bernardelli, 132 &#8211; Andar 7 &#8211; Sala 72, SantanaCidade: S\u00e3o PauloEstado: SPCEP: 02013-010E-mail: contato@singep.org.brForma de pagamento: Dep\u00f3sito em conta [&hellip;]<\/p>\n","protected":false},"author":1,"featured_media":0,"parent":0,"menu_order":0,"comment_status":"closed","ping_status":"closed","template":"","meta":{"footnotes":""},"class_list":["post-5849","page","type-page","status-publish","hentry"],"_links":{"self":[{"href":"https:\/\/singep.org.br\/12\/wp-json\/wp\/v2\/pages\/5849","targetHints":{"allow":["GET"]}}],"collection":[{"href":"https:\/\/singep.org.br\/12\/wp-json\/wp\/v2\/pages"}],"about":[{"href":"https:\/\/singep.org.br\/12\/wp-json\/wp\/v2\/types\/page"}],"author":[{"embeddable":true,"href":"https:\/\/singep.org.br\/12\/wp-json\/wp\/v2\/users\/1"}],"replies":[{"embeddable":true,"href":"https:\/\/singep.org.br\/12\/wp-json\/wp\/v2\/comments?post=5849"}],"version-history":[{"count":12,"href":"https:\/\/singep.org.br\/12\/wp-json\/wp\/v2\/pages\/5849\/revisions"}],"predecessor-version":[{"id":9153,"href":"https:\/\/singep.org.br\/12\/wp-json\/wp\/v2\/pages\/5849\/revisions\/9153"}],"wp:attachment":[{"href":"https:\/\/singep.org.br\/12\/wp-json\/wp\/v2\/media?parent=5849"}],"curies":[{"name":"wp","href":"https:\/\/api.w.org\/{rel}","templated":true}]}}