{"id":5318,"date":"2017-06-09T17:20:35","date_gmt":"2017-06-09T20:20:35","guid":{"rendered":"http:\/\/singep.org.br\/12\/?page_id=5318"},"modified":"2024-10-03T16:25:52","modified_gmt":"2024-10-03T19:25:52","slug":"estrategia","status":"publish","type":"page","link":"https:\/\/singep.org.br\/12\/areas\/estrategia\/","title":{"rendered":"Estrat\u00e9gia"},"content":{"rendered":"\n<p><strong>L\u00edderes: <\/strong><\/p>\n\n\n\n<ul class=\"wp-block-list\">\n<li>Fernando Antonio Ribeiro Serra \u2013 Programa de P\u00f3s-Gradua\u00e7\u00e3o em Administra\u00e7\u00e3o e Programa de P\u00f3s-Gradua\u00e7\u00e3o em Gest\u00e3o de Projetos da Universidade Nove de Julho (UNINOVE);<\/li>\n\n\n\n<li>Nairana Radke Caneppele Bussler \u2013 Mestrado em Administra\u00e7\u00e3o do Unihorizontes<\/li>\n\n\n\n<li>Carlos Ricardo Rossetto \u2013Programa de P\u00f3s-Gradua\u00e7\u00e3o em Administra\u00e7\u00e3o da Universidade do Vale do Itaja\u00ed (UNIVALI).<\/li>\n\n\n\n<li>Ivano Ribeiro \u2013 Programa de P\u00f3s-Gradua\u00e7\u00e3o em Administra\u00e7\u00e3o da Universidade Estadual do Oeste do Paran\u00e1 (UNIOESTE).<\/li>\n<\/ul>\n\n\n\n<div style=\"height:25px\" aria-hidden=\"true\" class=\"wp-block-spacer\"><\/div>\n\n\n\n<h3 class=\"wp-block-heading\">Temas:<\/h3>\n\n\n\n<ol class=\"wp-block-list\">\n<li>Estrat\u00e9gia Comportamental<\/li>\n\n\n\n<li>Estrat\u00e9gia Corporativa e Competitiva<\/li>\n\n\n\n<li>Estrat\u00e9gia Cooperativa e de Stakeholders<\/li>\n\n\n\n<li>Estrat\u00e9gia e Internacionaliza\u00e7\u00e3o<\/li>\n\n\n\n<li>Estrat\u00e9gia e Organiza\u00e7\u00f5es<\/li>\n\n\n\n<li>Estrat\u00e9gia, Lideran\u00e7a e Governan\u00e7a<\/li>\n\n\n\n<li>Estrat\u00e9gia no Contexto da Gest\u00e3o P\u00fablica e do 3\u00ba Setor<\/li>\n\n\n\n<li>T\u00f3picos Especiais em Estrat\u00e9gia<\/li>\n\n\n\n<li>Pesquisa cient\u00edfica em estrat\u00e9gia e impacto na sociedade: contribui\u00e7\u00f5es para o alcance dos Objetivos do Desenvolvimento Sustent\u00e1vel<\/li>\n<\/ol>\n","protected":false},"excerpt":{"rendered":"<p>L\u00edderes: Temas:<\/p>\n","protected":false},"author":1,"featured_media":0,"parent":30,"menu_order":0,"comment_status":"closed","ping_status":"closed","template":"","meta":{"footnotes":""},"class_list":["post-5318","page","type-page","status-publish","hentry"],"_links":{"self":[{"href":"https:\/\/singep.org.br\/12\/wp-json\/wp\/v2\/pages\/5318","targetHints":{"allow":["GET"]}}],"collection":[{"href":"https:\/\/singep.org.br\/12\/wp-json\/wp\/v2\/pages"}],"about":[{"href":"https:\/\/singep.org.br\/12\/wp-json\/wp\/v2\/types\/page"}],"author":[{"embeddable":true,"href":"https:\/\/singep.org.br\/12\/wp-json\/wp\/v2\/users\/1"}],"replies":[{"embeddable":true,"href":"https:\/\/singep.org.br\/12\/wp-json\/wp\/v2\/comments?post=5318"}],"version-history":[{"count":12,"href":"https:\/\/singep.org.br\/12\/wp-json\/wp\/v2\/pages\/5318\/revisions"}],"predecessor-version":[{"id":9222,"href":"https:\/\/singep.org.br\/12\/wp-json\/wp\/v2\/pages\/5318\/revisions\/9222"}],"up":[{"embeddable":true,"href":"https:\/\/singep.org.br\/12\/wp-json\/wp\/v2\/pages\/30"}],"wp:attachment":[{"href":"https:\/\/singep.org.br\/12\/wp-json\/wp\/v2\/media?parent=5318"}],"curies":[{"name":"wp","href":"https:\/\/api.w.org\/{rel}","templated":true}]}}