{"id":4557,"date":"2015-11-10T12:50:27","date_gmt":"2015-11-10T14:50:27","guid":{"rendered":"https:\/\/singep.org.br\/?page_id=4557"},"modified":"2024-09-15T15:01:25","modified_gmt":"2024-09-15T18:01:25","slug":"premiacao","status":"publish","type":"page","link":"https:\/\/singep.org.br\/12\/premiacao\/","title":{"rendered":"Premia\u00e7\u00e3o"},"content":{"rendered":"\n<p><strong>Para concorrer \u00e0 premia\u00e7\u00e3o, o(s) autor(es) do trabalho aprovado dever(m) optar, no ato da submiss\u00e3o, pela publica\u00e7\u00e3o completa nos anais do XII SINGEP.<\/strong><\/p>\n\n\n\n<p><strong>Crit\u00e9rios adotados para a sele\u00e7\u00e3o dos melhores trabalhos do evento<\/strong>:<\/p>\n\n\n\n<p>\u2013 qualidade, clareza e reda\u00e7\u00e3o do texto;<\/p>\n\n\n\n<p>\u2013 atualidade do tema do trabalho;<\/p>\n\n\n\n<p>\u2013 clareza nos objetivos;<\/p>\n\n\n\n<p>\u2013 adequa\u00e7\u00e3o metodol\u00f3gica;<\/p>\n\n\n\n<p>\u2013 forma de apresenta\u00e7\u00e3o dos dados quantitativos ou qualitativos;<\/p>\n\n\n\n<p>\u2013 embasamento, amplitude e corre\u00e7\u00e3o face aos resultados obtidos e;<\/p>\n\n\n\n<p>\u2013 consist\u00eancia e abrang\u00eancia das refer\u00eancias.<\/p>\n\n\n\n<p><strong>*Crit\u00e9rios adotados para a sele\u00e7\u00e3o das melhores Teses e Disserta\u00e7\u00f5es<\/strong>:<\/p>\n\n\n\n<p>\u2013 originalidade do trabalho;<\/p>\n\n\n\n<p>\u2013 relev\u00e2ncia para o desenvolvimento cient\u00edfico, tecnol\u00f3gico, cultural, social e de inova\u00e7\u00e3o.<\/p>\n\n\n\n<p>(*Modalidade restrita aos alunos dos Programas de P\u00f3s-Gradua\u00e7\u00e3o organizadores do evento. Ser\u00e3o consideradas as Teses e Disserta\u00e7\u00f5es defendidas no ano anterior \u00e0 realiza\u00e7\u00e3o do evento. A avalia\u00e7\u00e3o desses trabalhos ficar\u00e1 a cargo de uma comiss\u00e3o interna de cada programa).<\/p>\n\n\n\n<p><strong>Categorias de premia\u00e7\u00e3o:<\/strong><\/p>\n\n\n\n<p>(1) Categoria \u201cMelhor Artigo Cient\u00edfico\u201d, envolvendo a sele\u00e7\u00e3o do melhor trabalho de cada tema (gest\u00e3o de projetos, inova\u00e7\u00e3o e empreendedorismo, sustentabilidade, estrat\u00e9gia e marketing);<\/p>\n\n\n\n<p>(2) Categoria \u201cMelhor Relato T\u00e9cnico\u201d, contemplando a sele\u00e7\u00e3o do melhor Relato T\u00e9cnico do evento;<\/p>\n\n\n\n<p>(3) Categoria \u201cMelhor P\u00f4ster\u201d, envolvendo a sele\u00e7\u00e3o do melhor P\u00f4ster do evento;<\/p>\n\n\n\n<p>(4) Categoria \u201cMelhor Relato de Produto T\u00e9cnico\/Tecnol\u00f3gico \u2013 PTT\u201d, contemplando a sele\u00e7\u00e3o do melhor PTT do evento;<\/p>\n\n\n\n<p>(5) Categoria \u201cMelhor Trabalho do XII SINGEP\u201d, mediante sele\u00e7\u00e3o do melhor trabalho do evento;<\/p>\n\n\n\n<p>(6) Categoria \u201cDistin\u00e7\u00e3o de M\u00e9rito\u201d para o melhor avaliador de cada uma das cinco \u00e1reas tem\u00e1ticas do evento.<\/p>\n\n\n\n<p>(7) Categoria \u201cMelhor Disserta\u00e7\u00e3o\u201d, envolvendo a sele\u00e7\u00e3o das tr\u00eas melhores disserta\u00e7\u00f5es dos Programas organizadores do evento (PPGA e PPGP UNINOVE);<\/p>\n\n\n\n<p>(8) Categoria \u201cMelhor Tese\u201d, contemplando a sele\u00e7\u00e3o das tr\u00eas melhores teses dos Programas organizadores do evento (PPGA e PPGP UNINOVE).<\/p>\n","protected":false},"excerpt":{"rendered":"<p>Para concorrer \u00e0 premia\u00e7\u00e3o, o(s) autor(es) do trabalho aprovado dever(m) optar, no ato da submiss\u00e3o, pela publica\u00e7\u00e3o completa nos anais do XII SINGEP. Crit\u00e9rios adotados para a sele\u00e7\u00e3o dos melhores trabalhos do evento: \u2013 qualidade, clareza e reda\u00e7\u00e3o do texto; \u2013 atualidade do tema do trabalho; \u2013 clareza nos objetivos; \u2013 adequa\u00e7\u00e3o metodol\u00f3gica; \u2013 forma [&hellip;]<\/p>\n","protected":false},"author":1,"featured_media":0,"parent":0,"menu_order":0,"comment_status":"closed","ping_status":"open","template":"","meta":{"footnotes":""},"class_list":["post-4557","page","type-page","status-publish","hentry"],"_links":{"self":[{"href":"https:\/\/singep.org.br\/12\/wp-json\/wp\/v2\/pages\/4557","targetHints":{"allow":["GET"]}}],"collection":[{"href":"https:\/\/singep.org.br\/12\/wp-json\/wp\/v2\/pages"}],"about":[{"href":"https:\/\/singep.org.br\/12\/wp-json\/wp\/v2\/types\/page"}],"author":[{"embeddable":true,"href":"https:\/\/singep.org.br\/12\/wp-json\/wp\/v2\/users\/1"}],"replies":[{"embeddable":true,"href":"https:\/\/singep.org.br\/12\/wp-json\/wp\/v2\/comments?post=4557"}],"version-history":[{"count":6,"href":"https:\/\/singep.org.br\/12\/wp-json\/wp\/v2\/pages\/4557\/revisions"}],"predecessor-version":[{"id":9182,"href":"https:\/\/singep.org.br\/12\/wp-json\/wp\/v2\/pages\/4557\/revisions\/9182"}],"wp:attachment":[{"href":"https:\/\/singep.org.br\/12\/wp-json\/wp\/v2\/media?parent=4557"}],"curies":[{"name":"wp","href":"https:\/\/api.w.org\/{rel}","templated":true}]}}