{"id":4341,"date":"2015-06-18T16:40:30","date_gmt":"2015-06-18T19:40:30","guid":{"rendered":"https:\/\/singep.org.br\/?page_id=4341"},"modified":"2025-10-30T23:08:40","modified_gmt":"2025-10-31T02:08:40","slug":"programacao","status":"publish","type":"page","link":"https:\/\/singep.org.br\/12\/programacao\/","title":{"rendered":"PROGRAMA\u00c7\u00c3O XII SINGEP-CIK"},"content":{"rendered":"\n<p><strong>*Hor\u00e1rio de Bras\u00edlia<\/strong><\/p>\n\n\n\n<p><strong>1\u00ba DIA DO EVENTO<\/strong><\/p>\n\n\n\n<figure class=\"wp-block-table is-style-stripes\"><table><thead><tr><th><strong>Hor\u00e1rio*<\/strong><\/th><th><strong>23 de outubro de 2024 (Quarta-feira)<\/strong><\/th><\/tr><\/thead><tbody><tr><td><strong>9h30<\/strong><\/td><td><strong>Credenciamento online \u2013 XII SINGEP-CIK<\/strong><\/td><\/tr><tr><td><strong>10h00 \u2013 10h30<\/strong><\/td><td><strong>Solenidade de Abertura (transmiss\u00e3o da ESCA Marrocos)<\/strong><\/td><\/tr><tr><td><strong>10h30 \u2013 12h30<\/strong><\/td><td><strong>Plen\u00e1ria de abertura SINGEP-CIK-CCLF: Collaborative Pathways for Climate Action (transmiss\u00e3o da ESCA Marrocos)<\/strong> <br><br><strong>Coordena\u00e7\u00e3o e debate:&nbsp;<\/strong> <br>Dina Abdel Fattah (Assistant Professor in Economics, School of Business, The American University in Cairo, Egypt) <br><br><strong>Painelistas:<\/strong> <br>Majid K. El Ghaib (Professor of Management, Director of the Social Innovation and Sustainability research group, ESCA Ecole de Management, Marrocos) <br>Sherwat Elwan Ibrahim (Professor of Operations Management, School of Business, The American University in Cairo, Egito) <br>Alex Kolker (Climate Scientist, Oceanographer, and Geologist, USA) <br>Reza F. Saidi (MD, FICS, FACS, Associate Professor of Surgery, Upstate Medical University of New Yord, USA)<\/td><\/tr><tr><td><strong>12h30 \u2013 13h30<\/strong><\/td><td><strong>Intervalo livre<\/strong><\/td><\/tr><tr><td><strong>13h30 \u2013 15h00<\/strong><\/td><td><strong>F\u00f3rum de Editores e Autores: Impacto, Ci\u00eancia Aberta e Internacionaliza\u00e7\u00e3o<\/strong><br><br><strong>Coordena\u00e7\u00e3o e debate:<\/strong> <br>Priscila Rezende da Costa (Diretora do Programa de P\u00f3s-gradua\u00e7\u00e3o em Administra\u00e7\u00e3o, PPGA-UNINOVE e Professora do Programa de P\u00f3s-Gradua\u00e7\u00e3o em Gest\u00e3o de Projetos, PPGP-UNINOVE). <br><br><strong>Painalistas:<\/strong> <br>Leonardo Augusto de Vasconcelos Gomes (Editor Associado da TECHNOVATION, Editor Chefe da IMR e Professor da USP) <br>Edmundo In\u00e1cio Junior (Editor Chefe da REGEPE e Professor da UNICAMP)<\/td><\/tr><tr><td><strong>15h00 \u2013 15h15<\/strong><\/td><td><strong>Intervalo \/ Networking em salas online<\/strong><\/td><\/tr><tr><td><strong>15h15 \u2013 17h15<\/strong><\/td><td><strong>Sess\u00f5es paralelas de apresenta\u00e7\u00e3o de trabalhos<\/strong><\/td><\/tr><tr><td><strong>17h15 \u2013 18h45<\/strong><\/td><td><strong>Sess\u00f5es paralelas de apresenta\u00e7\u00e3o de PTTs<\/strong><\/td><\/tr><tr><td><strong>17h15 \u2013 18h45<\/strong><\/td><td><strong>Sess\u00f5es paralelas de apresenta\u00e7\u00e3o de p\u00f4steres<\/strong><\/td><\/tr><\/tbody><\/table><\/figure>\n\n\n\n<p><strong>2\u00ba DIA DO EVENTO<\/strong><\/p>\n\n\n\n<figure class=\"wp-block-table is-style-stripes\"><table><thead><tr><th><strong>Hor\u00e1rio*<\/strong><\/th><th><strong>24 de outubro de 2024 (Quinta-feira)<\/strong><\/th><\/tr><\/thead><tbody><tr><td><strong>8h45 \u2013 10h15<\/strong><\/td><td><strong>Plen\u00e1ria: Pesquisa cient\u00edfica e impacto na sociedade: contribui\u00e7\u00f5es para o alcance dos Objetivos do Desenvolvimento Sustent\u00e1vel<\/strong> <br><br><strong>Coordena\u00e7\u00e3o e debate:<\/strong> <br>Fernando Antonio Ribeiro Serra (Professor do Programa de P\u00f3s-gradua\u00e7\u00e3o em Administra\u00e7\u00e3o &#8211; PPGA-UNINOVE, e Professor do Programa de P\u00f3s-gradua\u00e7\u00e3o em Gest\u00e3o de Projetos &#8211; PPGP-UNINOVE). <br><br><strong>Painelistas:<\/strong> <br>Edna Frasson de Souza Montero (Presidente da ABEC &#8211; Associa\u00e7\u00e3o Brasileira de Editores Cient\u00edficos) <br>Andr\u00e9 Jun (Emerald Publishing) <br>Thais Vick e Fernanda Gusm\u00e3o (Elsevier)<\/td><\/tr><tr><td><strong>10h15 \u2013 10h30<\/strong><\/td><td><strong>Intervalo \/ Networking em salas online<\/strong><\/td><\/tr><tr><td><strong>10h30 \u2013 12h30<\/strong><\/td><td><strong>Plen\u00e1ria SINGEP-CIK-CCLF: Climate Change: A Global Perspectives (transmiss\u00e3o da ESCA Marrocos)<\/strong> <br><br><strong>Coordena\u00e7\u00e3o e debate:&nbsp;<\/strong> <br>Nader Asgary (Professor of Management at Bentley University, President of CIK) <br><br><strong>Painelistas:<\/strong> <br>Petros Koutrakis (Professor of Environmental Sciences, Department of Environmental Health, Harvard T.H. Chad, Harvard University, EUA) <br>Barrak Alahmad (Research Fellow &#8211; Exposure, Epidemiology &amp; Risk (EER) Program Environmental Health Department, T.H. Chan School of Public Health, Harvard University, USA) <br>Carlos Ruf\u00edn (Professor of Strategy and International Business, Affiliated Professor of Public Service, Chair of Public Service and Healthcare Administration, Director, Master of Public Administration and Master of Healthcare Administration Program, Suffolk University, USA) <br>Luis Felipe Nascimento (Professor of Management and Sustainability, Federal University of Rio Grande do Sul, Brazil)<\/td><\/tr><tr><td><strong>12h30 \u2013 13h30<\/strong><\/td><td><strong>Intervalo livre<\/strong><\/td><\/tr><tr><td><strong>13h30 \u2013 15h30<\/strong><\/td><td><strong>Sess\u00f5es paralelas de apresenta\u00e7\u00e3o de trabalhos<\/strong><\/td><\/tr><tr><td><strong>13h30 \u2013 15h30<\/strong><\/td><td><strong>Cons\u00f3rcio Doutoral Internacional<\/strong> <br>Coordena\u00e7\u00e3o nacional: Emerson Antonio Maccari (Professor do Programa de P\u00f3s-gradua\u00e7\u00e3o em Administra\u00e7\u00e3o &#8211; PPGA-UNINOVE, e Professor do Programa de P\u00f3s-gradua\u00e7\u00e3o em Gest\u00e3o de Projetos &#8211; PPGP-UNINOVE). <br><br>Coordena\u00e7\u00e3o estrangeira: Nader Asgary (Professor da Bentley University \u2013 EUA, Diretor do CIK \u2013 Cyrus Institute of Knowledge, e Presidente da Comiss\u00e3o Organizadora da 12th CIK International Conference).<\/td><\/tr><tr><td><strong>15h30 \u2013 15h45<\/strong><\/td><td><strong>Intervalo \/ Networking em salas online<\/strong><\/td><\/tr><tr><td><strong>15h45 \u2013 17h45<\/strong><\/td><td><strong>Sess\u00f5es paralelas de apresenta\u00e7\u00e3o de trabalhos<\/strong><\/td><\/tr><tr><td><strong>15h45 \u2013 17h45<\/strong><\/td><td><strong>Paper Development Workshop (PDW): Editores das revistas<\/strong> <br><br>Coordena\u00e7\u00e3o: Heidy Rodriguez Ramos (Professora do Programa de P\u00f3s-gradua\u00e7\u00e3o em Administra\u00e7\u00e3o, PPGA-UNINOVE, e Professora do Programa de P\u00f3s-Gradua\u00e7\u00e3o em Cidades Inteligentes e Sustent\u00e1veis, PPG-CIS, UNINOVE).<\/td><\/tr><tr><td><strong>17h45 \u2013 18h<\/strong><\/td><td><strong>Intervalo \/ Networking em salas online<\/strong><\/td><\/tr><tr><td><strong>18h00<\/strong><\/td><td><strong>Cerim\u00f4nia de Premia\u00e7\u00e3o:<\/strong> <br><br><strong>Premia\u00e7\u00e3o dos Melhores Trabalhos<a href=\"#_ftn1\" id=\"_ftnref1\">[1]<\/a> do Evento (6 categorias<a href=\"#_ftn2\" id=\"_ftnref2\">[2]<\/a>)<\/strong> <br><strong>Premia\u00e7\u00e3o da Melhor Tese e Melhor Disserta\u00e7\u00e3o<a href=\"#_ftn3\" id=\"_ftnref3\">[3]<\/a> (2 categorias<a href=\"#_ftn4\" id=\"_ftnref4\">[4]<\/a>)<\/strong> <br><br>Organiza\u00e7\u00e3o: Julio Araujo Carneiro da Cunha (Professor do Programa de P\u00f3s-gradua\u00e7\u00e3o em Administra\u00e7\u00e3o &#8211; PPGA-UNINOVE, e Professor do Programa de P\u00f3s-gradua\u00e7\u00e3o em Gest\u00e3o de Projetos &#8211; PPGP-UNINOVE).<\/td><\/tr><\/tbody><\/table><\/figure>\n\n\n\n<p><a href=\"#_ftnref1\" id=\"_ftn1\">[1]<\/a>Crit\u00e9rios adotados para a sele\u00e7\u00e3o dos melhores trabalhos do evento: qualidade, clareza e reda\u00e7\u00e3o do texto; atualidade do tema do trabalho; clareza nos objetivos; adequa\u00e7\u00e3o metodol\u00f3gica; forma de apresenta\u00e7\u00e3o dos dados quantitativos ou qualitativos; embasamento, amplitude e corre\u00e7\u00e3o face aos resultados obtidos; e consist\u00eancia e abrang\u00eancia das refer\u00eancias.&nbsp;<\/p>\n\n\n\n<p><a href=\"#_ftnref2\" id=\"_ftn2\">[2]<\/a>(1) Categoria \u201cMelhor Artigo Cient\u00edfico\u201d, envolvendo a sele\u00e7\u00e3o dos tr\u00eas melhores trabalhos por tema (gest\u00e3o de projetos, inova\u00e7\u00e3o e empreendedorismo, sustentabilidade, estrat\u00e9gia, marketing); (2) Categoria \u201cMelhor Relato T\u00e9cnico\u201d, contemplando a sele\u00e7\u00e3o dos tr\u00eas melhores trabalhos por tema (gest\u00e3o de projetos, inova\u00e7\u00e3o e empreendedorismo, sustentabilidade, estrat\u00e9gia, marketing); (3) Categoria \u201cMelhor P\u00f4ster\u201d, envolvendo a sele\u00e7\u00e3o dos tr\u00eas melhores p\u00f4steres do evento; (4) Categoria \u201cMelhor Retado de PTT\u201d, contemplando a sele\u00e7\u00e3o dos tr\u00eas melhores PTTs do evento; &nbsp;(5) Categoria \u201cMelhor Trabalho do XII SINGEP\u201d, mediante sele\u00e7\u00e3o do melhor trabalho do evento; e, por fim, (6) Categoria \u201cDistin\u00e7\u00e3o de M\u00e9rito\u201d para os tr\u00eas melhores avaliadores do evento.<\/p>\n\n\n\n<p><a href=\"#_ftnref3\" id=\"_ftn3\">[3]<\/a>Crit\u00e9rios adotados para a sele\u00e7\u00e3o das melhores Teses e Disserta\u00e7\u00f5es: a originalidade do trabalho; sua relev\u00e2ncia para o desenvolvimento cient\u00edfico, tecnol\u00f3gico, cultural, social e de inova\u00e7\u00e3o.<\/p>\n\n\n\n<p><a href=\"#_ftnref4\" id=\"_ftn4\">[4]<\/a>(1) Categoria \u201cMelhor Disserta\u00e7\u00e3o\u201d, envolvendo a sele\u00e7\u00e3o das tr\u00eas melhores disserta\u00e7\u00f5es por programa (PPGA e PPGP UNINOVE); (2) Categoria \u201cMelhor Tese\u201d, contemplando a sele\u00e7\u00e3o das tr\u00eas melhores teses por programa (PPGA e PPGP UNINOVE).<\/p>\n\n\n\n<p><strong>3\u00ba DIA DO EVENTO<\/strong><\/p>\n\n\n\n<figure class=\"wp-block-table is-style-stripes\"><table><thead><tr><th><strong>Hor\u00e1rio<\/strong><\/th><th><strong>25 de outubro de 2024 (sexta-feira)<\/strong><\/th><\/tr><\/thead><tbody><tr><td><strong>9h00 \u2013 10h45<\/strong><strong><\/strong><\/td><td><strong>Workshop: \u201cAn\u00e1lise das Condi\u00e7\u00f5es Necess\u00e1rias: Compreendendo o que \u00e9 suficiente e o que \u00e9 necess\u00e1rio em nossos modelos\u201d<\/strong> <br><br>Luis Alberto Figueiredo de Sousa (Solvi Consultoria e Gest\u00e3o em Neg\u00f3cios Empresariais, Mestre em Administra\u00e7\u00e3o pelo PPGA UNINOVE) e Juliana Ribeiro Garcia Donzelli (Doutoranda no PPGA UNINOVE)<\/td><\/tr><tr><td><strong>10h45 \u2013 11h00<\/strong><\/td><td><strong>Intervalo \/ Networking em salas online<\/strong><strong><\/strong><\/td><\/tr><tr><td><strong>11h00 \u2013 12h45<\/strong><strong><\/strong><\/td><td><strong>Workshop: \u201cCaminhos para um Doutorado Sandu\u00edche e para a Internacionaliza\u00e7\u00e3o da Pesquisa\u201d<\/strong><br><br>Daiane Tretto da Rocha (Professora da UFRR, Doutoranda do PPGA-UNINOVE); Daniela C\u00edntia de Carvalho Leite Menezes (Professora da UFPB, e Doutoranda do PPGA-UNINOVE) e Edicley Machado (Sales Enablement&nbsp; &amp; Engineering Manager na Omron Automation e Doutorando do PPGP-UNINOVE).<\/td><\/tr><tr><td><strong>12h45 \u2013 <\/strong><strong>14h00<\/strong><\/td><td><strong>Intervalo livre<\/strong><\/td><\/tr><tr><td><strong>14h00 \u2013 15h45<\/strong><strong><\/strong><\/td><td><strong>Workshop: \u201cProspec\u00e7\u00e3o em bases patent\u00e1rias\u201d<\/strong> <br><br>Camila Naves Arantes (Doutoranda do PPGA UNINOVE) e Katia Tregnago Cunha (Docente no Curso de Especializa\u00e7\u00e3o em Per\u00edcia em Propriedade Intelectual na UFRGS, Consultora na \u00e1rea de Propriedade Industrial e Doutoranda do PPGA UNINOVE).<\/td><\/tr><tr><td><strong>15h45 \u2013 16h00<\/strong><\/td><td><strong>Intervalo \/ Networking em salas online<\/strong><strong><\/strong><\/td><\/tr><tr><td><strong>16h00 \u2013 17h45<\/strong><\/td><td><strong>Workshop: \u201cTomada de Decis\u00e3o e Incerteza: Modelagem em gest\u00e3o com Simula\u00e7\u00e3o de Monte Carlo\u201d<\/strong><br><br>Wanderson Dutra Gresele (Professor da UNIOESTE, e Doutorando do PPGA UNINOVE).<\/td><\/tr><tr><td><strong>17h45 \u2013 18h00<\/strong><\/td><td><strong>Intervalo \/ Networking em salas online<\/strong><\/td><\/tr><tr><td><strong>18h00<\/strong><\/td><td><strong>Encerramento do XII SINGEP-CIK<\/strong><\/td><\/tr><\/tbody><\/table><\/figure>\n\n\n\n<p><\/p>\n","protected":false},"excerpt":{"rendered":"<p>*Hor\u00e1rio de Bras\u00edlia 1\u00ba DIA DO EVENTO Hor\u00e1rio* 23 de outubro de 2024 (Quarta-feira) 9h30 Credenciamento online \u2013 XII SINGEP-CIK 10h00 \u2013 10h30 Solenidade de Abertura (transmiss\u00e3o da ESCA Marrocos) 10h30 \u2013 12h30 Plen\u00e1ria de abertura SINGEP-CIK-CCLF: Collaborative Pathways for Climate Action (transmiss\u00e3o da ESCA Marrocos) Coordena\u00e7\u00e3o e debate:&nbsp; Dina Abdel Fattah (Assistant Professor in [&hellip;]<\/p>\n","protected":false},"author":1,"featured_media":0,"parent":0,"menu_order":0,"comment_status":"closed","ping_status":"open","template":"","meta":{"footnotes":""},"class_list":["post-4341","page","type-page","status-publish","hentry"],"_links":{"self":[{"href":"https:\/\/singep.org.br\/12\/wp-json\/wp\/v2\/pages\/4341","targetHints":{"allow":["GET"]}}],"collection":[{"href":"https:\/\/singep.org.br\/12\/wp-json\/wp\/v2\/pages"}],"about":[{"href":"https:\/\/singep.org.br\/12\/wp-json\/wp\/v2\/types\/page"}],"author":[{"embeddable":true,"href":"https:\/\/singep.org.br\/12\/wp-json\/wp\/v2\/users\/1"}],"replies":[{"embeddable":true,"href":"https:\/\/singep.org.br\/12\/wp-json\/wp\/v2\/comments?post=4341"}],"version-history":[{"count":100,"href":"https:\/\/singep.org.br\/12\/wp-json\/wp\/v2\/pages\/4341\/revisions"}],"predecessor-version":[{"id":9262,"href":"https:\/\/singep.org.br\/12\/wp-json\/wp\/v2\/pages\/4341\/revisions\/9262"}],"wp:attachment":[{"href":"https:\/\/singep.org.br\/12\/wp-json\/wp\/v2\/media?parent=4341"}],"curies":[{"name":"wp","href":"https:\/\/api.w.org\/{rel}","templated":true}]}}