{"id":40,"date":"2014-05-23T14:14:29","date_gmt":"2014-05-23T17:14:29","guid":{"rendered":"http:\/\/impermad.com.br\/singep\/?page_id=40"},"modified":"2024-04-16T16:19:30","modified_gmt":"2024-04-16T19:19:30","slug":"formatacao-para-relato-tecnico","status":"publish","type":"page","link":"https:\/\/singep.org.br\/12\/regras-para-submissao\/formatacao-para-relato-tecnico\/","title":{"rendered":"Formata\u00e7\u00e3o para Relato T\u00e9cnico"},"content":{"rendered":"\n<p><strong>Cada autor poder\u00e1 submeter, no m\u00e1ximo, 4 trabalhos para o evento XII SINGEP-CIK.<\/strong><\/p>\n\n\n\n<p>Cada trabalho poder\u00e1 ter <strong>at\u00e9 4 autores<\/strong>.<\/p>\n\n\n\n<p><strong>Template:<\/strong>&nbsp;A utiliza\u00e7\u00e3o do template \u00e9 obrigat\u00f3ria. Arquivos que forem encaminhados sem o template ser\u00e3o automaticamente desclassificados. (<a href=\"https:\/\/singep.org.br\/12\/wp-content\/uploads\/sites\/11\/2024\/04\/template_XIISINGEP_Relato-Tecnico_2024.docx\"><u>clique aqui para fazer o Download<\/u><\/a>).<\/p>\n\n\n\n<p><strong>Formato do arquivo para submiss\u00e3o:&nbsp;<\/strong>PDF<\/p>\n\n\n\n<p><strong>Idioma:<\/strong>&nbsp;Portugu\u00eas, Ingl\u00eas ou Espanhol<\/p>\n\n\n\n<p><strong>Fonte do texto:&nbsp;<\/strong>Times New Roman, corpo 12<\/p>\n\n\n\n<p><strong>Espa\u00e7amento entre linhas:<\/strong>&nbsp;simples<\/p>\n\n\n\n<p><strong>Espa\u00e7amento entre caracteres:&nbsp;<\/strong>normal<\/p>\n\n\n\n<p><strong>Limite de p\u00e1ginas<\/strong>:&nbsp;m\u00ednimo 8, m\u00e1ximo 16 p\u00e1ginas<\/p>\n\n\n\n<p><strong>Tamanho do Papel:<\/strong>&nbsp;A4<\/p>\n\n\n\n<p><strong>Margens:<\/strong>&nbsp;Superior: 3cm \/ Inferior: 2 cm \/ Esquerda: 3 cm \/ Direita: 2 cm<\/p>\n\n\n\n<p><strong>Par\u00e1grafo:<\/strong>&nbsp;Texto Justificado<\/p>\n\n\n\n<p><strong>Pagina\u00e7\u00e3o:<\/strong>&nbsp;o n\u00famero de p\u00e1ginas no rodap\u00e9, com alinhamento ao lado direito, j\u00e1 est\u00e1 no <em>template<\/em>.<\/p>\n\n\n\n<p><strong>Notas:&nbsp;<\/strong>N\u00e3o devem ser colocadas no rodap\u00e9, mas inseridas como notas de final de texto.<\/p>\n\n\n\n<p><strong>Figuras e Tabelas:&nbsp;<\/strong>Todas as figuras e tabelas devem ter legendas e seguir as normas da APA. Sendo assim, no caso de figuras (quadros, gr\u00e1ficos, desenhos, etc.) as respectivas legendas devem ser posicionadas abaixo delas, justificadas \u00e0 esquerda, com fonte&nbsp;<em>Times New Roman<\/em>, tamanho 10 (dez). Nas tabelas, as legendas devem ser posicionadas acima delas, devem estar centralizadas e terem fonte Times New Roman, tamanho 10 (dez).<\/p>\n\n\n\n<p><a><\/a> <strong>Cita\u00e7\u00f5es e refer\u00eancias bibliogr\u00e1ficas:<\/strong> As cita\u00e7\u00f5es dever\u00e3o ser inseridas no corpo do texto, de acordo com o sistema autor-data, adicionando-se o n\u00famero da p\u00e1gina no caso de cita\u00e7\u00e3o direta. As refer\u00eancias bibliogr\u00e1ficas dever\u00e3o ser apresentadas em ordem alfab\u00e9tica no final do trabalho, de acordo com a norma <em>American Psychological Association<\/em> (APA).<\/p>\n\n\n\n<p><strong>Observa\u00e7\u00f5es:<\/strong><\/p>\n\n\n\n<p>Os trabalhos que n\u00e3o estejam de acordo com as caracter\u00edsticas e com os crit\u00e9rios t\u00e9cnicos exigidos, n\u00e3o ter\u00e3o sua submiss\u00e3o aceita.<\/p>\n\n\n\n<p><strong>O trabalho dever\u00e1 ser enviado em um (1) \u00fanico arquivo, sem identifica\u00e7\u00e3o de autores, sem institui\u00e7\u00e3o e sem e-mail. Trabalhos cuja autoria seja identificada ser\u00e3o automaticamente exclu\u00eddos do evento.<\/strong><\/p>\n\n\n\n<p><strong>MODALIDADE RELATO T\u00c9CNICO<\/strong><\/p>\n\n\n\n<p>O relato t\u00e9cnico ou artigo tecnol\u00f3gico \u00e9 o produto final de um estudo (pesquisa aplicada ou produ\u00e7\u00e3o t\u00e9cnica) que descreva, de forma precisa e objetiva, a situa\u00e7\u00e3o-problema no contexto organizacional e o resultado ou a solu\u00e7\u00e3o prescritiva associada. Um relato t\u00e9cnico apresenta os resultados de uma interven\u00e7\u00e3o administrativa, t\u00e9cnica ou gerencial numa organiza\u00e7\u00e3o realizada com crit\u00e9rios metodol\u00f3gicos. S\u00e3o trabalhos acad\u00eamicos que priorizam a descri\u00e7\u00e3o do aprendizado, na forma da apresenta\u00e7\u00e3o de resultados pr\u00e1ticos, aprendizado este oriundo de experi\u00eancias vivenciadas pelas organiza\u00e7\u00f5es\/profissionais envolvidos em processos pass\u00edveis de serem gerenciados\/aperfei\u00e7oados por meio de t\u00e9cnicas de gest\u00e3o espec\u00edficas. Deve ser escrito com base no rigor cient\u00edfico e metodol\u00f3gico.<\/p>\n\n\n\n<p><strong>Orienta\u00e7\u00e3o para o registro e desenvolvimento do relato t\u00e9cnico:<\/strong><\/p>\n\n\n\n<p>O relato t\u00e9cnico deve conter no m\u00ednimo oito (8) e no m\u00e1ximo de dezesseis (16) p\u00e1ginas, incluindo ilustra\u00e7\u00f5es, refer\u00eancias e notas de final de texto.<\/p>\n\n\n\n<p>\u2013 Deve privilegiar o conhecimento prescritivo, ou seja, propor (ou prescrever) solu\u00e7\u00f5es para problemas enfrentados pelas organiza\u00e7\u00f5es;<\/p>\n\n\n\n<p>\u2013 Deve ser voltado para a solu\u00e7\u00e3o de problemas de forma pr\u00e1tica, ainda que fundamentadas em disciplinas aplicadas;<\/p>\n\n\n\n<p>\u2013 Deve ter por miss\u00e3o desenvolver conhecimento sobre o que \u00e9 relevante para solucionar problemas em seu campo de pesquisa.<\/p>\n\n\n\n<p><strong>Resumo Estruturado&nbsp;<\/strong><em>(deve constar apenas na plataforma de submiss\u00e3o):<\/em><\/p>\n\n\n\n<p>Sugerimos aos autores que preparem o resumo estruturado em um documento separado e copiem e colem cada item no campo espec\u00edfico no ato da submiss\u00e3o.<\/p>\n\n\n\n<p>O resumo estruturado do relato t\u00e9cnico contempla os seguintes itens e na sua composi\u00e7\u00e3o deve ter&nbsp;<strong>no m\u00e1ximo 250 palavras<\/strong>:<\/p>\n\n\n\n<ul class=\"wp-block-list\">\n<li>Objetivo do estudo (m\u00e1ximo 42 palavras)<\/li>\n\n\n\n<li>Relev\u00e2ncia\/originalidade (m\u00e1ximo 42 palavras)<\/li>\n\n\n\n<li>Metodologia\/abordagem (m\u00e1ximo 42 palavras)<\/li>\n\n\n\n<li>Principais resultados (m\u00e1ximo 42 palavras)<\/li>\n\n\n\n<li>Contribui\u00e7\u00f5es te\u00f3ricas\/metodol\u00f3gicas (m\u00e1ximo 42 palavras)<\/li>\n\n\n\n<li>Contribui\u00e7\u00f5es sociais\/para a gest\u00e3o (m\u00e1ximo 42 palavras)<\/li>\n<\/ul>\n\n\n\n<p><\/p>\n\n\n\n<p>O T\u00edtulo, o Resumo Estruturado e as Palavras-chave dever\u00e3o ser escritos em duas vers\u00f5es, independentemente do idioma escolhido para a submiss\u00e3o do relato t\u00e9cnico: <strong>1\u00aa vers\u00e3o em portugu\u00eas<\/strong>; e a <strong>2\u00aa vers\u00e3o em ingl\u00eas<\/strong>.<\/p>\n\n\n\n<p><strong>Campos a serem preenchidos na plataforma de submiss\u00e3o:<\/strong><\/p>\n\n\n\n<ul class=\"wp-block-list\">\n<li>T\u00edtulo do trabalho em portugu\u00eas: em letras mai\u00fasculas.<\/li>\n\n\n\n<li>T\u00edtulo do trabalho em ingl\u00eas: em letras mai\u00fasculas.<\/li>\n\n\n\n<li>Palavras-chave: em portugu\u00eas, no m\u00ednimo tr\u00eas (3) e no m\u00e1ximo cinco (5).<\/li>\n\n\n\n<li>Palavras-chave: em ingl\u00eas, devem ser as mesmas definidas em portugu\u00eas.<\/li>\n\n\n\n<li>Campos do resumo estruturado: em portugu\u00eas<\/li>\n\n\n\n<li>Campos do resumo estruturado: em ingl\u00eas<\/li>\n<\/ul>\n\n\n\n<p><\/p>\n\n\n\n<p><strong>Estrutura sugerida para o relato t\u00e9cnico<\/strong><strong> (parte textual<\/strong><sup><strong>1,2<\/strong><\/sup><strong>):<\/strong><\/p>\n\n\n\n<p><strong>(N\u00e3o incluir o resumo estruturado no PDF, ele deve ser inclu\u00eddo apenas na plataforma de submiss\u00e3o).<\/strong><\/p>\n\n\n\n<p><sup>1<\/sup>Biancolino, Kniess, Maccari, &amp; Rabechini Jr. (2012)<\/p>\n\n\n\n<p><sup>2<\/sup>Martens, C. D. P., Pedron, C. D., &amp; Oliveira, J. C. (2021, jul.\/dez.)<\/p>\n\n\n\n<p><strong>T\u00cdTULO<\/strong> (no idioma do texto)<\/p>\n\n\n\n<p><strong>Introdu\u00e7\u00e3o:<\/strong> A introdu\u00e7\u00e3o deve apresentar o contexto e\/ou a situa\u00e7\u00e3o-problema do estudo. Deve ser breve e clara, explicitando do que se trata o relato apresentado, qual interven\u00e7\u00e3o foi feita na organiza\u00e7\u00e3o e o que ser\u00e1 analisado, explicitando o problema a ser resolvido \/ relatado. Deve-se deixar claro ao leitor o objetivo do relato e como foi feita a pesquisa ou como os autores interpretaram as informa\u00e7\u00f5es para se chegar ao relato. Conv\u00e9m mostrar a sequ\u00eancia de se\u00e7\u00f5es do relato.<\/p>\n\n\n\n<p><strong>Referencial Te\u00f3rico:<\/strong> Deve ser apresentado um referencial te\u00f3rico, relacionado com a interven\u00e7\u00e3o feita na organiza\u00e7\u00e3o em quest\u00e3o. Este referencial serve para enquadrar o relato do ponto de vista te\u00f3rico e propiciar compara\u00e7\u00f5es com a teoria existente.<\/p>\n\n\n\n<p><strong>Metodologia:<\/strong> Deve-se explicar detalhadamente como foi feito o relato t\u00e9cnico, ou seja, se foi executado apenas com base na experi\u00eancia profissional e pr\u00e1tica do aluno\/pesquisador, ou se outras intera\u00e7\u00f5es\/participa\u00e7\u00f5es (de outros profissionais) foram necess\u00e1rias para se atingir o objetivo do relato t\u00e9cnico. Cabe destacar, quais foram as habilidades profissionais utilizadas para a observa\u00e7\u00e3o, an\u00e1lise e solu\u00e7\u00e3o do problema, qual o tipo de abordagem foi utilizada (observa\u00e7\u00e3o direta, participa\u00e7\u00e3o direta, etc). Faz-se necess\u00e1rio deixar claro o problema a ser relatado. O m\u00e9todo deve levar em conta informa\u00e7\u00f5es prim\u00e1rias e secund\u00e1rias que precisam ser qualificadas.<\/p>\n\n\n\n<p><strong>An\u00e1lise e discuss\u00e3o dos resultados:<\/strong> Deve conter: Caracteriza\u00e7\u00e3o da organiza\u00e7\u00e3o e do problema analisado; Tipo de interven\u00e7\u00e3o e mecanismos adotados; Descri\u00e7\u00e3o dos resultados obtidos, An\u00e1lise dos resultados pelos autores, Confronto com a teoria revisada no referencial te\u00f3rico. Quais as contribui\u00e7\u00f5es mais relevantes para os t\u00f3picos abordados no relato. Deve ser inclu\u00edda sua relev\u00e2ncia para outros casos similares e que tipo de ensinamento profissional esta experi\u00eancia relatada deve ser socializada na comunidade de profissionais.<\/p>\n\n\n\n<p><strong>Conclus\u00f5es\/Considera\u00e7\u00f5es finais e contribui\u00e7\u00f5es:<\/strong> Dever\u00e1 mostrar ao leitor argumentos de que foi poss\u00edvel atingir os objetivos propostos inicialmente. Cabe aqui apresentar propostas para empresas \/projetos que encontrem situa\u00e7\u00f5es semelhantes \u00e0 descrita. Os aspectos que limitaram o trabalho devem ser mencionados. Por fim, novas ideias de relatos ou de trabalhos de natureza t\u00e9cnica\/profissional devem ser explicitadas.<\/p>\n\n\n\n<p><strong>Refer\u00eancias<\/strong><\/p>\n\n\n\n<p><strong>Template obrigat\u00f3rio:<\/strong>&nbsp;(<a href=\"https:\/\/singep.org.br\/12\/wp-content\/uploads\/sites\/11\/2024\/04\/template_XIISINGEP_Relato-Tecnico_2024.docx\"><u>clique aqui para fazer o Download<\/u><\/a>).<\/p>\n\n\n\n<p><strong>Submiss\u00e3o:<\/strong> <a href=\"https:\/\/submissao.singep.org.br\/12singep\/login.php\">clique aqui para acessar o sistema<\/a><\/p>\n","protected":false},"excerpt":{"rendered":"<p>Cada autor poder\u00e1 submeter, no m\u00e1ximo, 4 trabalhos para o evento XII SINGEP-CIK. Cada trabalho poder\u00e1 ter at\u00e9 4 autores. Template:&nbsp;A utiliza\u00e7\u00e3o do template \u00e9 obrigat\u00f3ria. Arquivos que forem encaminhados sem o template ser\u00e3o automaticamente desclassificados. (clique aqui para fazer o Download). Formato do arquivo para submiss\u00e3o:&nbsp;PDF Idioma:&nbsp;Portugu\u00eas, Ingl\u00eas ou Espanhol Fonte do texto:&nbsp;Times New [&hellip;]<\/p>\n","protected":false},"author":1,"featured_media":0,"parent":32,"menu_order":0,"comment_status":"closed","ping_status":"closed","template":"","meta":{"footnotes":""},"class_list":["post-40","page","type-page","status-publish","hentry"],"_links":{"self":[{"href":"https:\/\/singep.org.br\/12\/wp-json\/wp\/v2\/pages\/40","targetHints":{"allow":["GET"]}}],"collection":[{"href":"https:\/\/singep.org.br\/12\/wp-json\/wp\/v2\/pages"}],"about":[{"href":"https:\/\/singep.org.br\/12\/wp-json\/wp\/v2\/types\/page"}],"author":[{"embeddable":true,"href":"https:\/\/singep.org.br\/12\/wp-json\/wp\/v2\/users\/1"}],"replies":[{"embeddable":true,"href":"https:\/\/singep.org.br\/12\/wp-json\/wp\/v2\/comments?post=40"}],"version-history":[{"count":15,"href":"https:\/\/singep.org.br\/12\/wp-json\/wp\/v2\/pages\/40\/revisions"}],"predecessor-version":[{"id":8957,"href":"https:\/\/singep.org.br\/12\/wp-json\/wp\/v2\/pages\/40\/revisions\/8957"}],"up":[{"embeddable":true,"href":"https:\/\/singep.org.br\/12\/wp-json\/wp\/v2\/pages\/32"}],"wp:attachment":[{"href":"https:\/\/singep.org.br\/12\/wp-json\/wp\/v2\/media?parent=40"}],"curies":[{"name":"wp","href":"https:\/\/api.w.org\/{rel}","templated":true}]}}