{"id":121,"date":"2014-05-26T17:02:44","date_gmt":"2014-05-26T20:02:44","guid":{"rendered":"http:\/\/impermad.com.br\/singep\/?page_id=121"},"modified":"2024-04-16T16:29:24","modified_gmt":"2024-04-16T19:29:24","slug":"inovacao-e-empreendedorismo","status":"publish","type":"page","link":"https:\/\/singep.org.br\/12\/areas\/inovacao-e-empreendedorismo\/","title":{"rendered":"Inova\u00e7\u00e3o e Empreendedorismo"},"content":{"rendered":"\n<p><strong>L\u00edderes: <\/strong><\/p>\n\n\n\n<ul class=\"wp-block-list\">\n<li>Priscila Rezende da Costa \u2013 Programa de P\u00f3s-Gradua\u00e7\u00e3o em Administra\u00e7\u00e3o e Programa de P\u00f3s-Gradua\u00e7\u00e3o em Gest\u00e3o de Projetos da Universidade Nove de Julho (UNINOVE)<\/li>\n\n\n\n<li>V\u00e2nia&nbsp;Maria Jorge Nassif \u2013 Programa de P\u00f3s-Gradua\u00e7\u00e3o em Administra\u00e7\u00e3o da Universidade Nove de Julho (UNINOVE)<\/li>\n\n\n\n<li>Claudia Brito Silva Cirani \u2013 Programa de P\u00f3s-Gradua\u00e7\u00e3o em Administra\u00e7\u00e3o da Universidade Nove de Julho (UNINOVE)<\/li>\n<\/ul>\n\n\n\n<div style=\"height:25px\" aria-hidden=\"true\" class=\"wp-block-spacer\"><\/div>\n\n\n\n<h3 class=\"wp-block-heading\">Temas:<\/h3>\n\n\n\n<ol class=\"wp-block-list\">\n<li>Aspectos Comportamentais da Inova\u00e7\u00e3o e do Empreendedorismo<\/li>\n\n\n\n<li>&nbsp;O agente Inovador e empreendedor<\/li>\n\n\n\n<li>&nbsp;Ci\u00eancia de dados, Intelig\u00eancia Artificial e Intelig\u00eancia Anal\u00edtica para a Inova\u00e7\u00e3o e o Empreendedorismo<\/li>\n\n\n\n<li>&nbsp;Teoria, Epistemologia, M\u00e9todo e Ferramenta de Pesquisa em Inova\u00e7\u00e3o e Empreendedorismo<\/li>\n\n\n\n<li>&nbsp;Ensino em Inova\u00e7\u00e3o e Empreendedorismo<\/li>\n\n\n\n<li>&nbsp;Conhecimento, Propriedade Intelectual e Transfer\u00eancia de Tecnologia<\/li>\n\n\n\n<li>&nbsp;Estrat\u00e9gia e Desempenho em Inova\u00e7\u00e3o e Empreendedorismo<\/li>\n\n\n\n<li>&nbsp;Organiza\u00e7\u00f5es, Processos e Projetos Inovadores e Empreendedores<\/li>\n\n\n\n<li>&nbsp;Inova\u00e7\u00e3o e Novos Neg\u00f3cios em Servi\u00e7os<\/li>\n\n\n\n<li>&nbsp;Inova\u00e7\u00e3o e Intraempreendedorismo na Administra\u00e7\u00e3o P\u00fablica<\/li>\n\n\n\n<li>&nbsp;Inova\u00e7\u00e3o e Empreendedorismo Digital<\/li>\n\n\n\n<li>&nbsp;Inova\u00e7\u00e3o, Empreendedorismo, Sustentabilidade, ESG e os Grandes Desafios Globais<\/li>\n\n\n\n<li>&nbsp;Redes, Ecossistemas e Pol\u00edticas de Inova\u00e7\u00e3o e Empreendedorismo<\/li>\n\n\n\n<li>&nbsp;Inova\u00e7\u00e3o e Empreendedorismo no Contexto da Ind\u00fastria 4.0<\/li>\n\n\n\n<li>\u00a0Temas Emergentes em Inova\u00e7\u00e3o e Empreendedorismo<\/li>\n\n\n\n<li>Pesquisa cient\u00edfica em inova\u00e7\u00e3o e empreendedorismo e impacto na sociedade: contribui\u00e7\u00f5es para o alcance dos Objetivos do Desenvolvimento Sustent\u00e1vel<\/li>\n<\/ol>\n","protected":false},"excerpt":{"rendered":"<p>L\u00edderes: Temas:<\/p>\n","protected":false},"author":1,"featured_media":0,"parent":30,"menu_order":0,"comment_status":"closed","ping_status":"closed","template":"","meta":{"footnotes":""},"class_list":["post-121","page","type-page","status-publish","hentry"],"_links":{"self":[{"href":"https:\/\/singep.org.br\/12\/wp-json\/wp\/v2\/pages\/121","targetHints":{"allow":["GET"]}}],"collection":[{"href":"https:\/\/singep.org.br\/12\/wp-json\/wp\/v2\/pages"}],"about":[{"href":"https:\/\/singep.org.br\/12\/wp-json\/wp\/v2\/types\/page"}],"author":[{"embeddable":true,"href":"https:\/\/singep.org.br\/12\/wp-json\/wp\/v2\/users\/1"}],"replies":[{"embeddable":true,"href":"https:\/\/singep.org.br\/12\/wp-json\/wp\/v2\/comments?post=121"}],"version-history":[{"count":8,"href":"https:\/\/singep.org.br\/12\/wp-json\/wp\/v2\/pages\/121\/revisions"}],"predecessor-version":[{"id":8961,"href":"https:\/\/singep.org.br\/12\/wp-json\/wp\/v2\/pages\/121\/revisions\/8961"}],"up":[{"embeddable":true,"href":"https:\/\/singep.org.br\/12\/wp-json\/wp\/v2\/pages\/30"}],"wp:attachment":[{"href":"https:\/\/singep.org.br\/12\/wp-json\/wp\/v2\/media?parent=121"}],"curies":[{"name":"wp","href":"https:\/\/api.w.org\/{rel}","templated":true}]}}