{"id":119,"date":"2014-05-26T17:04:13","date_gmt":"2014-05-26T20:04:13","guid":{"rendered":"http:\/\/impermad.com.br\/singep\/?page_id=119"},"modified":"2024-04-16T16:31:32","modified_gmt":"2024-04-16T19:31:32","slug":"sustentabilidade","status":"publish","type":"page","link":"https:\/\/singep.org.br\/12\/areas\/sustentabilidade\/","title":{"rendered":"Sustentabilidade"},"content":{"rendered":"\n<p><strong>L\u00edderes:<\/strong><\/p>\n\n\n\n<ul class=\"wp-block-list\">\n<li>Heidy Rodriguez Ramos \u2013 Programa de P\u00f3s-Gradua\u00e7\u00e3o em Administra\u00e7\u00e3o e Programa de P\u00f3s-Gradua\u00e7\u00e3o em Cidades Inteligentes e Sustent\u00e1veis da Universidade Nove de Julho (UNINOVE).<\/li>\n\n\n\n<li>Claudia Maria da Silva Bezerra \u2013 Instituto de Desenvolvimento e Aprendizagem (IDEA).<\/li>\n<\/ul>\n\n\n\n<div style=\"height:25px\" aria-hidden=\"true\" class=\"wp-block-spacer\"><\/div>\n\n\n\n<h3 class=\"wp-block-heading\">Temas:<\/h3>\n\n\n\n<ol class=\"wp-block-list\">\n<li>\u2060Indicadores de Sustentabilidade<\/li>\n\n\n\n<li>\u2060Log\u00edsticas Reversa e Gest\u00e3o de Res\u00edduos<\/li>\n\n\n\n<li>\u2060Pol\u00edticas P\u00fablicas e Marco Regulat\u00f3rio Ambiental<\/li>\n\n\n\n<li>\u2060Responsabilidade Social Corporativa e ESG<\/li>\n\n\n\n<li>\u2060Cidades Inteligentes e Sustent\u00e1veis<\/li>\n\n\n\n<li>\u2060Efici\u00eancia Energ\u00e9tica e uso de energias renov\u00e1veis<\/li>\n\n\n\n<li>\u2060Constru\u00e7\u00f5es Sustent\u00e1veis<\/li>\n\n\n\n<li>\u2060Metodologias de Pesquisa em Sustentabilidade<\/li>\n\n\n\n<li>\u2060\u2060T\u00f3picos Emergentes em Sustentabilidade<\/li>\n\n\n\n<li>Pesquisa cient\u00edfica em sustentabilidade e impacto na sociedade: contribui\u00e7\u00f5es para o alcance dos Objetivos do Desenvolvimento Sustent\u00e1vel<\/li>\n<\/ol>\n","protected":false},"excerpt":{"rendered":"<p>L\u00edderes: Temas:<\/p>\n","protected":false},"author":1,"featured_media":0,"parent":30,"menu_order":0,"comment_status":"closed","ping_status":"closed","template":"","meta":{"footnotes":""},"class_list":["post-119","page","type-page","status-publish","hentry"],"_links":{"self":[{"href":"https:\/\/singep.org.br\/12\/wp-json\/wp\/v2\/pages\/119","targetHints":{"allow":["GET"]}}],"collection":[{"href":"https:\/\/singep.org.br\/12\/wp-json\/wp\/v2\/pages"}],"about":[{"href":"https:\/\/singep.org.br\/12\/wp-json\/wp\/v2\/types\/page"}],"author":[{"embeddable":true,"href":"https:\/\/singep.org.br\/12\/wp-json\/wp\/v2\/users\/1"}],"replies":[{"embeddable":true,"href":"https:\/\/singep.org.br\/12\/wp-json\/wp\/v2\/comments?post=119"}],"version-history":[{"count":12,"href":"https:\/\/singep.org.br\/12\/wp-json\/wp\/v2\/pages\/119\/revisions"}],"predecessor-version":[{"id":8963,"href":"https:\/\/singep.org.br\/12\/wp-json\/wp\/v2\/pages\/119\/revisions\/8963"}],"up":[{"embeddable":true,"href":"https:\/\/singep.org.br\/12\/wp-json\/wp\/v2\/pages\/30"}],"wp:attachment":[{"href":"https:\/\/singep.org.br\/12\/wp-json\/wp\/v2\/media?parent=119"}],"curies":[{"name":"wp","href":"https:\/\/api.w.org\/{rel}","templated":true}]}}