{"id":118,"date":"2014-05-26T16:59:19","date_gmt":"2014-05-26T19:59:19","guid":{"rendered":"http:\/\/impermad.com.br\/singep\/?page_id=118"},"modified":"2024-05-14T13:57:38","modified_gmt":"2024-05-14T16:57:38","slug":"gestao-de-projetos","status":"publish","type":"page","link":"https:\/\/singep.org.br\/12\/areas\/gestao-de-projetos\/","title":{"rendered":"Gest\u00e3o de Projetos"},"content":{"rendered":"\n<p><strong>L\u00edderes: <\/strong><\/p>\n\n\n\n<ul class=\"wp-block-list\">\n<li>Cristiane Drebes Pedron \u2013 Programa de P\u00f3s-Gradua\u00e7\u00e3o em Administra\u00e7\u00e3o e do Programa de P\u00f3s-Gradua\u00e7\u00e3o em Gest\u00e3o de Projetos da Universidade Nove de Julho (UNINOVE)<\/li>\n\n\n\n<li>Jos\u00e9 Moutinho \u2013 Doutor em Administra\u00e7\u00e3o \u2013 Gest\u00e3o de Projetos (PPGP- Uninove) e Gestor de Projetos na Universidade do Estado do Rio de Janeiro<\/li>\n\n\n\n<li>Silvio Teixeira \u2013 Doutorando do Programa de P\u00f3s-Gradua\u00e7\u00e3o em Gest\u00e3o de Projetos da Universidade Nove de Julho (UNINOVE)<\/li>\n<\/ul>\n\n\n\n<div style=\"height:25px\" aria-hidden=\"true\" class=\"wp-block-spacer\"><\/div>\n\n\n\n<h3 class=\"wp-block-heading\">Temas:<\/h3>\n\n\n\n<ol class=\"wp-block-list\">\n<li>Compet\u00eancias Organizacionais e Individuais na Gest\u00e3o de Projetos<\/li>\n\n\n\n<li>PMO: Portf\u00f3lio, Maturidade e Estrat\u00e9gia<\/li>\n\n\n\n<li>Gest\u00e3o de Projetos no Setor P\u00fablico e no Terceiro Setor<\/li>\n\n\n\n<li>Gest\u00e3o do Conhecimento e Aprendizagem em Projetos<\/li>\n\n\n\n<li>Metodologias e Ferramentas de Gest\u00e3o de Projetos<\/li>\n\n\n\n<li>Sustentabilidade em Projetos<\/li>\n\n\n\n<li>Projetos \u00c1geis e H\u00edbridos<\/li>\n\n\n\n<li>Ind\u00fastria 4.0, Intelig\u00eancia Artificial e a Gest\u00e3o de Projetos<\/li>\n\n\n\n<li>Gest\u00e3o de Projetos em Ambientes Empreendedores (ex. Startups e Fintechs)<\/li>\n\n\n\n<li>M\u00e9todos de Pesquisa e Ensino em Gest\u00e3o de Projetos<\/li>\n\n\n\n<li>T\u00f3picos Emergentes em Gest\u00e3o de Projetos<\/li>\n\n\n\n<li>Pesquisa cient\u00edfica em gest\u00e3o de projetos e impacto na sociedade: contribui\u00e7\u00f5es para o alcance dos Objetivos do Desenvolvimento Sustent\u00e1vel<\/li>\n<\/ol>\n","protected":false},"excerpt":{"rendered":"<p>L\u00edderes: Temas:<\/p>\n","protected":false},"author":1,"featured_media":0,"parent":30,"menu_order":0,"comment_status":"closed","ping_status":"closed","template":"","meta":{"footnotes":""},"class_list":["post-118","page","type-page","status-publish","hentry"],"_links":{"self":[{"href":"https:\/\/singep.org.br\/12\/wp-json\/wp\/v2\/pages\/118","targetHints":{"allow":["GET"]}}],"collection":[{"href":"https:\/\/singep.org.br\/12\/wp-json\/wp\/v2\/pages"}],"about":[{"href":"https:\/\/singep.org.br\/12\/wp-json\/wp\/v2\/types\/page"}],"author":[{"embeddable":true,"href":"https:\/\/singep.org.br\/12\/wp-json\/wp\/v2\/users\/1"}],"replies":[{"embeddable":true,"href":"https:\/\/singep.org.br\/12\/wp-json\/wp\/v2\/comments?post=118"}],"version-history":[{"count":9,"href":"https:\/\/singep.org.br\/12\/wp-json\/wp\/v2\/pages\/118\/revisions"}],"predecessor-version":[{"id":9029,"href":"https:\/\/singep.org.br\/12\/wp-json\/wp\/v2\/pages\/118\/revisions\/9029"}],"up":[{"embeddable":true,"href":"https:\/\/singep.org.br\/12\/wp-json\/wp\/v2\/pages\/30"}],"wp:attachment":[{"href":"https:\/\/singep.org.br\/12\/wp-json\/wp\/v2\/media?parent=118"}],"curies":[{"name":"wp","href":"https:\/\/api.w.org\/{rel}","templated":true}]}}