{"id":9071,"date":"2024-04-09T11:50:09","date_gmt":"2024-04-09T14:50:09","guid":{"rendered":"https:\/\/singep.org.br\/12\/?page_id=9071"},"modified":"2024-05-14T15:22:00","modified_gmt":"2024-05-14T18:22:00","slug":"formato-para-informes-de-ptt-producto-tecnico-tecnologico","status":"publish","type":"page","link":"https:\/\/singep.org.br\/12\/es\/reglas-para-enviar-los-trabajos\/formato-para-informes-de-ptt-producto-tecnico-tecnologico\/","title":{"rendered":"Formato para Informes de PTT (Producto T\u00e9cnico-Tecnol\u00f3gico)"},"content":{"rendered":"\n<p><strong>Cada autor puede enviar, como m\u00e1ximo, 4 trabajos para el evento XII SINGEP-CIK.<\/strong><\/p>\n\n\n\n<p>Cada trabajo puede tener <strong>hasta 4 autores.<\/strong><\/p>\n\n\n\n<p>Template: El uso del template es obligatorio. Los archivos que se env\u00eden sin el template ser\u00e1n descalificados autom\u00e1ticamente. (<a href=\"https:\/\/singep.org.br\/12\/wp-content\/uploads\/sites\/11\/2024\/04\/template_XIISINGEP_Relato-PTT_2024_ok.docx\">haz clic aqu\u00ed para descargar<\/a>).<\/p>\n\n\n\n<p><strong>Formato del archivo para la presentaci\u00f3n:<\/strong> PDF<\/p>\n\n\n\n<p><strong>Idioma:<\/strong> Portugu\u00e9s, Ingl\u00e9s o Espa\u00f1ol<\/p>\n\n\n\n<p><strong>Fuente del texto:<\/strong> Times New Roman, tama\u00f1o 12<\/p>\n\n\n\n<p><strong>Espaciado entre l\u00edneas:<\/strong> sencillo<\/p>\n\n\n\n<p><strong>Espaciado entre caracteres:<\/strong> normal<\/p>\n\n\n\n<p><strong>L\u00edmite de p\u00e1ginas:<\/strong> m\u00ednimo 8, m\u00e1ximo 16 p\u00e1ginas<\/p>\n\n\n\n<p><strong>Tama\u00f1o del papel:<\/strong> A4<\/p>\n\n\n\n<p><strong>M\u00e1rgenes:<\/strong> Superior: 3cm \/ Inferior: 2 cm \/ Izquierda: 3 cm \/ Derecha: 2 cm<\/p>\n\n\n\n<p><strong>P\u00e1rrafo:<\/strong> Texto Justificado<\/p>\n\n\n\n<p><strong>Paginaci\u00f3n:<\/strong> el n\u00famero de p\u00e1ginas en el pie de p\u00e1gina, alineado a la derecha, ya est\u00e1 en el template.<\/p>\n\n\n\n<p><strong>Notas:<\/strong> No deben colocarse en el pie de p\u00e1gina, sino insertarse como notas al final del texto.<\/p>\n\n\n\n<p><strong>Figuras y Tablas:<\/strong> Todas las figuras y tablas deben tener leyendas y seguir las normas de la APA. Por lo tanto, en el caso de las figuras (cuadros, gr\u00e1ficos, dibujos, etc.), las respectivas leyendas deben colocarse debajo de ellas, justificadas a la izquierda, con fuente Times New Roman, tama\u00f1o 10. En las tablas, las leyendas deben colocarse encima de ellas, deben estar centradas y tener fuente Times New Roman, tama\u00f1o 10.<\/p>\n\n\n\n<p><strong>Citas y referencias bibliogr\u00e1ficas:<\/strong> Las citas deben insertarse en el cuerpo del texto, seg\u00fan el sistema autor-fecha, a\u00f1adiendo el n\u00famero de p\u00e1gina en caso de citas directas. Las referencias bibliogr\u00e1ficas deben presentarse en orden alfab\u00e9tico al final del trabajo, de acuerdo con la norma de la American Psychological Association (APA).<\/p>\n\n\n\n<p><strong>Observaciones:<\/strong><\/p>\n\n\n\n<p>Los trabajos que no cumplan con las caracter\u00edsticas y los criterios t\u00e9cnicos requeridos no ser\u00e1n aceptados para su presentaci\u00f3n.<\/p>\n\n\n\n<p><strong>El trabajo debe enviarse en un (1) \u00fanico archivo, sin identificaci\u00f3n de autores, instituci\u00f3n ni correo electr\u00f3nico. Los trabajos cuya autor\u00eda sea identificada ser\u00e1n autom\u00e1ticamente excluidos del evento.<\/strong><\/p>\n\n\n\n<p><strong>MODALIDAD <\/strong><strong>INFORME DE PTT (Producto T\u00e9cnico-Tecnol\u00f3gico)<\/strong><\/p>\n\n\n\n<p>El desarrollo de PTT est\u00e1 dirigido a la soluci\u00f3n de problemas o al mejoramiento de cuestiones pr\u00e1cticas. El \u00e1rea de Administraci\u00f3n P\u00fablica y de Empresas, Ciencias Contables y Turismo (\u00c1rea 27) de CAPES considera 12 modalidades de PTT m\u00e1s adherentes a su realidad. Esta modalidad de Relato de PTT se centra en los 11 PTT enumerados a continuaci\u00f3n:<\/p>\n\n\n\n<ol class=\"wp-block-list\" start=\"1\">\n<li>Empresa u Organizaci\u00f3n social (innovadora).<\/li>\n\n\n\n<li>Proceso\/Tecnolog\u00eda y Producto\/Material no patentables.<\/li>\n\n\n\n<li>Informe t\u00e9cnico conclusivo.<\/li>\n\n\n\n<li>Tecnolog\u00eda social.<\/li>\n\n\n\n<li>Norma o marco regulatorio.<\/li>\n\n\n\n<li>Patente.<\/li>\n\n\n\n<li>Productos\/Procesos en secreto.<\/li>\n\n\n\n<li>Software\/Aplicaci\u00f3n.<\/li>\n\n\n\n<li>Base de datos t\u00e9cnico-cient\u00edfica.<\/li>\n\n\n\n<li>Curso para formaci\u00f3n profesional.<\/li>\n\n\n\n<li>Material did\u00e1ctico.<\/li>\n<\/ol>\n\n\n\n<p>El PTT &#8220;12. Producto bibliogr\u00e1fico en forma de art\u00edculo t\u00e9cnico\/tecnol\u00f3gico&#8221; debe dirigirse a la modalidad de Relato T\u00e9cnico.<\/p>\n\n\n\n<p><strong>Orientaci\u00f3n para el registro y desarrollo del relato de PTT:<\/strong><\/p>\n\n\n\n<p>El relato de PTT debe tener un m\u00ednimo de ocho (8) y un m\u00e1ximo de diecis\u00e9is (16) p\u00e1ginas, incluyendo ilustraciones, referencias y notas al pie de p\u00e1gina.<\/p>\n\n\n\n<p><strong>Resumen Estructurado<\/strong> <em>(debe aparecer solo en la plataforma de env\u00edo):<\/em><\/p>\n\n\n\n<p>Sugerimos a los autores que preparen el resumen estructurado en un documento separado y copien y peguen cada elemento en el campo espec\u00edfico al momento del env\u00edo.<\/p>\n\n\n\n<p>El resumen estructurado del art\u00edculo cient\u00edfico incluye los siguientes elementos y su composici\u00f3n debe tener como <strong>m\u00e1ximo 250 palabras<\/strong>:<\/p>\n\n\n\n<ul class=\"wp-block-list\">\n<li>Objetivo del estudio (m\u00e1ximo 42 palabras)<\/li>\n\n\n\n<li>Relevancia\/originalidad (m\u00e1ximo 42 palabras)<\/li>\n\n\n\n<li>Metodolog\u00eda\/enfoque (m\u00e1ximo 42 palabras)<\/li>\n\n\n\n<li>Principales resultados (m\u00e1ximo 42 palabras)<\/li>\n\n\n\n<li>Contribuciones te\u00f3ricas\/metodol\u00f3gicas (m\u00e1ximo 42 palabras)<\/li>\n\n\n\n<li>Contribuciones sociales\/para la gesti\u00f3n (m\u00e1ximo 42 palabras)<\/li>\n<\/ul>\n\n\n\n<p>El T\u00edtulo, el Resumen Estructurado y las Palabras Clave deben ser escritos en dos versiones, independientemente del idioma elegido para la presentaci\u00f3n del relato de PTT: <strong>1\u00aa versi\u00f3n en portugu\u00e9s<\/strong>; y <strong>2\u00aa versi\u00f3n en ingl\u00e9s<\/strong>.<\/p>\n\n\n\n<p><strong>Campos a completar en la plataforma de env\u00edo:<\/strong><\/p>\n\n\n\n<ul class=\"wp-block-list\">\n<li>T\u00edtulo del trabajo en portugu\u00e9s: en letras may\u00fasculas.<\/li>\n\n\n\n<li>T\u00edtulo del trabajo en ingl\u00e9s: en letras may\u00fasculas.<\/li>\n\n\n\n<li>Palabras Clave: en portugu\u00e9s, m\u00ednimo tres (3) y m\u00e1ximo cinco (5).<\/li>\n\n\n\n<li>Palabras Clave: en ingl\u00e9s, deben ser las mismas que las definidas en portugu\u00e9s.<\/li>\n\n\n\n<li>Campos del resumen estructurado: en portugu\u00e9s.<\/li>\n\n\n\n<li>Campos del resumen estructurado: en ingl\u00e9s.<\/li>\n<\/ul>\n\n\n\n<p><strong><u>Estructura sugerida para el relato de PPT<\/u><\/strong><strong> (parte <\/strong><strong>textual<sup>1,2<\/sup>):<\/strong><strong><\/strong><\/p>\n\n\n\n<p><strong>(No incluir el resumen estructurado en el PDF, debe incluirse solo en la plataforma de env\u00edo).<\/strong><\/p>\n\n\n\n<p><sup>1<\/sup>CAPES (2012)<\/p>\n\n\n\n<p><sup>2<\/sup>Martens, C. D. P., Scafuto, I. C., Bartholomeu Filho, J., &amp; Zanfelicce, R. L. (2022)<\/p>\n\n\n\n<p><strong>T\u00cdTULO<\/strong> (en el idioma del texto)<\/p>\n\n\n\n<p><strong>Contexto en el que se presenta el problema:<\/strong> exponer la situaci\u00f3n problema y\/o la oportunidad de mejora relacionada con el contexto en an\u00e1lisis (organizaci\u00f3n\/gobierno\/actores sociales involucrados);<\/p>\n\n\n\n<p><strong>Diagn\u00f3stico y Desarrollo del PTT:<\/strong> presentar el aparato cient\u00edfico que oriente el diagn\u00f3stico y la selecci\u00f3n del PTT adoptado. Describir el proceso de desarrollo del PTT;<\/p>\n\n\n\n<p><strong>Adopci\u00f3n y Contribuciones del PTT<\/strong>: presentar c\u00f3mo se adopt\u00f3\/implant\u00f3 el PTT y c\u00f3mo puede ser adoptado\/implantado por otras organizaciones\/gobierno\/actores sociales y en otros contextos. Describir las contribuciones de la adopci\u00f3n del PTT considerando los elementos de evaluaci\u00f3n de PTT seg\u00fan el formulario de evaluaci\u00f3n del \u00e1rea 27 de CAPES (CAPES, 2020):<\/p>\n\n\n\n<ol class=\"wp-block-list\" start=\"1\">\n<li><strong>Adecuaci\u00f3n:<\/strong> descripci\u00f3n de la relaci\u00f3n\/afinidad de la producci\u00f3n con el \u00e1rea de concentraci\u00f3n del programa, considerando, especialmente, la adecuaci\u00f3n a las l\u00edneas y proyectos de investigaci\u00f3n, innovaci\u00f3n o desarrollo tecnol\u00f3gico del programa:<\/li>\n<\/ol>\n\n\n\n<p>a) Adecuaci\u00f3n del producto a las l\u00edneas de investigaci\u00f3n\/actuaci\u00f3n del programa.<\/p>\n\n\n\n<p>b) Adecuaci\u00f3n del producto a los proyectos de investigaci\u00f3n, innovaci\u00f3n o desarrollo tecnol\u00f3gico del programa.<\/p>\n\n\n\n<p>En caso de que la descripci\u00f3n sea realizada por autores no vinculados a programas de posgrado, informar a qu\u00e9 \u00e1rea(s) (Administraci\u00f3n P\u00fablica y de Empresas, Ciencias Contables y Turismo) el PTT es adecuado.<\/p>\n\n\n\n<ol class=\"wp-block-list\" start=\"2\">\n<li><strong>Impacto:<\/strong> la transformaci\u00f3n causada por el PTT en el entorno (organizaci\u00f3n, comunidad, localidad, etc.) al que se destina. Es necesario declarar el motivo de la creaci\u00f3n, la relevancia del tema del demandante y el enfoque de aplicaci\u00f3n del producto. Se eval\u00faa el impacto potencial y realizado del producto:<\/li>\n<\/ol>\n\n\n\n<p>a) Impacto realizado: baja, media o alta transformaci\u00f3n del entorno al que se destina. Solo se describe en caso de PTT ya en uso, o que ya ha producido impactos.<\/p>\n\n\n\n<p>b) Impacto potencial: baja, media o alta capacidad de transformaci\u00f3n del entorno al que se destina. Se refiere al impacto previsto, es decir, el potencial del PTT.<\/p>\n\n\n\n<ol class=\"wp-block-list\" start=\"3\">\n<li><strong>Aplicabilidad:<\/strong> facilidad con la que se puede emplear el PTT para alcanzar sus objetivos espec\u00edficos y su capacidad de ser replicable en otros contextos. Se eval\u00faa la aplicabilidad potencial y realizada del producto:<\/li>\n<\/ol>\n\n\n\n<p>a) Aplicabilidad realizada: grado de facilidad (baja, media o alta) con la que el producto fue empleado para alcanzar sus objetivos espec\u00edficos.<\/p>\n\n\n\n<p>b) Aplicabilidad potencial: grado de facilidad (baja, media o alta) con la que el producto puede llegar a ser empleado para alcanzar sus objetivos espec\u00edficos.<\/p>\n\n\n\n<p>c) Replicabilidad: posibilidad de replicaci\u00f3n restringida, irrestricta, escalable.<\/p>\n\n\n\n<ol class=\"wp-block-list\" start=\"4\">\n<li><strong>Innovaci\u00f3n:<\/strong> intensidad del conocimiento in\u00e9dito utilizado en la creaci\u00f3n y desarrollo del producto. Se eval\u00faa el contenido de innovaci\u00f3n en:<\/li>\n<\/ol>\n\n\n\n<p>a) Alto &#8211; innovaci\u00f3n radical, cambio de paradigma;<\/p>\n\n\n\n<p>b) Medio &#8211; innovaci\u00f3n incremental, modificaci\u00f3n de conocimientos preestablecidos;<\/p>\n\n\n\n<p>c) Bajo &#8211; Innovaci\u00f3n adaptativa, utilizaci\u00f3n de conocimiento preexistente;<\/p>\n\n\n\n<ol class=\"wp-block-list\" start=\"5\">\n<li><strong>Complejidad:<\/strong> grado de interacci\u00f3n de los actores, relaciones y conocimientos necesarios para la elaboraci\u00f3n y desarrollo de productos t\u00e9cnico-tecnol\u00f3gicos. Se eval\u00faa la complejidad del producto en:<\/li>\n<\/ol>\n\n\n\n<p>a) Alta &#8211; asociaci\u00f3n de nuevos conocimientos y diferentes actores (laboratorios, empresas, etc.) para la soluci\u00f3n de problemas.<\/p>\n\n\n\n<p>b) Media &#8211; alteraci\u00f3n\/adaptaci\u00f3n de conocimientos preestablecidos por diferentes actores (laboratorios, empresas, etc.).<\/p>\n\n\n\n<p>c) Baja &#8211; combinaci\u00f3n de conocimientos preexistentes por actores diferentes o no.<\/p>\n\n\n\n<p><strong>Referencias<\/strong><\/p>\n\n\n\n<p><strong>Template obligatorio<\/strong>: (<a href=\"https:\/\/singep.org.br\/12\/wp-content\/uploads\/sites\/11\/2024\/04\/template_XIISINGEP_Relato-PTT_2024_ok.docx\">haz clic aqu\u00ed para descargar<\/a>).<\/p>\n\n\n\n<p><strong>Env\u00edo:<\/strong> (<a href=\"https:\/\/submissao.singep.org.br\/12singep\/login.php\">haz clic aqu\u00ed para acceder al sistema<\/a>)<\/p>\n","protected":false},"excerpt":{"rendered":"<p>Cada autor puede enviar, como m\u00e1ximo, 4 trabajos para el evento XII SINGEP-CIK. Cada trabajo puede tener hasta 4 autores. Template: El uso del template es obligatorio. Los archivos que se env\u00eden sin el template ser\u00e1n descalificados autom\u00e1ticamente. (haz clic aqu\u00ed para descargar). Formato del archivo para la presentaci\u00f3n: PDF Idioma: Portugu\u00e9s, Ingl\u00e9s o Espa\u00f1ol [&hellip;]<\/p>\n","protected":false},"author":1,"featured_media":0,"parent":5639,"menu_order":0,"comment_status":"closed","ping_status":"closed","template":"","meta":{"footnotes":""},"class_list":["post-9071","page","type-page","status-publish","hentry"],"_links":{"self":[{"href":"https:\/\/singep.org.br\/12\/es\/wp-json\/wp\/v2\/pages\/9071","targetHints":{"allow":["GET"]}}],"collection":[{"href":"https:\/\/singep.org.br\/12\/es\/wp-json\/wp\/v2\/pages"}],"about":[{"href":"https:\/\/singep.org.br\/12\/es\/wp-json\/wp\/v2\/types\/page"}],"author":[{"embeddable":true,"href":"https:\/\/singep.org.br\/12\/es\/wp-json\/wp\/v2\/users\/1"}],"replies":[{"embeddable":true,"href":"https:\/\/singep.org.br\/12\/es\/wp-json\/wp\/v2\/comments?post=9071"}],"version-history":[{"count":6,"href":"https:\/\/singep.org.br\/12\/es\/wp-json\/wp\/v2\/pages\/9071\/revisions"}],"predecessor-version":[{"id":9094,"href":"https:\/\/singep.org.br\/12\/es\/wp-json\/wp\/v2\/pages\/9071\/revisions\/9094"}],"up":[{"embeddable":true,"href":"https:\/\/singep.org.br\/12\/es\/wp-json\/wp\/v2\/pages\/5639"}],"wp:attachment":[{"href":"https:\/\/singep.org.br\/12\/es\/wp-json\/wp\/v2\/media?parent=9071"}],"curies":[{"name":"wp","href":"https:\/\/api.w.org\/{rel}","templated":true}]}}