{"id":8409,"date":"2023-07-03T14:04:40","date_gmt":"2023-07-03T17:04:40","guid":{"rendered":"https:\/\/singep.org.br\/12\/?page_id=8409"},"modified":"2024-05-14T15:00:35","modified_gmt":"2024-05-14T18:00:35","slug":"orientaciones-para-los-autores","status":"publish","type":"page","link":"https:\/\/singep.org.br\/12\/es\/orientaciones-para-los-autores\/","title":{"rendered":"Orientaciones para los autores"},"content":{"rendered":"\n<p>Los autores pueden presentar sus trabajos en formato de <strong>art\u00edculo cient\u00edfico, informe t\u00e9cnico, informe de PTT (producto t\u00e9cnico-tecnol\u00f3gico) o p\u00f3ster<\/strong> para uno de los cinco temas de inter\u00e9s del evento: Gesti\u00f3n de Proyectos, Innovaci\u00f3n y Emprendimiento, Sostenibilidad, Estrategia y Marketing.<\/p>\n\n\n\n<p>En el momento de presentar el trabajo (texto completo), el autor puede <strong>optar por la publicaci\u00f3n del texto completo o solo el resumen<\/strong>, en caso de aprobaci\u00f3n y presentaci\u00f3n del trabajo.<\/p>\n\n\n\n<p>Cada autor puede presentar, <strong>un m\u00e1ximo, de 4 trabajos<\/strong> para el evento SINGEP.<\/p>\n\n\n\n<p>Cada trabajo puede tener hasta <strong>4 autores<\/strong>.<\/p>\n\n\n\n<ul class=\"wp-block-list\">\n<li>&nbsp;<a href=\"https:\/\/singep.org.br\/12\/es\/reglas-para-enviar-los-trabajos\/formato-para-articulos-cientificos\/\" data-type=\"page\" data-id=\"5648\">Formato de Art\u00edculo Cient\u00edfico<\/a><\/li>\n\n\n\n<li><a href=\"https:\/\/singep.org.br\/12\/es\/reglas-para-enviar-los-trabajos\/formato-para-relato-tecnico\/\" data-type=\"page\" data-id=\"5656\">&nbsp;Formato de Relato T\u00e9cnico<\/a><\/li>\n\n\n\n<li><a href=\"https:\/\/singep.org.br\/12\/es\/formato-para-informes-de-ptt-producto-tecnico-tecnologico\/\" data-type=\"page\" data-id=\"9071\">\u00a0Formato de Informe de PPT (Producto T\u00e9cnico-Tecnol\u00f3gico)<\/a><\/li>\n\n\n\n<li><a href=\"https:\/\/singep.org.br\/12\/es\/reglas-para-enviar-los-trabajos\/formato-para-poster\/\" data-type=\"page\" data-id=\"5663\">Formato de P\u00f3ster<\/a><\/li>\n<\/ul>\n","protected":false},"excerpt":{"rendered":"<p>Los autores pueden presentar sus trabajos en formato de art\u00edculo cient\u00edfico, informe t\u00e9cnico, informe de PTT (producto t\u00e9cnico-tecnol\u00f3gico) o p\u00f3ster para uno de los cinco temas de inter\u00e9s del evento: Gesti\u00f3n de Proyectos, Innovaci\u00f3n y Emprendimiento, Sostenibilidad, Estrategia y Marketing. En el momento de presentar el trabajo (texto completo), el autor puede optar por la [&hellip;]<\/p>\n","protected":false},"author":1,"featured_media":0,"parent":0,"menu_order":0,"comment_status":"closed","ping_status":"closed","template":"","meta":{"footnotes":""},"class_list":["post-8409","page","type-page","status-publish","hentry"],"_links":{"self":[{"href":"https:\/\/singep.org.br\/12\/es\/wp-json\/wp\/v2\/pages\/8409","targetHints":{"allow":["GET"]}}],"collection":[{"href":"https:\/\/singep.org.br\/12\/es\/wp-json\/wp\/v2\/pages"}],"about":[{"href":"https:\/\/singep.org.br\/12\/es\/wp-json\/wp\/v2\/types\/page"}],"author":[{"embeddable":true,"href":"https:\/\/singep.org.br\/12\/es\/wp-json\/wp\/v2\/users\/1"}],"replies":[{"embeddable":true,"href":"https:\/\/singep.org.br\/12\/es\/wp-json\/wp\/v2\/comments?post=8409"}],"version-history":[{"count":4,"href":"https:\/\/singep.org.br\/12\/es\/wp-json\/wp\/v2\/pages\/8409\/revisions"}],"predecessor-version":[{"id":9080,"href":"https:\/\/singep.org.br\/12\/es\/wp-json\/wp\/v2\/pages\/8409\/revisions\/9080"}],"wp:attachment":[{"href":"https:\/\/singep.org.br\/12\/es\/wp-json\/wp\/v2\/media?parent=8409"}],"curies":[{"name":"wp","href":"https:\/\/api.w.org\/{rel}","templated":true}]}}