{"id":7127,"date":"2021-08-26T10:59:57","date_gmt":"2021-08-26T13:59:57","guid":{"rendered":"https:\/\/singep.org.br\/12\/?page_id=7127"},"modified":"2023-07-03T13:23:38","modified_gmt":"2023-07-03T16:23:38","slug":"comision-cientifica","status":"publish","type":"page","link":"https:\/\/singep.org.br\/12\/es\/comision-cientifica\/","title":{"rendered":"Comisi\u00f3n Cient\u00edfica"},"content":{"rendered":"\n<p>ANDR\u00c9 URDAN, Doctor, UNINOVE, SP<br>BENNY KRAMER COSTA, Doctor, UNINOVE, SP<br>CL\u00c1UDIA BRITO SILVA CIRANI, Doctora, UNINOVE, SP<br>CL\u00c1UDIA TEREZINHA KNIESS, Doctora, UNIFESP y USJT, SP<br>CRISTIANE DREBES PEDRON, Doctora, UNINOVE, SP<br>FERNANDO ANTONIO RIBEIRO SERRA, Doctor, UNINOVE, SP<br>FL\u00c1VIO SANTINO BIZZARIAS, Doctor, ESPM, SP<br>HEIDY RODRIGUEZ RAMOS, Doctora, UNINOVE, SP<br>VANIA JORGE NASSIF, Doctora, UNINOVE, SP<br>WALTER CARDOSO S\u00c1TYRO, Doctor, UNINOVE, SP<\/p>\n","protected":false},"excerpt":{"rendered":"<p>ANDR\u00c9 URDAN, Doctor, UNINOVE, SPBENNY KRAMER COSTA, Doctor, UNINOVE, SPCL\u00c1UDIA BRITO SILVA CIRANI, Doctora, UNINOVE, SPCL\u00c1UDIA TEREZINHA KNIESS, Doctora, UNIFESP y USJT, SPCRISTIANE DREBES PEDRON, Doctora, UNINOVE, SPFERNANDO ANTONIO RIBEIRO SERRA, Doctor, UNINOVE, SPFL\u00c1VIO SANTINO BIZZARIAS, Doctor, ESPM, SPHEIDY RODRIGUEZ RAMOS, Doctora, UNINOVE, SPVANIA JORGE NASSIF, Doctora, UNINOVE, SPWALTER CARDOSO S\u00c1TYRO, Doctor, UNINOVE, SP<\/p>\n","protected":false},"author":1,"featured_media":0,"parent":0,"menu_order":0,"comment_status":"closed","ping_status":"closed","template":"","meta":{"footnotes":""},"class_list":["post-7127","page","type-page","status-publish","hentry"],"_links":{"self":[{"href":"https:\/\/singep.org.br\/12\/es\/wp-json\/wp\/v2\/pages\/7127","targetHints":{"allow":["GET"]}}],"collection":[{"href":"https:\/\/singep.org.br\/12\/es\/wp-json\/wp\/v2\/pages"}],"about":[{"href":"https:\/\/singep.org.br\/12\/es\/wp-json\/wp\/v2\/types\/page"}],"author":[{"embeddable":true,"href":"https:\/\/singep.org.br\/12\/es\/wp-json\/wp\/v2\/users\/1"}],"replies":[{"embeddable":true,"href":"https:\/\/singep.org.br\/12\/es\/wp-json\/wp\/v2\/comments?post=7127"}],"version-history":[{"count":2,"href":"https:\/\/singep.org.br\/12\/es\/wp-json\/wp\/v2\/pages\/7127\/revisions"}],"predecessor-version":[{"id":8376,"href":"https:\/\/singep.org.br\/12\/es\/wp-json\/wp\/v2\/pages\/7127\/revisions\/8376"}],"wp:attachment":[{"href":"https:\/\/singep.org.br\/12\/es\/wp-json\/wp\/v2\/media?parent=7127"}],"curies":[{"name":"wp","href":"https:\/\/api.w.org\/{rel}","templated":true}]}}